{"id":122,"date":"2026-01-22T03:05:58","date_gmt":"2026-01-22T03:05:58","guid":{"rendered":"https:\/\/lobviral.com\/?page_id=122"},"modified":"2026-01-22T03:05:59","modified_gmt":"2026-01-22T03:05:59","slug":"%d8%a7%d8%aa%d8%b5%d8%a7%d9%84","status":"publish","type":"page","link":"https:\/\/lobviral.com\/ar\/%d8%a7%d8%aa%d8%b5%d8%a7%d9%84\/","title":{"rendered":"\u0627\u062a\u0635\u0627\u0644"},"content":{"rendered":"<p>\u0623\u0647\u0644\u0627\u064b \u0648\u0633\u0647\u0644\u0627\u064b! \u0647\u0630\u0647 \u0647\u064a \u0635\u0641\u062d\u0629 \u0627\u0644\u0627\u062a\u0635\u0627\u0644 \u0627\u0644\u0631\u0633\u0645\u064a\u0629 \u0644\u0640\u00a0<strong><strong>\u0641\u064a\u0631\u0648\u0633\u064a \u0644\u0648\u0628<\/strong><\/strong>. \u0647\u0646\u0627 \u064a\u0645\u0643\u0646\u0643 \u0627\u0644\u0627\u062a\u0635\u0627\u0644 \u0628\u0646\u0627 \u0644\u0637\u0631\u062d \u0627\u0644\u0623\u0633\u0626\u0644\u0629\u060c \u0623\u0648 \u0625\u0631\u0633\u0627\u0644 \u0627\u0644\u0627\u0642\u062a\u0631\u0627\u062d\u0627\u062a\u060c \u0623\u0648 \u062a\u0642\u062f\u064a\u0645 \u0627\u0644\u0634\u0643\u0627\u0648\u0649\u060c \u0623\u0648 \u0645\u0639\u0627\u0644\u062c\u0629 \u0623\u064a \u0645\u0634\u0643\u0644\u0629 \u0623\u062e\u0631\u0649 \u062a\u062a\u0639\u0644\u0642 \u0628\u0645\u0648\u0642\u0639\u0646\u0627 \u0627\u0644\u0625\u0644\u0643\u062a\u0631\u0648\u0646\u064a \u0648\u0627\u0644\u0645\u062d\u062a\u0648\u0649 \u0627\u0644\u0630\u064a \u0646\u0646\u0634\u0631.<\/p>\n\n\n\n<p>\u0647\u062f\u0641\u0646\u0627 \u0647\u0648 \u062a\u0642\u062f\u064a\u0645 \u0623\u0641\u0636\u0644 \u062a\u062c\u0631\u0628\u0629 \u0627\u0633\u062a\u062e\u062f\u0627\u0645 \u0645\u0645\u0643\u0646\u0629\u060c \u0644\u0630\u0627 \u0646\u064f\u0642\u062f\u0651\u0631 \u0645\u0644\u0627\u062d\u0638\u0627\u062a\u0643\u0645 \u0643\u062b\u064a\u0631\u064b\u0627. \u0625\u0630\u0627 \u0643\u0627\u0646\u062a \u0644\u062f\u064a\u0643\u0645 \u0623\u064a \u0627\u0633\u062a\u0641\u0633\u0627\u0631\u0627\u062a \u062d\u0648\u0644 \u0643\u064a\u0641\u064a\u0629 \u0639\u0645\u0644 \u0627\u0644\u0645\u0648\u0642\u0639\u060c \u0623\u0648 \u0643\u064a\u0641\u064a\u0629 \u0627\u0633\u062a\u062e\u062f\u0627\u0645 \u0627\u0644\u062a\u0637\u0628\u064a\u0642\u0627\u062a \u0627\u0644\u0645\u064f\u0648\u0635\u0649 \u0628\u0647\u0627\u060c \u0623\u0648 \u062d\u0648\u0644 \u0645\u062d\u062a\u0648\u0627\u0646\u0627\u060c \u0641\u0644\u0627 \u062a\u062a\u0631\u062f\u062f\u0648\u0627 \u0641\u064a \u0645\u0631\u0627\u0633\u0644\u062a\u0646\u0627.<\/p>\n\n\n\n<p>\u0646\u0631\u062d\u0628 \u062f\u0627\u0626\u0645\u064b\u0627 \u0628\u0627\u0642\u062a\u0631\u0627\u062d\u0627\u062a\u0643\u0645 \u0644\u062a\u062d\u0633\u064a\u0646 \u062e\u062f\u0645\u0627\u062a\u0646\u0627 \u0648\u0646\u0642\u062f\u0643\u0645 \u0627\u0644\u0628\u0646\u0651\u0627\u0621. \u0631\u0623\u064a\u0643\u0645 \u0623\u0633\u0627\u0633\u064a\u064c\u0651 \u0644\u0646\u0627 \u0644\u0646\u062a\u0637\u0648\u0631\u060c \u0648\u0646\u0635\u062d\u062d \u0623\u064a \u0645\u0634\u0627\u0643\u0644\u060c \u0648\u0646\u0642\u062f\u0645 \u0644\u0643\u0645 \u0645\u0639\u0644\u0648\u0645\u0627\u062a \u0623\u0643\u062b\u0631 \u0641\u0627\u0626\u062f\u0629 \u0648\u0645\u0648\u062b\u0648\u0642\u064a\u0629.<\/p>\n\n\n\n<p>\u0644\u0644\u062a\u0648\u0627\u0635\u0644 \u0645\u0639\u0646\u0627\u060c \u0645\u0627 \u0639\u0644\u064a\u0643 \u0633\u0648\u0649 \u0645\u0644\u0621 \u0627\u0644\u0646\u0645\u0648\u0630\u062c \u0627\u0644\u0645\u0648\u062c\u0648\u062f \u0641\u064a \u0647\u0630\u0647 \u0627\u0644\u0635\u0641\u062d\u0629 \u0628\u0628\u064a\u0627\u0646\u0627\u062a\u0643 \u0648\u0631\u0633\u0627\u0644\u062a\u0643. \u0633\u064a\u0628\u0630\u0644 \u0641\u0631\u064a\u0642\u0646\u0627 \u0642\u0635\u0627\u0631\u0649 \u062c\u0647\u062f\u0647 \u0644\u0644\u0631\u062f \u0639\u0644\u064a\u0643 \u0641\u064a \u0623\u0633\u0631\u0639 \u0648\u0642\u062a \u0645\u0645\u0643\u0646.<\/p>\n\n\n\n<p>\u0634\u0643\u0631\u0627\u064b \u0644\u0632\u064a\u0627\u0631\u062a\u0643\u0645\u00a0<strong><strong><strong>\u0641\u064a\u0631\u0648\u0633\u064a \u0644\u0648\u0628<\/strong><\/strong><\/strong>\u00a0\u0648\u0633\u0646\u0643\u0648\u0646 \u0633\u0639\u062f\u0627\u0621 \u0628\u062a\u0644\u0642\u064a \u0631\u0633\u0627\u0644\u062a\u0643.<\/p>\n\n\n\n<p><strong>\u0627\u0644\u0628\u0631\u064a\u062f \u0627\u0644\u0625\u0644\u0643\u062a\u0631\u0648\u0646\u064a \u0644\u0644\u062a\u0648\u0627\u0635\u0644:<\/strong><br>\ud83d\udce7 contact@lobviral.com.br<\/p>","protected":false},"excerpt":{"rendered":"<p>Bem-vindo! Esta \u00e9 a p\u00e1gina oficial de contato do\u00a0Lob Viral. Aqui voc\u00ea pode entrar em contato conosco para tirar d\u00favidas, enviar sugest\u00f5es, fazer reclama\u00e7\u00f5es ou tratar de qualquer outro assunto relacionado ao nosso site e aos conte\u00fados que publicamos. Nosso objetivo \u00e9 oferecer a melhor experi\u00eancia poss\u00edvel aos usu\u00e1rios, por isso valorizamos muito o seu [&hellip;]<\/p>","protected":false},"author":1,"featured_media":0,"parent":0,"menu_order":0,"comment_status":"closed","ping_status":"closed","template":"","meta":{"footnotes":""},"class_list":["post-122","page","type-page","status-publish"],"_links":{"self":[{"href":"https:\/\/lobviral.com\/ar\/wp-json\/wp\/v2\/pages\/122","targetHints":{"allow":["GET"]}}],"collection":[{"href":"https:\/\/lobviral.com\/ar\/wp-json\/wp\/v2\/pages"}],"about":[{"href":"https:\/\/lobviral.com\/ar\/wp-json\/wp\/v2\/types\/page"}],"author":[{"embeddable":true,"href":"https:\/\/lobviral.com\/ar\/wp-json\/wp\/v2\/users\/1"}],"replies":[{"embeddable":true,"href":"https:\/\/lobviral.com\/ar\/wp-json\/wp\/v2\/comments?post=122"}],"version-history":[{"count":1,"href":"https:\/\/lobviral.com\/ar\/wp-json\/wp\/v2\/pages\/122\/revisions"}],"predecessor-version":[{"id":124,"href":"https:\/\/lobviral.com\/ar\/wp-json\/wp\/v2\/pages\/122\/revisions\/124"}],"wp:attachment":[{"href":"https:\/\/lobviral.com\/ar\/wp-json\/wp\/v2\/media?parent=122"}],"curies":[{"name":"\u0648\u0648\u0631\u062f\u0628\u0631\u064a\u0633","href":"https:\/\/api.w.org\/{rel}","templated":true}]}}