{"id":122,"date":"2026-01-22T03:05:58","date_gmt":"2026-01-22T03:05:58","guid":{"rendered":"https:\/\/lobviral.com\/?page_id=122"},"modified":"2026-01-22T03:05:59","modified_gmt":"2026-01-22T03:05:59","slug":"%d0%ba%d0%be%d0%bd%d1%82%d0%b0%d0%ba%d1%82","status":"publish","type":"page","link":"https:\/\/lobviral.com\/bg\/%d0%ba%d0%be%d0%bd%d1%82%d0%b0%d0%ba%d1%82\/","title":{"rendered":"\u041a\u043e\u043d\u0442\u0430\u043a\u0442"},"content":{"rendered":"<p>\u0414\u043e\u0431\u0440\u0435 \u0434\u043e\u0448\u043b\u0438! \u0422\u043e\u0432\u0430 \u0435 \u043e\u0444\u0438\u0446\u0438\u0430\u043b\u043d\u0430\u0442\u0430 \u0441\u0442\u0440\u0430\u043d\u0438\u0446\u0430 \u0437\u0430 \u043a\u043e\u043d\u0442\u0430\u043a\u0442\u0438 \u0437\u0430\u00a0<strong><strong>\u0412\u0438\u0440\u0443\u0441\u0435\u043d \u043b\u043e\u0431<\/strong><\/strong>. \u0422\u0443\u043a \u043c\u043e\u0436\u0435\u0442\u0435 \u0434\u0430 \u0441\u0435 \u0441\u0432\u044a\u0440\u0436\u0435\u0442\u0435 \u0441 \u043d\u0430\u0441, \u0437\u0430 \u0434\u0430 \u0437\u0430\u0434\u0430\u0432\u0430\u0442\u0435 \u0432\u044a\u043f\u0440\u043e\u0441\u0438, \u0434\u0430 \u0438\u0437\u043f\u0440\u0430\u0449\u0430\u0442\u0435 \u043f\u0440\u0435\u0434\u043b\u043e\u0436\u0435\u043d\u0438\u044f, \u0434\u0430 \u043f\u043e\u0434\u0430\u0432\u0430\u0442\u0435 \u043e\u043f\u043b\u0430\u043a\u0432\u0430\u043d\u0438\u044f \u0438\u043b\u0438 \u0434\u0430 \u0430\u0434\u0440\u0435\u0441\u0438\u0440\u0430\u0442\u0435 \u0434\u0440\u0443\u0433 \u043f\u0440\u043e\u0431\u043b\u0435\u043c, \u0441\u0432\u044a\u0440\u0437\u0430\u043d \u0441 \u043d\u0430\u0448\u0438\u044f \u0443\u0435\u0431\u0441\u0430\u0439\u0442 \u0438 \u0441\u044a\u0434\u044a\u0440\u0436\u0430\u043d\u0438\u0435\u0442\u043e, \u043a\u043e\u0435\u0442\u043e \u043f\u0443\u0431\u043b\u0438\u043a\u0443\u0432\u0430\u043c\u0435.<\/p>\n\n\n\n<p>\u041d\u0430\u0448\u0430\u0442\u0430 \u0446\u0435\u043b \u0435 \u0434\u0430 \u043f\u0440\u0435\u0434\u043b\u043e\u0436\u0438\u043c \u0432\u044a\u0437\u043c\u043e\u0436\u043d\u043e \u043d\u0430\u0439-\u0434\u043e\u0431\u0440\u043e\u0442\u043e \u043f\u043e\u0442\u0440\u0435\u0431\u0438\u0442\u0435\u043b\u0441\u043a\u043e \u0438\u0437\u0436\u0438\u0432\u044f\u0432\u0430\u043d\u0435, \u0437\u0430\u0442\u043e\u0432\u0430 \u0446\u0435\u043d\u0438\u043c \u0432\u0438\u0441\u043e\u043a\u043e \u0432\u0430\u0448\u0430\u0442\u0430 \u043e\u0431\u0440\u0430\u0442\u043d\u0430 \u0432\u0440\u044a\u0437\u043a\u0430. \u0410\u043a\u043e \u0438\u043c\u0430\u0442\u0435 \u0432\u044a\u043f\u0440\u043e\u0441\u0438 \u043e\u0442\u043d\u043e\u0441\u043d\u043e \u0442\u043e\u0432\u0430 \u043a\u0430\u043a \u0440\u0430\u0431\u043e\u0442\u0438 \u0441\u0430\u0439\u0442\u044a\u0442, \u043a\u0430\u043a \u0434\u0430 \u0438\u0437\u043f\u043e\u043b\u0437\u0432\u0430\u0442\u0435 \u043f\u0440\u0435\u043f\u043e\u0440\u044a\u0447\u0430\u043d\u0438\u0442\u0435 \u043f\u0440\u0438\u043b\u043e\u0436\u0435\u043d\u0438\u044f \u0438\u043b\u0438 \u043e\u0442\u043d\u043e\u0441\u043d\u043e \u043d\u0430\u0448\u0435\u0442\u043e \u0441\u044a\u0434\u044a\u0440\u0436\u0430\u043d\u0438\u0435, \u043d\u0435 \u0441\u0435 \u043a\u043e\u043b\u0435\u0431\u0430\u0439\u0442\u0435 \u0434\u0430 \u043d\u0438 \u043f\u0438\u0448\u0435\u0442\u0435.<\/p>\n\n\n\n<p>\u0412\u0438\u043d\u0430\u0433\u0438 \u0441\u043c\u0435 \u043e\u0442\u0432\u043e\u0440\u0435\u043d\u0438 \u0437\u0430 \u043f\u0440\u0435\u0434\u043b\u043e\u0436\u0435\u043d\u0438\u044f \u0437\u0430 \u043f\u043e\u0434\u043e\u0431\u0440\u0435\u043d\u0438\u0435 \u0438 \u043a\u043e\u043d\u0441\u0442\u0440\u0443\u043a\u0442\u0438\u0432\u043d\u0430 \u043a\u0440\u0438\u0442\u0438\u043a\u0430. \u0412\u0430\u0448\u0435\u0442\u043e \u043c\u043d\u0435\u043d\u0438\u0435 \u0435 \u043e\u0442 \u0441\u044a\u0449\u0435\u0441\u0442\u0432\u0435\u043d\u043e \u0437\u043d\u0430\u0447\u0435\u043d\u0438\u0435 \u0437\u0430 \u043d\u0430\u0441, \u0437\u0430 \u0434\u0430 \u0441\u0435 \u0440\u0430\u0437\u0432\u0438\u0432\u0430\u043c\u0435, \u0434\u0430 \u043a\u043e\u0440\u0438\u0433\u0438\u0440\u0430\u043c\u0435 \u0435\u0432\u0435\u043d\u0442\u0443\u0430\u043b\u043d\u0438 \u043f\u0440\u043e\u0431\u043b\u0435\u043c\u0438 \u0438 \u0434\u0430 \u043f\u0440\u0435\u0434\u043e\u0441\u0442\u0430\u0432\u044f\u043c\u0435 \u0432\u0441\u0435 \u043f\u043e-\u043f\u043e\u043b\u0435\u0437\u043d\u0430 \u0438 \u043d\u0430\u0434\u0435\u0436\u0434\u043d\u0430 \u0438\u043d\u0444\u043e\u0440\u043c\u0430\u0446\u0438\u044f.<\/p>\n\n\n\n<p>\u0417\u0430 \u0434\u0430 \u0441\u0435 \u0441\u0432\u044a\u0440\u0436\u0435\u0442\u0435 \u0441 \u043d\u0430\u0441, \u043f\u0440\u043e\u0441\u0442\u043e \u043f\u043e\u043f\u044a\u043b\u043d\u0435\u0442\u0435 \u0444\u043e\u0440\u043c\u0430\u0442\u0430, \u043d\u0430\u043b\u0438\u0447\u043d\u0430 \u043d\u0430 \u0442\u0430\u0437\u0438 \u0441\u0442\u0440\u0430\u043d\u0438\u0446\u0430, \u0441 \u0432\u0430\u0448\u0438\u0442\u0435 \u0434\u0430\u043d\u043d\u0438 \u0438 \u0432\u0430\u0448\u0435\u0442\u043e \u0441\u044a\u043e\u0431\u0449\u0435\u043d\u0438\u0435. \u041d\u0430\u0448\u0438\u044f\u0442 \u0435\u043a\u0438\u043f \u0449\u0435 \u043d\u0430\u043f\u0440\u0430\u0432\u0438 \u0432\u0441\u0438\u0447\u043a\u043e \u0432\u044a\u0437\u043c\u043e\u0436\u043d\u043e \u0434\u0430 \u043e\u0442\u0433\u043e\u0432\u043e\u0440\u0438 \u0432\u044a\u0437\u043c\u043e\u0436\u043d\u043e \u043d\u0430\u0439-\u0431\u044a\u0440\u0437\u043e.<\/p>\n\n\n\n<p>\u0411\u043b\u0430\u0433\u043e\u0434\u0430\u0440\u044f \u0432\u0438 \u0437\u0430 \u043f\u043e\u0441\u0435\u0449\u0435\u043d\u0438\u0435\u0442\u043e\u00a0<strong><strong><strong>\u0412\u0438\u0440\u0443\u0441\u0435\u043d \u043b\u043e\u0431<\/strong><\/strong><\/strong>\u00a0\u0418 \u0449\u0435 \u0441\u0435 \u0440\u0430\u0434\u0432\u0430\u043c\u0435 \u0434\u0430 \u043f\u043e\u043b\u0443\u0447\u0438\u043c \u0432\u0430\u0448\u0435\u0442\u043e \u0441\u044a\u043e\u0431\u0449\u0435\u043d\u0438\u0435.<\/p>\n\n\n\n<p><strong>\u041a\u043e\u043d\u0442\u0430\u043a\u0442\u0435\u043d \u0438\u043c\u0435\u0439\u043b:<\/strong><br>\ud83d\udce7 contact@lobviral.com.br<\/p>","protected":false},"excerpt":{"rendered":"<p>Bem-vindo! Esta \u00e9 a p\u00e1gina oficial de contato do\u00a0Lob Viral. Aqui voc\u00ea pode entrar em contato conosco para tirar d\u00favidas, enviar sugest\u00f5es, fazer reclama\u00e7\u00f5es ou tratar de qualquer outro assunto relacionado ao nosso site e aos conte\u00fados que publicamos. Nosso objetivo \u00e9 oferecer a melhor experi\u00eancia poss\u00edvel aos usu\u00e1rios, por isso valorizamos muito o seu [&hellip;]<\/p>","protected":false},"author":1,"featured_media":0,"parent":0,"menu_order":0,"comment_status":"closed","ping_status":"closed","template":"","meta":{"footnotes":""},"class_list":["post-122","page","type-page","status-publish"],"_links":{"self":[{"href":"https:\/\/lobviral.com\/bg\/wp-json\/wp\/v2\/pages\/122","targetHints":{"allow":["GET"]}}],"collection":[{"href":"https:\/\/lobviral.com\/bg\/wp-json\/wp\/v2\/pages"}],"about":[{"href":"https:\/\/lobviral.com\/bg\/wp-json\/wp\/v2\/types\/page"}],"author":[{"embeddable":true,"href":"https:\/\/lobviral.com\/bg\/wp-json\/wp\/v2\/users\/1"}],"replies":[{"embeddable":true,"href":"https:\/\/lobviral.com\/bg\/wp-json\/wp\/v2\/comments?post=122"}],"version-history":[{"count":1,"href":"https:\/\/lobviral.com\/bg\/wp-json\/wp\/v2\/pages\/122\/revisions"}],"predecessor-version":[{"id":124,"href":"https:\/\/lobviral.com\/bg\/wp-json\/wp\/v2\/pages\/122\/revisions\/124"}],"wp:attachment":[{"href":"https:\/\/lobviral.com\/bg\/wp-json\/wp\/v2\/media?parent=122"}],"curies":[{"name":"wp","href":"https:\/\/api.w.org\/{rel}","templated":true}]}}