{"id":122,"date":"2026-01-22T03:05:58","date_gmt":"2026-01-22T03:05:58","guid":{"rendered":"https:\/\/lobviral.com\/?page_id=122"},"modified":"2026-01-22T03:05:59","modified_gmt":"2026-01-22T03:05:59","slug":"%e0%a6%af%e0%a7%8b%e0%a6%97%e0%a6%be%e0%a6%af%e0%a7%8b%e0%a6%97","status":"publish","type":"page","link":"https:\/\/lobviral.com\/bn\/%e0%a6%af%e0%a7%8b%e0%a6%97%e0%a6%be%e0%a6%af%e0%a7%8b%e0%a6%97\/","title":{"rendered":"\u09af\u09cb\u0997\u09be\u09af\u09cb\u0997"},"content":{"rendered":"<p>\u09b8\u09cd\u09ac\u09be\u0997\u09a4\u09ae! \u098f\u099f\u09bf \u09b9\u09b2 \u0985\u09ab\u09bf\u09b8\u09bf\u09af\u09bc\u09be\u09b2 \u09af\u09cb\u0997\u09be\u09af\u09cb\u0997 \u09aa\u09c3\u09b7\u09cd\u09a0\u09be\u00a0<strong><strong>\u09ad\u09be\u0987\u09b0\u09be\u09b2 \u09b2\u09ac<\/strong><\/strong>. \u0986\u09ae\u09be\u09a6\u09c7\u09b0 \u0993\u09af\u09bc\u09c7\u09ac\u09b8\u09be\u0987\u099f \u098f\u09ac\u0982 \u0986\u09ae\u09b0\u09be \u09af\u09c7 \u09ac\u09bf\u09b7\u09af\u09bc\u09ac\u09b8\u09cd\u09a4\u09c1 \u09aa\u09cd\u09b0\u0995\u09be\u09b6 \u0995\u09b0\u09bf \u09a4\u09be\u09b0 \u09b8\u09be\u09a5\u09c7 \u09b8\u09ae\u09cd\u09aa\u09b0\u09cd\u0995\u09bf\u09a4 \u09aa\u09cd\u09b0\u09b6\u09cd\u09a8 \u099c\u09bf\u099c\u09cd\u099e\u09be\u09b8\u09be \u0995\u09b0\u09a4\u09c7, \u09aa\u09b0\u09be\u09ae\u09b0\u09cd\u09b6 \u09aa\u09be\u09a0\u09be\u09a4\u09c7, \u0985\u09ad\u09bf\u09af\u09cb\u0997 \u0995\u09b0\u09a4\u09c7 \u09ac\u09be \u0985\u09a8\u09cd\u09af \u09af\u09c7\u0995\u09cb\u09a8\u09cb \u09b8\u09ae\u09b8\u09cd\u09af\u09be\u09b0 \u09b8\u09ae\u09be\u09a7\u09be\u09a8 \u0995\u09b0\u09a4\u09c7 \u0986\u09aa\u09a8\u09bf \u098f\u0996\u09be\u09a8\u09c7 \u0986\u09ae\u09be\u09a6\u09c7\u09b0 \u09b8\u09be\u09a5\u09c7 \u09af\u09cb\u0997\u09be\u09af\u09cb\u0997 \u0995\u09b0\u09a4\u09c7 \u09aa\u09be\u09b0\u09c7\u09a8\u0964.<\/p>\n\n\n\n<p>\u0986\u09ae\u09be\u09a6\u09c7\u09b0 \u09b2\u0995\u09cd\u09b7\u09cd\u09af \u09b9\u09b2 \u09b8\u09b0\u09cd\u09ac\u09cb\u09a4\u09cd\u09a4\u09ae \u09b8\u09ae\u09cd\u09ad\u09be\u09ac\u09cd\u09af \u09ac\u09cd\u09af\u09ac\u09b9\u09be\u09b0\u0995\u09be\u09b0\u09c0\u09b0 \u0985\u09ad\u09bf\u099c\u09cd\u099e\u09a4\u09be \u09aa\u09cd\u09b0\u09a6\u09be\u09a8 \u0995\u09b0\u09be, \u09a4\u09be\u0987 \u0986\u09ae\u09b0\u09be \u0986\u09aa\u09a8\u09be\u09b0 \u09aa\u09cd\u09b0\u09a4\u09bf\u0995\u09cd\u09b0\u09bf\u09af\u09bc\u09be\u0995\u09c7 \u0985\u09a4\u09cd\u09af\u09a8\u09cd\u09a4 \u09ae\u09c2\u09b2\u09cd\u09af\u09ac\u09be\u09a8 \u09ac\u09b2\u09c7 \u09ae\u09a8\u09c7 \u0995\u09b0\u09bf\u0964 \u09b8\u09be\u0987\u099f\u099f\u09bf \u0995\u09c0\u09ad\u09be\u09ac\u09c7 \u0995\u09be\u099c \u0995\u09b0\u09c7, \u09aa\u09cd\u09b0\u09b8\u09cd\u09a4\u09be\u09ac\u09bf\u09a4 \u0985\u09cd\u09af\u09be\u09aa\u09cd\u09b2\u09bf\u0995\u09c7\u09b6\u09a8\u0997\u09c1\u09b2\u09bf \u0995\u09c0\u09ad\u09be\u09ac\u09c7 \u09ac\u09cd\u09af\u09ac\u09b9\u09be\u09b0 \u0995\u09b0\u09ac\u09c7\u09a8, \u09ac\u09be \u0986\u09ae\u09be\u09a6\u09c7\u09b0 \u09ac\u09bf\u09b7\u09af\u09bc\u09ac\u09b8\u09cd\u09a4\u09c1 \u09b8\u09ae\u09cd\u09aa\u09b0\u09cd\u0995\u09c7 \u0986\u09aa\u09a8\u09be\u09b0 \u09af\u09a6\u09bf \u0995\u09cb\u09a8\u0993 \u09aa\u09cd\u09b0\u09b6\u09cd\u09a8 \u09a5\u09be\u0995\u09c7, \u09a4\u09be\u09b9\u09b2\u09c7 \u0985\u09a8\u09c1\u0997\u09cd\u09b0\u09b9 \u0995\u09b0\u09c7 \u0986\u09ae\u09be\u09a6\u09c7\u09b0 \u09b2\u09bf\u0996\u09c1\u09a8\u0964.<\/p>\n\n\n\n<p>\u0986\u09ae\u09b0\u09be \u09b8\u09b0\u09cd\u09ac\u09a6\u09be \u0989\u09a8\u09cd\u09a8\u09a4\u09bf\u09b0 \u099c\u09a8\u09cd\u09af \u09aa\u09b0\u09be\u09ae\u09b0\u09cd\u09b6 \u098f\u09ac\u0982 \u0997\u09a0\u09a8\u09ae\u09c2\u09b2\u0995 \u09b8\u09ae\u09be\u09b2\u09cb\u099a\u09a8\u09be\u09b0 \u099c\u09a8\u09cd\u09af \u0989\u09a8\u09cd\u09ae\u09c1\u0995\u09cd\u09a4\u0964 \u0986\u09aa\u09a8\u09be\u09b0 \u09ae\u09a4\u09be\u09ae\u09a4 \u0986\u09ae\u09be\u09a6\u09c7\u09b0 \u09ac\u09bf\u0995\u09be\u09b6, \u09af\u09c7\u0995\u09cb\u09a8\u09cb \u09b8\u09ae\u09b8\u09cd\u09af\u09be \u09b8\u0982\u09b6\u09cb\u09a7\u09a8 \u098f\u09ac\u0982 \u0995\u09cd\u09b0\u09ae\u09ac\u09b0\u09cd\u09a7\u09ae\u09be\u09a8 \u0995\u09be\u09b0\u09cd\u09af\u0995\u09b0 \u098f\u09ac\u0982 \u09a8\u09bf\u09b0\u09cd\u09ad\u09b0\u09af\u09cb\u0997\u09cd\u09af \u09a4\u09a5\u09cd\u09af \u09b8\u09b0\u09ac\u09b0\u09be\u09b9\u09c7\u09b0 \u099c\u09a8\u09cd\u09af \u0985\u09aa\u09b0\u09bf\u09b9\u09be\u09b0\u09cd\u09af\u0964.<\/p>\n\n\n\n<p>\u09af\u09cb\u0997\u09be\u09af\u09cb\u0997\u09c7\u09b0 \u099c\u09a8\u09cd\u09af, \u0986\u09aa\u09a8\u09be\u09b0 \u09ac\u09bf\u09ac\u09b0\u09a3 \u098f\u09ac\u0982 \u09ac\u09be\u09b0\u09cd\u09a4\u09be \u09b8\u09b9 \u098f\u0987 \u09aa\u09c3\u09b7\u09cd\u09a0\u09be\u09af\u09bc \u0989\u09aa\u09b2\u09ac\u09cd\u09a7 \u09ab\u09b0\u09cd\u09ae\u099f\u09bf \u09aa\u09c2\u09b0\u09a3 \u0995\u09b0\u09c1\u09a8\u0964 \u0986\u09ae\u09be\u09a6\u09c7\u09b0 \u09a6\u09b2 \u09af\u09a4 \u09a4\u09be\u09a1\u09bc\u09be\u09a4\u09be\u09a1\u09bc\u09bf \u09b8\u09ae\u09cd\u09ad\u09ac \u09b8\u09be\u09a1\u09bc\u09be \u09a6\u09c7\u0993\u09af\u09bc\u09be\u09b0 \u099c\u09a8\u09cd\u09af \u09af\u09a5\u09be\u09b8\u09be\u09a7\u09cd\u09af \u099a\u09c7\u09b7\u09cd\u099f\u09be \u0995\u09b0\u09ac\u09c7\u0964.<\/p>\n\n\n\n<p>\u09a6\u09c7\u0996\u09be\u09b0 \u099c\u09a8\u09cd\u09af \u0986\u09aa\u09a8\u09be\u0995\u09c7 \u09a7\u09a8\u09cd\u09af\u09ac\u09be\u09a6\u00a0<strong><strong><strong>\u09ad\u09be\u0987\u09b0\u09be\u09b2 \u09b2\u09ac<\/strong><\/strong><\/strong>\u00a0\u0986\u09b0 \u0986\u09ae\u09b0\u09be \u0986\u09aa\u09a8\u09be\u09b0 \u09ac\u09be\u09b0\u09cd\u09a4\u09be \u09aa\u09c7\u09af\u09bc\u09c7 \u0996\u09c1\u09b6\u09bf \u09b9\u09ac\u0964.<\/p>\n\n\n\n<p><strong>\u09af\u09cb\u0997\u09be\u09af\u09cb\u0997\u09c7\u09b0 \u0987\u09ae\u09c7\u09b2:<\/strong><br>\ud83d\udce7 contact@lobviral.com.br<\/p>","protected":false},"excerpt":{"rendered":"<p>Bem-vindo! Esta \u00e9 a p\u00e1gina oficial de contato do\u00a0Lob Viral. Aqui voc\u00ea pode entrar em contato conosco para tirar d\u00favidas, enviar sugest\u00f5es, fazer reclama\u00e7\u00f5es ou tratar de qualquer outro assunto relacionado ao nosso site e aos conte\u00fados que publicamos. Nosso objetivo \u00e9 oferecer a melhor experi\u00eancia poss\u00edvel aos usu\u00e1rios, por isso valorizamos muito o seu [&hellip;]<\/p>","protected":false},"author":1,"featured_media":0,"parent":0,"menu_order":0,"comment_status":"closed","ping_status":"closed","template":"","meta":{"footnotes":""},"class_list":["post-122","page","type-page","status-publish"],"_links":{"self":[{"href":"https:\/\/lobviral.com\/bn\/wp-json\/wp\/v2\/pages\/122","targetHints":{"allow":["GET"]}}],"collection":[{"href":"https:\/\/lobviral.com\/bn\/wp-json\/wp\/v2\/pages"}],"about":[{"href":"https:\/\/lobviral.com\/bn\/wp-json\/wp\/v2\/types\/page"}],"author":[{"embeddable":true,"href":"https:\/\/lobviral.com\/bn\/wp-json\/wp\/v2\/users\/1"}],"replies":[{"embeddable":true,"href":"https:\/\/lobviral.com\/bn\/wp-json\/wp\/v2\/comments?post=122"}],"version-history":[{"count":1,"href":"https:\/\/lobviral.com\/bn\/wp-json\/wp\/v2\/pages\/122\/revisions"}],"predecessor-version":[{"id":124,"href":"https:\/\/lobviral.com\/bn\/wp-json\/wp\/v2\/pages\/122\/revisions\/124"}],"wp:attachment":[{"href":"https:\/\/lobviral.com\/bn\/wp-json\/wp\/v2\/media?parent=122"}],"curies":[{"name":"\u09a1\u09ac\u09cd\u09b2\u09bf\u0989\u09aa\u09bf","href":"https:\/\/api.w.org\/{rel}","templated":true}]}}