{"id":114,"date":"2026-01-22T02:57:30","date_gmt":"2026-01-22T02:57:30","guid":{"rendered":"https:\/\/lobviral.com\/?page_id=114"},"modified":"2026-01-22T03:32:43","modified_gmt":"2026-01-22T03:32:43","slug":"datenschutzrichtlinien","status":"publish","type":"page","link":"https:\/\/lobviral.com\/de\/datenschutzrichtlinien\/","title":{"rendered":"Datenschutzrichtlinien"},"content":{"rendered":"<p>Der Schutz Ihrer Daten ist uns wichtig. Lob Viral verpflichtet sich, Ihre Privatsph\u00e4re hinsichtlich aller Informationen, die wir \u00fcber die Website von Ihnen erfassen, zu respektieren. <a href=\"http:\/\/lobviral.com\/de\/\">Viral Lob<\/a>, und andere Websites, die uns geh\u00f6ren und von uns betrieben werden.<\/span><\/p>\n<p><span style=\"color: rgb(68, 68, 68);\">Wir erfragen personenbezogene Daten nur dann, wenn wir diese unbedingt ben\u00f6tigen, um Ihnen eine Dienstleistung anbieten zu k\u00f6nnen. Dies geschieht fair und rechtm\u00e4\u00dfig, mit Ihrem Wissen und Ihrer Einwilligung. Wir informieren Sie au\u00dferdem dar\u00fcber, warum wir Ihre Daten erheben und wie sie verwendet werden.<\/span><\/p>\n<p><span style=\"color: rgb(68, 68, 68);\">Wir speichern die erhobenen Daten nur so lange, wie es f\u00fcr die Erbringung der angeforderten Dienstleistung erforderlich ist. Bei der Speicherung sch\u00fctzen wir die Daten mit wirtschaftlich angemessenen Mitteln vor Verlust, Diebstahl sowie unbefugtem Zugriff, Offenlegung, Kopieren, Verwendung oder Ver\u00e4nderung.<\/span><\/p>\n<p><span style=\"color: rgb(68, 68, 68);\">Wir geben personenbezogene Daten weder \u00f6ffentlich noch an Dritte weiter, es sei denn, dies ist gesetzlich vorgeschrieben.<\/span><\/p>\n<p><span style=\"color: rgb(68, 68, 68);\">Unsere Website kann Links zu externen Websites enthalten, die nicht von uns betrieben werden. Bitte beachten Sie, dass wir keinen Einfluss auf die Inhalte und Praktiken dieser Websites haben und keine Verantwortung f\u00fcr deren jeweilige Richtlinien \u00fcbernehmen k\u00f6nnen.&nbsp;<\/span><a href=\"https:\/\/politicaprivacidade.com\/\" rel=\"noopener noreferrer\" target=\"_blank\" style=\"background-color: transparent; color: rgb(68, 68, 68);\">Datenschutzrichtlinien<\/a><span style=\"color: rgb(68, 68, 68);\">.<\/span><\/p>\n<p><span style=\"color: rgb(68, 68, 68);\">Es steht Ihnen frei, unsere Anfrage nach pers\u00f6nlichen Informationen abzulehnen. Bitte haben Sie Verst\u00e4ndnis daf\u00fcr, dass wir Ihnen in diesem Fall m\u00f6glicherweise einige der gew\u00fcnschten Dienstleistungen nicht anbieten k\u00f6nnen.<\/span><\/p>\n<p><span style=\"color: rgb(68, 68, 68);\">Durch die weitere Nutzung unserer Website erkl\u00e4ren Sie sich mit unseren Datenschutzbestimmungen einverstanden. Bei Fragen zum Umgang mit Nutzerdaten und personenbezogenen Daten kontaktieren Sie uns bitte.<\/span><\/p>\n<p><span style=\"color: rgb(68, 68, 68);\"><\/p>\n<ul>\n<li><span style=\"color: rgb(68, 68, 68);\">Der von uns verwendete Google AdSense-Dienst zur Anzeigenschaltung nutzt einen DoubleClick-Cookie, um relevantere Anzeigen im Web bereitzustellen und die H\u00e4ufigkeit der Anzeige einer bestimmten Anzeige zu begrenzen.<\/span><\/li>\n<li><span style=\"color: rgb(68, 68, 68);\">Weitere Informationen zu Google AdSense finden Sie in den offiziellen FAQs zum Datenschutz von Google AdSense.<\/span><\/li>\n<li><span style=\"color: rgb(68, 68, 68);\">Wir nutzen Werbung, um die Kosten f\u00fcr den Betrieb dieser Website zu decken und die zuk\u00fcnftige Entwicklung zu finanzieren. Die von dieser Website verwendeten Cookies f\u00fcr verhaltensbasierte Werbung dienen dazu, Ihnen m\u00f6glichst relevante Anzeigen zu pr\u00e4sentieren, indem sie Ihre Interessen anonym erfassen und Ihnen \u00e4hnliche, m\u00f6glicherweise interessante Inhalte anzeigen.<\/span><\/li>\n<li><span style=\"color: rgb(68, 68, 68);\">Mehrere Partner schalten Werbung in unserem Auftrag, und Affiliate-Tracking-Cookies erm\u00f6glichen es uns lediglich festzustellen, ob unsere Kunden \u00fcber eine unserer Partnerseiten auf die Website gelangt sind, damit wir diese entsprechend verg\u00fcten und gegebenenfalls unseren Affiliate-Partnern die M\u00f6glichkeit geben k\u00f6nnen, Ihnen Werbeaktionen anzubieten, um Sie zum Kauf zu animieren.<\/span><\/li>\n<\/ul>\n<p><\/p>\n<p><\/span><\/p>\n<h3><span style=\"color: rgb(68, 68, 68);\">Nutzerverpflichtung<\/span><\/h3>\n<p><span style=\"color: rgb(68, 68, 68);\">Der Nutzer verpflichtet sich zur angemessenen Nutzung der von Lob Viral auf der Website angebotenen Inhalte und Informationen, einschlie\u00dflich, aber nicht beschr\u00e4nkt auf:<\/span><\/p>\n<ul>\n<li><span style=\"color: rgb(68, 68, 68);\">A) Keine Aktivit\u00e4ten auszu\u00fcben, die gegen geltendes Recht oder Treu und Glauben und die \u00f6ffentliche Ordnung versto\u00dfen;<\/span><\/li>\n<li><span style=\"color: rgb(68, 68, 68);\">B) Es ist verboten, Propaganda oder Inhalte rassistischer oder fremdenfeindlicher Natur, Inhalte im Zusammenhang mit Gl\u00fccksspiel oder Gl\u00fccksspielen, illegaler Pornografie jeglicher Art oder Inhalte, die Terrorismus f\u00f6rdern oder Menschenrechte verletzen, zu verbreiten;<\/span><\/li>\n<li><span style=\"color: rgb(68, 68, 68);\">C) Es ist untersagt, die physischen (Hardware-) und logischen (Software-) Systeme von Lob Viral, seinen Lieferanten oder Dritten zu besch\u00e4digen, um Computerviren oder andere Hardware- oder Softwaresysteme einzuf\u00fchren oder zu verbreiten, die in der Lage sind, die vorgenannten Sch\u00e4den zu verursachen.<\/span><\/li>\n<\/ul>\n<h3><span style=\"color: rgb(68, 68, 68);\">Weitere Informationen<\/span><\/h3>\n<p><span style=\"color: rgb(68, 68, 68);\">Wir hoffen, dass dies verst\u00e4ndlich ist, und wie bereits erw\u00e4hnt, ist es im Allgemeinen sicherer, Cookies aktiviert zu lassen, falls Sie mit einer der Funktionen unserer Website interagieren, wenn Sie sich bei etwas unsicher sind, ob Sie es ben\u00f6tigen oder nicht.<\/span><\/p>\n<p>&lt;span style=&quot;color: rgb(68, 68, 68);&quot;\n<\/p>","protected":false},"excerpt":{"rendered":"<p>A sua privacidade \u00e9 importante para n\u00f3s. \u00c9 pol\u00edtica do Lob Viral respeitar a sua privacidade em rela\u00e7\u00e3o a qualquer informa\u00e7\u00e3o sua que possamos coletar no site Lob Viral, e outros sites que possu\u00edmos e operamos. Solicitamos informa\u00e7\u00f5es pessoais apenas quando realmente precisamos delas para lhe fornecer um servi\u00e7o. Fazemo-lo por meios justos e legais, [&hellip;]<\/p>","protected":false},"author":1,"featured_media":0,"parent":0,"menu_order":0,"comment_status":"closed","ping_status":"closed","template":"","meta":{"footnotes":""},"class_list":["post-114","page","type-page","status-publish"],"_links":{"self":[{"href":"https:\/\/lobviral.com\/de\/wp-json\/wp\/v2\/pages\/114","targetHints":{"allow":["GET"]}}],"collection":[{"href":"https:\/\/lobviral.com\/de\/wp-json\/wp\/v2\/pages"}],"about":[{"href":"https:\/\/lobviral.com\/de\/wp-json\/wp\/v2\/types\/page"}],"author":[{"embeddable":true,"href":"https:\/\/lobviral.com\/de\/wp-json\/wp\/v2\/users\/1"}],"replies":[{"embeddable":true,"href":"https:\/\/lobviral.com\/de\/wp-json\/wp\/v2\/comments?post=114"}],"version-history":[{"count":5,"href":"https:\/\/lobviral.com\/de\/wp-json\/wp\/v2\/pages\/114\/revisions"}],"predecessor-version":[{"id":129,"href":"https:\/\/lobviral.com\/de\/wp-json\/wp\/v2\/pages\/114\/revisions\/129"}],"wp:attachment":[{"href":"https:\/\/lobviral.com\/de\/wp-json\/wp\/v2\/media?parent=114"}],"curies":[{"name":"wp","href":"https:\/\/api.w.org\/{rel}","templated":true}]}}