{"id":122,"date":"2026-01-22T03:05:58","date_gmt":"2026-01-22T03:05:58","guid":{"rendered":"https:\/\/lobviral.com\/?page_id=122"},"modified":"2026-01-22T03:05:59","modified_gmt":"2026-01-22T03:05:59","slug":"kontakt","status":"publish","type":"page","link":"https:\/\/lobviral.com\/de\/kontakt\/","title":{"rendered":"Kontakt"},"content":{"rendered":"<p>Willkommen! Dies ist die offizielle Kontaktseite f\u00fcr\u00a0<strong><strong>Viral Lob<\/strong><\/strong>. Hier k\u00f6nnen Sie uns kontaktieren, um Fragen zu stellen, Anregungen zu senden, Beschwerden einzureichen oder sonstige Probleme im Zusammenhang mit unserer Website und den von uns ver\u00f6ffentlichten Inhalten anzusprechen.<\/p>\n\n\n\n<p>Unser Ziel ist es, Ihnen die bestm\u00f6gliche Nutzererfahrung zu bieten, daher ist uns Ihr Feedback sehr wichtig. Sollten Sie Fragen zur Funktionsweise der Website, zur Verwendung der empfohlenen Anwendungen oder zu unseren Inhalten haben, schreiben Sie uns bitte.<\/p>\n\n\n\n<p>Wir sind stets offen f\u00fcr Verbesserungsvorschl\u00e4ge und konstruktive Kritik. Ihre Meinung ist f\u00fcr uns unerl\u00e4sslich, um uns weiterzuentwickeln, Probleme zu beheben und immer n\u00fctzlichere und zuverl\u00e4ssigere Informationen bereitzustellen.<\/p>\n\n\n\n<p>Um mit uns in Kontakt zu treten, f\u00fcllen Sie einfach das Formular auf dieser Seite mit Ihren Daten und Ihrer Nachricht aus. Unser Team wird sich bem\u00fchen, Ihnen so schnell wie m\u00f6glich zu antworten.<\/p>\n\n\n\n<p>Vielen Dank f\u00fcr Ihren Besuch\u00a0<strong><strong><strong>Viral Lob<\/strong><\/strong><\/strong>\u00a0Wir freuen uns \u00fcber Ihre Nachricht.<\/p>\n\n\n\n<p><strong>Kontakt-E-Mail:<\/strong><br>\ud83d\udce7 contact@lobviral.com.br<\/p>","protected":false},"excerpt":{"rendered":"<p>Bem-vindo! Esta \u00e9 a p\u00e1gina oficial de contato do\u00a0Lob Viral. Aqui voc\u00ea pode entrar em contato conosco para tirar d\u00favidas, enviar sugest\u00f5es, fazer reclama\u00e7\u00f5es ou tratar de qualquer outro assunto relacionado ao nosso site e aos conte\u00fados que publicamos. Nosso objetivo \u00e9 oferecer a melhor experi\u00eancia poss\u00edvel aos usu\u00e1rios, por isso valorizamos muito o seu [&hellip;]<\/p>","protected":false},"author":1,"featured_media":0,"parent":0,"menu_order":0,"comment_status":"closed","ping_status":"closed","template":"","meta":{"footnotes":""},"class_list":["post-122","page","type-page","status-publish"],"_links":{"self":[{"href":"https:\/\/lobviral.com\/de\/wp-json\/wp\/v2\/pages\/122","targetHints":{"allow":["GET"]}}],"collection":[{"href":"https:\/\/lobviral.com\/de\/wp-json\/wp\/v2\/pages"}],"about":[{"href":"https:\/\/lobviral.com\/de\/wp-json\/wp\/v2\/types\/page"}],"author":[{"embeddable":true,"href":"https:\/\/lobviral.com\/de\/wp-json\/wp\/v2\/users\/1"}],"replies":[{"embeddable":true,"href":"https:\/\/lobviral.com\/de\/wp-json\/wp\/v2\/comments?post=122"}],"version-history":[{"count":1,"href":"https:\/\/lobviral.com\/de\/wp-json\/wp\/v2\/pages\/122\/revisions"}],"predecessor-version":[{"id":124,"href":"https:\/\/lobviral.com\/de\/wp-json\/wp\/v2\/pages\/122\/revisions\/124"}],"wp:attachment":[{"href":"https:\/\/lobviral.com\/de\/wp-json\/wp\/v2\/media?parent=122"}],"curies":[{"name":"wp","href":"https:\/\/api.w.org\/{rel}","templated":true}]}}