{"id":114,"date":"2026-01-22T02:57:30","date_gmt":"2026-01-22T02:57:30","guid":{"rendered":"https:\/\/lobviral.com\/?page_id=114"},"modified":"2026-01-22T03:32:43","modified_gmt":"2026-01-22T03:32:43","slug":"%cf%80%ce%bf%ce%bb%ce%b9%cf%84%ce%b9%ce%ba%ce%ad%cf%82-%ce%b1%cf%80%ce%bf%cf%81%cf%81%ce%ae%cf%84%ce%bf%cf%85","status":"publish","type":"page","link":"https:\/\/lobviral.com\/el\/%cf%80%ce%bf%ce%bb%ce%b9%cf%84%ce%b9%ce%ba%ce%ad%cf%82-%ce%b1%cf%80%ce%bf%cf%81%cf%81%ce%ae%cf%84%ce%bf%cf%85\/","title":{"rendered":"\u03a0\u03bf\u03bb\u03b9\u03c4\u03b9\u03ba\u03ad\u03c2 \u03b1\u03c0\u03bf\u03c1\u03c1\u03ae\u03c4\u03bf\u03c5"},"content":{"rendered":"<p>\u03a4\u03bf \u03b1\u03c0\u03cc\u03c1\u03c1\u03b7\u03c4\u03cc \u03c3\u03b1\u03c2 \u03b5\u03af\u03bd\u03b1\u03b9 \u03c3\u03b7\u03bc\u03b1\u03bd\u03c4\u03b9\u03ba\u03cc \u03b3\u03b9\u03b1 \u03b5\u03bc\u03ac\u03c2. \u0391\u03c0\u03bf\u03c4\u03b5\u03bb\u03b5\u03af \u03c0\u03bf\u03bb\u03b9\u03c4\u03b9\u03ba\u03ae \u03c4\u03b7\u03c2 Lob Viral \u03bd\u03b1 \u03c3\u03ad\u03b2\u03b5\u03c4\u03b1\u03b9 \u03c4\u03bf \u03b1\u03c0\u03cc\u03c1\u03c1\u03b7\u03c4\u03cc \u03c3\u03b1\u03c2 \u03c3\u03c7\u03b5\u03c4\u03b9\u03ba\u03ac \u03bc\u03b5 \u03bf\u03c0\u03bf\u03b9\u03b5\u03c3\u03b4\u03ae\u03c0\u03bf\u03c4\u03b5 \u03c0\u03bb\u03b7\u03c1\u03bf\u03c6\u03bf\u03c1\u03af\u03b5\u03c2 \u03c3\u03c5\u03bb\u03bb\u03ad\u03b3\u03bf\u03c5\u03bc\u03b5 \u03b1\u03c0\u03cc \u03b5\u03c3\u03ac\u03c2 \u03c3\u03c4\u03bf\u03bd \u03b9\u03c3\u03c4\u03cc\u03c4\u03bf\u03c0\u03bf. <a href=\"http:\/\/lobviral.com\/el\/\">\u0399\u03bf\u03b3\u03b5\u03bd\u03ae\u03c2 \u039b\u03cc\u03bc\u03c0<\/a>, \u03ba\u03b1\u03b9 \u03ac\u03bb\u03bb\u03bf\u03c5\u03c2 \u03b9\u03c3\u03c4\u03cc\u03c4\u03bf\u03c0\u03bf\u03c5\u03c2 \u03c0\u03bf\u03c5 \u03ba\u03b1\u03c4\u03ad\u03c7\u03bf\u03c5\u03bc\u03b5 \u03ba\u03b1\u03b9 \u03bb\u03b5\u03b9\u03c4\u03bf\u03c5\u03c1\u03b3\u03bf\u03cd\u03bc\u03b5.<\/span><\/p>\n<p><span style=\"color: rgb(68, 68, 68);\">\u0396\u03b7\u03c4\u03ac\u03bc\u03b5 \u03c0\u03c1\u03bf\u03c3\u03c9\u03c0\u03b9\u03ba\u03ac \u03b4\u03b5\u03b4\u03bf\u03bc\u03ad\u03bd\u03b1 \u03bc\u03cc\u03bd\u03bf \u03cc\u03c4\u03b1\u03bd \u03c4\u03b1 \u03c7\u03c1\u03b5\u03b9\u03b1\u03b6\u03cc\u03bc\u03b1\u03c3\u03c4\u03b5 \u03c0\u03c1\u03b1\u03b3\u03bc\u03b1\u03c4\u03b9\u03ba\u03ac \u03b3\u03b9\u03b1 \u03bd\u03b1 \u03c3\u03b1\u03c2 \u03c0\u03b1\u03c1\u03ad\u03c7\u03bf\u03c5\u03bc\u03b5 \u03bc\u03b9\u03b1 \u03c5\u03c0\u03b7\u03c1\u03b5\u03c3\u03af\u03b1. \u03a4\u03bf \u03c0\u03c1\u03ac\u03c4\u03c4\u03bf\u03c5\u03bc\u03b5 \u03b4\u03af\u03ba\u03b1\u03b9\u03b1 \u03ba\u03b1\u03b9 \u03bd\u03cc\u03bc\u03b9\u03bc\u03b1, \u03bc\u03b5 \u03c4\u03b7 \u03b3\u03bd\u03ce\u03c3\u03b7 \u03ba\u03b1\u03b9 \u03c4\u03b7 \u03c3\u03c5\u03b3\u03ba\u03b1\u03c4\u03ac\u03b8\u03b5\u03c3\u03ae \u03c3\u03b1\u03c2. \u03a3\u03b1\u03c2 \u03b5\u03bd\u03b7\u03bc\u03b5\u03c1\u03ce\u03bd\u03bf\u03c5\u03bc\u03b5 \u03b5\u03c0\u03af\u03c3\u03b7\u03c2 \u03b3\u03b9\u03b1 \u03c0\u03bf\u03b9\u03bf \u03bb\u03cc\u03b3\u03bf \u03c4\u03b1 \u03c3\u03c5\u03bb\u03bb\u03ad\u03b3\u03bf\u03c5\u03bc\u03b5 \u03ba\u03b1\u03b9 \u03c0\u03ce\u03c2 \u03b8\u03b1 \u03c7\u03c1\u03b7\u03c3\u03b9\u03bc\u03bf\u03c0\u03bf\u03b9\u03b7\u03b8\u03bf\u03cd\u03bd.<\/span><\/p>\n<p><span style=\"color: rgb(68, 68, 68);\">\u0394\u03b9\u03b1\u03c4\u03b7\u03c1\u03bf\u03cd\u03bc\u03b5 \u03c4\u03b9\u03c2 \u03c3\u03c5\u03bb\u03bb\u03b5\u03b3\u03cc\u03bc\u03b5\u03bd\u03b5\u03c2 \u03c0\u03bb\u03b7\u03c1\u03bf\u03c6\u03bf\u03c1\u03af\u03b5\u03c2 \u03bc\u03cc\u03bd\u03bf \u03b3\u03b9\u03b1 \u03cc\u03c3\u03bf \u03c7\u03c1\u03bf\u03bd\u03b9\u03ba\u03cc \u03b4\u03b9\u03ac\u03c3\u03c4\u03b7\u03bc\u03b1 \u03b5\u03af\u03bd\u03b1\u03b9 \u03b1\u03c0\u03b1\u03c1\u03b1\u03af\u03c4\u03b7\u03c4\u03bf \u03b3\u03b9\u03b1 \u03c4\u03b7\u03bd \u03c0\u03b1\u03c1\u03bf\u03c7\u03ae \u03c4\u03b7\u03c2 \u03b6\u03b7\u03c4\u03bf\u03cd\u03bc\u03b5\u03bd\u03b7\u03c2 \u03c5\u03c0\u03b7\u03c1\u03b5\u03c3\u03af\u03b1\u03c2. \u038c\u03c4\u03b1\u03bd \u03b1\u03c0\u03bf\u03b8\u03b7\u03ba\u03b5\u03cd\u03bf\u03c5\u03bc\u03b5 \u03b4\u03b5\u03b4\u03bf\u03bc\u03ad\u03bd\u03b1, \u03c4\u03b1 \u03c0\u03c1\u03bf\u03c3\u03c4\u03b1\u03c4\u03b5\u03cd\u03bf\u03c5\u03bc\u03b5 \u03bc\u03b5 \u03b5\u03bc\u03c0\u03bf\u03c1\u03b9\u03ba\u03ac \u03b1\u03c0\u03bf\u03b4\u03b5\u03ba\u03c4\u03ac \u03bc\u03ad\u03c3\u03b1 \u03b3\u03b9\u03b1 \u03c4\u03b7\u03bd \u03b1\u03c0\u03bf\u03c4\u03c1\u03bf\u03c0\u03ae \u03b1\u03c0\u03ce\u03bb\u03b5\u03b9\u03b1\u03c2 \u03ba\u03b1\u03b9 \u03ba\u03bb\u03bf\u03c0\u03ae\u03c2, \u03ba\u03b1\u03b8\u03ce\u03c2 \u03ba\u03b1\u03b9 \u03bc\u03b7 \u03b5\u03be\u03bf\u03c5\u03c3\u03b9\u03bf\u03b4\u03bf\u03c4\u03b7\u03bc\u03ad\u03bd\u03b7\u03c2 \u03c0\u03c1\u03cc\u03c3\u03b2\u03b1\u03c3\u03b7\u03c2, \u03b1\u03c0\u03bf\u03ba\u03ac\u03bb\u03c5\u03c8\u03b7\u03c2, \u03b1\u03bd\u03c4\u03b9\u03b3\u03c1\u03b1\u03c6\u03ae\u03c2, \u03c7\u03c1\u03ae\u03c3\u03b7\u03c2 \u03ae \u03c4\u03c1\u03bf\u03c0\u03bf\u03c0\u03bf\u03af\u03b7\u03c3\u03b7\u03c2.<\/span><\/p>\n<p><span style=\"color: rgb(68, 68, 68);\">\u0394\u03b5\u03bd \u03ba\u03bf\u03b9\u03bd\u03bf\u03c0\u03bf\u03b9\u03bf\u03cd\u03bc\u03b5 \u03c0\u03c1\u03bf\u03c3\u03c9\u03c0\u03b9\u03ba\u03ac \u03b1\u03bd\u03b1\u03b3\u03bd\u03c9\u03c1\u03af\u03c3\u03b9\u03bc\u03b1 \u03c3\u03c4\u03bf\u03b9\u03c7\u03b5\u03af\u03b1 \u03b4\u03b7\u03bc\u03cc\u03c3\u03b9\u03b1 \u03ae \u03bc\u03b5 \u03c4\u03c1\u03af\u03c4\u03bf\u03c5\u03c2, \u03b5\u03ba\u03c4\u03cc\u03c2 \u03b5\u03ac\u03bd \u03b1\u03c0\u03b1\u03b9\u03c4\u03b5\u03af\u03c4\u03b1\u03b9 \u03b1\u03c0\u03cc \u03c4\u03bf \u03bd\u03cc\u03bc\u03bf.<\/span><\/p>\n<p><span style=\"color: rgb(68, 68, 68);\">\u039f \u03b9\u03c3\u03c4\u03cc\u03c4\u03bf\u03c0\u03cc\u03c2 \u03bc\u03b1\u03c2 \u03b5\u03bd\u03b4\u03ad\u03c7\u03b5\u03c4\u03b1\u03b9 \u03bd\u03b1 \u03c0\u03b5\u03c1\u03b9\u03ad\u03c7\u03b5\u03b9 \u03c3\u03c5\u03bd\u03b4\u03ad\u03c3\u03bc\u03bf\u03c5\u03c2 \u03c0\u03c1\u03bf\u03c2 \u03b5\u03be\u03c9\u03c4\u03b5\u03c1\u03b9\u03ba\u03bf\u03cd\u03c2 \u03b9\u03c3\u03c4\u03cc\u03c4\u03bf\u03c0\u03bf\u03c5\u03c2 \u03c0\u03bf\u03c5 \u03b4\u03b5\u03bd \u03b4\u03b9\u03b1\u03c7\u03b5\u03b9\u03c1\u03b9\u03b6\u03cc\u03bc\u03b1\u03c3\u03c4\u03b5 \u03b5\u03bc\u03b5\u03af\u03c2. \u039b\u03ac\u03b2\u03b5\u03c4\u03b5 \u03c5\u03c0\u03cc\u03c8\u03b7 \u03cc\u03c4\u03b9 \u03b4\u03b5\u03bd \u03ad\u03c7\u03bf\u03c5\u03bc\u03b5 \u03ba\u03b1\u03bd\u03ad\u03bd\u03b1\u03bd \u03ad\u03bb\u03b5\u03b3\u03c7\u03bf \u03b5\u03c0\u03af \u03c4\u03bf\u03c5 \u03c0\u03b5\u03c1\u03b9\u03b5\u03c7\u03bf\u03bc\u03ad\u03bd\u03bf\u03c5 \u03ba\u03b1\u03b9 \u03c4\u03c9\u03bd \u03c0\u03c1\u03b1\u03ba\u03c4\u03b9\u03ba\u03ce\u03bd \u03b1\u03c5\u03c4\u03ce\u03bd \u03c4\u03c9\u03bd \u03b9\u03c3\u03c4\u03cc\u03c4\u03bf\u03c0\u03c9\u03bd \u03ba\u03b1\u03b9 \u03b4\u03b5\u03bd \u03bc\u03c0\u03bf\u03c1\u03bf\u03cd\u03bc\u03b5 \u03bd\u03b1 \u03b1\u03bd\u03b1\u03bb\u03ac\u03b2\u03bf\u03c5\u03bc\u03b5 \u03c4\u03b7\u03bd \u03b5\u03c5\u03b8\u03cd\u03bd\u03b7 \u03b3\u03b9\u03b1 \u03c4\u03b9\u03c2 \u03b1\u03bd\u03c4\u03af\u03c3\u03c4\u03bf\u03b9\u03c7\u03b5\u03c2 \u03c0\u03bf\u03bb\u03b9\u03c4\u03b9\u03ba\u03ad\u03c2 \u03c4\u03bf\u03c5\u03c2.&nbsp;<\/span><a href=\"https:\/\/politicaprivacidade.com\/\" rel=\"noopener noreferrer\" target=\"_blank\" style=\"background-color: transparent; color: rgb(68, 68, 68);\">\u03c0\u03bf\u03bb\u03b9\u03c4\u03b9\u03ba\u03ad\u03c2 \u03b1\u03c0\u03bf\u03c1\u03c1\u03ae\u03c4\u03bf\u03c5<\/a><span style=\"color: rgb(68, 68, 68);\">.<\/span><\/p>\n<p><span style=\"color: rgb(68, 68, 68);\">\u0395\u03af\u03c3\u03c4\u03b5 \u03b5\u03bb\u03b5\u03cd\u03b8\u03b5\u03c1\u03bf\u03b9 \u03bd\u03b1 \u03b1\u03c1\u03bd\u03b7\u03b8\u03b5\u03af\u03c4\u03b5 \u03c4\u03bf \u03b1\u03af\u03c4\u03b7\u03bc\u03ac \u03bc\u03b1\u03c2 \u03b3\u03b9\u03b1 \u03c0\u03c1\u03bf\u03c3\u03c9\u03c0\u03b9\u03ba\u03ac \u03c3\u03c4\u03bf\u03b9\u03c7\u03b5\u03af\u03b1, \u03ba\u03b1\u03c4\u03b1\u03bd\u03bf\u03ce\u03bd\u03c4\u03b1\u03c2 \u03cc\u03c4\u03b9 \u03b5\u03bd\u03b4\u03ad\u03c7\u03b5\u03c4\u03b1\u03b9 \u03bd\u03b1 \u03bc\u03b7\u03bd \u03b5\u03af\u03bc\u03b1\u03c3\u03c4\u03b5 \u03c3\u03b5 \u03b8\u03ad\u03c3\u03b7 \u03bd\u03b1 \u03c3\u03b1\u03c2 \u03c0\u03b1\u03c1\u03ad\u03c7\u03bf\u03c5\u03bc\u03b5 \u03bf\u03c1\u03b9\u03c3\u03bc\u03ad\u03bd\u03b5\u03c2 \u03b1\u03c0\u03cc \u03c4\u03b9\u03c2 \u03c5\u03c0\u03b7\u03c1\u03b5\u03c3\u03af\u03b5\u03c2 \u03c0\u03bf\u03c5 \u03b5\u03c0\u03b9\u03b8\u03c5\u03bc\u03b5\u03af\u03c4\u03b5.<\/span><\/p>\n<p><span style=\"color: rgb(68, 68, 68);\">\u0397 \u03c3\u03c5\u03bd\u03b5\u03c7\u03ae\u03c2 \u03c7\u03c1\u03ae\u03c3\u03b7 \u03c4\u03bf\u03c5 \u03b9\u03c3\u03c4\u03cc\u03c4\u03bf\u03c0\u03bf\u03cd \u03bc\u03b1\u03c2 \u03b8\u03b1 \u03b8\u03b5\u03c9\u03c1\u03b5\u03af\u03c4\u03b1\u03b9 \u03b1\u03c0\u03bf\u03b4\u03bf\u03c7\u03ae \u03c4\u03c9\u03bd \u03c0\u03c1\u03b1\u03ba\u03c4\u03b9\u03ba\u03ce\u03bd \u03bc\u03b1\u03c2 \u03c3\u03c7\u03b5\u03c4\u03b9\u03ba\u03ac \u03bc\u03b5 \u03c4\u03bf \u03b1\u03c0\u03cc\u03c1\u03c1\u03b7\u03c4\u03bf \u03ba\u03b1\u03b9 \u03c4\u03b1 \u03c0\u03c1\u03bf\u03c3\u03c9\u03c0\u03b9\u03ba\u03ac \u03b4\u03b5\u03b4\u03bf\u03bc\u03ad\u03bd\u03b1. \u0395\u03ac\u03bd \u03ad\u03c7\u03b5\u03c4\u03b5 \u03bf\u03c0\u03bf\u03b9\u03b5\u03c3\u03b4\u03ae\u03c0\u03bf\u03c4\u03b5 \u03b5\u03c1\u03c9\u03c4\u03ae\u03c3\u03b5\u03b9\u03c2 \u03c3\u03c7\u03b5\u03c4\u03b9\u03ba\u03ac \u03bc\u03b5 \u03c4\u03bf\u03bd \u03c4\u03c1\u03cc\u03c0\u03bf \u03c0\u03bf\u03c5 \u03c7\u03b5\u03b9\u03c1\u03b9\u03b6\u03cc\u03bc\u03b1\u03c3\u03c4\u03b5 \u03c4\u03b1 \u03b4\u03b5\u03b4\u03bf\u03bc\u03ad\u03bd\u03b1 \u03c7\u03c1\u03b7\u03c3\u03c4\u03ce\u03bd \u03ba\u03b1\u03b9 \u03c4\u03b1 \u03c0\u03c1\u03bf\u03c3\u03c9\u03c0\u03b9\u03ba\u03ac \u03b4\u03b5\u03b4\u03bf\u03bc\u03ad\u03bd\u03b1, \u03b5\u03c0\u03b9\u03ba\u03bf\u03b9\u03bd\u03c9\u03bd\u03ae\u03c3\u03c4\u03b5 \u03bc\u03b1\u03b6\u03af \u03bc\u03b1\u03c2.<\/span><\/p>\n<p><span style=\"color: rgb(68, 68, 68);\"><\/p>\n<ul>\n<li><span style=\"color: rgb(68, 68, 68);\">\u0397 \u03c5\u03c0\u03b7\u03c1\u03b5\u03c3\u03af\u03b1 Google AdSense \u03c0\u03bf\u03c5 \u03c7\u03c1\u03b7\u03c3\u03b9\u03bc\u03bf\u03c0\u03bf\u03b9\u03bf\u03cd\u03bc\u03b5 \u03b3\u03b9\u03b1 \u03c4\u03b7\u03bd \u03c0\u03c1\u03bf\u03b2\u03bf\u03bb\u03ae \u03b4\u03b9\u03b1\u03c6\u03b7\u03bc\u03af\u03c3\u03b5\u03c9\u03bd \u03c7\u03c1\u03b7\u03c3\u03b9\u03bc\u03bf\u03c0\u03bf\u03b9\u03b5\u03af \u03ad\u03bd\u03b1 cookie DoubleClick \u03b3\u03b9\u03b1 \u03bd\u03b1 \u03c3\u03b1\u03c2 \u03c0\u03b1\u03c1\u03ad\u03c7\u03b5\u03b9 \u03c0\u03b9\u03bf \u03c3\u03c7\u03b5\u03c4\u03b9\u03ba\u03ad\u03c2 \u03b4\u03b9\u03b1\u03c6\u03b7\u03bc\u03af\u03c3\u03b5\u03b9\u03c2 \u03c3\u03b5 \u03cc\u03bb\u03bf \u03c4\u03bf\u03bd \u03b9\u03c3\u03c4\u03cc \u03ba\u03b1\u03b9 \u03bd\u03b1 \u03c0\u03b5\u03c1\u03b9\u03bf\u03c1\u03af\u03b6\u03b5\u03b9 \u03c4\u03bf\u03bd \u03b1\u03c1\u03b9\u03b8\u03bc\u03cc \u03c4\u03c9\u03bd \u03c6\u03bf\u03c1\u03ce\u03bd \u03c0\u03bf\u03c5 \u03b5\u03bc\u03c6\u03b1\u03bd\u03af\u03b6\u03b5\u03c4\u03b1\u03b9 \u03bc\u03b9\u03b1 \u03b4\u03b5\u03b4\u03bf\u03bc\u03ad\u03bd\u03b7 \u03b4\u03b9\u03b1\u03c6\u03ae\u03bc\u03b9\u03c3\u03b7.<\/span><\/li>\n<li><span style=\"color: rgb(68, 68, 68);\">\u0393\u03b9\u03b1 \u03c0\u03b5\u03c1\u03b9\u03c3\u03c3\u03cc\u03c4\u03b5\u03c1\u03b5\u03c2 \u03c0\u03bb\u03b7\u03c1\u03bf\u03c6\u03bf\u03c1\u03af\u03b5\u03c2 \u03c3\u03c7\u03b5\u03c4\u03b9\u03ba\u03ac \u03bc\u03b5 \u03c4\u03bf Google AdSense, \u03b1\u03bd\u03b1\u03c4\u03c1\u03ad\u03be\u03c4\u03b5 \u03c3\u03c4\u03b9\u03c2 \u03b5\u03c0\u03af\u03c3\u03b7\u03bc\u03b5\u03c2 \u03a3\u03c5\u03c7\u03bd\u03ad\u03c2 \u0395\u03c1\u03c9\u03c4\u03ae\u03c3\u03b5\u03b9\u03c2 \u03c3\u03c7\u03b5\u03c4\u03b9\u03ba\u03ac \u03bc\u03b5 \u03c4\u03bf \u0391\u03c0\u03cc\u03c1\u03c1\u03b7\u03c4\u03bf \u03c4\u03bf\u03c5 Google AdSense.<\/span><\/li>\n<li><span style=\"color: rgb(68, 68, 68);\">\u03a7\u03c1\u03b7\u03c3\u03b9\u03bc\u03bf\u03c0\u03bf\u03b9\u03bf\u03cd\u03bc\u03b5 \u03c4\u03b7 \u03b4\u03b9\u03b1\u03c6\u03ae\u03bc\u03b9\u03c3\u03b7 \u03b3\u03b9\u03b1 \u03bd\u03b1 \u03b1\u03bd\u03c4\u03b9\u03c3\u03c4\u03b1\u03b8\u03bc\u03af\u03c3\u03bf\u03c5\u03bc\u03b5 \u03c4\u03bf \u03ba\u03cc\u03c3\u03c4\u03bf\u03c2 \u03bb\u03b5\u03b9\u03c4\u03bf\u03c5\u03c1\u03b3\u03af\u03b1\u03c2 \u03b1\u03c5\u03c4\u03bf\u03cd \u03c4\u03bf\u03c5 \u03b9\u03c3\u03c4\u03cc\u03c4\u03bf\u03c0\u03bf\u03c5 \u03ba\u03b1\u03b9 \u03bd\u03b1 \u03c0\u03b1\u03c1\u03ad\u03c7\u03bf\u03c5\u03bc\u03b5 \u03c7\u03c1\u03b7\u03bc\u03b1\u03c4\u03bf\u03b4\u03cc\u03c4\u03b7\u03c3\u03b7 \u03b3\u03b9\u03b1 \u03bc\u03b5\u03bb\u03bb\u03bf\u03bd\u03c4\u03b9\u03ba\u03ae \u03b1\u03bd\u03ac\u03c0\u03c4\u03c5\u03be\u03b7. \u03a4\u03b1 cookies \u03c3\u03c5\u03bc\u03c0\u03b5\u03c1\u03b9\u03c6\u03bf\u03c1\u03b9\u03ba\u03ae\u03c2 \u03b4\u03b9\u03b1\u03c6\u03ae\u03bc\u03b9\u03c3\u03b7\u03c2 \u03c0\u03bf\u03c5 \u03c7\u03c1\u03b7\u03c3\u03b9\u03bc\u03bf\u03c0\u03bf\u03b9\u03bf\u03cd\u03bd\u03c4\u03b1\u03b9 \u03b1\u03c0\u03cc \u03b1\u03c5\u03c4\u03cc\u03bd \u03c4\u03bf\u03bd \u03b9\u03c3\u03c4\u03cc\u03c4\u03bf\u03c0\u03bf \u03ad\u03c7\u03bf\u03c5\u03bd \u03c3\u03c7\u03b5\u03b4\u03b9\u03b1\u03c3\u03c4\u03b5\u03af \u03b3\u03b9\u03b1 \u03bd\u03b1 \u03b4\u03b9\u03b1\u03c3\u03c6\u03b1\u03bb\u03af\u03b6\u03bf\u03c5\u03bd \u03cc\u03c4\u03b9 \u03c3\u03b1\u03c2 \u03c0\u03b1\u03c1\u03ad\u03c7\u03bf\u03bd\u03c4\u03b1\u03b9 \u03bf\u03b9 \u03c0\u03b9\u03bf \u03c3\u03c7\u03b5\u03c4\u03b9\u03ba\u03ad\u03c2 \u03b4\u03b9\u03b1\u03c6\u03b7\u03bc\u03af\u03c3\u03b5\u03b9\u03c2 \u03cc\u03c0\u03bf\u03c4\u03b5 \u03b5\u03af\u03bd\u03b1\u03b9 \u03b4\u03c5\u03bd\u03b1\u03c4\u03cc\u03bd, \u03c0\u03b1\u03c1\u03b1\u03ba\u03bf\u03bb\u03bf\u03c5\u03b8\u03ce\u03bd\u03c4\u03b1\u03c2 \u03b1\u03bd\u03ce\u03bd\u03c5\u03bc\u03b1 \u03c4\u03b1 \u03b5\u03bd\u03b4\u03b9\u03b1\u03c6\u03ad\u03c1\u03bf\u03bd\u03c4\u03ac \u03c3\u03b1\u03c2 \u03ba\u03b1\u03b9 \u03c0\u03b1\u03c1\u03bf\u03c5\u03c3\u03b9\u03ac\u03b6\u03bf\u03bd\u03c4\u03b1\u03c2 \u03c0\u03b1\u03c1\u03cc\u03bc\u03bf\u03b9\u03b1 \u03c0\u03c1\u03ac\u03b3\u03bc\u03b1\u03c4\u03b1 \u03c0\u03bf\u03c5 \u03bc\u03c0\u03bf\u03c1\u03b5\u03af \u03bd\u03b1 \u03c3\u03b1\u03c2 \u03b5\u03bd\u03b4\u03b9\u03b1\u03c6\u03ad\u03c1\u03bf\u03c5\u03bd.<\/span><\/li>\n<li><span style=\"color: rgb(68, 68, 68);\">\u0391\u03c1\u03ba\u03b5\u03c4\u03bf\u03af \u03c3\u03c5\u03bd\u03b5\u03c1\u03b3\u03ac\u03c4\u03b5\u03c2 \u03b4\u03b9\u03b1\u03c6\u03b7\u03bc\u03af\u03b6\u03bf\u03bd\u03c4\u03b1\u03b9 \u03b3\u03b9\u03b1 \u03bb\u03bf\u03b3\u03b1\u03c1\u03b9\u03b1\u03c3\u03bc\u03cc \u03bc\u03b1\u03c2 \u03ba\u03b1\u03b9 \u03c4\u03b1 cookies \u03c0\u03b1\u03c1\u03b1\u03ba\u03bf\u03bb\u03bf\u03cd\u03b8\u03b7\u03c3\u03b7\u03c2 \u03c3\u03c5\u03bd\u03b5\u03c1\u03b3\u03b1\u03c4\u03ce\u03bd \u03bc\u03b1\u03c2 \u03b5\u03c0\u03b9\u03c4\u03c1\u03ad\u03c0\u03bf\u03c5\u03bd \u03b1\u03c0\u03bb\u03ce\u03c2 \u03bd\u03b1 \u03b2\u03bb\u03ad\u03c0\u03bf\u03c5\u03bc\u03b5 \u03b5\u03ac\u03bd \u03bf\u03b9 \u03c0\u03b5\u03bb\u03ac\u03c4\u03b5\u03c2 \u03bc\u03b1\u03c2 \u03ad\u03c7\u03bf\u03c5\u03bd \u03c0\u03c1\u03cc\u03c3\u03b2\u03b1\u03c3\u03b7 \u03c3\u03c4\u03bf\u03bd \u03b9\u03c3\u03c4\u03cc\u03c4\u03bf\u03c0\u03bf \u03bc\u03ad\u03c3\u03c9 \u03b5\u03bd\u03cc\u03c2 \u03b1\u03c0\u03cc \u03c4\u03bf\u03c5\u03c2 \u03b9\u03c3\u03c4\u03cc\u03c4\u03bf\u03c0\u03bf\u03c5\u03c2 \u03c3\u03c5\u03bd\u03b5\u03c1\u03b3\u03b1\u03c4\u03ce\u03bd \u03bc\u03b1\u03c2, \u03ce\u03c3\u03c4\u03b5 \u03bd\u03b1 \u03bc\u03c0\u03bf\u03c1\u03bf\u03cd\u03bc\u03b5 \u03bd\u03b1 \u03c4\u03bf\u03c5\u03c2 \u03c0\u03b9\u03c3\u03c4\u03ce\u03bd\u03bf\u03c5\u03bc\u03b5 \u03ba\u03b1\u03c4\u03ac\u03bb\u03bb\u03b7\u03bb\u03b1 \u03ba\u03b1\u03b9, \u03cc\u03c0\u03bf\u03c5 \u03b5\u03af\u03bd\u03b1\u03b9 \u03b5\u03c6\u03b9\u03ba\u03c4\u03cc, \u03bd\u03b1 \u03b5\u03c0\u03b9\u03c4\u03c1\u03ad\u03c0\u03bf\u03c5\u03bc\u03b5 \u03c3\u03c4\u03bf\u03c5\u03c2 \u03c3\u03c5\u03bd\u03b5\u03c1\u03b3\u03ac\u03c4\u03b5\u03c2 \u03bc\u03b1\u03c2 \u03bd\u03b1 \u03c0\u03c1\u03bf\u03c3\u03c6\u03ad\u03c1\u03bf\u03c5\u03bd \u03c4\u03c5\u03c7\u03cc\u03bd \u03c0\u03c1\u03bf\u03c3\u03c6\u03bf\u03c1\u03ad\u03c2 \u03c0\u03bf\u03c5 \u03b5\u03bd\u03b4\u03ad\u03c7\u03b5\u03c4\u03b1\u03b9 \u03bd\u03b1 \u03c0\u03b1\u03c1\u03ad\u03c7\u03bf\u03c5\u03bd \u03b3\u03b9\u03b1 \u03bd\u03b1 \u03c3\u03b1\u03c2 \u03b5\u03bd\u03b8\u03b1\u03c1\u03c1\u03cd\u03bd\u03bf\u03c5\u03bd \u03bd\u03b1 \u03c0\u03c1\u03b1\u03b3\u03bc\u03b1\u03c4\u03bf\u03c0\u03bf\u03b9\u03ae\u03c3\u03b5\u03c4\u03b5 \u03bc\u03b9\u03b1 \u03b1\u03b3\u03bf\u03c1\u03ac.<\/span><\/li>\n<\/ul>\n<p><\/p>\n<p><\/span><\/p>\n<h3><span style=\"color: rgb(68, 68, 68);\">\u0394\u03ad\u03c3\u03bc\u03b5\u03c5\u03c3\u03b7 \u03c7\u03c1\u03ae\u03c3\u03c4\u03b7<\/span><\/h3>\n<p><span style=\"color: rgb(68, 68, 68);\">\u039f \u03c7\u03c1\u03ae\u03c3\u03c4\u03b7\u03c2 \u03c3\u03c5\u03bc\u03c6\u03c9\u03bd\u03b5\u03af \u03bd\u03b1 \u03ba\u03ac\u03bd\u03b5\u03b9 \u03ba\u03b1\u03c4\u03ac\u03bb\u03bb\u03b7\u03bb\u03b7 \u03c7\u03c1\u03ae\u03c3\u03b7 \u03c4\u03bf\u03c5 \u03c0\u03b5\u03c1\u03b9\u03b5\u03c7\u03bf\u03bc\u03ad\u03bd\u03bf\u03c5 \u03ba\u03b1\u03b9 \u03c4\u03c9\u03bd \u03c0\u03bb\u03b7\u03c1\u03bf\u03c6\u03bf\u03c1\u03b9\u03ce\u03bd \u03c0\u03bf\u03c5 \u03c0\u03c1\u03bf\u03c3\u03c6\u03ad\u03c1\u03b5\u03b9 \u03b7 Lob Viral \u03c3\u03c4\u03bf\u03bd \u03b9\u03c3\u03c4\u03cc\u03c4\u03bf\u03c0\u03bf, \u03c3\u03c5\u03bc\u03c0\u03b5\u03c1\u03b9\u03bb\u03b1\u03bc\u03b2\u03b1\u03bd\u03bf\u03bc\u03ad\u03bd\u03c9\u03bd \u03b5\u03bd\u03b4\u03b5\u03b9\u03ba\u03c4\u03b9\u03ba\u03ac:<\/span><\/p>\n<ul>\n<li><span style=\"color: rgb(68, 68, 68);\">\u0391) \u039d\u03b1 \u03bc\u03b7\u03bd \u03b5\u03bc\u03c0\u03bb\u03ad\u03ba\u03bf\u03bd\u03c4\u03b1\u03b9 \u03c3\u03b5 \u03b4\u03c1\u03b1\u03c3\u03c4\u03b7\u03c1\u03b9\u03cc\u03c4\u03b7\u03c4\u03b5\u03c2 \u03c0\u03bf\u03c5 \u03b5\u03af\u03bd\u03b1\u03b9 \u03c0\u03b1\u03c1\u03ac\u03bd\u03bf\u03bc\u03b5\u03c2 \u03ae \u03b1\u03bd\u03c4\u03af\u03ba\u03b5\u03b9\u03bd\u03c4\u03b1\u03b9 \u03c3\u03c4\u03b7\u03bd \u03ba\u03b1\u03bb\u03ae \u03c0\u03af\u03c3\u03c4\u03b7 \u03ba\u03b1\u03b9 \u03c4\u03b7 \u03b4\u03b7\u03bc\u03cc\u03c3\u03b9\u03b1 \u03c4\u03ac\u03be\u03b7\u00b7;<\/span><\/li>\n<li><span style=\"color: rgb(68, 68, 68);\">\u0392) \u039d\u03b1 \u03bc\u03b7\u03bd \u03b4\u03b9\u03b1\u03b4\u03af\u03b4\u03b5\u03b9 \u03c0\u03c1\u03bf\u03c0\u03b1\u03b3\u03ac\u03bd\u03b4\u03b1 \u03ae \u03c0\u03b5\u03c1\u03b9\u03b5\u03c7\u03cc\u03bc\u03b5\u03bd\u03bf \u03c1\u03b1\u03c4\u03c3\u03b9\u03c3\u03c4\u03b9\u03ba\u03ae\u03c2, \u03be\u03b5\u03bd\u03bf\u03c6\u03bf\u03b2\u03b9\u03ba\u03ae\u03c2 \u03c6\u03cd\u03c3\u03b7\u03c2, \u03c0\u03bf\u03c5 \u03c3\u03c7\u03b5\u03c4\u03af\u03b6\u03b5\u03c4\u03b1\u03b9 \u03bc\u03b5 \u03c4\u03c5\u03c7\u03b5\u03c1\u03ac \u03c0\u03b1\u03b9\u03c7\u03bd\u03af\u03b4\u03b9\u03b1 \u03ae \u03c4\u03c5\u03c7\u03b5\u03c1\u03ac \u03c0\u03b1\u03b9\u03c7\u03bd\u03af\u03b4\u03b9\u03b1, \u03bf\u03c0\u03bf\u03b9\u03bf\u03b4\u03ae\u03c0\u03bf\u03c4\u03b5 \u03b5\u03af\u03b4\u03bf\u03c2 \u03c0\u03b1\u03c1\u03ac\u03bd\u03bf\u03bc\u03b7\u03c2 \u03c0\u03bf\u03c1\u03bd\u03bf\u03b3\u03c1\u03b1\u03c6\u03af\u03b1\u03c2 \u03ae \u03c0\u03bf\u03c5 \u03c0\u03c1\u03bf\u03c9\u03b8\u03b5\u03af \u03c4\u03b7\u03bd \u03c4\u03c1\u03bf\u03bc\u03bf\u03ba\u03c1\u03b1\u03c4\u03af\u03b1 \u03ae \u03c0\u03b1\u03c1\u03b1\u03b2\u03b9\u03ac\u03b6\u03b5\u03b9 \u03c4\u03b1 \u03b1\u03bd\u03b8\u03c1\u03ce\u03c0\u03b9\u03bd\u03b1 \u03b4\u03b9\u03ba\u03b1\u03b9\u03ce\u03bc\u03b1\u03c4\u03b1.;<\/span><\/li>\n<li><span style=\"color: rgb(68, 68, 68);\">\u0393) \u039d\u03b1 \u03bc\u03b7\u03bd \u03c0\u03c1\u03bf\u03ba\u03b1\u03bb\u03b5\u03af\u03c4\u03b5 \u03b6\u03b7\u03bc\u03b9\u03ac \u03c3\u03c4\u03b1 \u03c6\u03c5\u03c3\u03b9\u03ba\u03ac (\u03c5\u03bb\u03b9\u03ba\u03cc) \u03ba\u03b1\u03b9 \u03bb\u03bf\u03b3\u03b9\u03ba\u03ac (\u03bb\u03bf\u03b3\u03b9\u03c3\u03bc\u03b9\u03ba\u03cc) \u03c3\u03c5\u03c3\u03c4\u03ae\u03bc\u03b1\u03c4\u03b1 \u03c4\u03b7\u03c2 Lob Viral, \u03c4\u03c9\u03bd \u03c0\u03c1\u03bf\u03bc\u03b7\u03b8\u03b5\u03c5\u03c4\u03ce\u03bd \u03c4\u03b7\u03c2 \u03ae \u03c4\u03c1\u03af\u03c4\u03c9\u03bd, \u03bc\u03b5 \u03c3\u03ba\u03bf\u03c0\u03cc \u03c4\u03b7\u03bd \u03b5\u03b9\u03c3\u03b1\u03b3\u03c9\u03b3\u03ae \u03ae \u03b4\u03b9\u03ac\u03b4\u03bf\u03c3\u03b7 \u03b9\u03ce\u03bd \u03c5\u03c0\u03bf\u03bb\u03bf\u03b3\u03b9\u03c3\u03c4\u03ce\u03bd \u03ae \u03bf\u03c0\u03bf\u03b9\u03c9\u03bd\u03b4\u03ae\u03c0\u03bf\u03c4\u03b5 \u03ac\u03bb\u03bb\u03c9\u03bd \u03c3\u03c5\u03c3\u03c4\u03b7\u03bc\u03ac\u03c4\u03c9\u03bd \u03c5\u03bb\u03b9\u03ba\u03bf\u03cd \u03ae \u03bb\u03bf\u03b3\u03b9\u03c3\u03bc\u03b9\u03ba\u03bf\u03cd \u03c0\u03bf\u03c5 \u03b5\u03af\u03bd\u03b1\u03b9 \u03b9\u03ba\u03b1\u03bd\u03ac \u03bd\u03b1 \u03c0\u03c1\u03bf\u03ba\u03b1\u03bb\u03ad\u03c3\u03bf\u03c5\u03bd \u03c4\u03b7\u03bd \u03c0\u03c1\u03bf\u03b1\u03bd\u03b1\u03c6\u03b5\u03c1\u03b8\u03b5\u03af\u03c3\u03b1 \u03b6\u03b7\u03bc\u03b9\u03ac.<\/span><\/li>\n<\/ul>\n<h3><span style=\"color: rgb(68, 68, 68);\">\u03a0\u03b5\u03c1\u03b9\u03c3\u03c3\u03cc\u03c4\u03b5\u03c1\u03b5\u03c2 \u03c0\u03bb\u03b7\u03c1\u03bf\u03c6\u03bf\u03c1\u03af\u03b5\u03c2<\/span><\/h3>\n<p><span style=\"color: rgb(68, 68, 68);\">\u0395\u03bb\u03c0\u03af\u03b6\u03bf\u03c5\u03bc\u03b5 \u03cc\u03c4\u03b9 \u03b1\u03c5\u03c4\u03cc \u03b5\u03af\u03bd\u03b1\u03b9 \u03c3\u03b1\u03c6\u03ad\u03c2 \u03ba\u03b1\u03b9, \u03cc\u03c0\u03c9\u03c2 \u03b1\u03bd\u03b1\u03c6\u03ad\u03c1\u03b8\u03b7\u03ba\u03b5 \u03c0\u03c1\u03bf\u03b7\u03b3\u03bf\u03c5\u03bc\u03ad\u03bd\u03c9\u03c2, \u03b5\u03ac\u03bd \u03c5\u03c0\u03ac\u03c1\u03c7\u03b5\u03b9 \u03ba\u03ac\u03c4\u03b9 \u03b3\u03b9\u03b1 \u03c4\u03bf \u03bf\u03c0\u03bf\u03af\u03bf \u03b4\u03b5\u03bd \u03b5\u03af\u03c3\u03c4\u03b5 \u03c3\u03af\u03b3\u03bf\u03c5\u03c1\u03bf\u03b9 \u03b5\u03ac\u03bd \u03c4\u03bf \u03c7\u03c1\u03b5\u03b9\u03ac\u03b6\u03b5\u03c3\u03c4\u03b5 \u03ae \u03cc\u03c7\u03b9, \u03b5\u03af\u03bd\u03b1\u03b9 \u03b3\u03b5\u03bd\u03b9\u03ba\u03ac \u03b1\u03c3\u03c6\u03b1\u03bb\u03ad\u03c3\u03c4\u03b5\u03c1\u03bf \u03bd\u03b1 \u03b1\u03c6\u03ae\u03c3\u03b5\u03c4\u03b5 \u03c4\u03b1 cookies \u03b5\u03bd\u03b5\u03c1\u03b3\u03bf\u03c0\u03bf\u03b9\u03b7\u03bc\u03ad\u03bd\u03b1 \u03c3\u03b5 \u03c0\u03b5\u03c1\u03af\u03c0\u03c4\u03c9\u03c3\u03b7 \u03c0\u03bf\u03c5 \u03b1\u03bb\u03bb\u03b7\u03bb\u03b5\u03c0\u03b9\u03b4\u03c1\u03ac\u03c3\u03b5\u03c4\u03b5 \u03bc\u03b5 \u03ba\u03ac\u03c0\u03bf\u03b9\u03b1 \u03b1\u03c0\u03cc \u03c4\u03b9\u03c2 \u03bb\u03b5\u03b9\u03c4\u03bf\u03c5\u03c1\u03b3\u03af\u03b5\u03c2 \u03c0\u03bf\u03c5 \u03c7\u03c1\u03b7\u03c3\u03b9\u03bc\u03bf\u03c0\u03bf\u03b9\u03b5\u03af\u03c4\u03b5 \u03c3\u03c4\u03bf\u03bd \u03b9\u03c3\u03c4\u03cc\u03c4\u03bf\u03c0\u03cc \u03bc\u03b1\u03c2.<\/span><\/p>\n<p>&lt;span style=&quot;color: rgb(68, 68, 68);&quot;\n<\/p>","protected":false},"excerpt":{"rendered":"<p>A sua privacidade \u00e9 importante para n\u00f3s. \u00c9 pol\u00edtica do Lob Viral respeitar a sua privacidade em rela\u00e7\u00e3o a qualquer informa\u00e7\u00e3o sua que possamos coletar no site Lob Viral, e outros sites que possu\u00edmos e operamos. Solicitamos informa\u00e7\u00f5es pessoais apenas quando realmente precisamos delas para lhe fornecer um servi\u00e7o. Fazemo-lo por meios justos e legais, [&hellip;]<\/p>","protected":false},"author":1,"featured_media":0,"parent":0,"menu_order":0,"comment_status":"closed","ping_status":"closed","template":"","meta":{"footnotes":""},"class_list":["post-114","page","type-page","status-publish"],"_links":{"self":[{"href":"https:\/\/lobviral.com\/el\/wp-json\/wp\/v2\/pages\/114","targetHints":{"allow":["GET"]}}],"collection":[{"href":"https:\/\/lobviral.com\/el\/wp-json\/wp\/v2\/pages"}],"about":[{"href":"https:\/\/lobviral.com\/el\/wp-json\/wp\/v2\/types\/page"}],"author":[{"embeddable":true,"href":"https:\/\/lobviral.com\/el\/wp-json\/wp\/v2\/users\/1"}],"replies":[{"embeddable":true,"href":"https:\/\/lobviral.com\/el\/wp-json\/wp\/v2\/comments?post=114"}],"version-history":[{"count":5,"href":"https:\/\/lobviral.com\/el\/wp-json\/wp\/v2\/pages\/114\/revisions"}],"predecessor-version":[{"id":129,"href":"https:\/\/lobviral.com\/el\/wp-json\/wp\/v2\/pages\/114\/revisions\/129"}],"wp:attachment":[{"href":"https:\/\/lobviral.com\/el\/wp-json\/wp\/v2\/media?parent=114"}],"curies":[{"name":"\u03b5\u03c1\u03b3\u03b1\u03c3\u03af\u03b1","href":"https:\/\/api.w.org\/{rel}","templated":true}]}}