{"id":121,"date":"2026-01-22T03:04:46","date_gmt":"2026-01-22T03:04:46","guid":{"rendered":"https:\/\/lobviral.com\/?page_id=121"},"modified":"2026-01-22T03:04:46","modified_gmt":"2026-01-22T03:04:46","slug":"%ce%ac%cf%81%ce%bd%ce%b7%cf%83%ce%b7","status":"publish","type":"page","link":"https:\/\/lobviral.com\/el\/%ce%ac%cf%81%ce%bd%ce%b7%cf%83%ce%b7\/","title":{"rendered":"\u0391\u03c1\u03bd\u03b7\u03c3\u03b7"},"content":{"rendered":"<p>\u039f\u03b9 \u03c0\u03bb\u03b7\u03c1\u03bf\u03c6\u03bf\u03c1\u03af\u03b5\u03c2 \u03c0\u03bf\u03c5 \u03b5\u03af\u03bd\u03b1\u03b9 \u03b4\u03b9\u03b1\u03b8\u03ad\u03c3\u03b9\u03bc\u03b5\u03c2 \u03c3\u03c4\u03bf\u03bd \u03b9\u03c3\u03c4\u03cc\u03c4\u03bf\u03c0\u03bf\u00a0<strong>\u0399\u03bf\u03b3\u03b5\u03bd\u03ae\u03c2 \u039b\u03cc\u03bc\u03c0<\/strong>\u00a0\u03ad\u03c7\u03bf\u03c5\u03bd \u03c7\u03b1\u03c1\u03b1\u03ba\u03c4\u03ae\u03c1\u03b1\u00a0<strong>\u039c\u03cc\u03bd\u03bf \u03b3\u03b9\u03b1 \u03b5\u03bd\u03b7\u03bc\u03b5\u03c1\u03c9\u03c4\u03b9\u03ba\u03bf\u03cd\u03c2 \u03c3\u03ba\u03bf\u03c0\u03bf\u03cd\u03c2.<\/strong>. \u03a3\u03c4\u03cc\u03c7\u03bf\u03c2 \u03bc\u03b1\u03c2 \u03b5\u03af\u03bd\u03b1\u03b9 \u03bd\u03b1 \u03c0\u03b1\u03c1\u03bf\u03c5\u03c3\u03b9\u03ac\u03c3\u03bf\u03c5\u03bc\u03b5 \u03c0\u03b5\u03c1\u03b9\u03b5\u03c7\u03cc\u03bc\u03b5\u03bd\u03bf, \u03b1\u03bd\u03b1\u03bb\u03cd\u03c3\u03b5\u03b9\u03c2 \u03ba\u03b1\u03b9 \u03c0\u03c1\u03bf\u03c4\u03ac\u03c3\u03b5\u03b9\u03c2 \u03b3\u03b9\u03b1 \u03b5\u03c6\u03b1\u03c1\u03bc\u03bf\u03b3\u03ad\u03c2, \u03c5\u03c0\u03b7\u03c1\u03b5\u03c3\u03af\u03b5\u03c2 \u03ba\u03b1\u03b9 \u03b5\u03c1\u03b3\u03b1\u03bb\u03b5\u03af\u03b1 \u03c0\u03bf\u03c5 \u03bc\u03c0\u03bf\u03c1\u03bf\u03cd\u03bd \u03bd\u03b1 \u03b2\u03bf\u03b7\u03b8\u03ae\u03c3\u03bf\u03c5\u03bd \u03c4\u03bf\u03c5\u03c2 \u03c7\u03c1\u03ae\u03c3\u03c4\u03b5\u03c2 \u03c3\u03c4\u03b7\u03bd \u03b1\u03bd\u03b1\u03b6\u03ae\u03c4\u03b7\u03c3\u03b7 \u03b5\u03c5\u03ba\u03b1\u03b9\u03c1\u03b9\u03ce\u03bd, \u03c0\u03b1\u03c1\u03b1\u03b3\u03c9\u03b3\u03b9\u03ba\u03cc\u03c4\u03b7\u03c4\u03b1\u03c2 \u03ba\u03b1\u03b9 \u03c8\u03b7\u03c6\u03b9\u03b1\u03ba\u03ce\u03bd \u03bb\u03cd\u03c3\u03b5\u03c9\u03bd.<\/p>\n\n\n\n<h3 class=\"wp-block-heading\">\u0394\u03b5\u03bd \u03c0\u03c1\u03bf\u03c3\u03c6\u03ad\u03c1\u03bf\u03c5\u03bc\u03b5 \u03ba\u03b1\u03bc\u03af\u03b1 \u03b5\u03b3\u03b3\u03cd\u03b7\u03c3\u03b7.<\/h3>\n\n\n\n<p>O\u00a0<strong><strong>\u0399\u03bf\u03b3\u03b5\u03bd\u03ae\u03c2 \u039b\u03cc\u03bc\u03c0<\/strong><\/strong>\u00a0<strong>\u03b4\u03b5\u03bd \u03b5\u03b3\u03b3\u03c5\u03ac\u03c4\u03b1\u03b9<\/strong>\u00a0\u0391\u03c0\u03bf\u03c4\u03b5\u03bb\u03ad\u03c3\u03bc\u03b1\u03c4\u03b1, \u03bf\u03b9\u03ba\u03bf\u03bd\u03bf\u03bc\u03b9\u03ba\u03ac \u03ba\u03ad\u03c1\u03b4\u03b7, \u03c0\u03c1\u03bf\u03c3\u03bb\u03ae\u03c8\u03b5\u03b9\u03c2, \u03b5\u03b9\u03c3\u03cc\u03b4\u03b7\u03bc\u03b1 \u03ae \u03bf\u03c0\u03bf\u03b9\u03bf\u03b4\u03ae\u03c0\u03bf\u03c4\u03b5 \u03c3\u03c5\u03b3\u03ba\u03b5\u03ba\u03c1\u03b9\u03bc\u03ad\u03bd\u03bf \u03b5\u03af\u03b4\u03bf\u03c2 \u03bf\u03c6\u03ad\u03bb\u03bf\u03c5\u03c2 \u03b1\u03c0\u03cc \u03c4\u03b7 \u03c7\u03c1\u03ae\u03c3\u03b7 \u03c4\u03c9\u03bd \u03c0\u03bb\u03b7\u03c1\u03bf\u03c6\u03bf\u03c1\u03b9\u03ce\u03bd, \u03c4\u03c9\u03bd \u03b5\u03c6\u03b1\u03c1\u03bc\u03bf\u03b3\u03ce\u03bd \u03ae \u03c4\u03c9\u03bd \u03c5\u03c0\u03b7\u03c1\u03b5\u03c3\u03b9\u03ce\u03bd \u03c0\u03bf\u03c5 \u03b1\u03bd\u03b1\u03c6\u03ad\u03c1\u03bf\u03bd\u03c4\u03b1\u03b9 \u03c3\u03c4\u03bf\u03bd \u03b9\u03c3\u03c4\u03cc\u03c4\u03bf\u03c0\u03bf. \u03a4\u03b1 \u03b1\u03c0\u03bf\u03c4\u03b5\u03bb\u03ad\u03c3\u03bc\u03b1\u03c4\u03b1 \u03b5\u03bd\u03b4\u03ad\u03c7\u03b5\u03c4\u03b1\u03b9 \u03bd\u03b1 \u03b4\u03b9\u03b1\u03c6\u03ad\u03c1\u03bf\u03c5\u03bd \u03b1\u03bd\u03ac\u03bb\u03bf\u03b3\u03b1 \u03bc\u03b5 \u03b1\u03c4\u03bf\u03bc\u03b9\u03ba\u03bf\u03cd\u03c2, \u03c0\u03b5\u03c1\u03b9\u03c6\u03b5\u03c1\u03b5\u03b9\u03b1\u03ba\u03bf\u03cd\u03c2 \u03ba\u03b1\u03b9 \u03c0\u03b5\u03c1\u03b9\u03c3\u03c4\u03b1\u03c3\u03b9\u03b1\u03ba\u03bf\u03cd\u03c2 \u03c0\u03b1\u03c1\u03ac\u03b3\u03bf\u03bd\u03c4\u03b5\u03c2.<\/p>\n\n\n\n<h3 class=\"wp-block-heading\">\u0395\u03c6\u03b1\u03c1\u03bc\u03bf\u03b3\u03ad\u03c2 \u03ba\u03b1\u03b9 \u03c5\u03c0\u03b7\u03c1\u03b5\u03c3\u03af\u03b5\u03c2 \u03c4\u03c1\u03af\u03c4\u03c9\u03bd<\/h3>\n\n\n\n<p>\u039f \u03b9\u03c3\u03c4\u03cc\u03c4\u03bf\u03c0\u03bf\u03c2 \u03b5\u03bd\u03b4\u03ad\u03c7\u03b5\u03c4\u03b1\u03b9 \u03bd\u03b1 \u03c0\u03b5\u03c1\u03b9\u03ad\u03c7\u03b5\u03b9 \u03c3\u03c5\u03bd\u03b4\u03ad\u03c3\u03bc\u03bf\u03c5\u03c2, \u03c0\u03c1\u03bf\u03c4\u03ac\u03c3\u03b5\u03b9\u03c2 \u03ae \u03b1\u03bd\u03b1\u03c6\u03bf\u03c1\u03ad\u03c2 \u03c3\u03b5&nbsp;<strong>\u03b5\u03c6\u03b1\u03c1\u03bc\u03bf\u03b3\u03ad\u03c2, \u03c0\u03bb\u03b1\u03c4\u03c6\u03cc\u03c1\u03bc\u03b5\u03c2 \u03ba\u03b1\u03b9 \u03c5\u03c0\u03b7\u03c1\u03b5\u03c3\u03af\u03b5\u03c2 \u03c4\u03c1\u03af\u03c4\u03c9\u03bd \u03bc\u03b5\u03c1\u03ce\u03bd<\/strong>. \u0394\u03b5\u03bd \u03ad\u03c7\u03bf\u03c5\u03bc\u03b5 \u03ba\u03b1\u03bd\u03ad\u03bd\u03b1\u03bd \u03ad\u03bb\u03b5\u03b3\u03c7\u03bf \u03b5\u03c0\u03af \u03c4\u03b7\u03c2 \u03bb\u03b5\u03b9\u03c4\u03bf\u03c5\u03c1\u03b3\u03af\u03b1\u03c2, \u03c4\u03c9\u03bd \u03c0\u03bf\u03bb\u03b9\u03c4\u03b9\u03ba\u03ce\u03bd, \u03c4\u03b7\u03c2 \u03c4\u03b9\u03bc\u03bf\u03bb\u03cc\u03b3\u03b7\u03c3\u03b7\u03c2, \u03c4\u03b7\u03c2 \u03b4\u03b9\u03b1\u03b8\u03b5\u03c3\u03b9\u03bc\u03cc\u03c4\u03b7\u03c4\u03b1\u03c2 \u03ae \u03c4\u03b7\u03c2 \u03b1\u03c3\u03c6\u03ac\u03bb\u03b5\u03b9\u03b1\u03c2 \u03b1\u03c5\u03c4\u03ce\u03bd \u03c4\u03c9\u03bd \u03c5\u03c0\u03b7\u03c1\u03b5\u03c3\u03b9\u03ce\u03bd. \u039f\u03c0\u03bf\u03b9\u03b1\u03b4\u03ae\u03c0\u03bf\u03c4\u03b5 \u03b1\u03bb\u03bb\u03b7\u03bb\u03b5\u03c0\u03af\u03b4\u03c1\u03b1\u03c3\u03b7, \u03b5\u03b3\u03b3\u03c1\u03b1\u03c6\u03ae \u03ae \u03c7\u03c1\u03ae\u03c3\u03b7 \u03b3\u03af\u03bd\u03b5\u03c4\u03b1\u03b9 \u03bc\u03b5 \u03b4\u03b9\u03ba\u03ae \u03c3\u03b1\u03c2 \u03b5\u03c5\u03b8\u03cd\u03bd\u03b7.&nbsp;<strong>\u03b1\u03c0\u03bf\u03ba\u03bb\u03b5\u03b9\u03c3\u03c4\u03b9\u03ba\u03ae \u03b5\u03c5\u03b8\u03cd\u03bd\u03b7 \u03c4\u03bf\u03c5 \u03c7\u03c1\u03ae\u03c3\u03c4\u03b7<\/strong>.<\/p>\n\n\n\n<p>\u03a3\u03c5\u03bd\u03b9\u03c3\u03c4\u03bf\u03cd\u03bc\u03b5 \u03c0\u03ac\u03bd\u03c4\u03b1 \u03c3\u03c4\u03bf\u03bd \u03c7\u03c1\u03ae\u03c3\u03c4\u03b7:<\/p>\n\n\n\n<ul class=\"wp-block-list\">\n<li>\u0394\u03b9\u03b1\u03b2\u03ac\u03c3\u03c4\u03b5 \u03c4\u03bf\u03c5\u03c2 \u03cc\u03c1\u03bf\u03c5\u03c2 \u03c7\u03c1\u03ae\u03c3\u03b7\u03c2 \u03ba\u03b1\u03b9 \u03c4\u03b9\u03c2 \u03c0\u03bf\u03bb\u03b9\u03c4\u03b9\u03ba\u03ad\u03c2 \u03b1\u03c0\u03bf\u03c1\u03c1\u03ae\u03c4\u03bf\u03c5 \u03c4\u03c9\u03bd \u03b5\u03c6\u03b1\u03c1\u03bc\u03bf\u03b3\u03ce\u03bd.;<\/li>\n\n\n\n<li>\u0395\u03bb\u03ad\u03b3\u03be\u03c4\u03b5 \u03ba\u03c1\u03b9\u03c4\u03b9\u03ba\u03ad\u03c2 \u03c3\u03b5 \u03b5\u03c0\u03af\u03c3\u03b7\u03bc\u03b1 \u03ba\u03b1\u03c4\u03b1\u03c3\u03c4\u03ae\u03bc\u03b1\u03c4\u03b1 \u03b5\u03c6\u03b1\u03c1\u03bc\u03bf\u03b3\u03ce\u03bd (Google Play, App Store).;<\/li>\n\n\n\n<li>\u0391\u03bd\u03b1\u03bb\u03cd\u03c3\u03c4\u03b5 \u03b5\u03ac\u03bd \u03b7 \u03c5\u03c0\u03b7\u03c1\u03b5\u03c3\u03af\u03b1 \u03ba\u03b1\u03bb\u03cd\u03c0\u03c4\u03b5\u03b9 \u03c4\u03b9\u03c2 \u03b1\u03bd\u03ac\u03b3\u03ba\u03b5\u03c2 \u03c3\u03b1\u03c2 \u03c0\u03c1\u03b9\u03bd \u03c4\u03b7 \u03c7\u03c1\u03b7\u03c3\u03b9\u03bc\u03bf\u03c0\u03bf\u03b9\u03ae\u03c3\u03b5\u03c4\u03b5.<\/li>\n<\/ul>\n\n\n\n<h3 class=\"wp-block-heading\">\u0391\u03c0\u03bf\u03c0\u03bf\u03af\u03b7\u03c3\u03b7 \u03bd\u03bf\u03bc\u03b9\u03ba\u03ae\u03c2 \u03ba\u03b1\u03b9 \u03b5\u03c0\u03b1\u03b3\u03b3\u03b5\u03bb\u03bc\u03b1\u03c4\u03b9\u03ba\u03ae\u03c2 \u03b5\u03c5\u03b8\u03cd\u03bd\u03b7\u03c2<\/h3>\n\n\n\n<p>\u03a4\u03bf \u03c0\u03b5\u03c1\u03b9\u03b5\u03c7\u03cc\u03bc\u03b5\u03bd\u03bf \u03c0\u03bf\u03c5 \u03b4\u03b7\u03bc\u03bf\u03c3\u03b9\u03b5\u03cd\u03b5\u03c4\u03b1\u03b9 \u03c3\u03c4\u03bf\u00a0<strong><strong>\u0399\u03bf\u03b3\u03b5\u03bd\u03ae\u03c2 \u039b\u03cc\u03bc\u03c0<\/strong><\/strong>\u00a0<strong>\u0391\u03c5\u03c4\u03cc \u03b4\u03b5\u03bd \u03b1\u03bd\u03c4\u03b9\u03ba\u03b1\u03b8\u03b9\u03c3\u03c4\u03ac \u03c4\u03b7\u03bd \u03b5\u03c0\u03b1\u03b3\u03b3\u03b5\u03bb\u03bc\u03b1\u03c4\u03b9\u03ba\u03ae \u03c3\u03c5\u03bc\u03b2\u03bf\u03c5\u03bb\u03ae.<\/strong>, \u0395\u03af\u03c4\u03b5 \u03c0\u03c1\u03cc\u03ba\u03b5\u03b9\u03c4\u03b1\u03b9 \u03b3\u03b9\u03b1 \u03bd\u03bf\u03bc\u03b9\u03ba\u03ac, \u03bf\u03b9\u03ba\u03bf\u03bd\u03bf\u03bc\u03b9\u03ba\u03ac, \u03bb\u03bf\u03b3\u03b9\u03c3\u03c4\u03b9\u03ba\u03ac, \u03b5\u03c1\u03b3\u03b1\u03c4\u03b9\u03ba\u03ac \u03ae \u03c4\u03b5\u03c7\u03bd\u03b9\u03ba\u03ac \u03b6\u03b7\u03c4\u03ae\u03bc\u03b1\u03c4\u03b1, \u03b1\u03bd\u03b1\u03b6\u03b7\u03c4\u03ae\u03c3\u03c4\u03b5 \u03c0\u03ac\u03bd\u03c4\u03b1 \u03ad\u03bd\u03b1\u03bd \u03b5\u03be\u03b5\u03b9\u03b4\u03b9\u03ba\u03b5\u03c5\u03bc\u03ad\u03bd\u03bf \u03b5\u03c0\u03b1\u03b3\u03b3\u03b5\u03bb\u03bc\u03b1\u03c4\u03af\u03b1 \u03b3\u03b9\u03b1 \u03c3\u03b7\u03bc\u03b1\u03bd\u03c4\u03b9\u03ba\u03ad\u03c2 \u03b1\u03c0\u03bf\u03c6\u03ac\u03c3\u03b5\u03b9\u03c2.<\/p>\n\n\n\n<h3 class=\"wp-block-heading\">\u0394\u03b9\u03b1\u03c6\u03ae\u03bc\u03b9\u03c3\u03b7 \u03ba\u03b1\u03b9 \u03b4\u03b7\u03bc\u03b9\u03bf\u03c5\u03c1\u03b3\u03af\u03b1 \u03b5\u03c3\u03cc\u03b4\u03c9\u03bd<\/h3>\n\n\n\n<p>\u039f \u03b9\u03c3\u03c4\u03cc\u03c4\u03bf\u03c0\u03bf\u03c2\u00a0<strong>\u0399\u03bf\u03b3\u03b5\u03bd\u03ae\u03c2 \u039b\u03cc\u03bc\u03c0<\/strong> \u039c\u03c0\u03bf\u03c1\u03b5\u03af \u03bd\u03b1 \u03b1\u03c0\u03bf\u03ba\u03bf\u03bc\u03af\u03c3\u03b5\u03b9 \u03ad\u03c3\u03bf\u03b4\u03b1 \u03bc\u03ad\u03c3\u03c9:<\/p>\n\n\n\n<ul class=\"wp-block-list\">\n<li>\u0394\u03b9\u03b1\u03c6\u03b7\u03bc\u03af\u03c3\u03b5\u03b9\u03c2 (\u03cc\u03c0\u03c9\u03c2 \u03c4\u03bf Google AdSense);<\/li>\n\n\n\n<li>\u03a3\u03cd\u03bd\u03b4\u03b5\u03c3\u03bc\u03bf\u03b9 \u03c7\u03bf\u03c1\u03b7\u03b3\u03ce\u03bd;<\/li>\n\n\n\n<li>\u03a3\u03c5\u03bd\u03b5\u03c1\u03b3\u03b1\u03c3\u03af\u03b5\u03c2 \u03ae \u03c0\u03c1\u03bf\u03b3\u03c1\u03ac\u03bc\u03bc\u03b1\u03c4\u03b1 \u03c3\u03c5\u03bd\u03b5\u03c1\u03b3\u03b1\u03c4\u03ce\u03bd.<\/li>\n<\/ul>\n\n\n\n<p>\u0391\u03c5\u03c4\u03cc \u03c3\u03b7\u03bc\u03b1\u03af\u03bd\u03b5\u03b9 \u03cc\u03c4\u03b9 \u03bc\u03c0\u03bf\u03c1\u03bf\u03cd\u03bc\u03b5 \u03bd\u03b1 \u03bb\u03b1\u03bc\u03b2\u03ac\u03bd\u03bf\u03c5\u03bc\u03b5 \u03c0\u03c1\u03bf\u03bc\u03ae\u03b8\u03b5\u03b9\u03b5\u03c2 \u03cc\u03c4\u03b1\u03bd \u03ad\u03bd\u03b1\u03c2 \u03c7\u03c1\u03ae\u03c3\u03c4\u03b7\u03c2 \u03ba\u03ac\u03bd\u03b5\u03b9 \u03ba\u03bb\u03b9\u03ba \u03c3\u03b5 \u03b4\u03b9\u03b1\u03c6\u03b7\u03bc\u03af\u03c3\u03b5\u03b9\u03c2 \u03ae \u03c7\u03c1\u03b7\u03c3\u03b9\u03bc\u03bf\u03c0\u03bf\u03b9\u03b5\u03af \u03c3\u03c5\u03b3\u03ba\u03b5\u03ba\u03c1\u03b9\u03bc\u03ad\u03bd\u03bf\u03c5\u03c2 \u03c3\u03c5\u03bd\u03b4\u03ad\u03c3\u03bc\u03bf\u03c5\u03c2.,&nbsp;<strong>\u03c7\u03c9\u03c1\u03af\u03c2 \u03b5\u03c0\u03b9\u03c0\u03bb\u03ad\u03bf\u03bd \u03ba\u03cc\u03c3\u03c4\u03bf\u03c2 \u03b3\u03b9\u03b1 \u03c4\u03bf\u03bd \u03c7\u03c1\u03ae\u03c3\u03c4\u03b7.<\/strong>. \u0391\u03c5\u03c4\u03ad\u03c2 \u03bf\u03b9 \u03c3\u03c5\u03bd\u03b5\u03c1\u03b3\u03b1\u03c3\u03af\u03b5\u03c2 \u03b4\u03b5\u03bd \u03b5\u03c0\u03b7\u03c1\u03b5\u03ac\u03b6\u03bf\u03c5\u03bd \u03c4\u03b7\u03bd \u03c0\u03c1\u03cc\u03b8\u03b5\u03c3\u03ae \u03bc\u03b1\u03c2 \u03bd\u03b1 \u03c0\u03c1\u03bf\u03c3\u03c6\u03ad\u03c1\u03bf\u03c5\u03bc\u03b5 \u03c3\u03b1\u03c6\u03ad\u03c2 \u03ba\u03b1\u03b9 \u03c3\u03c7\u03b5\u03c4\u03b9\u03ba\u03cc \u03c0\u03b5\u03c1\u03b9\u03b5\u03c7\u03cc\u03bc\u03b5\u03bd\u03bf.<\/p>\n\n\n\n<h3 class=\"wp-block-heading\">\u0395\u03bd\u03b7\u03bc\u03ad\u03c1\u03c9\u03c3\u03b7 \u03c0\u03bb\u03b7\u03c1\u03bf\u03c6\u03bf\u03c1\u03b9\u03ce\u03bd<\/h3>\n\n\n\n<p>\u039f\u03b9 \u03c0\u03bb\u03b7\u03c1\u03bf\u03c6\u03bf\u03c1\u03af\u03b5\u03c2 \u03c3\u03c4\u03bf\u03bd \u03b9\u03c3\u03c4\u03cc\u03c4\u03bf\u03c0\u03bf \u03bc\u03c0\u03bf\u03c1\u03bf\u03cd\u03bd \u03bd\u03b1 \u03b5\u03af\u03bd\u03b1\u03b9&nbsp;<strong>\u03b1\u03bb\u03bb\u03ac\u03be\u03b5\u03b9, \u03b5\u03bd\u03b7\u03bc\u03b5\u03c1\u03c9\u03b8\u03b5\u03af \u03ae \u03b1\u03c6\u03b1\u03b9\u03c1\u03b5\u03b8\u03b5\u03af \u03b1\u03bd\u03ac \u03c0\u03ac\u03c3\u03b1 \u03c3\u03c4\u03b9\u03b3\u03bc\u03ae<\/strong>, \u03c7\u03c9\u03c1\u03af\u03c2 \u03c0\u03c1\u03bf\u03b7\u03b3\u03bf\u03cd\u03bc\u03b5\u03bd\u03b7 \u03b5\u03b9\u03b4\u03bf\u03c0\u03bf\u03af\u03b7\u03c3\u03b7. \u0394\u03b5\u03bd \u03b5\u03b3\u03b3\u03c5\u03cc\u03bc\u03b1\u03c3\u03c4\u03b5 \u03cc\u03c4\u03b9 \u03cc\u03bb\u03bf \u03c4\u03bf \u03c0\u03b5\u03c1\u03b9\u03b5\u03c7\u03cc\u03bc\u03b5\u03bd\u03bf \u03b5\u03af\u03bd\u03b1\u03b9 \u03c0\u03ac\u03bd\u03c4\u03b1 \u03c0\u03bb\u03ae\u03c1\u03c9\u03c2 \u03b5\u03bd\u03b7\u03bc\u03b5\u03c1\u03c9\u03bc\u03ad\u03bd\u03bf, \u03ba\u03b1\u03b8\u03ce\u03c2 \u03bf\u03b9 \u03b5\u03c6\u03b1\u03c1\u03bc\u03bf\u03b3\u03ad\u03c2 \u03ba\u03b1\u03b9 \u03bf\u03b9 \u03c5\u03c0\u03b7\u03c1\u03b5\u03c3\u03af\u03b5\u03c2 \u03b5\u03bd\u03b4\u03ad\u03c7\u03b5\u03c4\u03b1\u03b9 \u03bd\u03b1 \u03b1\u03bb\u03bb\u03ac\u03b6\u03bf\u03c5\u03bd \u03c3\u03c5\u03c7\u03bd\u03ac \u03c4\u03bf\u03c5\u03c2 \u03ba\u03b1\u03bd\u03cc\u03bd\u03b5\u03c2 \u03c4\u03bf\u03c5\u03c2.<\/p>\n\n\n\n<h3 class=\"wp-block-heading\">\u03a0\u03b5\u03c1\u03b9\u03bf\u03c1\u03b9\u03c3\u03bc\u03cc\u03c2 \u03b5\u03c5\u03b8\u03cd\u03bd\u03b7\u03c2<\/h3>\n\n\n\n<p>O\u00a0<strong><strong>\u0399\u03bf\u03b3\u03b5\u03bd\u03ae\u03c2 \u039b\u03cc\u03bc\u03c0<\/strong><\/strong>\u00a0\u03b4\u03b5\u03bd \u03b5\u03c5\u03b8\u03cd\u03bd\u03b5\u03c4\u03b1\u03b9 \u03b3\u03b9\u03b1:<\/p>\n\n\n\n<ul class=\"wp-block-list\">\n<li>\u039f\u03b9\u03ba\u03bf\u03bd\u03bf\u03bc\u03b9\u03ba\u03ad\u03c2 \u03b1\u03c0\u03ce\u03bb\u03b5\u03b9\u03b5\u03c2;<\/li>\n\n\n\n<li>\u03a4\u03b5\u03c7\u03bd\u03b9\u03ba\u03ac \u03c0\u03c1\u03bf\u03b2\u03bb\u03ae\u03bc\u03b1\u03c4\u03b1;<\/li>\n\n\n\n<li>\u0391\u03c0\u03bf\u03c4\u03c5\u03c7\u03af\u03b5\u03c2 \u03b5\u03c6\u03b1\u03c1\u03bc\u03bf\u03b3\u03ce\u03bd \u03c4\u03c1\u03af\u03c4\u03c9\u03bd \u03ba\u03b1\u03c4\u03b1\u03c3\u03ba\u03b5\u03c5\u03b1\u03c3\u03c4\u03ce\u03bd.;<\/li>\n\n\n\n<li>\u0386\u03bc\u03b5\u03c3\u03b5\u03c2 \u03ae \u03ad\u03bc\u03bc\u03b5\u03c3\u03b5\u03c2 \u03b6\u03b7\u03bc\u03af\u03b5\u03c2 \u03c0\u03bf\u03c5 \u03c0\u03c1\u03bf\u03ba\u03cd\u03c0\u03c4\u03bf\u03c5\u03bd \u03b1\u03c0\u03cc \u03c4\u03b7 \u03c7\u03c1\u03ae\u03c3\u03b7 \u03c0\u03bb\u03b7\u03c1\u03bf\u03c6\u03bf\u03c1\u03b9\u03ce\u03bd \u03b1\u03c0\u03cc \u03c4\u03bf\u03bd \u03b9\u03c3\u03c4\u03cc\u03c4\u03bf\u03c0\u03bf.<\/li>\n<\/ul>\n\n\n\n<p>\u0397 \u03c7\u03c1\u03ae\u03c3\u03b7 \u03c4\u03bf\u03c5 \u03b9\u03c3\u03c4\u03cc\u03c4\u03bf\u03c0\u03bf\u03c5 \u03c3\u03c5\u03bd\u03b5\u03c0\u03ac\u03b3\u03b5\u03c4\u03b1\u03b9&nbsp;<strong>\u03a0\u03bb\u03ae\u03c1\u03b7\u03c2 \u03b1\u03c0\u03bf\u03b4\u03bf\u03c7\u03ae \u03b1\u03c5\u03c4\u03ae\u03c2 \u03c4\u03b7\u03c2 \u03b1\u03c0\u03bf\u03c0\u03bf\u03af\u03b7\u03c3\u03b7\u03c2 \u03b5\u03c5\u03b8\u03cd\u03bd\u03b7\u03c2<\/strong>.<\/p>\n\n\n\n<h3 class=\"wp-block-heading\">\u0395\u03c0\u03b1\u03c6\u03ae<\/h3>\n\n\n\n<p>\u0395\u03ac\u03bd \u03ad\u03c7\u03b5\u03c4\u03b5 \u03bf\u03c0\u03bf\u03b9\u03b5\u03c3\u03b4\u03ae\u03c0\u03bf\u03c4\u03b5 \u03b5\u03c1\u03c9\u03c4\u03ae\u03c3\u03b5\u03b9\u03c2, \u03c0\u03c1\u03bf\u03c4\u03ac\u03c3\u03b5\u03b9\u03c2 \u03ae \u03b8\u03ad\u03bb\u03b5\u03c4\u03b5 \u03bd\u03b1 \u03b1\u03bd\u03b1\u03c6\u03ad\u03c1\u03b5\u03c4\u03b5 \u03bf\u03c0\u03bf\u03b9\u03bf\u03b4\u03ae\u03c0\u03bf\u03c4\u03b5 \u03c0\u03b5\u03c1\u03b9\u03b5\u03c7\u03cc\u03bc\u03b5\u03bd\u03bf, \u03b5\u03c0\u03b9\u03ba\u03bf\u03b9\u03bd\u03c9\u03bd\u03ae\u03c3\u03c4\u03b5 \u03bc\u03b1\u03b6\u03af \u03bc\u03b1\u03c2 \u03bc\u03ad\u03c3\u03c9 \u03c4\u03b7\u03c2 \u03c3\u03b5\u03bb\u03af\u03b4\u03b1\u03c2 \u03b5\u03c0\u03b9\u03ba\u03bf\u03b9\u03bd\u03c9\u03bd\u03af\u03b1\u03c2 \u03c4\u03bf\u03c5 \u03b9\u03c3\u03c4\u03cc\u03c4\u03bf\u03c0\u03bf\u03c5.<\/p>","protected":false},"excerpt":{"rendered":"<p>As informa\u00e7\u00f5es disponibilizadas no site\u00a0Lob Viral\u00a0t\u00eam car\u00e1ter\u00a0exclusivamente informativo. Nosso objetivo \u00e9 apresentar conte\u00fados, an\u00e1lises e indica\u00e7\u00f5es de aplicativos, servi\u00e7os e ferramentas que possam auxiliar usu\u00e1rios na busca por oportunidades, produtividade e solu\u00e7\u00f5es digitais. N\u00e3o oferecemos garantias O\u00a0Lob Viral\u00a0n\u00e3o garante\u00a0resultados, ganhos financeiros, contrata\u00e7\u00f5es, rendimentos ou qualquer tipo de benef\u00edcio espec\u00edfico a partir do uso das informa\u00e7\u00f5es, [&hellip;]<\/p>","protected":false},"author":1,"featured_media":0,"parent":0,"menu_order":0,"comment_status":"closed","ping_status":"closed","template":"","meta":{"footnotes":""},"class_list":["post-121","page","type-page","status-publish"],"_links":{"self":[{"href":"https:\/\/lobviral.com\/el\/wp-json\/wp\/v2\/pages\/121","targetHints":{"allow":["GET"]}}],"collection":[{"href":"https:\/\/lobviral.com\/el\/wp-json\/wp\/v2\/pages"}],"about":[{"href":"https:\/\/lobviral.com\/el\/wp-json\/wp\/v2\/types\/page"}],"author":[{"embeddable":true,"href":"https:\/\/lobviral.com\/el\/wp-json\/wp\/v2\/users\/1"}],"replies":[{"embeddable":true,"href":"https:\/\/lobviral.com\/el\/wp-json\/wp\/v2\/comments?post=121"}],"version-history":[{"count":1,"href":"https:\/\/lobviral.com\/el\/wp-json\/wp\/v2\/pages\/121\/revisions"}],"predecessor-version":[{"id":123,"href":"https:\/\/lobviral.com\/el\/wp-json\/wp\/v2\/pages\/121\/revisions\/123"}],"wp:attachment":[{"href":"https:\/\/lobviral.com\/el\/wp-json\/wp\/v2\/media?parent=121"}],"curies":[{"name":"\u03b5\u03c1\u03b3\u03b1\u03c3\u03af\u03b1","href":"https:\/\/api.w.org\/{rel}","templated":true}]}}