{"id":122,"date":"2026-01-22T03:05:58","date_gmt":"2026-01-22T03:05:58","guid":{"rendered":"https:\/\/lobviral.com\/?page_id=122"},"modified":"2026-01-22T03:05:59","modified_gmt":"2026-01-22T03:05:59","slug":"%ce%b5%cf%80%ce%b1%cf%86%ce%ae","status":"publish","type":"page","link":"https:\/\/lobviral.com\/el\/%ce%b5%cf%80%ce%b1%cf%86%ce%ae\/","title":{"rendered":"\u0395\u03c0\u03b1\u03c6\u03ae"},"content":{"rendered":"<p>\u039a\u03b1\u03bb\u03ce\u03c2 \u03bf\u03c1\u03af\u03c3\u03b1\u03c4\u03b5! \u0391\u03c5\u03c4\u03ae \u03b5\u03af\u03bd\u03b1\u03b9 \u03b7 \u03b5\u03c0\u03af\u03c3\u03b7\u03bc\u03b7 \u03c3\u03b5\u03bb\u03af\u03b4\u03b1 \u03b5\u03c0\u03b9\u03ba\u03bf\u03b9\u03bd\u03c9\u03bd\u03af\u03b1\u03c2 \u03b3\u03b9\u03b1\u00a0<strong><strong>\u0399\u03bf\u03b3\u03b5\u03bd\u03ae\u03c2 \u039b\u03cc\u03bc\u03c0<\/strong><\/strong>. \u0395\u03b4\u03ce \u03bc\u03c0\u03bf\u03c1\u03b5\u03af\u03c4\u03b5 \u03bd\u03b1 \u03b5\u03c0\u03b9\u03ba\u03bf\u03b9\u03bd\u03c9\u03bd\u03ae\u03c3\u03b5\u03c4\u03b5 \u03bc\u03b1\u03b6\u03af \u03bc\u03b1\u03c2 \u03b3\u03b9\u03b1 \u03bd\u03b1 \u03c5\u03c0\u03bf\u03b2\u03ac\u03bb\u03b5\u03c4\u03b5 \u03b5\u03c1\u03c9\u03c4\u03ae\u03c3\u03b5\u03b9\u03c2, \u03bd\u03b1 \u03c3\u03c4\u03b5\u03af\u03bb\u03b5\u03c4\u03b5 \u03c0\u03c1\u03bf\u03c4\u03ac\u03c3\u03b5\u03b9\u03c2, \u03bd\u03b1 \u03c5\u03c0\u03bf\u03b2\u03ac\u03bb\u03b5\u03c4\u03b5 \u03c0\u03b1\u03c1\u03ac\u03c0\u03bf\u03bd\u03b1 \u03ae \u03bd\u03b1 \u03b1\u03bd\u03c4\u03b9\u03bc\u03b5\u03c4\u03c9\u03c0\u03af\u03c3\u03b5\u03c4\u03b5 \u03bf\u03c0\u03bf\u03b9\u03bf\u03b4\u03ae\u03c0\u03bf\u03c4\u03b5 \u03ac\u03bb\u03bb\u03bf \u03b6\u03ae\u03c4\u03b7\u03bc\u03b1 \u03c3\u03c7\u03b5\u03c4\u03af\u03b6\u03b5\u03c4\u03b1\u03b9 \u03bc\u03b5 \u03c4\u03bf\u03bd \u03b9\u03c3\u03c4\u03cc\u03c4\u03bf\u03c0\u03cc \u03bc\u03b1\u03c2 \u03ba\u03b1\u03b9 \u03c4\u03bf \u03c0\u03b5\u03c1\u03b9\u03b5\u03c7\u03cc\u03bc\u03b5\u03bd\u03bf \u03c0\u03bf\u03c5 \u03b4\u03b7\u03bc\u03bf\u03c3\u03b9\u03b5\u03cd\u03bf\u03c5\u03bc\u03b5.<\/p>\n\n\n\n<p>\u03a3\u03c4\u03cc\u03c7\u03bf\u03c2 \u03bc\u03b1\u03c2 \u03b5\u03af\u03bd\u03b1\u03b9 \u03bd\u03b1 \u03c0\u03c1\u03bf\u03c3\u03c6\u03ad\u03c1\u03bf\u03c5\u03bc\u03b5 \u03c4\u03b7\u03bd \u03ba\u03b1\u03bb\u03cd\u03c4\u03b5\u03c1\u03b7 \u03b4\u03c5\u03bd\u03b1\u03c4\u03ae \u03b5\u03bc\u03c0\u03b5\u03b9\u03c1\u03af\u03b1 \u03c7\u03c1\u03ae\u03c3\u03c4\u03b7, \u03b3\u03b9&#039; \u03b1\u03c5\u03c4\u03cc \u03b5\u03ba\u03c4\u03b9\u03bc\u03bf\u03cd\u03bc\u03b5 \u03b9\u03b4\u03b9\u03b1\u03af\u03c4\u03b5\u03c1\u03b1 \u03c4\u03b1 \u03c3\u03c7\u03cc\u03bb\u03b9\u03ac \u03c3\u03b1\u03c2. \u0395\u03ac\u03bd \u03ad\u03c7\u03b5\u03c4\u03b5 \u03bf\u03c0\u03bf\u03b9\u03b5\u03c3\u03b4\u03ae\u03c0\u03bf\u03c4\u03b5 \u03b5\u03c1\u03c9\u03c4\u03ae\u03c3\u03b5\u03b9\u03c2 \u03c3\u03c7\u03b5\u03c4\u03b9\u03ba\u03ac \u03bc\u03b5 \u03c4\u03bf\u03bd \u03c4\u03c1\u03cc\u03c0\u03bf \u03bb\u03b5\u03b9\u03c4\u03bf\u03c5\u03c1\u03b3\u03af\u03b1\u03c2 \u03c4\u03bf\u03c5 \u03b9\u03c3\u03c4\u03cc\u03c4\u03bf\u03c0\u03bf\u03c5, \u03c4\u03bf\u03bd \u03c4\u03c1\u03cc\u03c0\u03bf \u03c7\u03c1\u03ae\u03c3\u03b7\u03c2 \u03c4\u03c9\u03bd \u03c0\u03c1\u03bf\u03c4\u03b5\u03b9\u03bd\u03cc\u03bc\u03b5\u03bd\u03c9\u03bd \u03b5\u03c6\u03b1\u03c1\u03bc\u03bf\u03b3\u03ce\u03bd \u03ae \u03c3\u03c7\u03b5\u03c4\u03b9\u03ba\u03ac \u03bc\u03b5 \u03c4\u03bf \u03c0\u03b5\u03c1\u03b9\u03b5\u03c7\u03cc\u03bc\u03b5\u03bd\u03cc \u03bc\u03b1\u03c2, \u03bc\u03b7 \u03b4\u03b9\u03c3\u03c4\u03ac\u03c3\u03b5\u03c4\u03b5 \u03bd\u03b1 \u03bc\u03b1\u03c2 \u03b3\u03c1\u03ac\u03c8\u03b5\u03c4\u03b5.<\/p>\n\n\n\n<p>\u0395\u03af\u03bc\u03b1\u03c3\u03c4\u03b5 \u03b5\u03c0\u03af\u03c3\u03b7\u03c2 \u03c0\u03ac\u03bd\u03c4\u03b1 \u03b1\u03bd\u03bf\u03b9\u03c7\u03c4\u03bf\u03af \u03c3\u03b5 \u03c0\u03c1\u03bf\u03c4\u03ac\u03c3\u03b5\u03b9\u03c2 \u03b3\u03b9\u03b1 \u03b2\u03b5\u03bb\u03c4\u03af\u03c9\u03c3\u03b7 \u03ba\u03b1\u03b9 \u03b5\u03c0\u03bf\u03b9\u03ba\u03bf\u03b4\u03bf\u03bc\u03b7\u03c4\u03b9\u03ba\u03ae \u03ba\u03c1\u03b9\u03c4\u03b9\u03ba\u03ae. \u0397 \u03b3\u03bd\u03ce\u03bc\u03b7 \u03c3\u03b1\u03c2 \u03b5\u03af\u03bd\u03b1\u03b9 \u03b1\u03c0\u03b1\u03c1\u03b1\u03af\u03c4\u03b7\u03c4\u03b7 \u03b3\u03b9\u03b1 \u03bd\u03b1 \u03b5\u03be\u03b5\u03bb\u03b9\u03c3\u03c3\u03cc\u03bc\u03b1\u03c3\u03c4\u03b5, \u03bd\u03b1 \u03b4\u03b9\u03bf\u03c1\u03b8\u03ce\u03bd\u03bf\u03c5\u03bc\u03b5 \u03c4\u03c5\u03c7\u03cc\u03bd \u03c0\u03c1\u03bf\u03b2\u03bb\u03ae\u03bc\u03b1\u03c4\u03b1 \u03ba\u03b1\u03b9 \u03bd\u03b1 \u03c0\u03b1\u03c1\u03ad\u03c7\u03bf\u03c5\u03bc\u03b5 \u03bf\u03bb\u03bf\u03ad\u03bd\u03b1 \u03ba\u03b1\u03b9 \u03c0\u03b9\u03bf \u03c7\u03c1\u03ae\u03c3\u03b9\u03bc\u03b5\u03c2 \u03ba\u03b1\u03b9 \u03b1\u03be\u03b9\u03cc\u03c0\u03b9\u03c3\u03c4\u03b5\u03c2 \u03c0\u03bb\u03b7\u03c1\u03bf\u03c6\u03bf\u03c1\u03af\u03b5\u03c2.<\/p>\n\n\n\n<p>\u0393\u03b9\u03b1 \u03bd\u03b1 \u03b5\u03c0\u03b9\u03ba\u03bf\u03b9\u03bd\u03c9\u03bd\u03ae\u03c3\u03b5\u03c4\u03b5 \u03bc\u03b1\u03b6\u03af \u03bc\u03b1\u03c2, \u03b1\u03c0\u03bb\u03ce\u03c2 \u03c3\u03c5\u03bc\u03c0\u03bb\u03b7\u03c1\u03ce\u03c3\u03c4\u03b5 \u03c4\u03b7 \u03c6\u03cc\u03c1\u03bc\u03b1 \u03c0\u03bf\u03c5 \u03b5\u03af\u03bd\u03b1\u03b9 \u03b4\u03b9\u03b1\u03b8\u03ad\u03c3\u03b9\u03bc\u03b7 \u03c3\u03b5 \u03b1\u03c5\u03c4\u03ae\u03bd \u03c4\u03b7 \u03c3\u03b5\u03bb\u03af\u03b4\u03b1 \u03bc\u03b5 \u03c4\u03b1 \u03c3\u03c4\u03bf\u03b9\u03c7\u03b5\u03af\u03b1 \u03c3\u03b1\u03c2 \u03ba\u03b1\u03b9 \u03c4\u03bf \u03bc\u03ae\u03bd\u03c5\u03bc\u03ac \u03c3\u03b1\u03c2. \u0397 \u03bf\u03bc\u03ac\u03b4\u03b1 \u03bc\u03b1\u03c2 \u03b8\u03b1 \u03ba\u03ac\u03bd\u03b5\u03b9 \u03c4\u03bf \u03ba\u03b1\u03bb\u03cd\u03c4\u03b5\u03c1\u03bf \u03b4\u03c5\u03bd\u03b1\u03c4\u03cc \u03b3\u03b9\u03b1 \u03bd\u03b1 \u03c3\u03b1\u03c2 \u03b1\u03c0\u03b1\u03bd\u03c4\u03ae\u03c3\u03b5\u03b9 \u03c4\u03bf \u03c3\u03c5\u03bd\u03c4\u03bf\u03bc\u03cc\u03c4\u03b5\u03c1\u03bf \u03b4\u03c5\u03bd\u03b1\u03c4\u03cc.<\/p>\n\n\n\n<p>\u03a3\u03b1\u03c2 \u03b5\u03c5\u03c7\u03b1\u03c1\u03b9\u03c3\u03c4\u03ce \u03b3\u03b9\u03b1 \u03c4\u03b7\u03bd \u03b5\u03c0\u03af\u03c3\u03ba\u03b5\u03c8\u03ae \u03c3\u03b1\u03c2\u00a0<strong><strong><strong>\u0399\u03bf\u03b3\u03b5\u03bd\u03ae\u03c2 \u039b\u03cc\u03bc\u03c0<\/strong><\/strong><\/strong>\u00a0\u039a\u03b1\u03b9 \u03b8\u03b1 \u03c7\u03b1\u03c1\u03bf\u03cd\u03bc\u03b5 \u03bd\u03b1 \u03bb\u03ac\u03b2\u03bf\u03c5\u03bc\u03b5 \u03c4\u03bf \u03bc\u03ae\u03bd\u03c5\u03bc\u03ac \u03c3\u03b1\u03c2.<\/p>\n\n\n\n<p><strong>\u0397\u03bb\u03b5\u03ba\u03c4\u03c1\u03bf\u03bd\u03b9\u03ba\u03ae \u03b4\u03b9\u03b5\u03cd\u03b8\u03c5\u03bd\u03c3\u03b7 \u03b5\u03c0\u03b9\u03ba\u03bf\u03b9\u03bd\u03c9\u03bd\u03af\u03b1\u03c2:<\/strong><br>\ud83d\udce7 contact@lobviral.com.br<\/p>","protected":false},"excerpt":{"rendered":"<p>Bem-vindo! Esta \u00e9 a p\u00e1gina oficial de contato do\u00a0Lob Viral. Aqui voc\u00ea pode entrar em contato conosco para tirar d\u00favidas, enviar sugest\u00f5es, fazer reclama\u00e7\u00f5es ou tratar de qualquer outro assunto relacionado ao nosso site e aos conte\u00fados que publicamos. Nosso objetivo \u00e9 oferecer a melhor experi\u00eancia poss\u00edvel aos usu\u00e1rios, por isso valorizamos muito o seu [&hellip;]<\/p>","protected":false},"author":1,"featured_media":0,"parent":0,"menu_order":0,"comment_status":"closed","ping_status":"closed","template":"","meta":{"footnotes":""},"class_list":["post-122","page","type-page","status-publish"],"_links":{"self":[{"href":"https:\/\/lobviral.com\/el\/wp-json\/wp\/v2\/pages\/122","targetHints":{"allow":["GET"]}}],"collection":[{"href":"https:\/\/lobviral.com\/el\/wp-json\/wp\/v2\/pages"}],"about":[{"href":"https:\/\/lobviral.com\/el\/wp-json\/wp\/v2\/types\/page"}],"author":[{"embeddable":true,"href":"https:\/\/lobviral.com\/el\/wp-json\/wp\/v2\/users\/1"}],"replies":[{"embeddable":true,"href":"https:\/\/lobviral.com\/el\/wp-json\/wp\/v2\/comments?post=122"}],"version-history":[{"count":1,"href":"https:\/\/lobviral.com\/el\/wp-json\/wp\/v2\/pages\/122\/revisions"}],"predecessor-version":[{"id":124,"href":"https:\/\/lobviral.com\/el\/wp-json\/wp\/v2\/pages\/122\/revisions\/124"}],"wp:attachment":[{"href":"https:\/\/lobviral.com\/el\/wp-json\/wp\/v2\/media?parent=122"}],"curies":[{"name":"\u03b5\u03c1\u03b3\u03b1\u03c3\u03af\u03b1","href":"https:\/\/api.w.org\/{rel}","templated":true}]}}