{"id":114,"date":"2026-01-22T02:57:30","date_gmt":"2026-01-22T02:57:30","guid":{"rendered":"https:\/\/lobviral.com\/?page_id=114"},"modified":"2026-01-22T03:32:43","modified_gmt":"2026-01-22T03:32:43","slug":"privacy-policies","status":"publish","type":"page","link":"https:\/\/lobviral.com\/en\/privacy-policies\/","title":{"rendered":"Privacy policies"},"content":{"rendered":"<p>Your privacy is important to us. It is Lob Viral&#039;s policy to respect your privacy regarding any information we may collect from you on the website. <a href=\"http:\/\/lobviral.com\/en\/\">Viral Lob<\/a>, and other websites that we own and operate.<\/span><\/p>\n<p><span style=\"color: rgb(68, 68, 68);\">We only request personal information when we truly need it to provide you with a service. We do so fairly and lawfully, with your knowledge and consent. We also inform you why we are collecting it and how it will be used.<\/span><\/p>\n<p><span style=\"color: rgb(68, 68, 68);\">We only retain collected information for as long as necessary to provide the requested service. When we store data, we protect it within commercially acceptable means to prevent loss and theft, as well as unauthorized access, disclosure, copying, use, or modification.<\/span><\/p>\n<p><span style=\"color: rgb(68, 68, 68);\">We do not share personally identifiable information publicly or with third parties, except when required by law.<\/span><\/p>\n<p><span style=\"color: rgb(68, 68, 68);\">Our website may contain links to external sites that are not operated by us. Please be aware that we have no control over the content and practices of these sites and cannot accept responsibility for their respective policies.&nbsp;<\/span><a href=\"https:\/\/politicaprivacidade.com\/\" rel=\"noopener noreferrer\" target=\"_blank\" style=\"background-color: transparent; color: rgb(68, 68, 68);\">privacy policies<\/a><span style=\"color: rgb(68, 68, 68);\">.<\/span><\/p>\n<p><span style=\"color: rgb(68, 68, 68);\">You are free to refuse our request for personal information, understanding that we may not be able to provide some of the services you desire.<\/span><\/p>\n<p><span style=\"color: rgb(68, 68, 68);\">Continued use of our website will be considered acceptance of our practices regarding privacy and personal information. If you have any questions about how we handle user data and personal information, please contact us.<\/span><\/p>\n<p><span style=\"color: rgb(68, 68, 68);\"><\/p>\n<ul>\n<li><span style=\"color: rgb(68, 68, 68);\">The Google AdSense service we use to serve advertising uses a DoubleClick cookie to deliver more relevant ads across the web and limit the number of times a given ad is shown to you.<\/span><\/li>\n<li><span style=\"color: rgb(68, 68, 68);\">For more information about Google AdSense, please consult the official Google AdSense privacy FAQs.<\/span><\/li>\n<li><span style=\"color: rgb(68, 68, 68);\">We use advertising to offset the costs of running this site and to provide funding for future development. The behavioral advertising cookies used by this site are designed to ensure that you are provided with the most relevant ads whenever possible by anonymously tracking your interests and presenting similar things that may be of interest to you.<\/span><\/li>\n<li><span style=\"color: rgb(68, 68, 68);\">Several partners advertise on our behalf, and affiliate tracking cookies simply allow us to see if our customers accessed the site through one of our partner sites, so we can credit them appropriately and, where applicable, allow our affiliate partners to offer any promotions they may provide to encourage you to make a purchase.<\/span><\/li>\n<\/ul>\n<p><\/p>\n<p><\/span><\/p>\n<h3><span style=\"color: rgb(68, 68, 68);\">User Commitment<\/span><\/h3>\n<p><span style=\"color: rgb(68, 68, 68);\">The user agrees to make appropriate use of the content and information that Lob Viral offers on the website, including but not limited to:<\/span><\/p>\n<ul>\n<li><span style=\"color: rgb(68, 68, 68);\">A) Not to engage in activities that are illegal or contrary to good faith and public order;<\/span><\/li>\n<li><span style=\"color: rgb(68, 68, 68);\">B) Not to disseminate propaganda or content of a racist, xenophobic nature, related to gambling or games of chance, any type of illegal pornography, or that promotes terrorism or violates human rights;<\/span><\/li>\n<li><span style=\"color: rgb(68, 68, 68);\">C) Not to cause damage to the physical (hardware) and logical (software) systems of Lob Viral, its suppliers or third parties, in order to introduce or disseminate computer viruses or any other hardware or software systems that are capable of causing the aforementioned damage.<\/span><\/li>\n<\/ul>\n<h3><span style=\"color: rgb(68, 68, 68);\">More information<\/span><\/h3>\n<p><span style=\"color: rgb(68, 68, 68);\">We hope this is clear and, as mentioned before, if there&#039;s anything you&#039;re unsure about whether you need or not, it&#039;s generally safer to leave cookies enabled in case you interact with one of the features you use on our website.<\/span><\/p>\n<p>&lt;span style=&quot;color: rgb(68, 68, 68);&quot;\n<\/p>","protected":false},"excerpt":{"rendered":"<p>A sua privacidade \u00e9 importante para n\u00f3s. \u00c9 pol\u00edtica do Lob Viral respeitar a sua privacidade em rela\u00e7\u00e3o a qualquer informa\u00e7\u00e3o sua que possamos coletar no site Lob Viral, e outros sites que possu\u00edmos e operamos. Solicitamos informa\u00e7\u00f5es pessoais apenas quando realmente precisamos delas para lhe fornecer um servi\u00e7o. Fazemo-lo por meios justos e legais, [&hellip;]<\/p>","protected":false},"author":1,"featured_media":0,"parent":0,"menu_order":0,"comment_status":"closed","ping_status":"closed","template":"","meta":{"footnotes":""},"class_list":["post-114","page","type-page","status-publish"],"_links":{"self":[{"href":"https:\/\/lobviral.com\/en\/wp-json\/wp\/v2\/pages\/114","targetHints":{"allow":["GET"]}}],"collection":[{"href":"https:\/\/lobviral.com\/en\/wp-json\/wp\/v2\/pages"}],"about":[{"href":"https:\/\/lobviral.com\/en\/wp-json\/wp\/v2\/types\/page"}],"author":[{"embeddable":true,"href":"https:\/\/lobviral.com\/en\/wp-json\/wp\/v2\/users\/1"}],"replies":[{"embeddable":true,"href":"https:\/\/lobviral.com\/en\/wp-json\/wp\/v2\/comments?post=114"}],"version-history":[{"count":5,"href":"https:\/\/lobviral.com\/en\/wp-json\/wp\/v2\/pages\/114\/revisions"}],"predecessor-version":[{"id":129,"href":"https:\/\/lobviral.com\/en\/wp-json\/wp\/v2\/pages\/114\/revisions\/129"}],"wp:attachment":[{"href":"https:\/\/lobviral.com\/en\/wp-json\/wp\/v2\/media?parent=114"}],"curies":[{"name":"wp","href":"https:\/\/api.w.org\/{rel}","templated":true}]}}