{"id":119,"date":"2026-01-22T03:02:03","date_gmt":"2026-01-22T03:02:03","guid":{"rendered":"https:\/\/lobviral.com\/?page_id=119"},"modified":"2026-01-22T03:02:03","modified_gmt":"2026-01-22T03:02:03","slug":"terms-of-use","status":"publish","type":"page","link":"https:\/\/lobviral.com\/en\/terms-of-use\/","title":{"rendered":"Terms of Use"},"content":{"rendered":"<h2><span style=\"color: rgb(68, 68, 68);\">1. Terms<\/span><\/h2>\n<p><span style=\"color: rgb(68, 68, 68);\">When accessing the website <a href=\"http:\/\/lobviral.com\/en\/\">Viral Lob<\/a>, By using this site, you agree to be bound by these terms of service, all applicable laws and regulations, and agree that you are responsible for compliance with all applicable local laws. If you do not agree to any of these terms, you are prohibited from using or accessing this site. The materials contained on this website are protected by applicable copyright and trademark laws.<\/span><\/p>\n<h2><span style=\"color: rgb(68, 68, 68);\">2. License Usage<\/span><\/h2>\n<p><span style=\"color: rgb(68, 68, 68);\">Permission is granted to temporarily download one copy of the materials (information or software) on the Lob Viral website for personal, non-commercial, transitory viewing only. This is the grant of a license, not a transfer of title, and under this license you may not:&nbsp;<\/span><\/p>\n<ol>\n<li><span style=\"color: rgb(68, 68, 68);\">modify or copy the materials;&nbsp;<\/span><\/li>\n<li><span style=\"color: rgb(68, 68, 68);\">Use the materials for any commercial purpose or for public display (commercial or non-commercial);&nbsp;<\/span><\/li>\n<li><span style=\"color: rgb(68, 68, 68);\">Attempting to decompile or reverse engineer any software contained on the Lob Viral website;&nbsp;<\/span><\/li>\n<li><span style=\"color: rgb(68, 68, 68);\">remove any copyright or other proprietary notations from the materials; or&nbsp;<\/span><\/li>\n<li><span style=\"color: rgb(68, 68, 68);\">Transfer the materials to another person or &#039;mirror&#039; the materials on any other server.<\/span><\/li>\n<\/ol>\n<p><span style=\"color: rgb(68, 68, 68);\">This license will automatically terminate if you violate any of these restrictions and may be terminated by Lob Viral at any time. Upon terminating your viewing of these materials or upon termination of this license, you must destroy all downloaded materials in your possession whether in electronic or printed format.<\/span><\/p>\n<h2><span style=\"color: rgb(68, 68, 68);\">3. Disclaimer<\/span><\/h2>\n<ol>\n<li><span style=\"color: rgb(68, 68, 68);\">The materials on the Lob Viral website are provided &#039;as is&#039;. Lob Viral makes no warranties, expressed or implied, and hereby disclaims and negates all other warranties, including, without limitation, implied warranties or conditions of merchantability, fitness for a particular purpose, or non-infringement of intellectual property or other violation of rights.<\/span><\/li>\n<li><span style=\"color: rgb(68, 68, 68);\">Furthermore, Lob Viral does not guarantee or make any representations concerning the accuracy, likely results, or reliability of the use of the materials on its website or otherwise relating to such materials or on any sites linked to this site.<\/span><\/li>\n<\/ol>\n<h2><span style=\"color: rgb(68, 68, 68);\">4. Limitations<\/span><\/h2>\n<p><span style=\"color: rgb(68, 68, 68);\">In no event shall Lob Viral or its suppliers be liable for any damages (including, without limitation, damages for loss of data or profit, or due to business interruption) arising out of the use or inability to use the materials on Lob Viral, even if Lob Viral or an authorized representative of Lob Viral has been notified orally or in writing of the possibility of such damages. Because some jurisdictions do not allow limitations on implied warranties, or limitations of liability for consequential or incidental damages, these limitations may not apply to you.<\/span><\/p>\n<h2><span style=\"color: rgb(68, 68, 68);\">5. Precision of materials<\/span><\/h2>\n<p><span style=\"color: rgb(68, 68, 68);\">The materials displayed on the Lob Viral website may include technical, typographical, or photographic errors. Lob Viral does not guarantee that any material on its website is accurate, complete, or current. Lob Viral may make changes to the materials contained on its website at any time without notice. However, Lob Viral does not commit to updating the materials.<\/span><\/p>\n<h2><span style=\"color: rgb(68, 68, 68);\">6. Links<\/span><\/h2>\n<p><span style=\"color: rgb(68, 68, 68);\">Lob Viral has not reviewed all of the sites linked to its website and is not responsible for the content of any linked site. The inclusion of any link does not imply endorsement by Lob Viral of the site. Use of any linked website is at the user&#039;s own risk.<\/span><\/p>\n<p><\/p>\n<h3><span style=\"color: rgb(68, 68, 68);\">Modifications<\/span><\/h3>\n<p><span style=\"color: rgb(68, 68, 68);\">Lob Viral may revise these website terms of service at any time without notice. By using this website, you agree to be bound by the current version of these terms of service.<\/span><\/p>\n<h3><span style=\"color: rgb(68, 68, 68);\">Applicable law<\/span><\/h3>\n<p><span style=\"color: rgb(68, 68, 68);\">These terms and conditions are governed by and construed in accordance with the laws of Lob Viral, and you irrevocably submit to the exclusive jurisdiction of the courts in that state or locality.<\/span><\/p>","protected":false},"excerpt":{"rendered":"<p>1. Termos Ao acessar ao site Lob Viral, concorda em cumprir estes termos de servi\u00e7o, todas as leis e regulamentos aplic\u00e1veis \u200b\u200be concorda que \u00e9 respons\u00e1vel pelo cumprimento de todas as leis locais aplic\u00e1veis. Se voc\u00ea n\u00e3o concordar com algum desses termos, est\u00e1 proibido de usar ou acessar este site. Os materiais contidos neste site [&hellip;]<\/p>","protected":false},"author":1,"featured_media":0,"parent":0,"menu_order":0,"comment_status":"closed","ping_status":"closed","template":"","meta":{"footnotes":""},"class_list":["post-119","page","type-page","status-publish"],"_links":{"self":[{"href":"https:\/\/lobviral.com\/en\/wp-json\/wp\/v2\/pages\/119","targetHints":{"allow":["GET"]}}],"collection":[{"href":"https:\/\/lobviral.com\/en\/wp-json\/wp\/v2\/pages"}],"about":[{"href":"https:\/\/lobviral.com\/en\/wp-json\/wp\/v2\/types\/page"}],"author":[{"embeddable":true,"href":"https:\/\/lobviral.com\/en\/wp-json\/wp\/v2\/users\/1"}],"replies":[{"embeddable":true,"href":"https:\/\/lobviral.com\/en\/wp-json\/wp\/v2\/comments?post=119"}],"version-history":[{"count":1,"href":"https:\/\/lobviral.com\/en\/wp-json\/wp\/v2\/pages\/119\/revisions"}],"predecessor-version":[{"id":120,"href":"https:\/\/lobviral.com\/en\/wp-json\/wp\/v2\/pages\/119\/revisions\/120"}],"wp:attachment":[{"href":"https:\/\/lobviral.com\/en\/wp-json\/wp\/v2\/media?parent=119"}],"curies":[{"name":"wp","href":"https:\/\/api.w.org\/{rel}","templated":true}]}}