{"id":114,"date":"2026-01-22T02:57:30","date_gmt":"2026-01-22T02:57:30","guid":{"rendered":"https:\/\/lobviral.com\/?page_id=114"},"modified":"2026-01-22T03:32:43","modified_gmt":"2026-01-22T03:32:43","slug":"politicas-de-privacidad","status":"publish","type":"page","link":"https:\/\/lobviral.com\/es\/politicas-de-privacidad\/","title":{"rendered":"Pol\u00edticas de privacidad"},"content":{"rendered":"<p>Su privacidad es importante para nosotros. La pol\u00edtica de Lob Viral es respetar su privacidad con respecto a cualquier informaci\u00f3n que recopilemos de usted en el sitio web. <a href=\"http:\/\/lobviral.com\/es\/\">Lob viral<\/a>, y otros sitios web que poseemos y operamos.<\/span><\/p>\n<p><span style=\"color: rgb(68, 68, 68);\">Solo solicitamos informaci\u00f3n personal cuando realmente la necesitamos para prestarle un servicio. Lo hacemos de forma justa y legal, con su conocimiento y consentimiento. Tambi\u00e9n le informamos por qu\u00e9 la recopilamos y c\u00f3mo la utilizaremos.<\/span><\/p>\n<p><span style=\"color: rgb(68, 68, 68);\">Solo conservamos la informaci\u00f3n recopilada el tiempo necesario para prestar el servicio solicitado. Al almacenar datos, los protegemos con medios comercialmente aceptables para evitar p\u00e9rdidas y robos, as\u00ed como el acceso, la divulgaci\u00f3n, la copia, el uso o la modificaci\u00f3n no autorizados.<\/span><\/p>\n<p><span style=\"color: rgb(68, 68, 68);\">No compartimos informaci\u00f3n de identificaci\u00f3n personal p\u00fablicamente ni con terceros, excepto cuando lo exige la ley.<\/span><\/p>\n<p><span style=\"color: rgb(68, 68, 68);\">Nuestro sitio web puede contener enlaces a sitios externos que no operamos. Tenga en cuenta que no tenemos control sobre el contenido ni las pr\u00e1cticas de estos sitios y no nos responsabilizamos de sus respectivas pol\u00edticas.&nbsp;<\/span><a href=\"https:\/\/politicaprivacidade.com\/\" rel=\"noopener noreferrer\" target=\"_blank\" style=\"background-color: transparent; color: rgb(68, 68, 68);\">pol\u00edticas de privacidad<\/a><span style=\"color: rgb(68, 68, 68);\">.<\/span><\/p>\n<p><span style=\"color: rgb(68, 68, 68);\">Usted es libre de rechazar nuestra solicitud de informaci\u00f3n personal, entendiendo que es posible que no podamos brindarle algunos de los servicios que desea.<\/span><\/p>\n<p><span style=\"color: rgb(68, 68, 68);\">El uso continuado de nuestro sitio web se considerar\u00e1 como la aceptaci\u00f3n de nuestras pr\u00e1cticas de privacidad e informaci\u00f3n personal. Si tiene alguna pregunta sobre c\u00f3mo gestionamos los datos de los usuarios y la informaci\u00f3n personal, p\u00f3ngase en contacto con nosotros.<\/span><\/p>\n<p><span style=\"color: rgb(68, 68, 68);\"><\/p>\n<ul>\n<li><span style=\"color: rgb(68, 68, 68);\">El servicio Google AdSense que utilizamos para mostrar publicidad utiliza una cookie de DoubleClick para ofrecer anuncios m\u00e1s relevantes en la web y limitar la cantidad de veces que se le muestra un anuncio determinado.<\/span><\/li>\n<li><span style=\"color: rgb(68, 68, 68);\">Para obtener m\u00e1s informaci\u00f3n sobre Google AdSense, consulte las preguntas frecuentes oficiales sobre privacidad de Google AdSense.<\/span><\/li>\n<li><span style=\"color: rgb(68, 68, 68);\">Utilizamos publicidad para compensar los costes de funcionamiento de este sitio y financiar su desarrollo futuro. Las cookies de publicidad comportamental que utiliza este sitio est\u00e1n dise\u00f1adas para garantizar que se le muestren los anuncios m\u00e1s relevantes siempre que sea posible, rastreando an\u00f3nimamente sus intereses y presentando contenido similar que pueda interesarle.<\/span><\/li>\n<li><span style=\"color: rgb(68, 68, 68);\">Varios socios hacen publicidad en nuestro nombre, y las cookies de seguimiento de afiliados simplemente nos permiten ver si nuestros clientes accedieron al sitio a trav\u00e9s de uno de los sitios de nuestros socios, para que podamos acreditarlos adecuadamente y, cuando corresponda, permitir que nuestros socios afiliados ofrezcan cualquier promoci\u00f3n que puedan proporcionar para alentarlo a realizar una compra.<\/span><\/li>\n<\/ul>\n<p><\/p>\n<p><\/span><\/p>\n<h3><span style=\"color: rgb(68, 68, 68);\">Compromiso del usuario<\/span><\/h3>\n<p><span style=\"color: rgb(68, 68, 68);\">El usuario se compromete a hacer un uso adecuado del contenido e informaci\u00f3n que Lob Viral ofrece en el sitio web, incluyendo pero no limitado a:<\/span><\/p>\n<ul>\n<li><span style=\"color: rgb(68, 68, 68);\">A) No incurrir en actividades ilegales o contrarias a la buena fe y al orden p\u00fablico;<\/span><\/li>\n<li><span style=\"color: rgb(68, 68, 68);\">B) No difundir propaganda o contenidos de car\u00e1cter racista, xen\u00f3fobo, relacionado con juegos de azar o apuestas, cualquier tipo de pornograf\u00eda ilegal, o que fomente el terrorismo o atente contra los derechos humanos;<\/span><\/li>\n<li><span style=\"color: rgb(68, 68, 68);\">C) No provocar da\u00f1os en los sistemas f\u00edsicos (hardware) y l\u00f3gicos (software) de Lob Viral, de sus proveedores o de terceras personas, con el fin de introducir o difundir en la red virus inform\u00e1ticos o cualesquiera otros sistemas f\u00edsicos o l\u00f3gicos que sean susceptibles de provocar los da\u00f1os anteriormente mencionados.<\/span><\/li>\n<\/ul>\n<h3><span style=\"color: rgb(68, 68, 68);\">M\u00e1s informaci\u00f3n<\/span><\/h3>\n<p><span style=\"color: rgb(68, 68, 68);\">Esperamos que esto est\u00e9 claro y, como se mencion\u00f3 anteriormente, si hay algo que no est\u00e1 seguro si necesita o no, generalmente es m\u00e1s seguro dejar las cookies habilitadas en caso de que interact\u00fae con una de las funciones que utiliza en nuestro sitio web.<\/span><\/p>\n<p>&lt;span style=&quot;color: rgb(68, 68, 68);&quot;\n<\/p>","protected":false},"excerpt":{"rendered":"<p>A sua privacidade \u00e9 importante para n\u00f3s. \u00c9 pol\u00edtica do Lob Viral respeitar a sua privacidade em rela\u00e7\u00e3o a qualquer informa\u00e7\u00e3o sua que possamos coletar no site Lob Viral, e outros sites que possu\u00edmos e operamos. Solicitamos informa\u00e7\u00f5es pessoais apenas quando realmente precisamos delas para lhe fornecer um servi\u00e7o. Fazemo-lo por meios justos e legais, [&hellip;]<\/p>","protected":false},"author":1,"featured_media":0,"parent":0,"menu_order":0,"comment_status":"closed","ping_status":"closed","template":"","meta":{"footnotes":""},"class_list":["post-114","page","type-page","status-publish"],"_links":{"self":[{"href":"https:\/\/lobviral.com\/es\/wp-json\/wp\/v2\/pages\/114","targetHints":{"allow":["GET"]}}],"collection":[{"href":"https:\/\/lobviral.com\/es\/wp-json\/wp\/v2\/pages"}],"about":[{"href":"https:\/\/lobviral.com\/es\/wp-json\/wp\/v2\/types\/page"}],"author":[{"embeddable":true,"href":"https:\/\/lobviral.com\/es\/wp-json\/wp\/v2\/users\/1"}],"replies":[{"embeddable":true,"href":"https:\/\/lobviral.com\/es\/wp-json\/wp\/v2\/comments?post=114"}],"version-history":[{"count":5,"href":"https:\/\/lobviral.com\/es\/wp-json\/wp\/v2\/pages\/114\/revisions"}],"predecessor-version":[{"id":129,"href":"https:\/\/lobviral.com\/es\/wp-json\/wp\/v2\/pages\/114\/revisions\/129"}],"wp:attachment":[{"href":"https:\/\/lobviral.com\/es\/wp-json\/wp\/v2\/media?parent=114"}],"curies":[{"name":"wp","href":"https:\/\/api.w.org\/{rel}","templated":true}]}}