{"id":119,"date":"2026-01-22T03:02:03","date_gmt":"2026-01-22T03:02:03","guid":{"rendered":"https:\/\/lobviral.com\/?page_id=119"},"modified":"2026-01-22T03:02:03","modified_gmt":"2026-01-22T03:02:03","slug":"condiciones-de-uso","status":"publish","type":"page","link":"https:\/\/lobviral.com\/es\/condiciones-de-uso\/","title":{"rendered":"Condiciones de uso"},"content":{"rendered":"<h2><span style=\"color: rgb(68, 68, 68);\">1. Condiciones<\/span><\/h2>\n<p><span style=\"color: rgb(68, 68, 68);\">Al acceder al sitio web <a href=\"http:\/\/lobviral.com\/es\/\">Lob viral<\/a>, Al usar este sitio, usted acepta estar sujeto a estos t\u00e9rminos de servicio y a todas las leyes y regulaciones aplicables, y acepta ser responsable del cumplimiento de todas las leyes locales aplicables. Si no acepta alguno de estos t\u00e9rminos, se le proh\u00edbe usar o acceder a este sitio. Los materiales contenidos en este sitio web est\u00e1n protegidos por las leyes aplicables de derechos de autor y marcas registradas.<\/span><\/p>\n<h2><span style=\"color: rgb(68, 68, 68);\">2. Uso de la licencia<\/span><\/h2>\n<p><span style=\"color: rgb(68, 68, 68);\">Se concede permiso para descargar temporalmente una copia de los materiales (informaci\u00f3n o software) del sitio web de Lob Viral, \u00fanicamente para uso personal, no comercial y transitorio. Esta licencia otorga una licencia, no una transferencia de titularidad, y bajo esta licencia no podr\u00e1:&nbsp;<\/span><\/p>\n<ol>\n<li><span style=\"color: rgb(68, 68, 68);\">modificar o copiar los materiales;&nbsp;<\/span><\/li>\n<li><span style=\"color: rgb(68, 68, 68);\">Utilizar los materiales para cualquier prop\u00f3sito comercial o para exhibici\u00f3n p\u00fablica (comercial o no comercial);&nbsp;<\/span><\/li>\n<li><span style=\"color: rgb(68, 68, 68);\">Intentar descompilar o realizar ingenier\u00eda inversa a cualquier software contenido en el sitio web de Lob Viral;&nbsp;<\/span><\/li>\n<li><span style=\"color: rgb(68, 68, 68);\">eliminar cualquier derecho de autor u otras notaciones de propiedad de los materiales; o&nbsp;<\/span><\/li>\n<li><span style=\"color: rgb(68, 68, 68);\">Transferir los materiales a otra persona o \u2018duplicar\u2019 los materiales en cualquier otro servidor.<\/span><\/li>\n<\/ol>\n<p><span style=\"color: rgb(68, 68, 68);\">Esta licencia se rescindir\u00e1 autom\u00e1ticamente si usted infringe cualquiera de estas restricciones y Lob Viral podr\u00e1 rescindirla en cualquier momento. Al finalizar la visualizaci\u00f3n de estos materiales o al rescindirse esta licencia, deber\u00e1 destruir todos los materiales descargados que tenga en su poder, ya sea en formato electr\u00f3nico o impreso.<\/span><\/p>\n<h2><span style=\"color: rgb(68, 68, 68);\">3. Descargo de responsabilidad<\/span><\/h2>\n<ol>\n<li><span style=\"color: rgb(68, 68, 68);\">Los materiales del sitio web de Lob Viral se proporcionan tal cual. Lob Viral no ofrece garant\u00edas, expresas ni impl\u00edcitas, y por la presente renuncia y niega cualquier otra garant\u00eda, incluyendo, entre otras, las garant\u00edas o condiciones impl\u00edcitas de comerciabilidad, idoneidad para un fin espec\u00edfico o no infracci\u00f3n de la propiedad intelectual u otra violaci\u00f3n de derechos.<\/span><\/li>\n<li><span style=\"color: rgb(68, 68, 68);\">Adem\u00e1s, Lob Viral no garantiza ni hace ninguna declaraci\u00f3n sobre la precisi\u00f3n, los resultados probables o la confiabilidad del uso de los materiales en su sitio web o de otro modo relacionados con dichos materiales o en cualquier sitio vinculado a este sitio.<\/span><\/li>\n<\/ol>\n<h2><span style=\"color: rgb(68, 68, 68);\">4. Limitaciones<\/span><\/h2>\n<p><span style=\"color: rgb(68, 68, 68);\">En ning\u00fan caso Lob Viral ni sus proveedores ser\u00e1n responsables de ning\u00fan da\u00f1o (incluyendo, sin limitaci\u00f3n, da\u00f1os por p\u00e9rdida de datos o beneficios, o debido a la interrupci\u00f3n del negocio) que surja del uso o la imposibilidad de usar los materiales de Lob Viral, incluso si Lob Viral o un representante autorizado de Lob Viral ha sido notificado oralmente o por escrito de la posibilidad de dichos da\u00f1os. Dado que algunas jurisdicciones no permiten limitaciones a las garant\u00edas impl\u00edcitas ni limitaciones de responsabilidad por da\u00f1os consecuentes o incidentales, es posible que estas limitaciones no le sean aplicables.<\/span><\/p>\n<h2><span style=\"color: rgb(68, 68, 68);\">5. Precisi\u00f3n de los materiales<\/span><\/h2>\n<p><span style=\"color: rgb(68, 68, 68);\">Los materiales publicados en el sitio web de Lob Viral pueden contener errores t\u00e9cnicos, tipogr\u00e1ficos o fotogr\u00e1ficos. Lob Viral no garantiza la exactitud, integridad ni actualidad del material de su sitio web. Lob Viral puede modificar los materiales de su sitio web en cualquier momento sin previo aviso. Sin embargo, Lob Viral no se compromete a actualizarlos.<\/span><\/p>\n<h2><span style=\"color: rgb(68, 68, 68);\">6. Enlaces<\/span><\/h2>\n<p><span style=\"color: rgb(68, 68, 68);\">Lob Viral no ha revisado todos los sitios enlazados a su sitio web y no se responsabiliza del contenido de ninguno de ellos. La inclusi\u00f3n de un enlace no implica la aprobaci\u00f3n del sitio por parte de Lob Viral. El uso de cualquier sitio web enlazado es bajo el propio riesgo del usuario.<\/span><\/p>\n<p><\/p>\n<h3><span style=\"color: rgb(68, 68, 68);\">Modificaciones<\/span><\/h3>\n<p><span style=\"color: rgb(68, 68, 68);\">Lob Viral podr\u00e1 modificar estos t\u00e9rminos de servicio del sitio web en cualquier momento sin previo aviso. Al utilizar este sitio web, usted acepta la versi\u00f3n vigente de estos t\u00e9rminos de servicio.<\/span><\/p>\n<h3><span style=\"color: rgb(68, 68, 68);\">Ley aplicable<\/span><\/h3>\n<p><span style=\"color: rgb(68, 68, 68);\">Estos t\u00e9rminos y condiciones se rigen e interpretan de conformidad con las leyes de Lob Viral, y usted se somete irrevocablemente a la jurisdicci\u00f3n exclusiva de los tribunales de ese estado o localidad.<\/span><\/p>","protected":false},"excerpt":{"rendered":"<p>1. Termos Ao acessar ao site Lob Viral, concorda em cumprir estes termos de servi\u00e7o, todas as leis e regulamentos aplic\u00e1veis \u200b\u200be concorda que \u00e9 respons\u00e1vel pelo cumprimento de todas as leis locais aplic\u00e1veis. Se voc\u00ea n\u00e3o concordar com algum desses termos, est\u00e1 proibido de usar ou acessar este site. Os materiais contidos neste site [&hellip;]<\/p>","protected":false},"author":1,"featured_media":0,"parent":0,"menu_order":0,"comment_status":"closed","ping_status":"closed","template":"","meta":{"footnotes":""},"class_list":["post-119","page","type-page","status-publish"],"_links":{"self":[{"href":"https:\/\/lobviral.com\/es\/wp-json\/wp\/v2\/pages\/119","targetHints":{"allow":["GET"]}}],"collection":[{"href":"https:\/\/lobviral.com\/es\/wp-json\/wp\/v2\/pages"}],"about":[{"href":"https:\/\/lobviral.com\/es\/wp-json\/wp\/v2\/types\/page"}],"author":[{"embeddable":true,"href":"https:\/\/lobviral.com\/es\/wp-json\/wp\/v2\/users\/1"}],"replies":[{"embeddable":true,"href":"https:\/\/lobviral.com\/es\/wp-json\/wp\/v2\/comments?post=119"}],"version-history":[{"count":1,"href":"https:\/\/lobviral.com\/es\/wp-json\/wp\/v2\/pages\/119\/revisions"}],"predecessor-version":[{"id":120,"href":"https:\/\/lobviral.com\/es\/wp-json\/wp\/v2\/pages\/119\/revisions\/120"}],"wp:attachment":[{"href":"https:\/\/lobviral.com\/es\/wp-json\/wp\/v2\/media?parent=119"}],"curies":[{"name":"wp","href":"https:\/\/api.w.org\/{rel}","templated":true}]}}