{"id":121,"date":"2026-01-22T03:04:46","date_gmt":"2026-01-22T03:04:46","guid":{"rendered":"https:\/\/lobviral.com\/?page_id=121"},"modified":"2026-01-22T03:04:46","modified_gmt":"2026-01-22T03:04:46","slug":"descargo-de-responsabilidad","status":"publish","type":"page","link":"https:\/\/lobviral.com\/es\/descargo-de-responsabilidad\/","title":{"rendered":"Descargo de responsabilidad"},"content":{"rendered":"<p>La informaci\u00f3n disponible en el sitio web\u00a0<strong>Lob viral<\/strong>\u00a0tener car\u00e1cter\u00a0<strong>S\u00f3lo con fines informativos.<\/strong>. Nuestro objetivo es presentar contenidos, an\u00e1lisis y recomendaciones de aplicaciones, servicios y herramientas que puedan ayudar a los usuarios en su b\u00fasqueda de oportunidades, productividad y soluciones digitales.<\/p>\n\n\n\n<h3 class=\"wp-block-heading\">No ofrecemos garant\u00edas.<\/h3>\n\n\n\n<p>O\u00a0<strong><strong>Lob viral<\/strong><\/strong>\u00a0<strong>no garantiza<\/strong>\u00a0Resultados, ganancias financieras, contrataciones, ingresos o cualquier tipo de beneficio espec\u00edfico derivado del uso de la informaci\u00f3n, las aplicaciones o los servicios mencionados en el sitio web. Los resultados pueden variar seg\u00fan factores individuales, regionales y circunstanciales.<\/p>\n\n\n\n<h3 class=\"wp-block-heading\">Aplicaciones y servicios de terceros<\/h3>\n\n\n\n<p>El sitio puede contener enlaces, recomendaciones o menciones de&nbsp;<strong>aplicaciones, plataformas y servicios de terceros<\/strong>. No tenemos control sobre el funcionamiento, las pol\u00edticas, los precios, la disponibilidad ni la seguridad de estos servicios. Cualquier interacci\u00f3n, registro o uso es bajo su propio riesgo.&nbsp;<strong>responsabilidad exclusiva del usuario<\/strong>.<\/p>\n\n\n\n<p>Siempre recomendamos que el usuario:<\/p>\n\n\n\n<ul class=\"wp-block-list\">\n<li>Lea los t\u00e9rminos de uso y las pol\u00edticas de privacidad de las aplicaciones;<\/li>\n\n\n\n<li>Consulte las rese\u00f1as en las tiendas de aplicaciones oficiales (Google Play, App Store);<\/li>\n\n\n\n<li>Analice si el servicio satisface sus necesidades antes de utilizarlo.<\/li>\n<\/ul>\n\n\n\n<h3 class=\"wp-block-heading\">Exenci\u00f3n de responsabilidad legal y profesional<\/h3>\n\n\n\n<p>El contenido publicado en\u00a0<strong><strong>Lob viral<\/strong><\/strong>\u00a0<strong>Esto no sustituye el asesoramiento profesional.<\/strong>, Ya sean asuntos legales, financieros, contables, laborales o t\u00e9cnicos, busque siempre un profesional calificado para las decisiones importantes.<\/p>\n\n\n\n<h3 class=\"wp-block-heading\">Publicidad y monetizaci\u00f3n<\/h3>\n\n\n\n<p>El sitio web\u00a0<strong>Lob viral<\/strong> Se puede monetizar a trav\u00e9s de:<\/p>\n\n\n\n<ul class=\"wp-block-list\">\n<li>Anuncios (como Google AdSense);<\/li>\n\n\n\n<li>Enlaces patrocinados;<\/li>\n\n\n\n<li>Asociaciones o programas de afiliados.<\/li>\n<\/ul>\n\n\n\n<p>Esto significa que podemos recibir comisiones cuando un usuario hace clic en anuncios o utiliza determinados enlaces.,&nbsp;<strong>sin coste adicional para el usuario.<\/strong>. Estas asociaciones no influyen en nuestra intenci\u00f3n de ofrecer contenidos claros y relevantes.<\/p>\n\n\n\n<h3 class=\"wp-block-heading\">Actualizaci\u00f3n de informaci\u00f3n<\/h3>\n\n\n\n<p>La informaci\u00f3n del sitio web puede ser&nbsp;<strong>cambiado, actualizado o eliminado en cualquier momento<\/strong>, Sin previo aviso. No garantizamos que todo el contenido est\u00e9 siempre completamente actualizado, ya que las aplicaciones y los servicios pueden cambiar sus reglas con frecuencia.<\/p>\n\n\n\n<h3 class=\"wp-block-heading\">Limitaci\u00f3n de responsabilidad<\/h3>\n\n\n\n<p>O\u00a0<strong><strong>Lob viral<\/strong><\/strong>\u00a0no es responsable de:<\/p>\n\n\n\n<ul class=\"wp-block-list\">\n<li>P\u00e9rdidas financieras;<\/li>\n\n\n\n<li>Problemas t\u00e9cnicos;<\/li>\n\n\n\n<li>Fallos de aplicaciones de terceros;<\/li>\n\n\n\n<li>Da\u00f1os directos o indirectos resultantes del uso de la informaci\u00f3n del sitio web.<\/li>\n<\/ul>\n\n\n\n<p>El uso del sitio implica&nbsp;<strong>Aceptaci\u00f3n plena de este descargo de responsabilidad.<\/strong>.<\/p>\n\n\n\n<h3 class=\"wp-block-heading\">Contacto<\/h3>\n\n\n\n<p>Si tiene alguna pregunta, sugerencia o desea reportar alg\u00fan contenido, por favor cont\u00e1ctenos a trav\u00e9s de la p\u00e1gina de contacto del sitio web.<\/p>","protected":false},"excerpt":{"rendered":"<p>As informa\u00e7\u00f5es disponibilizadas no site\u00a0Lob Viral\u00a0t\u00eam car\u00e1ter\u00a0exclusivamente informativo. Nosso objetivo \u00e9 apresentar conte\u00fados, an\u00e1lises e indica\u00e7\u00f5es de aplicativos, servi\u00e7os e ferramentas que possam auxiliar usu\u00e1rios na busca por oportunidades, produtividade e solu\u00e7\u00f5es digitais. N\u00e3o oferecemos garantias O\u00a0Lob Viral\u00a0n\u00e3o garante\u00a0resultados, ganhos financeiros, contrata\u00e7\u00f5es, rendimentos ou qualquer tipo de benef\u00edcio espec\u00edfico a partir do uso das informa\u00e7\u00f5es, [&hellip;]<\/p>","protected":false},"author":1,"featured_media":0,"parent":0,"menu_order":0,"comment_status":"closed","ping_status":"closed","template":"","meta":{"footnotes":""},"class_list":["post-121","page","type-page","status-publish"],"_links":{"self":[{"href":"https:\/\/lobviral.com\/es\/wp-json\/wp\/v2\/pages\/121","targetHints":{"allow":["GET"]}}],"collection":[{"href":"https:\/\/lobviral.com\/es\/wp-json\/wp\/v2\/pages"}],"about":[{"href":"https:\/\/lobviral.com\/es\/wp-json\/wp\/v2\/types\/page"}],"author":[{"embeddable":true,"href":"https:\/\/lobviral.com\/es\/wp-json\/wp\/v2\/users\/1"}],"replies":[{"embeddable":true,"href":"https:\/\/lobviral.com\/es\/wp-json\/wp\/v2\/comments?post=121"}],"version-history":[{"count":1,"href":"https:\/\/lobviral.com\/es\/wp-json\/wp\/v2\/pages\/121\/revisions"}],"predecessor-version":[{"id":123,"href":"https:\/\/lobviral.com\/es\/wp-json\/wp\/v2\/pages\/121\/revisions\/123"}],"wp:attachment":[{"href":"https:\/\/lobviral.com\/es\/wp-json\/wp\/v2\/media?parent=121"}],"curies":[{"name":"wp","href":"https:\/\/api.w.org\/{rel}","templated":true}]}}