{"id":122,"date":"2026-01-22T03:05:58","date_gmt":"2026-01-22T03:05:58","guid":{"rendered":"https:\/\/lobviral.com\/?page_id=122"},"modified":"2026-01-22T03:05:59","modified_gmt":"2026-01-22T03:05:59","slug":"contacto","status":"publish","type":"page","link":"https:\/\/lobviral.com\/es\/contacto\/","title":{"rendered":"Contacto"},"content":{"rendered":"<p>\u00a1Bienvenidos! Esta es la p\u00e1gina de contacto oficial de\u00a0<strong><strong>Lob viral<\/strong><\/strong>. Aqu\u00ed puedes contactarnos para hacernos preguntas, enviar sugerencias, realizar quejas o abordar cualquier otro tema relacionado con nuestro sitio web y el contenido que publicamos.<\/p>\n\n\n\n<p>Nuestro objetivo es ofrecer la mejor experiencia de usuario posible, por lo que valoramos enormemente sus comentarios. Si tiene alguna pregunta sobre el funcionamiento del sitio, c\u00f3mo usar las aplicaciones recomendadas o sobre nuestro contenido, no dude en escribirnos.<\/p>\n\n\n\n<p>Siempre estamos abiertos a sugerencias de mejora y cr\u00edticas constructivas. Su opini\u00f3n es fundamental para que podamos evolucionar, corregir cualquier problema y ofrecer informaci\u00f3n cada vez m\u00e1s \u00fatil y fiable.<\/p>\n\n\n\n<p>Para contactarnos, simplemente complete el formulario disponible en esta p\u00e1gina con sus datos y su mensaje. Nuestro equipo har\u00e1 todo lo posible por responderle lo antes posible.<\/p>\n\n\n\n<p>Gracias por visitarnos\u00a0<strong><strong><strong>Lob viral<\/strong><\/strong><\/strong>\u00a0Y estaremos encantados de recibir tu mensaje.<\/p>\n\n\n\n<p><strong>Correo electr\u00f3nico de contacto:<\/strong><br>\ud83d\udce7 contacto@lobviral.com.br<\/p>","protected":false},"excerpt":{"rendered":"<p>Bem-vindo! Esta \u00e9 a p\u00e1gina oficial de contato do\u00a0Lob Viral. Aqui voc\u00ea pode entrar em contato conosco para tirar d\u00favidas, enviar sugest\u00f5es, fazer reclama\u00e7\u00f5es ou tratar de qualquer outro assunto relacionado ao nosso site e aos conte\u00fados que publicamos. Nosso objetivo \u00e9 oferecer a melhor experi\u00eancia poss\u00edvel aos usu\u00e1rios, por isso valorizamos muito o seu [&hellip;]<\/p>","protected":false},"author":1,"featured_media":0,"parent":0,"menu_order":0,"comment_status":"closed","ping_status":"closed","template":"","meta":{"footnotes":""},"class_list":["post-122","page","type-page","status-publish"],"_links":{"self":[{"href":"https:\/\/lobviral.com\/es\/wp-json\/wp\/v2\/pages\/122","targetHints":{"allow":["GET"]}}],"collection":[{"href":"https:\/\/lobviral.com\/es\/wp-json\/wp\/v2\/pages"}],"about":[{"href":"https:\/\/lobviral.com\/es\/wp-json\/wp\/v2\/types\/page"}],"author":[{"embeddable":true,"href":"https:\/\/lobviral.com\/es\/wp-json\/wp\/v2\/users\/1"}],"replies":[{"embeddable":true,"href":"https:\/\/lobviral.com\/es\/wp-json\/wp\/v2\/comments?post=122"}],"version-history":[{"count":1,"href":"https:\/\/lobviral.com\/es\/wp-json\/wp\/v2\/pages\/122\/revisions"}],"predecessor-version":[{"id":124,"href":"https:\/\/lobviral.com\/es\/wp-json\/wp\/v2\/pages\/122\/revisions\/124"}],"wp:attachment":[{"href":"https:\/\/lobviral.com\/es\/wp-json\/wp\/v2\/media?parent=122"}],"curies":[{"name":"wp","href":"https:\/\/api.w.org\/{rel}","templated":true}]}}