{"id":114,"date":"2026-01-22T02:57:30","date_gmt":"2026-01-22T02:57:30","guid":{"rendered":"https:\/\/lobviral.com\/?page_id=114"},"modified":"2026-01-22T03:32:43","modified_gmt":"2026-01-22T03:32:43","slug":"%d7%9e%d7%93%d7%99%d7%a0%d7%99%d7%95%d7%aa-%d7%94%d7%a4%d7%a8%d7%98%d7%99%d7%95%d7%aa","status":"publish","type":"page","link":"https:\/\/lobviral.com\/he\/%d7%9e%d7%93%d7%99%d7%a0%d7%99%d7%95%d7%aa-%d7%94%d7%a4%d7%a8%d7%98%d7%99%d7%95%d7%aa\/","title":{"rendered":"\u05de\u05d3\u05d9\u05e0\u05d9\u05d5\u05ea \u05d4\u05e4\u05e8\u05d8\u05d9\u05d5\u05ea"},"content":{"rendered":"<p>\u05d4\u05e4\u05e8\u05d8\u05d9\u05d5\u05ea \u05e9\u05dc\u05da \u05d7\u05e9\u05d5\u05d1\u05d4 \u05dc\u05e0\u05d5. \u05de\u05d3\u05d9\u05e0\u05d9\u05d5\u05ea\u05d4 \u05e9\u05dc Lob Viral \u05d4\u05d9\u05d0 \u05dc\u05db\u05d1\u05d3 \u05d0\u05ea \u05e4\u05e8\u05d8\u05d9\u05d5\u05ea\u05da \u05d1\u05e0\u05d5\u05d2\u05e2 \u05dc\u05db\u05dc \u05de\u05d9\u05d3\u05e2 \u05e9\u05d0\u05e0\u05d5 \u05e2\u05e9\u05d5\u05d9\u05d9\u05dd \u05dc\u05d0\u05e1\u05d5\u05e3 \u05de\u05de\u05da \u05d1\u05d0\u05ea\u05e8. <a href=\"http:\/\/lobviral.com\/he\/\">\u05dc\u05d5\u05d1 \u05d5\u05d9\u05e8\u05d0\u05dc\u05d9<\/a>, \u05d5\u05d0\u05ea\u05e8\u05d9\u05dd \u05d0\u05d7\u05e8\u05d9\u05dd \u05e9\u05d1\u05d1\u05e2\u05dc\u05d5\u05ea\u05e0\u05d5 \u05d5\u05d1\u05d4\u05e4\u05e2\u05dc\u05d4 \u05e9\u05dc\u05e0\u05d5.<\/span><\/p>\n<p><span style=\"color: rgb(68, 68, 68);\">\u05d0\u05e0\u05d5 \u05de\u05d1\u05e7\u05e9\u05d9\u05dd \u05de\u05d9\u05d3\u05e2 \u05d0\u05d9\u05e9\u05d9 \u05e8\u05e7 \u05db\u05d0\u05e9\u05e8 \u05d0\u05e0\u05d5 \u05d1\u05d0\u05de\u05ea \u05d6\u05e7\u05d5\u05e7\u05d9\u05dd \u05dc\u05d5 \u05db\u05d3\u05d9 \u05dc\u05e1\u05e4\u05e7 \u05dc\u05da \u05e9\u05d9\u05e8\u05d5\u05ea. \u05d0\u05e0\u05d5 \u05e2\u05d5\u05e9\u05d9\u05dd \u05d6\u05d0\u05ea \u05d1\u05d0\u05d5\u05e4\u05df \u05d4\u05d5\u05d2\u05df \u05d5\u05d7\u05d5\u05e7\u05d9, \u05d1\u05d9\u05d3\u05d9\u05e2\u05ea\u05da \u05d5\u05d1\u05d4\u05e1\u05db\u05de\u05ea\u05da. \u05d0\u05e0\u05d5 \u05d2\u05dd \u05de\u05d5\u05d3\u05d9\u05e2\u05d9\u05dd \u05dc\u05da \u05de\u05d3\u05d5\u05e2 \u05d0\u05e0\u05d5 \u05d0\u05d5\u05e1\u05e4\u05d9\u05dd \u05d0\u05d5\u05ea\u05d5 \u05d5\u05db\u05d9\u05e6\u05d3 \u05d4\u05d5\u05d0 \u05d9\u05e9\u05de\u05e9.<\/span><\/p>\n<p><span style=\"color: rgb(68, 68, 68);\">\u05d0\u05e0\u05d5 \u05e9\u05d5\u05de\u05e8\u05d9\u05dd \u05d0\u05ea \u05d4\u05de\u05d9\u05d3\u05e2 \u05e9\u05e0\u05d0\u05e1\u05e3 \u05e8\u05e7 \u05db\u05dc \u05e2\u05d5\u05d3 \u05d4\u05d5\u05d0 \u05e0\u05d7\u05d5\u05e5 \u05db\u05d3\u05d9 \u05dc\u05e1\u05e4\u05e7 \u05d0\u05ea \u05d4\u05e9\u05d9\u05e8\u05d5\u05ea \u05d4\u05de\u05d1\u05d5\u05e7\u05e9. \u05db\u05d0\u05e9\u05e8 \u05d0\u05e0\u05d5 \u05de\u05d0\u05d7\u05e1\u05e0\u05d9\u05dd \u05e0\u05ea\u05d5\u05e0\u05d9\u05dd, \u05d0\u05e0\u05d5 \u05de\u05d2\u05e0\u05d9\u05dd \u05e2\u05dc\u05d9\u05d4\u05dd \u05d1\u05d0\u05de\u05e6\u05e2\u05d9\u05dd \u05de\u05e7\u05d5\u05d1\u05dc\u05d9\u05dd \u05de\u05d1\u05d7\u05d9\u05e0\u05d4 \u05de\u05e1\u05d7\u05e8\u05d9\u05ea \u05db\u05d3\u05d9 \u05dc\u05de\u05e0\u05d5\u05e2 \u05d0\u05d5\u05d1\u05d3\u05df \u05d5\u05d2\u05e0\u05d9\u05d1\u05d4, \u05db\u05de\u05d5 \u05d2\u05dd \u05d2\u05d9\u05e9\u05d4, \u05d2\u05d9\u05dc\u05d5\u05d9, \u05d4\u05e2\u05ea\u05e7\u05d4, \u05e9\u05d9\u05de\u05d5\u05e9 \u05d0\u05d5 \u05e9\u05d9\u05e0\u05d5\u05d9 \u05d1\u05dc\u05ea\u05d9 \u05de\u05d5\u05e8\u05e9\u05d9\u05dd.<\/span><\/p>\n<p><span style=\"color: rgb(68, 68, 68);\">\u05d0\u05d9\u05e0\u05e0\u05d5 \u05de\u05e9\u05ea\u05e4\u05d9\u05dd \u05de\u05d9\u05d3\u05e2 \u05d4\u05de\u05d0\u05e4\u05e9\u05e8 \u05d6\u05d9\u05d4\u05d5\u05d9 \u05d0\u05d9\u05e9\u05d9 \u05d1\u05e4\u05d5\u05de\u05d1\u05d9 \u05d0\u05d5 \u05e2\u05dd \u05e6\u05d3\u05d3\u05d9\u05dd \u05e9\u05dc\u05d9\u05e9\u05d9\u05d9\u05dd, \u05dc\u05de\u05e2\u05d8 \u05db\u05d0\u05e9\u05e8 \u05d4\u05d3\u05d1\u05e8 \u05e0\u05d3\u05e8\u05e9 \u05e2\u05dc \u05e4\u05d9 \u05d7\u05d5\u05e7.<\/span><\/p>\n<p><span style=\"color: rgb(68, 68, 68);\">\u05d9\u05d9\u05ea\u05db\u05df \u05e9\u05d0\u05ea\u05e8 \u05d4\u05d0\u05d9\u05e0\u05d8\u05e8\u05e0\u05d8 \u05e9\u05dc\u05e0\u05d5 \u05de\u05db\u05d9\u05dc \u05e7\u05d9\u05e9\u05d5\u05e8\u05d9\u05dd \u05dc\u05d0\u05ea\u05e8\u05d9\u05dd \u05d7\u05d9\u05e6\u05d5\u05e0\u05d9\u05d9\u05dd \u05e9\u05d0\u05d9\u05e0\u05dd \u05de\u05d5\u05e4\u05e2\u05dc\u05d9\u05dd \u05e2\u05dc \u05d9\u05d3\u05d9\u05e0\u05d5. \u05e9\u05d9\u05de\u05d5 \u05dc\u05d1 \u05e9\u05d0\u05d9\u05df \u05dc\u05e0\u05d5 \u05e9\u05dc\u05d9\u05d8\u05d4 \u05e2\u05dc \u05d4\u05ea\u05d5\u05db\u05df \u05d5\u05d4\u05e0\u05d4\u05dc\u05d9\u05dd \u05e9\u05dc \u05d0\u05ea\u05e8\u05d9\u05dd \u05d0\u05dc\u05d4 \u05d5\u05d0\u05d9\u05e0\u05e0\u05d5 \u05d9\u05db\u05d5\u05dc\u05d9\u05dd \u05dc\u05e7\u05d1\u05dc \u05d0\u05d7\u05e8\u05d9\u05d5\u05ea \u05e2\u05dc \u05d4\u05de\u05d3\u05d9\u05e0\u05d9\u05d5\u05ea \u05e9\u05dc\u05d4\u05dd.&nbsp;<\/span><a href=\"https:\/\/politicaprivacidade.com\/\" rel=\"noopener noreferrer\" target=\"_blank\" style=\"background-color: transparent; color: rgb(68, 68, 68);\">\u05de\u05d3\u05d9\u05e0\u05d9\u05d5\u05ea \u05d4\u05e4\u05e8\u05d8\u05d9\u05d5\u05ea<\/a><span style=\"color: rgb(68, 68, 68);\">.<\/span><\/p>\n<p><span style=\"color: rgb(68, 68, 68);\">\u05d4\u05e0\u05da \u05e8\u05e9\u05d0\u05d9 \u05dc\u05e1\u05e8\u05d1 \u05dc\u05d1\u05e7\u05e9\u05ea\u05e0\u05d5 \u05dc\u05de\u05e1\u05d5\u05e8 \u05de\u05d9\u05d3\u05e2 \u05d0\u05d9\u05e9\u05d9, \u05de\u05ea\u05d5\u05da \u05d4\u05d1\u05e0\u05d4 \u05e9\u05d9\u05d9\u05ea\u05db\u05df \u05e9\u05dc\u05d0 \u05e0\u05d5\u05db\u05dc \u05dc\u05e1\u05e4\u05e7 \u05d7\u05dc\u05e7 \u05de\u05d4\u05e9\u05d9\u05e8\u05d5\u05ea\u05d9\u05dd \u05e9\u05d0\u05ea\u05d4 \u05de\u05e2\u05d5\u05e0\u05d9\u05d9\u05df \u05d1\u05d4\u05dd.<\/span><\/p>\n<p><span style=\"color: rgb(68, 68, 68);\">\u05d4\u05de\u05e9\u05da \u05d4\u05e9\u05d9\u05de\u05d5\u05e9 \u05d1\u05d0\u05ea\u05e8 \u05d4\u05d0\u05d9\u05e0\u05d8\u05e8\u05e0\u05d8 \u05e9\u05dc\u05e0\u05d5 \u05d9\u05d9\u05d7\u05e9\u05d1 \u05db\u05e7\u05d1\u05dc\u05ea\u05db\u05dd \u05dc\u05e0\u05d4\u05dc\u05d9\u05dd \u05e9\u05dc\u05e0\u05d5 \u05d1\u05e0\u05d5\u05d2\u05e2 \u05dc\u05e4\u05e8\u05d8\u05d9\u05d5\u05ea \u05d5\u05dc\u05de\u05d9\u05d3\u05e2 \u05d0\u05d9\u05e9\u05d9. \u05d0\u05dd \u05d9\u05e9 \u05dc\u05db\u05dd \u05e9\u05d0\u05dc\u05d5\u05ea \u05d1\u05e0\u05d5\u05d2\u05e2 \u05dc\u05d0\u05d5\u05e4\u05df \u05e9\u05d1\u05d5 \u05d0\u05e0\u05d5 \u05de\u05d8\u05e4\u05dc\u05d9\u05dd \u05d1\u05e0\u05ea\u05d5\u05e0\u05d9 \u05de\u05e9\u05ea\u05de\u05e9\u05d9\u05dd \u05d5\u05d1\u05de\u05d9\u05d3\u05e2 \u05d0\u05d9\u05e9\u05d9, \u05d0\u05e0\u05d0 \u05e6\u05e8\u05d5 \u05e2\u05de\u05e0\u05d5 \u05e7\u05e9\u05e8.<\/span><\/p>\n<p><span style=\"color: rgb(68, 68, 68);\"><\/p>\n<ul>\n<li><span style=\"color: rgb(68, 68, 68);\">\u05e9\u05d9\u05e8\u05d5\u05ea Google AdSense \u05d1\u05d5 \u05d0\u05e0\u05d5 \u05de\u05e9\u05ea\u05de\u05e9\u05d9\u05dd \u05dc\u05d4\u05e6\u05d2\u05ea \u05e4\u05e8\u05e1\u05d5\u05de\u05d5\u05ea \u05de\u05e9\u05ea\u05de\u05e9 \u05d1\u05e7\u05d5\u05d1\u05e5 Cookie \u05e9\u05dc DoubleClick \u05db\u05d3\u05d9 \u05dc\u05d4\u05e6\u05d9\u05d2 \u05de\u05d5\u05d3\u05e2\u05d5\u05ea \u05e8\u05dc\u05d5\u05d5\u05e0\u05d8\u05d9\u05d5\u05ea \u05d9\u05d5\u05ea\u05e8 \u05d1\u05e8\u05d7\u05d1\u05d9 \u05d4\u05d0\u05d9\u05e0\u05d8\u05e8\u05e0\u05d8 \u05d5\u05dc\u05d4\u05d2\u05d1\u05d9\u05dc \u05d0\u05ea \u05de\u05e1\u05e4\u05e8 \u05d4\u05e4\u05e2\u05de\u05d9\u05dd \u05e9\u05de\u05d5\u05d3\u05e2\u05d4 \u05e0\u05ea\u05d5\u05e0\u05d4 \u05de\u05d5\u05e6\u05d2\u05ea \u05dc\u05da.<\/span><\/li>\n<li><span style=\"color: rgb(68, 68, 68);\">\u05dc\u05de\u05d9\u05d3\u05e2 \u05e0\u05d5\u05e1\u05e3 \u05e2\u05dc Google AdSense, \u05d0\u05e0\u05d0 \u05e2\u05d9\u05d9\u05e0\u05d5 \u05d1\u05e9\u05d0\u05dc\u05d5\u05ea \u05d4\u05e0\u05e4\u05d5\u05e6\u05d5\u05ea \u05d4\u05e8\u05e9\u05de\u05d9\u05d5\u05ea \u05d1\u05e0\u05d5\u05e9\u05d0 \u05e4\u05e8\u05d8\u05d9\u05d5\u05ea \u05e9\u05dc Google AdSense.<\/span><\/li>\n<li><span style=\"color: rgb(68, 68, 68);\">\u05d0\u05e0\u05d5 \u05de\u05e9\u05ea\u05de\u05e9\u05d9\u05dd \u05d1\u05e4\u05e8\u05e1\u05d5\u05dd \u05db\u05d3\u05d9 \u05dc\u05e7\u05d6\u05d6 \u05d0\u05ea \u05e2\u05dc\u05d5\u05d9\u05d5\u05ea \u05d4\u05e4\u05e2\u05dc\u05ea \u05d0\u05ea\u05e8 \u05d6\u05d4 \u05d5\u05dc\u05e1\u05e4\u05e7 \u05de\u05d9\u05de\u05d5\u05df \u05dc\u05e4\u05d9\u05ea\u05d5\u05d7 \u05e2\u05ea\u05d9\u05d3\u05d9. \u05e7\u05d5\u05d1\u05e6\u05d9 \u05d4-cookie \u05e9\u05dc \u05e4\u05e8\u05e1\u05d5\u05dd \u05d4\u05ea\u05e0\u05d4\u05d2\u05d5\u05ea\u05d9 \u05d1\u05d4\u05dd \u05de\u05e9\u05ea\u05de\u05e9 \u05d0\u05ea\u05e8 \u05d6\u05d4 \u05e0\u05d5\u05e2\u05d3\u05d5 \u05dc\u05d4\u05d1\u05d8\u05d9\u05d7 \u05e9\u05ea\u05e7\u05d1\u05dc\u05d5 \u05d0\u05ea \u05d4\u05de\u05d5\u05d3\u05e2\u05d5\u05ea \u05d4\u05e8\u05dc\u05d5\u05d5\u05e0\u05d8\u05d9\u05d5\u05ea \u05d1\u05d9\u05d5\u05ea\u05e8 \u05d1\u05db\u05dc \u05d4\u05d6\u05d3\u05de\u05e0\u05d5\u05ea \u05d0\u05e4\u05e9\u05e8\u05d9\u05ea, \u05e2\u05dc \u05d9\u05d3\u05d9 \u05de\u05e2\u05e7\u05d1 \u05d0\u05e0\u05d5\u05e0\u05d9\u05de\u05d9 \u05d0\u05d7\u05e8 \u05ea\u05d7\u05d5\u05de\u05d9 \u05d4\u05e2\u05e0\u05d9\u05d9\u05df \u05e9\u05dc\u05db\u05dd \u05d5\u05d4\u05e6\u05d2\u05ea \u05d3\u05d1\u05e8\u05d9\u05dd \u05d3\u05d5\u05de\u05d9\u05dd \u05e9\u05e2\u05e9\u05d5\u05d9\u05d9\u05dd \u05dc\u05e2\u05e0\u05d9\u05d9\u05df \u05d0\u05ea\u05db\u05dd.<\/span><\/li>\n<li><span style=\"color: rgb(68, 68, 68);\">\u05de\u05e1\u05e4\u05e8 \u05e9\u05d5\u05ea\u05e4\u05d9\u05dd \u05de\u05e4\u05e8\u05e1\u05de\u05d9\u05dd \u05d1\u05e9\u05de\u05e0\u05d5, \u05d5\u05e2\u05d5\u05d2\u05d9\u05d5\u05ea \u05de\u05e2\u05e7\u05d1 \u05d0\u05d7\u05e8 \u05e9\u05d5\u05ea\u05e4\u05d9\u05dd \u05e4\u05e9\u05d5\u05d8 \u05de\u05d0\u05e4\u05e9\u05e8\u05d5\u05ea \u05dc\u05e0\u05d5 \u05dc\u05e8\u05d0\u05d5\u05ea \u05d0\u05dd \u05d4\u05dc\u05e7\u05d5\u05d7\u05d5\u05ea \u05e9\u05dc\u05e0\u05d5 \u05e0\u05d9\u05d2\u05e9\u05d5 \u05dc\u05d0\u05ea\u05e8 \u05d3\u05e8\u05da \u05d0\u05d7\u05d3 \u05de\u05d0\u05ea\u05e8\u05d9 \u05d4\u05e9\u05d5\u05ea\u05e4\u05d9\u05dd \u05e9\u05dc\u05e0\u05d5, \u05db\u05da \u05e9\u05e0\u05d5\u05db\u05dc \u05dc\u05ea\u05ea \u05dc\u05d4\u05dd \u05e7\u05e8\u05d3\u05d9\u05d8 \u05db\u05e8\u05d0\u05d5\u05d9, \u05d5\u05d1\u05de\u05d9\u05d3\u05ea \u05d4\u05e6\u05d5\u05e8\u05da, \u05dc\u05d0\u05e4\u05e9\u05e8 \u05dc\u05e9\u05d5\u05ea\u05e4\u05d9 \u05d4\u05e9\u05d5\u05ea\u05e4\u05d9\u05dd \u05e9\u05dc\u05e0\u05d5 \u05dc\u05d4\u05e6\u05d9\u05e2 \u05de\u05d1\u05e6\u05e2\u05d9\u05dd \u05e9\u05d4\u05dd \u05e2\u05e9\u05d5\u05d9\u05d9\u05dd \u05dc\u05e1\u05e4\u05e7 \u05db\u05d3\u05d9 \u05dc\u05e2\u05d5\u05d3\u05d3 \u05d0\u05d5\u05ea\u05da \u05dc\u05d1\u05e6\u05e2 \u05e8\u05db\u05d9\u05e9\u05d4.<\/span><\/li>\n<\/ul>\n<p><\/p>\n<p><\/span><\/p>\n<h3><span style=\"color: rgb(68, 68, 68);\">\u05de\u05d7\u05d5\u05d9\u05d1\u05d5\u05ea \u05d4\u05de\u05e9\u05ea\u05de\u05e9<\/span><\/h3>\n<p><span style=\"color: rgb(68, 68, 68);\">\u05d4\u05de\u05e9\u05ea\u05de\u05e9 \u05de\u05e1\u05db\u05d9\u05dd \u05dc\u05e2\u05e9\u05d5\u05ea \u05e9\u05d9\u05de\u05d5\u05e9 \u05d4\u05d5\u05dc\u05dd \u05d1\u05ea\u05d5\u05db\u05df \u05d5\u05d1\u05de\u05d9\u05d3\u05e2 \u05e9\u05de\u05e6\u05d9\u05e2\u05d4 Lob Viral \u05d1\u05d0\u05ea\u05e8, \u05dc\u05e8\u05d1\u05d5\u05ea \u05d0\u05da \u05dc\u05d0 \u05e8\u05e7:<\/span><\/p>\n<ul>\n<li><span style=\"color: rgb(68, 68, 68);\">\u05d0) \u05dc\u05d0 \u05dc\u05e2\u05e1\u05d5\u05e7 \u05d1\u05e4\u05e2\u05d9\u05dc\u05d5\u05d9\u05d5\u05ea \u05e9\u05d0\u05d9\u05e0\u05df \u05d7\u05d5\u05e7\u05d9\u05d5\u05ea \u05d0\u05d5 \u05e1\u05d5\u05ea\u05e8\u05d5\u05ea \u05d0\u05ea \u05ea\u05d5\u05dd \u05d4\u05dc\u05d1 \u05d5\u05d0\u05ea \u05d4\u05e1\u05d3\u05e8 \u05d4\u05e6\u05d9\u05d1\u05d5\u05e8\u05d9;<\/span><\/li>\n<li><span style=\"color: rgb(68, 68, 68);\">\u05d1) \u05dc\u05d0 \u05dc\u05d4\u05e4\u05d9\u05e5 \u05ea\u05e2\u05de\u05d5\u05dc\u05d4 \u05d0\u05d5 \u05ea\u05d5\u05db\u05df \u05d1\u05e2\u05dc \u05d0\u05d5\u05e4\u05d9 \u05d2\u05d6\u05e2\u05e0\u05d9, \u05e9\u05e0\u05d0\u05ea \u05d6\u05e8\u05d9\u05dd, \u05d4\u05e7\u05e9\u05d5\u05e8 \u05dc\u05d4\u05d9\u05de\u05d5\u05e8\u05d9\u05dd \u05d0\u05d5 \u05de\u05e9\u05d7\u05e7\u05d9 \u05de\u05d6\u05dc, \u05db\u05dc \u05e1\u05d5\u05d2 \u05e9\u05dc \u05e4\u05d5\u05e8\u05e0\u05d5\u05d2\u05e8\u05e4\u05d9\u05d4 \u05d1\u05dc\u05ea\u05d9 \u05d7\u05d5\u05e7\u05d9\u05ea, \u05d0\u05d5 \u05ea\u05d5\u05db\u05df \u05d4\u05de\u05e7\u05d3\u05dd \u05d8\u05e8\u05d5\u05e8 \u05d0\u05d5 \u05de\u05e4\u05e8 \u05d6\u05db\u05d5\u05d9\u05d5\u05ea \u05d0\u05d3\u05dd;<\/span><\/li>\n<li><span style=\"color: rgb(68, 68, 68);\">\u05d2) \u05dc\u05d0 \u05dc\u05d2\u05e8\u05d5\u05dd \u05e0\u05d6\u05e7 \u05dc\u05de\u05e2\u05e8\u05db\u05d5\u05ea \u05d4\u05e4\u05d9\u05d6\u05d9\u05d5\u05ea (\u05d7\u05d5\u05de\u05e8\u05d4) \u05d5\u05d4\u05dc\u05d5\u05d2\u05d9\u05d5\u05ea (\u05ea\u05d5\u05db\u05e0\u05d4) \u05e9\u05dc Lob Viral, \u05e1\u05e4\u05e7\u05d9\u05d4 \u05d0\u05d5 \u05e6\u05d3\u05d3\u05d9\u05dd \u05e9\u05dc\u05d9\u05e9\u05d9\u05d9\u05dd, \u05e2\u05dc \u05de\u05e0\u05ea \u05dc\u05d4\u05d7\u05d3\u05d9\u05e8 \u05d0\u05d5 \u05dc\u05d4\u05e4\u05d9\u05e5 \u05d5\u05d9\u05e8\u05d5\u05e1\u05d9 \u05de\u05d7\u05e9\u05d1 \u05d0\u05d5 \u05db\u05dc \u05de\u05e2\u05e8\u05db\u05ea \u05d7\u05d5\u05de\u05e8\u05d4 \u05d0\u05d5 \u05ea\u05d5\u05db\u05e0\u05d4 \u05d0\u05d7\u05e8\u05ea \u05d4\u05de\u05e1\u05d5\u05d2\u05dc\u05ea \u05dc\u05d2\u05e8\u05d5\u05dd \u05dc\u05e0\u05d6\u05e7 \u05d4\u05e0&quot;\u05dc.<\/span><\/li>\n<\/ul>\n<h3><span style=\"color: rgb(68, 68, 68);\">\u05de\u05d9\u05d3\u05e2 \u05e0\u05d5\u05e1\u05e3<\/span><\/h3>\n<p><span style=\"color: rgb(68, 68, 68);\">\u05d0\u05e0\u05d5 \u05de\u05e7\u05d5\u05d5\u05d9\u05dd \u05e9\u05d6\u05d4 \u05d1\u05e8\u05d5\u05e8, \u05d5\u05db\u05e4\u05d9 \u05e9\u05e6\u05d5\u05d9\u05df \u05e7\u05d5\u05d3\u05dd \u05dc\u05db\u05df, \u05d0\u05dd \u05d9\u05e9 \u05de\u05e9\u05d4\u05d5 \u05e9\u05d0\u05d9\u05e0\u05da \u05d1\u05d8\u05d5\u05d7 \u05dc\u05d2\u05d1\u05d9\u05d5 \u05d0\u05dd \u05d0\u05ea\u05d4 \u05d6\u05e7\u05d5\u05e7 \u05dc\u05d5 \u05d0\u05d5 \u05dc\u05d0, \u05d1\u05d3\u05e8\u05da \u05db\u05dc\u05dc \u05d1\u05d8\u05d5\u05d7 \u05d9\u05d5\u05ea\u05e8 \u05dc\u05d4\u05e9\u05d0\u05d9\u05e8 \u05e7\u05d5\u05d1\u05e6\u05d9 Cookie \u05de\u05d5\u05e4\u05e2\u05dc\u05d9\u05dd \u05d1\u05de\u05e7\u05e8\u05d4 \u05e9\u05d0\u05ea\u05d4 \u05de\u05ea\u05e7\u05e9\u05e8 \u05e2\u05dd \u05d0\u05d7\u05ea \u05d4\u05ea\u05db\u05d5\u05e0\u05d5\u05ea \u05e9\u05d1\u05d4\u05df \u05d0\u05ea\u05d4 \u05de\u05e9\u05ea\u05de\u05e9 \u05d1\u05d0\u05ea\u05e8 \u05e9\u05dc\u05e0\u05d5.<\/span><\/p>\n<p>&lt;span style=&quot;color: rgb(68, 68, 68);&quot;\n<\/p>","protected":false},"excerpt":{"rendered":"<p>A sua privacidade \u00e9 importante para n\u00f3s. \u00c9 pol\u00edtica do Lob Viral respeitar a sua privacidade em rela\u00e7\u00e3o a qualquer informa\u00e7\u00e3o sua que possamos coletar no site Lob Viral, e outros sites que possu\u00edmos e operamos. Solicitamos informa\u00e7\u00f5es pessoais apenas quando realmente precisamos delas para lhe fornecer um servi\u00e7o. Fazemo-lo por meios justos e legais, [&hellip;]<\/p>","protected":false},"author":1,"featured_media":0,"parent":0,"menu_order":0,"comment_status":"closed","ping_status":"closed","template":"","meta":{"footnotes":""},"class_list":["post-114","page","type-page","status-publish"],"_links":{"self":[{"href":"https:\/\/lobviral.com\/he\/wp-json\/wp\/v2\/pages\/114","targetHints":{"allow":["GET"]}}],"collection":[{"href":"https:\/\/lobviral.com\/he\/wp-json\/wp\/v2\/pages"}],"about":[{"href":"https:\/\/lobviral.com\/he\/wp-json\/wp\/v2\/types\/page"}],"author":[{"embeddable":true,"href":"https:\/\/lobviral.com\/he\/wp-json\/wp\/v2\/users\/1"}],"replies":[{"embeddable":true,"href":"https:\/\/lobviral.com\/he\/wp-json\/wp\/v2\/comments?post=114"}],"version-history":[{"count":5,"href":"https:\/\/lobviral.com\/he\/wp-json\/wp\/v2\/pages\/114\/revisions"}],"predecessor-version":[{"id":129,"href":"https:\/\/lobviral.com\/he\/wp-json\/wp\/v2\/pages\/114\/revisions\/129"}],"wp:attachment":[{"href":"https:\/\/lobviral.com\/he\/wp-json\/wp\/v2\/media?parent=114"}],"curies":[{"name":"wp","href":"https:\/\/api.w.org\/{rel}","templated":true}]}}