{"id":119,"date":"2026-01-22T03:02:03","date_gmt":"2026-01-22T03:02:03","guid":{"rendered":"https:\/\/lobviral.com\/?page_id=119"},"modified":"2026-01-22T03:02:03","modified_gmt":"2026-01-22T03:02:03","slug":"%d7%aa%d7%a0%d7%90%d7%99-%d7%a9%d7%99%d7%9e%d7%95%d7%a9","status":"publish","type":"page","link":"https:\/\/lobviral.com\/he\/%d7%aa%d7%a0%d7%90%d7%99-%d7%a9%d7%99%d7%9e%d7%95%d7%a9\/","title":{"rendered":"\u05ea\u05e0\u05d0\u05d9 \u05e9\u05d9\u05de\u05d5\u05e9"},"content":{"rendered":"<h2><span style=\"color: rgb(68, 68, 68);\">1. \u05ea\u05e0\u05d0\u05d9\u05dd<\/span><\/h2>\n<p><span style=\"color: rgb(68, 68, 68);\">\u05d1\u05e2\u05ea \u05d2\u05d9\u05e9\u05d4 \u05dc\u05d0\u05ea\u05e8 \u05d4\u05d0\u05d9\u05e0\u05d8\u05e8\u05e0\u05d8 <a href=\"http:\/\/lobviral.com\/he\/\">\u05dc\u05d5\u05d1 \u05d5\u05d9\u05e8\u05d0\u05dc\u05d9<\/a>, \u05d1\u05d0\u05de\u05e6\u05e2\u05d5\u05ea \u05e9\u05d9\u05de\u05d5\u05e9 \u05d1\u05d0\u05ea\u05e8 \u05d6\u05d4, \u05d4\u05e0\u05da \u05de\u05e1\u05db\u05d9\u05dd \u05dc\u05d4\u05d9\u05d5\u05ea \u05de\u05d7\u05d5\u05d9\u05d1 \u05dc\u05ea\u05e0\u05d0\u05d9 \u05d4\u05e9\u05d9\u05e8\u05d5\u05ea \u05d4\u05dc\u05dc\u05d5, \u05dc\u05db\u05dc \u05d4\u05d7\u05d5\u05e7\u05d9\u05dd \u05d5\u05d4\u05ea\u05e7\u05e0\u05d5\u05ea \u05d4\u05e8\u05dc\u05d5\u05d5\u05e0\u05d8\u05d9\u05d9\u05dd, \u05d5\u05de\u05e1\u05db\u05d9\u05dd \u05db\u05d9 \u05d0\u05ea\u05d4 \u05d0\u05d7\u05e8\u05d0\u05d9 \u05e2\u05dc \u05e6\u05d9\u05d5\u05ea \u05dc\u05db\u05dc \u05d4\u05d7\u05d5\u05e7\u05d9\u05dd \u05d4\u05de\u05e7\u05d5\u05de\u05d9\u05d9\u05dd \u05d4\u05e8\u05dc\u05d5\u05d5\u05e0\u05d8\u05d9\u05d9\u05dd. \u05d0\u05dd \u05d0\u05d9\u05e0\u05da \u05de\u05e1\u05db\u05d9\u05dd \u05dc\u05d0\u05d7\u05d3 \u05de\u05ea\u05e0\u05d0\u05d9\u05dd \u05d0\u05dc\u05d4, \u05d0\u05d9\u05e0\u05da \u05e8\u05e9\u05d0\u05d9 \u05dc\u05d4\u05e9\u05ea\u05de\u05e9 \u05d1\u05d0\u05ea\u05e8 \u05d6\u05d4 \u05d0\u05d5 \u05dc\u05d2\u05e9\u05ea \u05d0\u05dc\u05d9\u05d5. \u05d4\u05d7\u05d5\u05de\u05e8\u05d9\u05dd \u05d4\u05db\u05dc\u05d5\u05dc\u05d9\u05dd \u05d1\u05d0\u05ea\u05e8 \u05d6\u05d4 \u05de\u05d5\u05d2\u05e0\u05d9\u05dd \u05e2\u05dc \u05d9\u05d3\u05d9 \u05d7\u05d5\u05e7\u05d9 \u05d6\u05db\u05d5\u05d9\u05d5\u05ea \u05d9\u05d5\u05e6\u05e8\u05d9\u05dd \u05d5\u05e1\u05d9\u05de\u05e0\u05d9 \u05de\u05e1\u05d7\u05e8 \u05e8\u05dc\u05d5\u05d5\u05e0\u05d8\u05d9\u05d9\u05dd.<\/span><\/p>\n<h2><span style=\"color: rgb(68, 68, 68);\">2. \u05e9\u05d9\u05de\u05d5\u05e9 \u05d1\u05e8\u05d9\u05e9\u05d9\u05d5\u05df<\/span><\/h2>\n<p><span style=\"color: rgb(68, 68, 68);\">\u05e0\u05d9\u05ea\u05e0\u05ea \u05e8\u05e9\u05d5\u05ea \u05dc\u05d4\u05d5\u05e8\u05d9\u05d3 \u05d1\u05d0\u05d5\u05e4\u05df \u05d6\u05de\u05e0\u05d9 \u05e2\u05d5\u05ea\u05e7 \u05d0\u05d7\u05d3 \u05e9\u05dc \u05d4\u05d7\u05d5\u05de\u05e8\u05d9\u05dd (\u05de\u05d9\u05d3\u05e2 \u05d0\u05d5 \u05ea\u05d5\u05db\u05e0\u05d4) \u05d1\u05d0\u05ea\u05e8 \u05d4\u05d0\u05d9\u05e0\u05d8\u05e8\u05e0\u05d8 \u05e9\u05dc Lob Viral \u05dc\u05e6\u05e4\u05d9\u05d9\u05d4 \u05d0\u05d9\u05e9\u05d9\u05ea, \u05dc\u05d0 \u05de\u05e1\u05d7\u05e8\u05d9\u05ea \u05d5\u05d6\u05de\u05e0\u05d9\u05ea \u05d1\u05dc\u05d1\u05d3. \u05d6\u05d5\u05d4\u05d9 \u05de\u05ea\u05df \u05e8\u05d9\u05e9\u05d9\u05d5\u05df, \u05dc\u05d0 \u05d4\u05e2\u05d1\u05e8\u05ea \u05d1\u05e2\u05dc\u05d5\u05ea, \u05d5\u05ea\u05d7\u05ea \u05e8\u05d9\u05e9\u05d9\u05d5\u05df \u05d6\u05d4 \u05d0\u05d9\u05e0\u05da \u05e8\u05e9\u05d0\u05d9:&nbsp;<\/span><\/p>\n<ol>\n<li><span style=\"color: rgb(68, 68, 68);\">\u05dc\u05e9\u05e0\u05d5\u05ea \u05d0\u05d5 \u05dc\u05d4\u05e2\u05ea\u05d9\u05e7 \u05d0\u05ea \u05d4\u05d7\u05d5\u05de\u05e8\u05d9\u05dd;&nbsp;<\/span><\/li>\n<li><span style=\"color: rgb(68, 68, 68);\">\u05dc\u05d4\u05e9\u05ea\u05de\u05e9 \u05d1\u05d7\u05d5\u05de\u05e8\u05d9\u05dd \u05dc\u05db\u05dc \u05de\u05d8\u05e8\u05d4 \u05de\u05e1\u05d7\u05e8\u05d9\u05ea \u05d0\u05d5 \u05dc\u05ea\u05e6\u05d5\u05d2\u05d4 \u05e4\u05d5\u05de\u05d1\u05d9\u05ea (\u05de\u05e1\u05d7\u05e8\u05d9\u05ea \u05d0\u05d5 \u05dc\u05d0 \u05de\u05e1\u05d7\u05e8\u05d9\u05ea);&nbsp;<\/span><\/li>\n<li><span style=\"color: rgb(68, 68, 68);\">\u05e0\u05d9\u05e1\u05d9\u05d5\u05df \u05dc\u05d1\u05e6\u05e2 \u05e4\u05d9\u05e8\u05d5\u05e7 \u05d0\u05d5 \u05d4\u05e0\u05d3\u05e1\u05d4 \u05dc\u05d0\u05d7\u05d5\u05e8 \u05e9\u05dc \u05db\u05dc \u05ea\u05d5\u05db\u05e0\u05d4 \u05d4\u05db\u05dc\u05d5\u05dc\u05d4 \u05d1\u05d0\u05ea\u05e8 Lob Viral;&nbsp;<\/span><\/li>\n<li><span style=\"color: rgb(68, 68, 68);\">\u05dc\u05d4\u05e1\u05d9\u05e8 \u05db\u05dc \u05d6\u05db\u05d5\u05d9\u05d5\u05ea \u05d9\u05d5\u05e6\u05e8\u05d9\u05dd \u05d0\u05d5 \u05d4\u05e2\u05e8\u05d5\u05ea \u05e7\u05e0\u05d9\u05d9\u05e0\u05d9\u05d5\u05ea \u05d0\u05d7\u05e8\u05d5\u05ea \u05de\u05d4\u05d7\u05d5\u05de\u05e8\u05d9\u05dd; \u05d0\u05d5&nbsp;<\/span><\/li>\n<li><span style=\"color: rgb(68, 68, 68);\">\u05dc\u05d4\u05e2\u05d1\u05d9\u05e8 \u05d0\u05ea \u05d4\u05d7\u05d5\u05de\u05e8\u05d9\u05dd \u05dc\u05d0\u05d3\u05dd \u05d0\u05d7\u05e8 \u05d0\u05d5 &#039;\u05dc\u05e9\u05e7\u05e3&#039; \u05d0\u05ea \u05d4\u05d7\u05d5\u05de\u05e8\u05d9\u05dd \u05d1\u05db\u05dc \u05e9\u05e8\u05ea \u05d0\u05d7\u05e8.<\/span><\/li>\n<\/ol>\n<p><span style=\"color: rgb(68, 68, 68);\">\u05e8\u05d9\u05e9\u05d9\u05d5\u05df \u05d6\u05d4 \u05d9\u05e1\u05ea\u05d9\u05d9\u05dd \u05d0\u05d5\u05d8\u05d5\u05de\u05d8\u05d9\u05ea \u05d0\u05dd \u05ea\u05e4\u05e8 \u05d0\u05d7\u05ea \u05de\u05d4\u05d2\u05d1\u05dc\u05d5\u05ea \u05d0\u05dc\u05d4, \u05d5-Lob Viral \u05e8\u05e9\u05d0\u05d9 \u05dc\u05e1\u05d9\u05d9\u05dd \u05d0\u05d5\u05ea\u05d5 \u05d1\u05db\u05dc \u05e2\u05ea. \u05e2\u05dd \u05e1\u05d9\u05d5\u05dd \u05d4\u05e6\u05e4\u05d9\u05d9\u05d4 \u05d1\u05d7\u05d5\u05de\u05e8\u05d9\u05dd \u05d0\u05dc\u05d4 \u05d0\u05d5 \u05e2\u05dd \u05e1\u05d9\u05d5\u05dd \u05e8\u05d9\u05e9\u05d9\u05d5\u05df \u05d6\u05d4, \u05e2\u05dc\u05d9\u05da \u05dc\u05d4\u05e9\u05de\u05d9\u05d3 \u05d0\u05ea \u05db\u05dc \u05d4\u05d7\u05d5\u05de\u05e8\u05d9\u05dd \u05e9\u05d4\u05d5\u05e8\u05d3\u05d5 \u05e9\u05d1\u05e8\u05e9\u05d5\u05ea\u05da, \u05d1\u05d9\u05df \u05d0\u05dd \u05d1\u05e4\u05d5\u05e8\u05de\u05d8 \u05d0\u05dc\u05e7\u05d8\u05e8\u05d5\u05e0\u05d9 \u05d0\u05d5 \u05de\u05d5\u05d3\u05e4\u05e1.<\/span><\/p>\n<h2><span style=\"color: rgb(68, 68, 68);\">3. \u05d4\u05e6\u05d4\u05e8\u05ea \u05d0\u05d7\u05e8\u05d9\u05d5\u05ea<\/span><\/h2>\n<ol>\n<li><span style=\"color: rgb(68, 68, 68);\">\u05d4\u05d7\u05d5\u05de\u05e8\u05d9\u05dd \u05d1\u05d0\u05ea\u05e8 \u05d4\u05d0\u05d9\u05e0\u05d8\u05e8\u05e0\u05d8 \u05e9\u05dc Lob Viral \u05de\u05e1\u05d5\u05e4\u05e7\u05d9\u05dd &quot;\u05db\u05e4\u05d9 \u05e9\u05d4\u05dd&quot;. Lob Viral \u05d0\u05d9\u05e0\u05d4 \u05e0\u05d5\u05ea\u05e0\u05ea \u05d0\u05d7\u05e8\u05d9\u05d5\u05ea, \u05de\u05e4\u05d5\u05e8\u05e9\u05ea \u05d0\u05d5 \u05de\u05e9\u05ea\u05de\u05e2\u05ea, \u05d5\u05d1\u05d4\u05ea\u05d0\u05dd \u05dc\u05db\u05da \u05de\u05ea\u05e0\u05e2\u05e8\u05ea \u05d5\u05de\u05d1\u05d8\u05dc\u05ea \u05de\u05db\u05dc \u05d0\u05d7\u05e8\u05d9\u05d5\u05ea \u05d0\u05d7\u05e8\u05ea, \u05dc\u05e8\u05d1\u05d5\u05ea, \u05d5\u05de\u05d1\u05dc\u05d9 \u05dc\u05d2\u05e8\u05d5\u05e2 \u05de\u05db\u05dc\u05dc\u05d9\u05d5\u05ea \u05d4\u05d0\u05de\u05d5\u05e8, \u05d0\u05d7\u05e8\u05d9\u05d5\u05ea \u05d0\u05d5 \u05ea\u05e0\u05d0\u05d9\u05dd \u05de\u05e9\u05ea\u05de\u05e2\u05d9\u05dd \u05dc\u05e1\u05d7\u05d9\u05e8\u05d5\u05ea, \u05d4\u05ea\u05d0\u05de\u05d4 \u05dc\u05de\u05d8\u05e8\u05d4 \u05de\u05e1\u05d5\u05d9\u05de\u05ea, \u05d0\u05d5 \u05d0\u05d9-\u05d4\u05e4\u05e8\u05d4 \u05e9\u05dc \u05e7\u05e0\u05d9\u05d9\u05df \u05e8\u05d5\u05d7\u05e0\u05d9 \u05d0\u05d5 \u05d4\u05e4\u05e8\u05d4 \u05d0\u05d7\u05e8\u05ea \u05e9\u05dc \u05d6\u05db\u05d5\u05d9\u05d5\u05ea.<\/span><\/li>\n<li><span style=\"color: rgb(68, 68, 68);\">\u05d9\u05ea\u05e8 \u05e2\u05dc \u05db\u05df, Lob Viral \u05d0\u05d9\u05e0\u05d4 \u05de\u05ea\u05d7\u05d9\u05d9\u05d1\u05ea \u05d0\u05d5 \u05e0\u05d5\u05ea\u05e0\u05ea \u05db\u05dc \u05de\u05e6\u05d2 \u05d1\u05e0\u05d5\u05d2\u05e2 \u05dc\u05d3\u05d9\u05d5\u05e7, \u05dc\u05ea\u05d5\u05e6\u05d0\u05d5\u05ea \u05d4\u05e6\u05e4\u05d5\u05d9\u05d5\u05ea \u05d0\u05d5 \u05dc\u05d0\u05de\u05d9\u05e0\u05d5\u05ea \u05d4\u05e9\u05d9\u05de\u05d5\u05e9 \u05d1\u05d7\u05d5\u05de\u05e8\u05d9\u05dd \u05d1\u05d0\u05ea\u05e8 \u05d4\u05d0\u05d9\u05e0\u05d8\u05e8\u05e0\u05d8 \u05e9\u05dc\u05d4 \u05d0\u05d5 \u05d1\u05db\u05dc \u05d3\u05e8\u05da \u05d0\u05d7\u05e8\u05ea \u05d4\u05e7\u05e9\u05d5\u05e8\u05d4 \u05dc\u05d7\u05d5\u05de\u05e8\u05d9\u05dd \u05db\u05d0\u05dc\u05d4 \u05d0\u05d5 \u05d1\u05db\u05dc \u05d0\u05ea\u05e8 \u05d4\u05de\u05e7\u05d5\u05e9\u05e8 \u05dc\u05d0\u05ea\u05e8 \u05d6\u05d4.<\/span><\/li>\n<\/ol>\n<h2><span style=\"color: rgb(68, 68, 68);\">4. \u05de\u05d2\u05d1\u05dc\u05d5\u05ea<\/span><\/h2>\n<p><span style=\"color: rgb(68, 68, 68);\">\u05d1\u05e9\u05d5\u05dd \u05de\u05e7\u05e8\u05d4 \u05dc\u05d0 \u05d9\u05d4\u05d9\u05d5 \u05dc\u05d5\u05d1 \u05d5\u05d9\u05e8\u05d0\u05dc \u05d0\u05d5 \u05e1\u05e4\u05e7\u05d9\u05d4 \u05d0\u05d7\u05e8\u05d0\u05d9\u05dd \u05dc\u05db\u05dc \u05e0\u05d6\u05e7 (\u05dc\u05e8\u05d1\u05d5\u05ea, \u05d5\u05de\u05d1\u05dc\u05d9 \u05dc\u05d2\u05e8\u05d5\u05e2 \u05de\u05db\u05dc\u05dc\u05d9\u05d5\u05ea \u05d4\u05d0\u05de\u05d5\u05e8, \u05e0\u05d6\u05e7\u05d9\u05dd \u05d1\u05d2\u05d9\u05df \u05d0\u05d5\u05d1\u05d3\u05df \u05e0\u05ea\u05d5\u05e0\u05d9\u05dd \u05d0\u05d5 \u05e8\u05d5\u05d5\u05d7, \u05d0\u05d5 \u05e2\u05e7\u05d1 \u05d4\u05e4\u05e8\u05e2\u05d4 \u05e2\u05e1\u05e7\u05d9\u05ea) \u05d4\u05e0\u05d5\u05d1\u05e2\u05d9\u05dd \u05de\u05e9\u05d9\u05de\u05d5\u05e9 \u05d0\u05d5 \u05d7\u05d5\u05e1\u05e8 \u05d9\u05db\u05d5\u05dc\u05ea \u05dc\u05d4\u05e9\u05ea\u05de\u05e9 \u05d1\u05d7\u05d5\u05de\u05e8\u05d9\u05dd \u05d4\u05de\u05d5\u05e4\u05d9\u05e2\u05d9\u05dd \u05d1-Lob Viral, \u05d2\u05dd \u05d0\u05dd \u05dc\u05d5\u05d1 \u05d5\u05d9\u05e8\u05d0\u05dc \u05d0\u05d5 \u05e0\u05e6\u05d9\u05d2 \u05de\u05d5\u05e8\u05e9\u05d4 \u05e9\u05dc \u05dc\u05d5\u05d1 \u05d5\u05d9\u05e8\u05d0\u05dc \u05e7\u05d9\u05d1\u05dc\u05d5 \u05d4\u05d5\u05d3\u05e2\u05d4 \u05d1\u05e2\u05dc \u05e4\u05d4 \u05d0\u05d5 \u05d1\u05db\u05ea\u05d1 \u05e2\u05dc \u05d4\u05d0\u05e4\u05e9\u05e8\u05d5\u05ea \u05e9\u05dc \u05e0\u05d6\u05e7\u05d9\u05dd \u05db\u05d0\u05dc\u05d4. \u05de\u05db\u05d9\u05d5\u05d5\u05df \u05e9\u05d7\u05dc\u05e7 \u05de\u05ea\u05d7\u05d5\u05de\u05d9 \u05d4\u05e9\u05d9\u05e4\u05d5\u05d8 \u05d0\u05d9\u05e0\u05dd \u05de\u05ea\u05d9\u05e8\u05d9\u05dd \u05d4\u05d2\u05d1\u05dc\u05d5\u05ea \u05e2\u05dc \u05d0\u05d7\u05e8\u05d9\u05d5\u05ea \u05de\u05e9\u05ea\u05de\u05e2\u05ea, \u05d0\u05d5 \u05d4\u05d2\u05d1\u05dc\u05d5\u05ea \u05e2\u05dc \u05d0\u05d7\u05e8\u05d9\u05d5\u05ea \u05dc\u05e0\u05d6\u05e7\u05d9\u05dd \u05ea\u05d5\u05e6\u05d0\u05ea\u05d9\u05d9\u05dd \u05d0\u05d5 \u05de\u05e7\u05e8\u05d9\u05d9\u05dd, \u05d9\u05d9\u05ea\u05db\u05df \u05e9\u05de\u05d2\u05d1\u05dc\u05d5\u05ea \u05d0\u05dc\u05d4 \u05dc\u05d0 \u05d9\u05d7\u05d5\u05dc\u05d5 \u05e2\u05dc\u05d9\u05da.<\/span><\/p>\n<h2><span style=\"color: rgb(68, 68, 68);\">5. \u05d3\u05d9\u05d5\u05e7 \u05d7\u05d5\u05de\u05e8\u05d9\u05dd<\/span><\/h2>\n<p><span style=\"color: rgb(68, 68, 68);\">\u05d4\u05d7\u05d5\u05de\u05e8\u05d9\u05dd \u05d4\u05de\u05d5\u05e6\u05d2\u05d9\u05dd \u05d1\u05d0\u05ea\u05e8 \u05d4\u05d0\u05d9\u05e0\u05d8\u05e8\u05e0\u05d8 \u05e9\u05dc \u05dc\u05d5\u05d1 \u05d5\u05d9\u05e8\u05d0\u05dc \u05e2\u05e9\u05d5\u05d9\u05d9\u05dd \u05dc\u05db\u05dc\u05d5\u05dc \u05e9\u05d2\u05d9\u05d0\u05d5\u05ea \u05d8\u05db\u05e0\u05d9\u05d5\u05ea, \u05e9\u05d2\u05d9\u05d0\u05d5\u05ea \u05d3\u05e4\u05d5\u05e1 \u05d0\u05d5 \u05e9\u05d2\u05d9\u05d0\u05d5\u05ea \u05e6\u05d9\u05dc\u05d5\u05dd. \u05dc\u05d5\u05d1 \u05d5\u05d9\u05e8\u05d0\u05dc \u05d0\u05d9\u05e0\u05d4 \u05de\u05ea\u05d7\u05d9\u05d9\u05d1\u05ea \u05e9\u05db\u05dc \u05d7\u05d5\u05de\u05e8 \u05d1\u05d0\u05ea\u05e8 \u05d4\u05d0\u05d9\u05e0\u05d8\u05e8\u05e0\u05d8 \u05e9\u05dc\u05d4 \u05de\u05d3\u05d5\u05d9\u05e7, \u05e9\u05dc\u05dd \u05d0\u05d5 \u05e2\u05d3\u05db\u05e0\u05d9. \u05dc\u05d5\u05d1 \u05d5\u05d9\u05e8\u05d0\u05dc \u05e8\u05e9\u05d0\u05d9\u05ea \u05dc\u05d1\u05e6\u05e2 \u05e9\u05d9\u05e0\u05d5\u05d9\u05d9\u05dd \u05d1\u05d7\u05d5\u05de\u05e8\u05d9\u05dd \u05d4\u05db\u05dc\u05d5\u05dc\u05d9\u05dd \u05d1\u05d0\u05ea\u05e8 \u05d4\u05d0\u05d9\u05e0\u05d8\u05e8\u05e0\u05d8 \u05e9\u05dc\u05d4 \u05d1\u05db\u05dc \u05e2\u05ea \u05dc\u05dc\u05d0 \u05d4\u05d5\u05d3\u05e2\u05d4 \u05de\u05d5\u05e7\u05d3\u05de\u05ea. \u05e2\u05dd \u05d6\u05d0\u05ea, \u05dc\u05d5\u05d1 \u05d5\u05d9\u05e8\u05d0\u05dc \u05d0\u05d9\u05e0\u05d4 \u05de\u05ea\u05d7\u05d9\u05d9\u05d1\u05ea \u05dc\u05e2\u05d3\u05db\u05df \u05d0\u05ea \u05d4\u05d7\u05d5\u05de\u05e8\u05d9\u05dd.<\/span><\/p>\n<h2><span style=\"color: rgb(68, 68, 68);\">6. \u05e7\u05d9\u05e9\u05d5\u05e8\u05d9\u05dd<\/span><\/h2>\n<p><span style=\"color: rgb(68, 68, 68);\">\u05dc\u05d5\u05d1 \u05d5\u05d9\u05e8\u05d0\u05dc \u05dc\u05d0 \u05d1\u05d3\u05e7\u05d4 \u05d0\u05ea \u05db\u05dc \u05d4\u05d0\u05ea\u05e8\u05d9\u05dd \u05d4\u05de\u05e7\u05d5\u05e9\u05e8\u05d9\u05dd \u05dc\u05d0\u05ea\u05e8 \u05e9\u05dc\u05d4 \u05d5\u05d0\u05d9\u05e0\u05d4 \u05d0\u05d7\u05e8\u05d0\u05d9\u05ea \u05dc\u05ea\u05d5\u05db\u05df \u05e9\u05dc \u05d0\u05e3 \u05d0\u05ea\u05e8 \u05de\u05e7\u05d5\u05e9\u05e8. \u05d4\u05db\u05dc\u05dc\u05ea \u05e7\u05d9\u05e9\u05d5\u05e8 \u05db\u05dc\u05e9\u05d4\u05d5 \u05d0\u05d9\u05e0\u05d4 \u05de\u05e8\u05de\u05d6\u05ea \u05e2\u05dc \u05d0\u05d9\u05e9\u05d5\u05e8 \u05d4\u05d0\u05ea\u05e8 \u05e2\u05dc \u05d9\u05d3\u05d9 \u05dc\u05d5\u05d1 \u05d5\u05d9\u05e8\u05d0\u05dc. \u05d4\u05e9\u05d9\u05de\u05d5\u05e9 \u05d1\u05db\u05dc \u05d0\u05ea\u05e8 \u05de\u05e7\u05d5\u05e9\u05e8 \u05d4\u05d5\u05d0 \u05e2\u05dc \u05d0\u05d7\u05e8\u05d9\u05d5\u05ea \u05d4\u05de\u05e9\u05ea\u05de\u05e9 \u05d1\u05dc\u05d1\u05d3.<\/span><\/p>\n<p><\/p>\n<h3><span style=\"color: rgb(68, 68, 68);\">\u05e9\u05d9\u05e0\u05d5\u05d9\u05d9\u05dd<\/span><\/h3>\n<p><span style=\"color: rgb(68, 68, 68);\">\u05dc\u05d5\u05d1 \u05d5\u05d9\u05e8\u05d0\u05dc \u05e8\u05e9\u05d0\u05d9\u05ea \u05dc\u05e9\u05e0\u05d5\u05ea \u05d0\u05ea \u05ea\u05e0\u05d0\u05d9 \u05d4\u05e9\u05d9\u05e8\u05d5\u05ea \u05e9\u05dc \u05d0\u05ea\u05e8 \u05d6\u05d4 \u05d1\u05db\u05dc \u05e2\u05ea \u05dc\u05dc\u05d0 \u05d4\u05d5\u05d3\u05e2\u05d4 \u05de\u05d5\u05e7\u05d3\u05de\u05ea. \u05e2\u05dc \u05d9\u05d3\u05d9 \u05e9\u05d9\u05de\u05d5\u05e9 \u05d1\u05d0\u05ea\u05e8 \u05d6\u05d4, \u05d4\u05e0\u05da \u05de\u05e1\u05db\u05d9\u05dd \u05dc\u05d4\u05d9\u05d5\u05ea \u05de\u05d7\u05d5\u05d9\u05d1 \u05dc\u05d2\u05e8\u05e1\u05d4 \u05d4\u05e0\u05d5\u05db\u05d7\u05d9\u05ea \u05e9\u05dc \u05ea\u05e0\u05d0\u05d9 \u05d4\u05e9\u05d9\u05e8\u05d5\u05ea \u05d4\u05dc\u05dc\u05d5.<\/span><\/p>\n<h3><span style=\"color: rgb(68, 68, 68);\">\u05d4\u05d7\u05d5\u05e7 \u05d4\u05d7\u05dc<\/span><\/h3>\n<p><span style=\"color: rgb(68, 68, 68);\">\u05ea\u05e0\u05d0\u05d9\u05dd \u05d5\u05d4\u05d2\u05d1\u05dc\u05d5\u05ea \u05d0\u05dc\u05d4 \u05db\u05e4\u05d5\u05e4\u05d9\u05dd \u05dc\u05d7\u05d5\u05e7\u05d9 Lob Viral \u05d5\u05de\u05e4\u05d5\u05e8\u05e9\u05d9\u05dd \u05e2\u05dc \u05e4\u05d9\u05d4\u05dd, \u05d5\u05d0\u05ea\u05d4 \u05de\u05e1\u05db\u05d9\u05dd \u05d1\u05d0\u05d5\u05e4\u05df \u05d1\u05dc\u05ea\u05d9 \u05d4\u05e4\u05d9\u05da \u05dc\u05e1\u05de\u05db\u05d5\u05ea \u05d4\u05e9\u05d9\u05e4\u05d5\u05d8 \u05d4\u05d1\u05dc\u05e2\u05d3\u05d9\u05ea \u05e9\u05dc \u05d1\u05ea\u05d9 \u05d4\u05de\u05e9\u05e4\u05d8 \u05d1\u05d0\u05d5\u05ea\u05d4 \u05de\u05d3\u05d9\u05e0\u05d4 \u05d0\u05d5 \u05d0\u05d5\u05ea\u05d4 \u05d9\u05d9\u05e9\u05d5\u05d1.<\/span><\/p>","protected":false},"excerpt":{"rendered":"<p>1. Termos Ao acessar ao site Lob Viral, concorda em cumprir estes termos de servi\u00e7o, todas as leis e regulamentos aplic\u00e1veis \u200b\u200be concorda que \u00e9 respons\u00e1vel pelo cumprimento de todas as leis locais aplic\u00e1veis. Se voc\u00ea n\u00e3o concordar com algum desses termos, est\u00e1 proibido de usar ou acessar este site. Os materiais contidos neste site [&hellip;]<\/p>","protected":false},"author":1,"featured_media":0,"parent":0,"menu_order":0,"comment_status":"closed","ping_status":"closed","template":"","meta":{"footnotes":""},"class_list":["post-119","page","type-page","status-publish"],"_links":{"self":[{"href":"https:\/\/lobviral.com\/he\/wp-json\/wp\/v2\/pages\/119","targetHints":{"allow":["GET"]}}],"collection":[{"href":"https:\/\/lobviral.com\/he\/wp-json\/wp\/v2\/pages"}],"about":[{"href":"https:\/\/lobviral.com\/he\/wp-json\/wp\/v2\/types\/page"}],"author":[{"embeddable":true,"href":"https:\/\/lobviral.com\/he\/wp-json\/wp\/v2\/users\/1"}],"replies":[{"embeddable":true,"href":"https:\/\/lobviral.com\/he\/wp-json\/wp\/v2\/comments?post=119"}],"version-history":[{"count":1,"href":"https:\/\/lobviral.com\/he\/wp-json\/wp\/v2\/pages\/119\/revisions"}],"predecessor-version":[{"id":120,"href":"https:\/\/lobviral.com\/he\/wp-json\/wp\/v2\/pages\/119\/revisions\/120"}],"wp:attachment":[{"href":"https:\/\/lobviral.com\/he\/wp-json\/wp\/v2\/media?parent=119"}],"curies":[{"name":"wp","href":"https:\/\/api.w.org\/{rel}","templated":true}]}}