{"id":121,"date":"2026-01-22T03:04:46","date_gmt":"2026-01-22T03:04:46","guid":{"rendered":"https:\/\/lobviral.com\/?page_id=121"},"modified":"2026-01-22T03:04:46","modified_gmt":"2026-01-22T03:04:46","slug":"%d7%94%d7%a6%d7%94%d7%a8%d7%aa-%d7%90%d7%97%d7%a8%d7%99%d7%95%d7%aa","status":"publish","type":"page","link":"https:\/\/lobviral.com\/he\/%d7%94%d7%a6%d7%94%d7%a8%d7%aa-%d7%90%d7%97%d7%a8%d7%99%d7%95%d7%aa\/","title":{"rendered":"\u05d4\u05e6\u05d4\u05e8\u05ea \u05d0\u05d7\u05e8\u05d9\u05d5\u05ea"},"content":{"rendered":"<p>\u05d4\u05de\u05d9\u05d3\u05e2 \u05d4\u05d6\u05de\u05d9\u05df \u05d1\u05d0\u05ea\u05e8 \u05d4\u05d0\u05d9\u05e0\u05d8\u05e8\u05e0\u05d8\u00a0<strong>\u05dc\u05d5\u05d1 \u05d5\u05d9\u05e8\u05d0\u05dc\u05d9<\/strong>\u00a0\u05d9\u05e9 \u05d0\u05d5\u05e4\u05d9\u00a0<strong>\u05dc\u05de\u05d8\u05e8\u05d5\u05ea \u05de\u05d9\u05d3\u05e2 \u05d1\u05dc\u05d1\u05d3.<\/strong>. \u05de\u05d8\u05e8\u05ea\u05e0\u05d5 \u05d4\u05d9\u05d0 \u05dc\u05d4\u05e6\u05d9\u05d2 \u05ea\u05d5\u05db\u05df, \u05e0\u05d9\u05ea\u05d5\u05d7\u05d9\u05dd \u05d5\u05d4\u05de\u05dc\u05e6\u05d5\u05ea \u05e2\u05d1\u05d5\u05e8 \u05d9\u05d9\u05e9\u05d5\u05de\u05d9\u05dd, \u05e9\u05d9\u05e8\u05d5\u05ea\u05d9\u05dd \u05d5\u05db\u05dc\u05d9\u05dd \u05e9\u05d9\u05db\u05d5\u05dc\u05d9\u05dd \u05dc\u05e1\u05d9\u05d9\u05e2 \u05dc\u05de\u05e9\u05ea\u05de\u05e9\u05d9\u05dd \u05d1\u05d7\u05d9\u05e4\u05d5\u05e9 \u05d0\u05d7\u05e8 \u05d4\u05d6\u05d3\u05de\u05e0\u05d5\u05d9\u05d5\u05ea, \u05e4\u05e8\u05d5\u05d3\u05d5\u05e7\u05d8\u05d9\u05d1\u05d9\u05d5\u05ea \u05d5\u05e4\u05ea\u05e8\u05d5\u05e0\u05d5\u05ea \u05d3\u05d9\u05d2\u05d9\u05d8\u05dc\u05d9\u05d9\u05dd.<\/p>\n\n\n\n<h3 class=\"wp-block-heading\">\u05d0\u05d9\u05e0\u05e0\u05d5 \u05de\u05e6\u05d9\u05e2\u05d9\u05dd \u05e9\u05d5\u05dd \u05e2\u05e8\u05d1\u05d5\u05d9\u05d5\u05ea.<\/h3>\n\n\n\n<p>O\u00a0<strong><strong>\u05dc\u05d5\u05d1 \u05d5\u05d9\u05e8\u05d0\u05dc\u05d9<\/strong><\/strong>\u00a0<strong>\u05dc\u05d0 \u05de\u05d1\u05d8\u05d9\u05d7<\/strong>\u00a0\u05ea\u05d5\u05e6\u05d0\u05d5\u05ea, \u05e8\u05d5\u05d5\u05d7\u05d9\u05dd \u05db\u05e1\u05e4\u05d9\u05d9\u05dd, \u05d2\u05d9\u05d5\u05e1 \u05e2\u05d5\u05d1\u05d3\u05d9\u05dd, \u05d4\u05db\u05e0\u05e1\u05d4 \u05d0\u05d5 \u05db\u05dc \u05e1\u05d5\u05d2 \u05e1\u05e4\u05e6\u05d9\u05e4\u05d9 \u05e9\u05dc \u05ea\u05d5\u05e2\u05dc\u05ea \u05de\u05e9\u05d9\u05de\u05d5\u05e9 \u05d1\u05de\u05d9\u05d3\u05e2, \u05d1\u05d0\u05e4\u05dc\u05d9\u05e7\u05e6\u05d9\u05d5\u05ea \u05d0\u05d5 \u05d1\u05e9\u05d9\u05e8\u05d5\u05ea\u05d9\u05dd \u05d4\u05de\u05d5\u05d6\u05db\u05e8\u05d9\u05dd \u05d1\u05d0\u05ea\u05e8. \u05d4\u05ea\u05d5\u05e6\u05d0\u05d5\u05ea \u05e2\u05e9\u05d5\u05d9\u05d5\u05ea \u05dc\u05d4\u05e9\u05ea\u05e0\u05d5\u05ea \u05d1\u05d4\u05ea\u05d0\u05dd \u05dc\u05d2\u05d5\u05e8\u05de\u05d9\u05dd \u05d0\u05d9\u05e9\u05d9\u05d9\u05dd, \u05d0\u05d6\u05d5\u05e8\u05d9\u05d9\u05dd \u05d5\u05e0\u05e1\u05d9\u05d1\u05d5\u05ea\u05d9\u05d9\u05dd.<\/p>\n\n\n\n<h3 class=\"wp-block-heading\">\u05d9\u05d9\u05e9\u05d5\u05de\u05d9\u05dd \u05d5\u05e9\u05d9\u05e8\u05d5\u05ea\u05d9\u05dd \u05e9\u05dc \u05e6\u05d3 \u05e9\u05dc\u05d9\u05e9\u05d9<\/h3>\n\n\n\n<p>\u05d4\u05d0\u05ea\u05e8 \u05e2\u05e9\u05d5\u05d9 \u05dc\u05d4\u05db\u05d9\u05dc \u05e7\u05d9\u05e9\u05d5\u05e8\u05d9\u05dd, \u05d4\u05de\u05dc\u05e6\u05d5\u05ea \u05d0\u05d5 \u05d0\u05d6\u05db\u05d5\u05e8\u05d9\u05dd \u05e9\u05dc&nbsp;<strong>\u05d0\u05e4\u05dc\u05d9\u05e7\u05e6\u05d9\u05d5\u05ea, \u05e4\u05dc\u05d8\u05e4\u05d5\u05e8\u05de\u05d5\u05ea \u05d5\u05e9\u05d9\u05e8\u05d5\u05ea\u05d9\u05dd \u05e9\u05dc \u05e6\u05d3 \u05e9\u05dc\u05d9\u05e9\u05d9<\/strong>. \u05d0\u05d9\u05df \u05dc\u05e0\u05d5 \u05e9\u05dc\u05d9\u05d8\u05d4 \u05e2\u05dc \u05d4\u05ea\u05e4\u05e2\u05d5\u05dc, \u05d4\u05de\u05d3\u05d9\u05e0\u05d9\u05d5\u05ea, \u05d4\u05ea\u05de\u05d7\u05d5\u05e8, \u05d4\u05d6\u05de\u05d9\u05e0\u05d5\u05ea \u05d0\u05d5 \u05d4\u05d0\u05d1\u05d8\u05d7\u05d4 \u05e9\u05dc \u05e9\u05d9\u05e8\u05d5\u05ea\u05d9\u05dd \u05d0\u05dc\u05d4. \u05db\u05dc \u05d0\u05d9\u05e0\u05d8\u05e8\u05d0\u05e7\u05e6\u05d9\u05d4, \u05d4\u05e8\u05e9\u05de\u05d4 \u05d0\u05d5 \u05e9\u05d9\u05de\u05d5\u05e9 \u05d4\u05dd \u05e2\u05dc \u05d0\u05d7\u05e8\u05d9\u05d5\u05ea\u05da \u05d1\u05dc\u05d1\u05d3.&nbsp;<strong>\u05d1\u05d0\u05d7\u05e8\u05d9\u05d5\u05ea\u05d5 \u05d4\u05d1\u05dc\u05e2\u05d3\u05d9\u05ea \u05e9\u05dc \u05d4\u05de\u05e9\u05ea\u05de\u05e9<\/strong>.<\/p>\n\n\n\n<p>\u05d0\u05e0\u05d5 \u05ea\u05de\u05d9\u05d3 \u05de\u05de\u05dc\u05d9\u05e6\u05d9\u05dd \u05dc\u05de\u05e9\u05ea\u05de\u05e9:<\/p>\n\n\n\n<ul class=\"wp-block-list\">\n<li>\u05e7\u05e8\u05d0 \u05d0\u05ea \u05ea\u05e0\u05d0\u05d9 \u05d4\u05e9\u05d9\u05de\u05d5\u05e9 \u05d5\u05de\u05d3\u05d9\u05e0\u05d9\u05d5\u05ea \u05d4\u05e4\u05e8\u05d8\u05d9\u05d5\u05ea \u05e9\u05dc \u05d4\u05d0\u05e4\u05dc\u05d9\u05e7\u05e6\u05d9\u05d5\u05ea;<\/li>\n\n\n\n<li>\u05d1\u05d3\u05e7\u05d5 \u05d1\u05d9\u05e7\u05d5\u05e8\u05d5\u05ea \u05d1\u05d7\u05e0\u05d5\u05d9\u05d5\u05ea \u05d0\u05e4\u05dc\u05d9\u05e7\u05e6\u05d9\u05d5\u05ea \u05e8\u05e9\u05de\u05d9\u05d5\u05ea (Google Play, App Store);<\/li>\n\n\n\n<li>\u05d1\u05d3\u05e7\u05d5 \u05d4\u05d0\u05dd \u05d4\u05e9\u05d9\u05e8\u05d5\u05ea \u05e2\u05d5\u05e0\u05d4 \u05e2\u05dc \u05e6\u05e8\u05db\u05d9\u05db\u05dd \u05dc\u05e4\u05e0\u05d9 \u05d4\u05e9\u05d9\u05de\u05d5\u05e9 \u05d1\u05d5.<\/li>\n<\/ul>\n\n\n\n<h3 class=\"wp-block-heading\">\u05d4\u05e6\u05d4\u05e8\u05ea \u05d0\u05d7\u05e8\u05d9\u05d5\u05ea \u05de\u05e9\u05e4\u05d8\u05d9\u05ea \u05d5\u05de\u05e7\u05e6\u05d5\u05e2\u05d9\u05ea<\/h3>\n\n\n\n<p>\u05d4\u05ea\u05d5\u05db\u05df \u05e9\u05e4\u05d5\u05e8\u05e1\u05dd \u05d1\u00a0<strong><strong>\u05dc\u05d5\u05d1 \u05d5\u05d9\u05e8\u05d0\u05dc\u05d9<\/strong><\/strong>\u00a0<strong>\u05d6\u05d4 \u05dc\u05d0 \u05de\u05d7\u05dc\u05d9\u05e3 \u05d9\u05d9\u05e2\u05d5\u05e5 \u05de\u05e7\u05e6\u05d5\u05e2\u05d9.<\/strong>, \u05d1\u05d9\u05df \u05d0\u05dd \u05de\u05d3\u05d5\u05d1\u05e8 \u05d1\u05e2\u05e0\u05d9\u05d9\u05e0\u05d9\u05dd \u05de\u05e9\u05e4\u05d8\u05d9\u05d9\u05dd, \u05e4\u05d9\u05e0\u05e0\u05e1\u05d9\u05d9\u05dd, \u05d7\u05e9\u05d1\u05d5\u05e0\u05d0\u05d9\u05d9\u05dd, \u05e2\u05d1\u05d5\u05d3\u05d4 \u05d0\u05d5 \u05d8\u05db\u05e0\u05d9\u05d9\u05dd, \u05ea\u05de\u05d9\u05d3 \u05e4\u05e0\u05d5 \u05dc\u05d0\u05d9\u05e9 \u05de\u05e7\u05e6\u05d5\u05e2 \u05de\u05d5\u05e1\u05de\u05da \u05dc\u05e7\u05d1\u05dc\u05ea \u05d4\u05d7\u05dc\u05d8\u05d5\u05ea \u05d7\u05e9\u05d5\u05d1\u05d5\u05ea.<\/p>\n\n\n\n<h3 class=\"wp-block-heading\">\u05e4\u05e8\u05e1\u05d5\u05dd \u05d5\u05de\u05d5\u05e0\u05d8\u05d9\u05d6\u05e6\u05d9\u05d4<\/h3>\n\n\n\n<p>\u05d4\u05d0\u05ea\u05e8\u00a0<strong>\u05dc\u05d5\u05d1 \u05d5\u05d9\u05e8\u05d0\u05dc\u05d9<\/strong> \u05e0\u05d9\u05ea\u05df \u05dc\u05d4\u05e4\u05d9\u05e7 \u05de\u05de\u05e0\u05d5 \u05e8\u05d5\u05d5\u05d7\u05d9\u05dd \u05d1\u05d0\u05de\u05e6\u05e2\u05d5\u05ea:<\/p>\n\n\n\n<ul class=\"wp-block-list\">\n<li>\u05e4\u05e8\u05e1\u05d5\u05de\u05d5\u05ea (\u05db\u05d2\u05d5\u05df \u05d2\u05d5\u05d2\u05dc \u05d0\u05d3\u05e1\u05e0\u05e1);<\/li>\n\n\n\n<li>\u05e7\u05d9\u05e9\u05d5\u05e8\u05d9\u05dd \u05de\u05de\u05d5\u05de\u05e0\u05d9\u05dd;<\/li>\n\n\n\n<li>\u05e9\u05d5\u05ea\u05e4\u05d5\u05d9\u05d5\u05ea \u05d0\u05d5 \u05ea\u05d5\u05db\u05e0\u05d9\u05d5\u05ea \u05e9\u05d5\u05ea\u05e4\u05d9\u05dd.<\/li>\n<\/ul>\n\n\n\n<p>\u05de\u05e9\u05de\u05e2\u05d5\u05ea \u05d4\u05d3\u05d1\u05e8 \u05d4\u05d9\u05d0 \u05e9\u05d0\u05e0\u05d7\u05e0\u05d5 \u05d9\u05db\u05d5\u05dc\u05d9\u05dd \u05dc\u05e7\u05d1\u05dc \u05e2\u05de\u05dc\u05d5\u05ea \u05db\u05d0\u05e9\u05e8 \u05de\u05e9\u05ea\u05de\u05e9 \u05dc\u05d5\u05d7\u05e5 \u05e2\u05dc \u05de\u05d5\u05d3\u05e2\u05d5\u05ea \u05d0\u05d5 \u05de\u05e9\u05ea\u05de\u05e9 \u05d1\u05e7\u05d9\u05e9\u05d5\u05e8\u05d9\u05dd \u05de\u05e1\u05d5\u05d9\u05de\u05d9\u05dd.,&nbsp;<strong>\u05dc\u05dc\u05d0 \u05e2\u05dc\u05d5\u05ea \u05e0\u05d5\u05e1\u05e4\u05ea \u05dc\u05de\u05e9\u05ea\u05de\u05e9.<\/strong>. \u05e9\u05d5\u05ea\u05e4\u05d5\u05d9\u05d5\u05ea \u05d0\u05dc\u05d4 \u05d0\u05d9\u05e0\u05df \u05de\u05e9\u05e4\u05d9\u05e2\u05d5\u05ea \u05e2\u05dc \u05db\u05d5\u05d5\u05e0\u05ea\u05e0\u05d5 \u05dc\u05d4\u05e6\u05d9\u05e2 \u05ea\u05d5\u05db\u05df \u05d1\u05e8\u05d5\u05e8 \u05d5\u05e8\u05dc\u05d5\u05d5\u05e0\u05d8\u05d9.<\/p>\n\n\n\n<h3 class=\"wp-block-heading\">\u05e2\u05d3\u05db\u05d5\u05df \u05de\u05d9\u05d3\u05e2<\/h3>\n\n\n\n<p>\u05d4\u05de\u05d9\u05d3\u05e2 \u05d1\u05d0\u05ea\u05e8 \u05d4\u05d0\u05d9\u05e0\u05d8\u05e8\u05e0\u05d8 \u05d9\u05db\u05d5\u05dc \u05dc\u05d4\u05d9\u05d5\u05ea&nbsp;<strong>\u05e9\u05d5\u05e0\u05d4, \u05e2\u05d5\u05d3\u05db\u05df \u05d0\u05d5 \u05d4\u05d5\u05e1\u05e8 \u05d1\u05db\u05dc \u05e2\u05ea<\/strong>, \u05dc\u05dc\u05d0 \u05d4\u05d5\u05d3\u05e2\u05d4 \u05de\u05d5\u05e7\u05d3\u05de\u05ea. \u05d0\u05d9\u05e0\u05e0\u05d5 \u05de\u05ea\u05d7\u05d9\u05d9\u05d1\u05d9\u05dd \u05e9\u05db\u05dc \u05d4\u05ea\u05d5\u05db\u05df \u05d9\u05d4\u05d9\u05d4 \u05ea\u05de\u05d9\u05d3 \u05de\u05e2\u05d5\u05d3\u05db\u05df \u05dc\u05d7\u05dc\u05d5\u05d8\u05d9\u05df, \u05de\u05db\u05d9\u05d5\u05d5\u05df \u05e9\u05d0\u05e4\u05dc\u05d9\u05e7\u05e6\u05d9\u05d5\u05ea \u05d5\u05e9\u05d9\u05e8\u05d5\u05ea\u05d9\u05dd \u05e2\u05e9\u05d5\u05d9\u05d9\u05dd \u05dc\u05e9\u05e0\u05d5\u05ea \u05d0\u05ea \u05d4\u05db\u05dc\u05dc\u05d9\u05dd \u05e9\u05dc\u05d4\u05dd \u05dc\u05e2\u05ea\u05d9\u05dd \u05e7\u05e8\u05d5\u05d1\u05d5\u05ea.<\/p>\n\n\n\n<h3 class=\"wp-block-heading\">\u05d4\u05d2\u05d1\u05dc\u05ea \u05d0\u05d7\u05e8\u05d9\u05d5\u05ea<\/h3>\n\n\n\n<p>O\u00a0<strong><strong>\u05dc\u05d5\u05d1 \u05d5\u05d9\u05e8\u05d0\u05dc\u05d9<\/strong><\/strong>\u00a0\u05d0\u05d9\u05e0\u05d5 \u05d0\u05d7\u05e8\u05d0\u05d9 \u05e2\u05dc:<\/p>\n\n\n\n<ul class=\"wp-block-list\">\n<li>\u05d4\u05e4\u05e1\u05d3\u05d9\u05dd \u05db\u05e1\u05e4\u05d9\u05d9\u05dd;<\/li>\n\n\n\n<li>\u05d1\u05e2\u05d9\u05d5\u05ea \u05d8\u05db\u05e0\u05d9\u05d5\u05ea;<\/li>\n\n\n\n<li>\u05db\u05e9\u05dc\u05d9\u05dd \u05e9\u05dc \u05d0\u05e4\u05dc\u05d9\u05e7\u05e6\u05d9\u05d5\u05ea \u05e6\u05d3 \u05e9\u05dc\u05d9\u05e9\u05d9;<\/li>\n\n\n\n<li>\u05e0\u05d6\u05e7\u05d9\u05dd \u05d9\u05e9\u05d9\u05e8\u05d9\u05dd \u05d0\u05d5 \u05e2\u05e7\u05d9\u05e4\u05d9\u05dd \u05d4\u05e0\u05d5\u05d1\u05e2\u05d9\u05dd \u05de\u05e9\u05d9\u05de\u05d5\u05e9 \u05d1\u05de\u05d9\u05d3\u05e2 \u05de\u05d4\u05d0\u05ea\u05e8.<\/li>\n<\/ul>\n\n\n\n<p>\u05d4\u05e9\u05d9\u05de\u05d5\u05e9 \u05d1\u05d0\u05ea\u05e8 \u05de\u05e8\u05de\u05d6&nbsp;<strong>\u05e7\u05d1\u05dc\u05d4 \u05de\u05dc\u05d0\u05d4 \u05e9\u05dc \u05d4\u05e6\u05d4\u05e8\u05ea \u05d5\u05d9\u05ea\u05d5\u05e8 \u05d6\u05d5<\/strong>.<\/p>\n\n\n\n<h3 class=\"wp-block-heading\">\u05de\u05b7\u05d2\u05b8\u05e2<\/h3>\n\n\n\n<p>\u05d0\u05dd \u05d9\u05e9 \u05dc\u05db\u05dd \u05e9\u05d0\u05dc\u05d5\u05ea, \u05d4\u05e6\u05e2\u05d5\u05ea, \u05d0\u05d5 \u05e9\u05d0\u05ea\u05dd \u05e8\u05d5\u05e6\u05d9\u05dd \u05dc\u05d3\u05d5\u05d5\u05d7 \u05e2\u05dc \u05ea\u05d5\u05db\u05df \u05db\u05dc\u05e9\u05d4\u05d5, \u05d0\u05e0\u05d0 \u05e6\u05e8\u05d5 \u05e2\u05de\u05e0\u05d5 \u05e7\u05e9\u05e8 \u05d3\u05e8\u05da \u05d3\u05e3 \u05d9\u05e6\u05d9\u05e8\u05ea \u05d4\u05e7\u05e9\u05e8 \u05e9\u05dc \u05d4\u05d0\u05ea\u05e8.<\/p>","protected":false},"excerpt":{"rendered":"<p>As informa\u00e7\u00f5es disponibilizadas no site\u00a0Lob Viral\u00a0t\u00eam car\u00e1ter\u00a0exclusivamente informativo. Nosso objetivo \u00e9 apresentar conte\u00fados, an\u00e1lises e indica\u00e7\u00f5es de aplicativos, servi\u00e7os e ferramentas que possam auxiliar usu\u00e1rios na busca por oportunidades, produtividade e solu\u00e7\u00f5es digitais. N\u00e3o oferecemos garantias O\u00a0Lob Viral\u00a0n\u00e3o garante\u00a0resultados, ganhos financeiros, contrata\u00e7\u00f5es, rendimentos ou qualquer tipo de benef\u00edcio espec\u00edfico a partir do uso das informa\u00e7\u00f5es, [&hellip;]<\/p>","protected":false},"author":1,"featured_media":0,"parent":0,"menu_order":0,"comment_status":"closed","ping_status":"closed","template":"","meta":{"footnotes":""},"class_list":["post-121","page","type-page","status-publish"],"_links":{"self":[{"href":"https:\/\/lobviral.com\/he\/wp-json\/wp\/v2\/pages\/121","targetHints":{"allow":["GET"]}}],"collection":[{"href":"https:\/\/lobviral.com\/he\/wp-json\/wp\/v2\/pages"}],"about":[{"href":"https:\/\/lobviral.com\/he\/wp-json\/wp\/v2\/types\/page"}],"author":[{"embeddable":true,"href":"https:\/\/lobviral.com\/he\/wp-json\/wp\/v2\/users\/1"}],"replies":[{"embeddable":true,"href":"https:\/\/lobviral.com\/he\/wp-json\/wp\/v2\/comments?post=121"}],"version-history":[{"count":1,"href":"https:\/\/lobviral.com\/he\/wp-json\/wp\/v2\/pages\/121\/revisions"}],"predecessor-version":[{"id":123,"href":"https:\/\/lobviral.com\/he\/wp-json\/wp\/v2\/pages\/121\/revisions\/123"}],"wp:attachment":[{"href":"https:\/\/lobviral.com\/he\/wp-json\/wp\/v2\/media?parent=121"}],"curies":[{"name":"wp","href":"https:\/\/api.w.org\/{rel}","templated":true}]}}