{"id":122,"date":"2026-01-22T03:05:58","date_gmt":"2026-01-22T03:05:58","guid":{"rendered":"https:\/\/lobviral.com\/?page_id=122"},"modified":"2026-01-22T03:05:59","modified_gmt":"2026-01-22T03:05:59","slug":"%d7%9e%d6%b7%d7%92%d6%b8%d7%a2","status":"publish","type":"page","link":"https:\/\/lobviral.com\/he\/%d7%9e%d6%b7%d7%92%d6%b8%d7%a2\/","title":{"rendered":"\u05de\u05b7\u05d2\u05b8\u05e2"},"content":{"rendered":"<p>\u05d1\u05e8\u05d5\u05db\u05d9\u05dd \u05d4\u05d1\u05d0\u05d9\u05dd! \u05d6\u05d4\u05d5 \u05d3\u05e3 \u05d9\u05e6\u05d9\u05e8\u05ea \u05d4\u05e7\u05e9\u05e8 \u05d4\u05e8\u05e9\u05de\u05d9 \u05e9\u05dc\u00a0<strong><strong>\u05dc\u05d5\u05d1 \u05d5\u05d9\u05e8\u05d0\u05dc\u05d9<\/strong><\/strong>. \u05db\u05d0\u05df \u05ea\u05d5\u05db\u05dc\u05d5 \u05dc\u05d9\u05e6\u05d5\u05e8 \u05d0\u05d9\u05ea\u05e0\u05d5 \u05e7\u05e9\u05e8 \u05db\u05d3\u05d9 \u05dc\u05e9\u05d0\u05d5\u05dc \u05e9\u05d0\u05dc\u05d5\u05ea, \u05dc\u05e9\u05dc\u05d5\u05d7 \u05d4\u05e6\u05e2\u05d5\u05ea, \u05dc\u05d4\u05d2\u05d9\u05e9 \u05ea\u05dc\u05d5\u05e0\u05d5\u05ea \u05d0\u05d5 \u05dc\u05d8\u05e4\u05dc \u05d1\u05db\u05dc \u05d1\u05e2\u05d9\u05d4 \u05d0\u05d7\u05e8\u05ea \u05d4\u05e7\u05e9\u05d5\u05e8\u05d4 \u05dc\u05d0\u05ea\u05e8 \u05e9\u05dc\u05e0\u05d5 \u05d5\u05dc\u05ea\u05d5\u05db\u05df \u05e9\u05d0\u05e0\u05d5 \u05de\u05e4\u05e8\u05e1\u05de\u05d9\u05dd.<\/p>\n\n\n\n<p>\u05d4\u05de\u05d8\u05e8\u05d4 \u05e9\u05dc\u05e0\u05d5 \u05d4\u05d9\u05d0 \u05dc\u05d4\u05e6\u05d9\u05e2 \u05d0\u05ea \u05d7\u05d5\u05d5\u05d9\u05d9\u05ea \u05d4\u05de\u05e9\u05ea\u05de\u05e9 \u05d4\u05d8\u05d5\u05d1\u05d4 \u05d1\u05d9\u05d5\u05ea\u05e8 \u05d4\u05d0\u05e4\u05e9\u05e8\u05d9\u05ea, \u05dc\u05db\u05df \u05d0\u05e0\u05d5 \u05de\u05e2\u05e8\u05d9\u05db\u05d9\u05dd \u05de\u05d0\u05d5\u05d3 \u05d0\u05ea \u05d4\u05de\u05e9\u05d5\u05d1 \u05e9\u05dc\u05db\u05dd. \u05d0\u05dd \u05d9\u05e9 \u05dc\u05db\u05dd \u05e9\u05d0\u05dc\u05d5\u05ea \u05dc\u05d2\u05d1\u05d9 \u05d0\u05d5\u05e4\u05df \u05e4\u05e2\u05d5\u05dc\u05ea \u05d4\u05d0\u05ea\u05e8, \u05db\u05d9\u05e6\u05d3 \u05dc\u05d4\u05e9\u05ea\u05de\u05e9 \u05d1\u05d0\u05e4\u05dc\u05d9\u05e7\u05e6\u05d9\u05d5\u05ea \u05d4\u05de\u05d5\u05de\u05dc\u05e6\u05d5\u05ea, \u05d0\u05d5 \u05dc\u05d2\u05d1\u05d9 \u05d4\u05ea\u05d5\u05db\u05df \u05e9\u05dc\u05e0\u05d5, \u05d0\u05dc \u05ea\u05d4\u05e1\u05e1\u05d5 \u05dc\u05db\u05ea\u05d5\u05d1 \u05dc\u05e0\u05d5.<\/p>\n\n\n\n<p>\u05d0\u05e0\u05d5 \u05ea\u05de\u05d9\u05d3 \u05e4\u05ea\u05d5\u05d7\u05d9\u05dd \u05dc\u05d4\u05e6\u05e2\u05d5\u05ea \u05dc\u05e9\u05d9\u05e4\u05d5\u05e8 \u05d5\u05d1\u05d9\u05e7\u05d5\u05e8\u05ea \u05d1\u05d5\u05e0\u05d4. \u05d3\u05e2\u05ea\u05da \u05d7\u05d9\u05d5\u05e0\u05d9\u05ea \u05dc\u05e0\u05d5 \u05db\u05d3\u05d9 \u05e9\u05e0\u05d5\u05db\u05dc \u05dc\u05d4\u05ea\u05e4\u05ea\u05d7, \u05dc\u05ea\u05e7\u05df \u05d1\u05e2\u05d9\u05d5\u05ea \u05d5\u05dc\u05e1\u05e4\u05e7 \u05de\u05d9\u05d3\u05e2 \u05e9\u05d9\u05de\u05d5\u05e9\u05d9 \u05d5\u05d0\u05de\u05d9\u05df \u05d9\u05d5\u05ea\u05e8 \u05d5\u05d9\u05d5\u05ea\u05e8.<\/p>\n\n\n\n<p>\u05db\u05d3\u05d9 \u05dc\u05d9\u05e6\u05d5\u05e8 \u05e7\u05e9\u05e8, \u05e4\u05e9\u05d5\u05d8 \u05de\u05dc\u05d0\u05d5 \u05d0\u05ea \u05d4\u05d8\u05d5\u05e4\u05e1 \u05d4\u05d6\u05de\u05d9\u05df \u05d1\u05d3\u05e3 \u05d6\u05d4 \u05e2\u05dd \u05d4\u05e4\u05e8\u05d8\u05d9\u05dd \u05e9\u05dc\u05db\u05dd \u05d5\u05d4\u05d5\u05d3\u05e2\u05ea\u05db\u05dd. \u05d4\u05e6\u05d5\u05d5\u05ea \u05e9\u05dc\u05e0\u05d5 \u05d9\u05e2\u05e9\u05d4 \u05db\u05de\u05d9\u05d8\u05d1 \u05d9\u05db\u05d5\u05dc\u05ea\u05d5 \u05dc\u05d4\u05d2\u05d9\u05d1 \u05d1\u05de\u05d4\u05d9\u05e8\u05d5\u05ea \u05d4\u05d0\u05e4\u05e9\u05e8\u05d9\u05ea.<\/p>\n\n\n\n<p>\u05ea\u05d5\u05d3\u05d4 \u05e9\u05d1\u05d9\u05e7\u05e8\u05ea\u00a0<strong><strong><strong>\u05dc\u05d5\u05d1 \u05d5\u05d9\u05e8\u05d0\u05dc\u05d9<\/strong><\/strong><\/strong>\u00a0\u05d5\u05e0\u05e9\u05de\u05d7 \u05dc\u05e7\u05d1\u05dc \u05d0\u05ea \u05d4\u05d5\u05d3\u05e2\u05ea\u05da.<\/p>\n\n\n\n<p><strong>\u05d3\u05d5\u05d0&quot;\u05dc \u05dc\u05d9\u05e6\u05d9\u05e8\u05ea \u05e7\u05e9\u05e8:<\/strong><br>\ud83d\udce7 contact@lobviral.com.br<\/p>","protected":false},"excerpt":{"rendered":"<p>Bem-vindo! Esta \u00e9 a p\u00e1gina oficial de contato do\u00a0Lob Viral. Aqui voc\u00ea pode entrar em contato conosco para tirar d\u00favidas, enviar sugest\u00f5es, fazer reclama\u00e7\u00f5es ou tratar de qualquer outro assunto relacionado ao nosso site e aos conte\u00fados que publicamos. Nosso objetivo \u00e9 oferecer a melhor experi\u00eancia poss\u00edvel aos usu\u00e1rios, por isso valorizamos muito o seu [&hellip;]<\/p>","protected":false},"author":1,"featured_media":0,"parent":0,"menu_order":0,"comment_status":"closed","ping_status":"closed","template":"","meta":{"footnotes":""},"class_list":["post-122","page","type-page","status-publish"],"_links":{"self":[{"href":"https:\/\/lobviral.com\/he\/wp-json\/wp\/v2\/pages\/122","targetHints":{"allow":["GET"]}}],"collection":[{"href":"https:\/\/lobviral.com\/he\/wp-json\/wp\/v2\/pages"}],"about":[{"href":"https:\/\/lobviral.com\/he\/wp-json\/wp\/v2\/types\/page"}],"author":[{"embeddable":true,"href":"https:\/\/lobviral.com\/he\/wp-json\/wp\/v2\/users\/1"}],"replies":[{"embeddable":true,"href":"https:\/\/lobviral.com\/he\/wp-json\/wp\/v2\/comments?post=122"}],"version-history":[{"count":1,"href":"https:\/\/lobviral.com\/he\/wp-json\/wp\/v2\/pages\/122\/revisions"}],"predecessor-version":[{"id":124,"href":"https:\/\/lobviral.com\/he\/wp-json\/wp\/v2\/pages\/122\/revisions\/124"}],"wp:attachment":[{"href":"https:\/\/lobviral.com\/he\/wp-json\/wp\/v2\/media?parent=122"}],"curies":[{"name":"wp","href":"https:\/\/api.w.org\/{rel}","templated":true}]}}