{"id":122,"date":"2026-01-22T03:05:58","date_gmt":"2026-01-22T03:05:58","guid":{"rendered":"https:\/\/lobviral.com\/?page_id=122"},"modified":"2026-01-22T03:05:59","modified_gmt":"2026-01-22T03:05:59","slug":"%e0%a4%b8%e0%a4%82%e0%a4%aa%e0%a4%b0%e0%a5%8d%e0%a4%95","status":"publish","type":"page","link":"https:\/\/lobviral.com\/hi\/%e0%a4%b8%e0%a4%82%e0%a4%aa%e0%a4%b0%e0%a5%8d%e0%a4%95\/","title":{"rendered":"\u0938\u0902\u092a\u0930\u094d\u0915"},"content":{"rendered":"<p>\u0938\u094d\u0935\u093e\u0917\u0924 \u0939\u0948! \u092f\u0939 \u0906\u0927\u093f\u0915\u093e\u0930\u093f\u0915 \u0938\u0902\u092a\u0930\u094d\u0915 \u092a\u0943\u0937\u094d\u0920 \u0939\u0948\u0964\u00a0<strong><strong>\u0935\u093e\u092f\u0930\u0932 \u0932\u094b\u092c<\/strong><\/strong>. \u092f\u0939\u093e\u0902 \u0906\u092a \u0939\u092e\u0938\u0947 \u0938\u0902\u092a\u0930\u094d\u0915 \u0915\u0930\u0915\u0947 \u092a\u094d\u0930\u0936\u094d\u0928 \u092a\u0942\u091b \u0938\u0915\u0924\u0947 \u0939\u0948\u0902, \u0938\u0941\u091d\u093e\u0935 \u092d\u0947\u091c \u0938\u0915\u0924\u0947 \u0939\u0948\u0902, \u0936\u093f\u0915\u093e\u092f\u0924 \u0915\u0930 \u0938\u0915\u0924\u0947 \u0939\u0948\u0902 \u092f\u093e \u0939\u092e\u093e\u0930\u0940 \u0935\u0947\u092c\u0938\u093e\u0907\u091f \u0914\u0930 \u0939\u092e\u093e\u0930\u0947 \u0926\u094d\u0935\u093e\u0930\u093e \u092a\u094d\u0930\u0915\u093e\u0936\u093f\u0924 \u0938\u093e\u092e\u0917\u094d\u0930\u0940 \u0938\u0947 \u0938\u0902\u092c\u0902\u0927\u093f\u0924 \u0915\u093f\u0938\u0940 \u092d\u0940 \u0905\u0928\u094d\u092f \u0938\u092e\u0938\u094d\u092f\u093e \u0915\u093e \u0938\u092e\u093e\u0927\u093e\u0928 \u0915\u0930 \u0938\u0915\u0924\u0947 \u0939\u0948\u0902\u0964.<\/p>\n\n\n\n<p>\u0939\u092e\u093e\u0930\u093e \u0932\u0915\u094d\u0937\u094d\u092f \u0938\u0930\u094d\u0935\u094b\u0924\u094d\u0924\u092e \u0938\u0902\u092d\u0935 \u0909\u092a\u092f\u094b\u0917\u0915\u0930\u094d\u0924\u093e \u0905\u0928\u0941\u092d\u0935 \u092a\u094d\u0930\u0926\u093e\u0928 \u0915\u0930\u0928\u093e \u0939\u0948, \u0907\u0938\u0932\u093f\u090f \u0939\u092e \u0906\u092a\u0915\u0940 \u092a\u094d\u0930\u0924\u093f\u0915\u094d\u0930\u093f\u092f\u093e \u0915\u094b \u092c\u0939\u0941\u0924 \u092e\u0939\u0924\u094d\u0935 \u0926\u0947\u0924\u0947 \u0939\u0948\u0902\u0964 \u092f\u0926\u093f \u0938\u093e\u0907\u091f \u0915\u0947 \u0915\u093e\u092e\u0915\u093e\u091c, \u0905\u0928\u0941\u0936\u0902\u0938\u093f\u0924 \u090f\u092a\u094d\u0932\u093f\u0915\u0947\u0936\u0928 \u0915\u0947 \u0909\u092a\u092f\u094b\u0917 \u092f\u093e \u0939\u092e\u093e\u0930\u0940 \u0938\u093e\u092e\u0917\u094d\u0930\u0940 \u0915\u0947 \u092c\u093e\u0930\u0947 \u092e\u0947\u0902 \u0906\u092a\u0915\u0947 \u0915\u094b\u0908 \u092a\u094d\u0930\u0936\u094d\u0928 \u0939\u0948\u0902, \u0924\u094b \u0915\u0943\u092a\u092f\u093e \u092c\u0947\u091d\u093f\u091d\u0915 \u0939\u092e\u0947\u0902 \u0932\u093f\u0916\u0947\u0902\u0964.<\/p>\n\n\n\n<p>\u0939\u092e \u0938\u0941\u0927\u093e\u0930 \u0915\u0947 \u0932\u093f\u090f \u0938\u0941\u091d\u093e\u0935\u094b\u0902 \u0914\u0930 \u0930\u091a\u0928\u093e\u0924\u094d\u092e\u0915 \u0906\u0932\u094b\u091a\u0928\u093e\u0913\u0902 \u0915\u093e \u0939\u092e\u0947\u0936\u093e \u0938\u094d\u0935\u093e\u0917\u0924 \u0915\u0930\u0924\u0947 \u0939\u0948\u0902\u0964 \u0906\u092a\u0915\u0940 \u0930\u093e\u092f \u0939\u092e\u093e\u0930\u0947 \u0935\u093f\u0915\u093e\u0938, \u0938\u092e\u0938\u094d\u092f\u093e\u0913\u0902 \u0915\u0947 \u0928\u093f\u0935\u093e\u0930\u0923 \u0914\u0930 \u0905\u0927\u093f\u0915 \u0938\u0947 \u0905\u0927\u093f\u0915 \u0909\u092a\u092f\u094b\u0917\u0940 \u0914\u0930 \u0935\u093f\u0936\u094d\u0935\u0938\u0928\u0940\u092f \u091c\u093e\u0928\u0915\u093e\u0930\u0940 \u092a\u094d\u0930\u0926\u093e\u0928 \u0915\u0930\u0928\u0947 \u0915\u0947 \u0932\u093f\u090f \u0905\u0924\u094d\u092f\u0902\u0924 \u092e\u0939\u0924\u094d\u0935\u092a\u0942\u0930\u094d\u0923 \u0939\u0948\u0964.<\/p>\n\n\n\n<p>\u0939\u092e\u0938\u0947 \u0938\u0902\u092a\u0930\u094d\u0915 \u0915\u0930\u0928\u0947 \u0915\u0947 \u0932\u093f\u090f, \u092c\u0938 \u0907\u0938 \u092a\u0947\u091c \u092a\u0930 \u0909\u092a\u0932\u092c\u094d\u0927 \u092b\u0949\u0930\u094d\u092e \u092e\u0947\u0902 \u0905\u092a\u0928\u0940 \u091c\u093e\u0928\u0915\u093e\u0930\u0940 \u0914\u0930 \u0938\u0902\u0926\u0947\u0936 \u092d\u0930\u0947\u0902\u0964 \u0939\u092e\u093e\u0930\u0940 \u091f\u0940\u092e \u091c\u0932\u094d\u0926 \u0938\u0947 \u091c\u0932\u094d\u0926 \u091c\u0935\u093e\u092c \u0926\u0947\u0928\u0947 \u0915\u0940 \u092a\u0942\u0930\u0940 \u0915\u094b\u0936\u093f\u0936 \u0915\u0930\u0947\u0917\u0940\u0964.<\/p>\n\n\n\n<p>\u0935\u093f\u091c\u093c\u093f\u091f \u0915\u0930\u0928\u0947 \u0915\u0947 \u0932\u093f\u090f \u0906\u092a\u0915\u093e \u0936\u0941\u0915\u094d\u0930\u093f\u092f\u093e\u00a0<strong><strong><strong>\u0935\u093e\u092f\u0930\u0932 \u0932\u094b\u092c<\/strong><\/strong><\/strong>\u00a0\u0914\u0930 \u0939\u092e\u0947\u0902 \u0906\u092a\u0915\u093e \u0938\u0902\u0926\u0947\u0936 \u092a\u093e\u0915\u0930 \u0916\u0941\u0936\u0940 \u0939\u094b\u0917\u0940\u0964.<\/p>\n\n\n\n<p><strong>\u0908 - \u092e\u0947\u0932 \u0938\u0947 \u0938\u0902\u092a\u0930\u094d\u0915 \u0915\u0930\u0947:<\/strong><br>\ud83d\udce7 contact@lobviral.com.br<\/p>","protected":false},"excerpt":{"rendered":"<p>Bem-vindo! Esta \u00e9 a p\u00e1gina oficial de contato do\u00a0Lob Viral. Aqui voc\u00ea pode entrar em contato conosco para tirar d\u00favidas, enviar sugest\u00f5es, fazer reclama\u00e7\u00f5es ou tratar de qualquer outro assunto relacionado ao nosso site e aos conte\u00fados que publicamos. Nosso objetivo \u00e9 oferecer a melhor experi\u00eancia poss\u00edvel aos usu\u00e1rios, por isso valorizamos muito o seu [&hellip;]<\/p>","protected":false},"author":1,"featured_media":0,"parent":0,"menu_order":0,"comment_status":"closed","ping_status":"closed","template":"","meta":{"footnotes":""},"class_list":["post-122","page","type-page","status-publish"],"_links":{"self":[{"href":"https:\/\/lobviral.com\/hi\/wp-json\/wp\/v2\/pages\/122","targetHints":{"allow":["GET"]}}],"collection":[{"href":"https:\/\/lobviral.com\/hi\/wp-json\/wp\/v2\/pages"}],"about":[{"href":"https:\/\/lobviral.com\/hi\/wp-json\/wp\/v2\/types\/page"}],"author":[{"embeddable":true,"href":"https:\/\/lobviral.com\/hi\/wp-json\/wp\/v2\/users\/1"}],"replies":[{"embeddable":true,"href":"https:\/\/lobviral.com\/hi\/wp-json\/wp\/v2\/comments?post=122"}],"version-history":[{"count":1,"href":"https:\/\/lobviral.com\/hi\/wp-json\/wp\/v2\/pages\/122\/revisions"}],"predecessor-version":[{"id":124,"href":"https:\/\/lobviral.com\/hi\/wp-json\/wp\/v2\/pages\/122\/revisions\/124"}],"wp:attachment":[{"href":"https:\/\/lobviral.com\/hi\/wp-json\/wp\/v2\/media?parent=122"}],"curies":[{"name":"wp","href":"https:\/\/api.w.org\/{rel}","templated":true}]}}