{"id":114,"date":"2026-01-22T02:57:30","date_gmt":"2026-01-22T02:57:30","guid":{"rendered":"https:\/\/lobviral.com\/?page_id=114"},"modified":"2026-01-22T03:32:43","modified_gmt":"2026-01-22T03:32:43","slug":"pravila-o-privatnosti","status":"publish","type":"page","link":"https:\/\/lobviral.com\/hr\/pravila-o-privatnosti\/","title":{"rendered":"Pravila o privatnosti"},"content":{"rendered":"<p>Va\u0161a privatnost nam je va\u017ena. Politika tvrtke Lob Viral je po\u0161tivanje va\u0161e privatnosti u vezi sa svim informacijama koje mo\u017eemo prikupiti od vas na web stranici. <a href=\"http:\/\/lobviral.com\/hr\/\">Viralni lob<\/a>, i druge web stranice koje posjedujemo i kojima upravljamo.<\/span><\/p>\n<p><span style=\"color: rgb(68, 68, 68);\">Osobne podatke tra\u017eimo samo kada su nam zaista potrebni kako bismo vam pru\u017eili uslugu. To \u010dinimo po\u0161teno i zakonito, uz va\u0161e znanje i pristanak. Tako\u0111er vas obavje\u0161tavamo za\u0161to ih prikupljamo i kako \u0107e se koristiti.<\/span><\/p>\n<p><span style=\"color: rgb(68, 68, 68);\">Prikupljene podatke \u010duvamo samo onoliko dugo koliko je potrebno za pru\u017eanje tra\u017eene usluge. Kada pohranjujemo podatke, \u0161titimo ih komercijalno prihvatljivim sredstvima kako bismo sprije\u010dili gubitak i kra\u0111u, kao i neovla\u0161teni pristup, otkrivanje, kopiranje, kori\u0161tenje ili izmjenu.<\/span><\/p>\n<p><span style=\"color: rgb(68, 68, 68);\">Ne dijelimo osobne podatke javno ili s tre\u0107im stranama, osim kada je to zakonom propisano.<\/span><\/p>\n<p><span style=\"color: rgb(68, 68, 68);\">Na\u0161a web stranica mo\u017ee sadr\u017eavati poveznice na vanjske stranice kojima ne upravljamo mi. Imajte na umu da nemamo kontrolu nad sadr\u017eajem i praksama tih stranica i ne mo\u017eemo preuzeti odgovornost za njihove odgovaraju\u0107e politike.&nbsp;<\/span><a href=\"https:\/\/politicaprivacidade.com\/\" rel=\"noopener noreferrer\" target=\"_blank\" style=\"background-color: transparent; color: rgb(68, 68, 68);\">pravila o privatnosti<\/a><span style=\"color: rgb(68, 68, 68);\">.<\/span><\/p>\n<p><span style=\"color: rgb(68, 68, 68);\">Slobodni ste odbiti na\u0161 zahtjev za osobnim podacima, uz razumijevanje da vam mo\u017eda ne\u0107emo mo\u0107i pru\u017eiti neke od usluga koje \u017eelite.<\/span><\/p>\n<p><span style=\"color: rgb(68, 68, 68);\">Daljnje kori\u0161tenje na\u0161e web stranice smatrat \u0107e se prihva\u0107anjem na\u0161ih praksi u vezi s privatno\u0161\u0107u i osobnim podacima. Ako imate bilo kakvih pitanja o tome kako postupamo s korisni\u010dkim podacima i osobnim podacima, kontaktirajte nas.<\/span><\/p>\n<p><span style=\"color: rgb(68, 68, 68);\"><\/p>\n<ul>\n<li><span style=\"color: rgb(68, 68, 68);\">Usluga Google AdSense koju koristimo za prikazivanje oglasa koristi DoubleClick kola\u010di\u0107 kako bi vam prikazivala relevantnije oglase na webu i ograni\u010dila broj prikazivanja odre\u0111enog oglasa.<\/span><\/li>\n<li><span style=\"color: rgb(68, 68, 68);\">Za vi\u0161e informacija o Google AdSenseu, pogledajte slu\u017ebena \u010desto postavljana pitanja o privatnosti za Google AdSense.<\/span><\/li>\n<li><span style=\"color: rgb(68, 68, 68);\">Ogla\u0161avanje koristimo kako bismo pokrili tro\u0161kove odr\u017eavanja ove stranice i osigurali financiranje za budu\u0107i razvoj. Kola\u010di\u0107i za bihevioralno ogla\u0161avanje koje koristi ova stranica osmi\u0161ljeni su kako bi vam se osigurali najrelevantniji oglasi kad god je to mogu\u0107e anonimnim pra\u0107enjem va\u0161ih interesa i predstavljanjem sli\u010dnih stvari koje bi vas mogle zanimati.<\/span><\/li>\n<li><span style=\"color: rgb(68, 68, 68);\">Nekoliko partnera ogla\u0161ava se u na\u0161e ime, a kola\u010di\u0107i za pra\u0107enje pridru\u017eenih partnera jednostavno nam omogu\u0107uju da vidimo jesu li na\u0161i kupci pristupili stranici putem jedne od partnerskih stranica, kako bismo ih mogli na odgovaraju\u0107i na\u010din zaslugati i, gdje je to primjenjivo, omogu\u0107iti na\u0161im pridru\u017eenim partnerima da ponude sve promocije koje mogu pru\u017eiti kako bi vas potaknuli na kupnju.<\/span><\/li>\n<\/ul>\n<p><\/p>\n<p><\/span><\/p>\n<h3><span style=\"color: rgb(68, 68, 68);\">Obveza korisnika<\/span><\/h3>\n<p><span style=\"color: rgb(68, 68, 68);\">Korisnik se sla\u017ee da \u0107e na odgovaraju\u0107i na\u010din koristiti sadr\u017eaj i informacije koje Lob Viral nudi na web stranici, uklju\u010duju\u0107i, ali ne ograni\u010davaju\u0107i se na:<\/span><\/p>\n<ul>\n<li><span style=\"color: rgb(68, 68, 68);\">A) Ne baviti se aktivnostima koje su nezakonite ili suprotne dobroj vjeri i javnom redu;<\/span><\/li>\n<li><span style=\"color: rgb(68, 68, 68);\">B) Ne \u0161iriti propagandu ili sadr\u017eaj rasisti\u010dke, ksenofobne prirode, vezan uz kockanje ili igre na sre\u0107u, bilo koju vrstu ilegalne pornografije ili koji poti\u010de terorizam ili kr\u0161i ljudska prava;<\/span><\/li>\n<li><span style=\"color: rgb(68, 68, 68);\">C) Ne o\u0161tetiti fizi\u010dke (hardverske) i logi\u010dke (softverske) sustave tvrtke Lob Viral, njezinih dobavlja\u010da ili tre\u0107ih strana, kako bi se uveli ili \u0161irili ra\u010dunalni virusi ili bilo koji drugi hardverski ili softverski sustavi koji mogu uzrokovati gore navedenu \u0161tetu.<\/span><\/li>\n<\/ul>\n<h3><span style=\"color: rgb(68, 68, 68);\">Vi\u0161e informacija<\/span><\/h3>\n<p><span style=\"color: rgb(68, 68, 68);\">Nadamo se da je ovo jasno i, kao \u0161to je ve\u0107 spomenuto, ako postoji ne\u0161to oko \u010dega niste sigurni trebate li kola\u010di\u0107e ili ne, op\u0107enito je sigurnije ostaviti ih omogu\u0107enima u slu\u010daju da koristite neku od zna\u010dajki koje koristite na na\u0161oj web stranici.<\/span><\/p>\n<p>&lt;span style=&quot;color: rgb(68, 68, 68);&quot;\n<\/p>","protected":false},"excerpt":{"rendered":"<p>A sua privacidade \u00e9 importante para n\u00f3s. \u00c9 pol\u00edtica do Lob Viral respeitar a sua privacidade em rela\u00e7\u00e3o a qualquer informa\u00e7\u00e3o sua que possamos coletar no site Lob Viral, e outros sites que possu\u00edmos e operamos. Solicitamos informa\u00e7\u00f5es pessoais apenas quando realmente precisamos delas para lhe fornecer um servi\u00e7o. Fazemo-lo por meios justos e legais, [&hellip;]<\/p>","protected":false},"author":1,"featured_media":0,"parent":0,"menu_order":0,"comment_status":"closed","ping_status":"closed","template":"","meta":{"footnotes":""},"class_list":["post-114","page","type-page","status-publish"],"_links":{"self":[{"href":"https:\/\/lobviral.com\/hr\/wp-json\/wp\/v2\/pages\/114","targetHints":{"allow":["GET"]}}],"collection":[{"href":"https:\/\/lobviral.com\/hr\/wp-json\/wp\/v2\/pages"}],"about":[{"href":"https:\/\/lobviral.com\/hr\/wp-json\/wp\/v2\/types\/page"}],"author":[{"embeddable":true,"href":"https:\/\/lobviral.com\/hr\/wp-json\/wp\/v2\/users\/1"}],"replies":[{"embeddable":true,"href":"https:\/\/lobviral.com\/hr\/wp-json\/wp\/v2\/comments?post=114"}],"version-history":[{"count":5,"href":"https:\/\/lobviral.com\/hr\/wp-json\/wp\/v2\/pages\/114\/revisions"}],"predecessor-version":[{"id":129,"href":"https:\/\/lobviral.com\/hr\/wp-json\/wp\/v2\/pages\/114\/revisions\/129"}],"wp:attachment":[{"href":"https:\/\/lobviral.com\/hr\/wp-json\/wp\/v2\/media?parent=114"}],"curies":[{"name":"radni list","href":"https:\/\/api.w.org\/{rel}","templated":true}]}}