{"id":119,"date":"2026-01-22T03:02:03","date_gmt":"2026-01-22T03:02:03","guid":{"rendered":"https:\/\/lobviral.com\/?page_id=119"},"modified":"2026-01-22T03:02:03","modified_gmt":"2026-01-22T03:02:03","slug":"uvjeti-koristenja","status":"publish","type":"page","link":"https:\/\/lobviral.com\/hr\/uvjeti-koristenja\/","title":{"rendered":"Uvjeti kori\u0161tenja"},"content":{"rendered":"<h2><span style=\"color: rgb(68, 68, 68);\">1. Uvjeti<\/span><\/h2>\n<p><span style=\"color: rgb(68, 68, 68);\">Prilikom pristupa web stranici <a href=\"http:\/\/lobviral.com\/hr\/\">Viralni lob<\/a>, Kori\u0161tenjem ove stranice pristajete na ove uvjete pru\u017eanja usluge, sve primjenjive zakone i propise te pristajete da ste odgovorni za po\u0161tivanje svih primjenjivih lokalnih zakona. Ako se ne sla\u017eete s bilo kojim od ovih uvjeta, zabranjeno vam je kori\u0161tenje ili pristup ovoj stranici. Materijali sadr\u017eani na ovoj web stranici za\u0161ti\u0107eni su primjenjivim zakonima o autorskim pravima i za\u0161titnim znakovima.<\/span><\/p>\n<h2><span style=\"color: rgb(68, 68, 68);\">2. Kori\u0161tenje licence<\/span><\/h2>\n<p><span style=\"color: rgb(68, 68, 68);\">Dozvoljeno je privremeno preuzimanje jedne kopije materijala (informacija ili softvera) s web stranice Lob Viral isklju\u010divo za osobno, nekomercijalno i privremeno pregledavanje. Ovo je dodjela licence, a ne prijenos vlasni\u0161tva, i pod ovom licencom ne smijete:&nbsp;<\/span><\/p>\n<ol>\n<li><span style=\"color: rgb(68, 68, 68);\">mijenjati ili kopirati materijale;&nbsp;<\/span><\/li>\n<li><span style=\"color: rgb(68, 68, 68);\">Koristiti materijale u bilo koju komercijalnu svrhu ili za javno prikazivanje (komercijalno ili nekomercijalno);&nbsp;<\/span><\/li>\n<li><span style=\"color: rgb(68, 68, 68);\">Poku\u0161aj dekompilacije ili obrnutog in\u017eenjeringa bilo kojeg softvera koji se nalazi na web stranici Lob Viral;&nbsp;<\/span><\/li>\n<li><span style=\"color: rgb(68, 68, 68);\">ukloniti sve oznake autorskih prava ili drugih vlasni\u010dkih prava iz materijala; ili&nbsp;<\/span><\/li>\n<li><span style=\"color: rgb(68, 68, 68);\">Prenesite materijale drugoj osobi ili ih &#039;zrcalite&#039; na bilo kojem drugom poslu\u017eitelju.<\/span><\/li>\n<\/ol>\n<p><span style=\"color: rgb(68, 68, 68);\">Ova licenca \u0107e automatski prestati ako prekr\u0161ite bilo koje od ovih ograni\u010denja i Lob Viral je mo\u017ee ukinuti u bilo kojem trenutku. Nakon prestanka pregledavanja ovih materijala ili nakon prestanka va\u017eenja ove licence, morate uni\u0161titi sve preuzete materijale koje posjedujete, bilo u elektroni\u010dkom ili tiskanom obliku.<\/span><\/p>\n<h2><span style=\"color: rgb(68, 68, 68);\">3. Odricanje od odgovornosti<\/span><\/h2>\n<ol>\n<li><span style=\"color: rgb(68, 68, 68);\">Materijali na web stranici Lob Viral pru\u017eaju se &quot;kakvi jesu&quot;. Lob Viral ne daje nikakva jamstva, izri\u010dita ili implicitna, te se ovime odri\u010de i negira sva druga jamstva, uklju\u010duju\u0107i, bez ograni\u010denja, implicitna jamstva ili uvjete prodajnosti, prikladnosti za odre\u0111enu svrhu ili nekr\u0161enja intelektualnog vlasni\u0161tva ili drugog kr\u0161enja prava.<\/span><\/li>\n<li><span style=\"color: rgb(68, 68, 68);\">Nadalje, Lob Viral ne jam\u010di niti daje ikakve izjave u vezi s to\u010dno\u0161\u0107u, vjerojatnim rezultatima ili pouzdano\u0161\u0107u kori\u0161tenja materijala na svojoj web stranici ili na drugi na\u010din koji se odnose na takve materijale ili na bilo kojim stranicama povezanim s ovom stranicom.<\/span><\/li>\n<\/ol>\n<h2><span style=\"color: rgb(68, 68, 68);\">4. Ograni\u010denja<\/span><\/h2>\n<p><span style=\"color: rgb(68, 68, 68);\">Ni u kojem slu\u010daju Lob Viral ili njegovi dobavlja\u010di ne\u0107e biti odgovorni za bilo kakvu \u0161tetu (uklju\u010duju\u0107i, bez ograni\u010denja, \u0161tetu zbog gubitka podataka ili dobiti ili zbog prekida poslovanja) koja proizlazi iz kori\u0161tenja ili nemogu\u0107nosti kori\u0161tenja materijala na Lob Viralu, \u010dak i ako je Lob Viral ili ovla\u0161teni predstavnik Lob Viral-a usmeno ili pismeno obavije\u0161ten o mogu\u0107nosti takve \u0161tete. Budu\u0107i da neke jurisdikcije ne dopu\u0161taju ograni\u010denja implicitnih jamstava ili ograni\u010denja odgovornosti za posljedi\u010dnu ili slu\u010dajnu \u0161tetu, ta se ograni\u010denja mo\u017eda ne\u0107e odnositi na vas.<\/span><\/p>\n<h2><span style=\"color: rgb(68, 68, 68);\">5. Preciznost materijala<\/span><\/h2>\n<p><span style=\"color: rgb(68, 68, 68);\">Materijali prikazani na web stranici Lob Viral mogu sadr\u017eavati tehni\u010dke, tipografske ili fotografske pogre\u0161ke. Lob Viral ne jam\u010di da je bilo koji materijal na njegovoj web stranici to\u010dan, potpun ili a\u017euran. Lob Viral mo\u017ee u bilo kojem trenutku bez prethodne najave izvr\u0161iti promjene u materijalima sadr\u017eanim na svojoj web stranici. Me\u0111utim, Lob Viral se ne obvezuje a\u017eurirati materijale.<\/span><\/p>\n<h2><span style=\"color: rgb(68, 68, 68);\">6. Linkovi<\/span><\/h2>\n<p><span style=\"color: rgb(68, 68, 68);\">Lob Viral nije pregledao sve stranice povezane s njegovom web stranicom i nije odgovoran za sadr\u017eaj bilo koje povezane stranice. Uklju\u010divanje bilo koje poveznice ne podrazumijeva odobravanje stranice od strane Lob Viral-a. Kori\u0161tenje bilo koje povezane web stranice je na vlastitu odgovornost korisnika.<\/span><\/p>\n<p><\/p>\n<h3><span style=\"color: rgb(68, 68, 68);\">Izmjene<\/span><\/h3>\n<p><span style=\"color: rgb(68, 68, 68);\">Lob Viral mo\u017ee izmijeniti ove uvjete kori\u0161tenja web stranice u bilo kojem trenutku bez prethodne najave. Kori\u0161tenjem ove web stranice pristajete na trenutnu verziju ovih uvjeta kori\u0161tenja.<\/span><\/p>\n<h3><span style=\"color: rgb(68, 68, 68);\">Primjenjivo pravo<\/span><\/h3>\n<p><span style=\"color: rgb(68, 68, 68);\">Ovi uvjeti i odredbe ure\u0111eni su i tuma\u010de se u skladu sa zakonima Lob Viral-a, te se neopozivo podvrgavate isklju\u010divoj nadle\u017enosti sudova u toj dr\u017eavi ili mjestu.<\/span><\/p>","protected":false},"excerpt":{"rendered":"<p>1. Termos Ao acessar ao site Lob Viral, concorda em cumprir estes termos de servi\u00e7o, todas as leis e regulamentos aplic\u00e1veis \u200b\u200be concorda que \u00e9 respons\u00e1vel pelo cumprimento de todas as leis locais aplic\u00e1veis. Se voc\u00ea n\u00e3o concordar com algum desses termos, est\u00e1 proibido de usar ou acessar este site. Os materiais contidos neste site [&hellip;]<\/p>","protected":false},"author":1,"featured_media":0,"parent":0,"menu_order":0,"comment_status":"closed","ping_status":"closed","template":"","meta":{"footnotes":""},"class_list":["post-119","page","type-page","status-publish"],"_links":{"self":[{"href":"https:\/\/lobviral.com\/hr\/wp-json\/wp\/v2\/pages\/119","targetHints":{"allow":["GET"]}}],"collection":[{"href":"https:\/\/lobviral.com\/hr\/wp-json\/wp\/v2\/pages"}],"about":[{"href":"https:\/\/lobviral.com\/hr\/wp-json\/wp\/v2\/types\/page"}],"author":[{"embeddable":true,"href":"https:\/\/lobviral.com\/hr\/wp-json\/wp\/v2\/users\/1"}],"replies":[{"embeddable":true,"href":"https:\/\/lobviral.com\/hr\/wp-json\/wp\/v2\/comments?post=119"}],"version-history":[{"count":1,"href":"https:\/\/lobviral.com\/hr\/wp-json\/wp\/v2\/pages\/119\/revisions"}],"predecessor-version":[{"id":120,"href":"https:\/\/lobviral.com\/hr\/wp-json\/wp\/v2\/pages\/119\/revisions\/120"}],"wp:attachment":[{"href":"https:\/\/lobviral.com\/hr\/wp-json\/wp\/v2\/media?parent=119"}],"curies":[{"name":"radni list","href":"https:\/\/api.w.org\/{rel}","templated":true}]}}