{"id":122,"date":"2026-01-22T03:05:58","date_gmt":"2026-01-22T03:05:58","guid":{"rendered":"https:\/\/lobviral.com\/?page_id=122"},"modified":"2026-01-22T03:05:59","modified_gmt":"2026-01-22T03:05:59","slug":"kontakt","status":"publish","type":"page","link":"https:\/\/lobviral.com\/hr\/kontakt\/","title":{"rendered":"Kontakt"},"content":{"rendered":"<p>Dobrodo\u0161li! Ovo je slu\u017ebena kontakt stranica za\u00a0<strong><strong>Viralni lob<\/strong><\/strong>. Ovdje nas mo\u017eete kontaktirati kako biste postavili pitanja, poslali prijedloge, podnijeli pritu\u017ebe ili rije\u0161ili bilo koji drugi problem vezan uz na\u0161u web stranicu i sadr\u017eaj koji objavljujemo.<\/p>\n\n\n\n<p>Na\u0161 je cilj ponuditi najbolje mogu\u0107e korisni\u010dko iskustvo, stoga izuzetno cijenimo va\u0161e povratne informacije. Ako imate bilo kakvih pitanja o tome kako stranica funkcionira, kako koristiti preporu\u010dene aplikacije ili o na\u0161em sadr\u017eaju, slobodno nam pi\u0161ite.<\/p>\n\n\n\n<p>Tako\u0111er smo uvijek otvoreni za prijedloge za pobolj\u0161anje i konstruktivne kritike. Va\u0161e mi\u0161ljenje nam je klju\u010dno kako bismo se razvijali, ispravljali sve probleme i pru\u017eali sve korisnije i pouzdanije informacije.<\/p>\n\n\n\n<p>Za kontakt, jednostavno ispunite obrazac dostupan na ovoj stranici sa svojim podacima i porukom. Na\u0161 tim \u0107e dati sve od sebe da vam odgovori \u0161to je prije mogu\u0107e.<\/p>\n\n\n\n<p>Hvala na posjeti\u00a0<strong><strong><strong>Viralni lob<\/strong><\/strong><\/strong>\u00a0I bit \u0107e nam drago primiti va\u0161u poruku.<\/p>\n\n\n\n<p><strong>Kontakt e-mail:<\/strong><br>\ud83d\udce7 kontakt@lobviral.com.br<\/p>","protected":false},"excerpt":{"rendered":"<p>Bem-vindo! Esta \u00e9 a p\u00e1gina oficial de contato do\u00a0Lob Viral. Aqui voc\u00ea pode entrar em contato conosco para tirar d\u00favidas, enviar sugest\u00f5es, fazer reclama\u00e7\u00f5es ou tratar de qualquer outro assunto relacionado ao nosso site e aos conte\u00fados que publicamos. Nosso objetivo \u00e9 oferecer a melhor experi\u00eancia poss\u00edvel aos usu\u00e1rios, por isso valorizamos muito o seu [&hellip;]<\/p>","protected":false},"author":1,"featured_media":0,"parent":0,"menu_order":0,"comment_status":"closed","ping_status":"closed","template":"","meta":{"footnotes":""},"class_list":["post-122","page","type-page","status-publish"],"_links":{"self":[{"href":"https:\/\/lobviral.com\/hr\/wp-json\/wp\/v2\/pages\/122","targetHints":{"allow":["GET"]}}],"collection":[{"href":"https:\/\/lobviral.com\/hr\/wp-json\/wp\/v2\/pages"}],"about":[{"href":"https:\/\/lobviral.com\/hr\/wp-json\/wp\/v2\/types\/page"}],"author":[{"embeddable":true,"href":"https:\/\/lobviral.com\/hr\/wp-json\/wp\/v2\/users\/1"}],"replies":[{"embeddable":true,"href":"https:\/\/lobviral.com\/hr\/wp-json\/wp\/v2\/comments?post=122"}],"version-history":[{"count":1,"href":"https:\/\/lobviral.com\/hr\/wp-json\/wp\/v2\/pages\/122\/revisions"}],"predecessor-version":[{"id":124,"href":"https:\/\/lobviral.com\/hr\/wp-json\/wp\/v2\/pages\/122\/revisions\/124"}],"wp:attachment":[{"href":"https:\/\/lobviral.com\/hr\/wp-json\/wp\/v2\/media?parent=122"}],"curies":[{"name":"radni list","href":"https:\/\/api.w.org\/{rel}","templated":true}]}}