{"id":114,"date":"2026-01-22T02:57:30","date_gmt":"2026-01-22T02:57:30","guid":{"rendered":"https:\/\/lobviral.com\/?page_id=114"},"modified":"2026-01-22T03:32:43","modified_gmt":"2026-01-22T03:32:43","slug":"adatvedelmi-iranyelvek","status":"publish","type":"page","link":"https:\/\/lobviral.com\/hu\/adatvedelmi-iranyelvek\/","title":{"rendered":"Adatv\u00e9delmi ir\u00e1nyelvek"},"content":{"rendered":"<p>Az \u00d6n adatainak v\u00e9delme fontos sz\u00e1munkra. A Lob Viral szab\u00e1lyzata szerint tiszteletben tartjuk az \u00d6n adatainak v\u00e9delm\u00e9t minden olyan inform\u00e1ci\u00f3val kapcsolatban, amelyet \u00d6nr\u0151l a weboldalon gy\u0171jt\u00fcnk. <a href=\"http:\/\/lobviral.com\/hu\/\">V\u00edrusos Lob<\/a>, valamint m\u00e1s, \u00e1ltalunk tulajdonolt \u00e9s \u00fczemeltetett weboldalak.<\/span><\/p>\n<p><span style=\"color: rgb(68, 68, 68);\">Szem\u00e9lyes adatokat csak akkor k\u00e9r\u00fcnk, ha val\u00f3ban sz\u00fcks\u00e9g\u00fcnk van r\u00e1juk a szolg\u00e1ltat\u00e1s ny\u00fajt\u00e1s\u00e1hoz. Ezt tisztess\u00e9gesen \u00e9s jogszer\u0171en tessz\u00fck, az \u00d6n tudt\u00e1val \u00e9s hozz\u00e1j\u00e1rul\u00e1s\u00e1val. T\u00e1j\u00e9koztatjuk \u00d6nt arr\u00f3l is, hogy mi\u00e9rt gy\u0171jtj\u00fck azokat, \u00e9s hogyan fogjuk azokat felhaszn\u00e1lni.<\/span><\/p>\n<p><span style=\"color: rgb(68, 68, 68);\">A gy\u0171jt\u00f6tt inform\u00e1ci\u00f3kat csak addig \u0151rizz\u00fck meg, ameddig a k\u00e9rt szolg\u00e1ltat\u00e1s ny\u00fajt\u00e1s\u00e1hoz sz\u00fcks\u00e9ges. Adatt\u00e1rol\u00e1skor kereskedelmi szempontb\u00f3l elfogadhat\u00f3 m\u00f3don v\u00e9dj\u00fck azokat az elveszt\u00e9ssel \u00e9s ellop\u00e1ssal, valamint a jogosulatlan hozz\u00e1f\u00e9r\u00e9ssel, nyilv\u00e1noss\u00e1gra hozatallal, m\u00e1sol\u00e1ssal, felhaszn\u00e1l\u00e1ssal vagy m\u00f3dos\u00edt\u00e1ssal szemben.<\/span><\/p>\n<p><span style=\"color: rgb(68, 68, 68);\">Szem\u00e9lyazonos\u00edt\u00e1sra alkalmas adatokat nem osztunk meg nyilv\u00e1nosan vagy harmadik felekkel, kiv\u00e9ve, ha azt t\u00f6rv\u00e9ny \u00edrja el\u0151.<\/span><\/p>\n<p><span style=\"color: rgb(68, 68, 68);\">Weboldalunk tartalmazhat k\u00fcls\u0151 oldalakra mutat\u00f3 linkeket, amelyeket nem mi \u00fczemeltet\u00fcnk. Felh\u00edvjuk figyelm\u00e9t, hogy nincs befoly\u00e1sunk ezen oldalak tartalm\u00e1ra \u00e9s gyakorlat\u00e1ra, \u00e9s nem v\u00e1llalhatunk felel\u0151ss\u00e9get a vonatkoz\u00f3 ir\u00e1nyelveik\u00e9rt.&nbsp;<\/span><a href=\"https:\/\/politicaprivacidade.com\/\" rel=\"noopener noreferrer\" target=\"_blank\" style=\"background-color: transparent; color: rgb(68, 68, 68);\">adatv\u00e9delmi ir\u00e1nyelvek<\/a><span style=\"color: rgb(68, 68, 68);\">.<\/span><\/p>\n<p><span style=\"color: rgb(68, 68, 68);\">\u00d6n szabadon elutas\u00edthatja a szem\u00e9lyes adatokra vonatkoz\u00f3 k\u00e9r\u00e9s\u00fcnket, tudom\u00e1sul v\u00e9ve, hogy el\u0151fordulhat, hogy nem tudunk bizonyos szolg\u00e1ltat\u00e1sokat ny\u00fajtani az \u00d6n sz\u00e1m\u00e1ra.<\/span><\/p>\n<p><span style=\"color: rgb(68, 68, 68);\">Weboldalunk tov\u00e1bbi haszn\u00e1lat\u00e1val elfogadjuk az adatv\u00e9delemmel \u00e9s a szem\u00e9lyes adatokkal kapcsolatos gyakorlatunkat. Ha b\u00e1rmilyen k\u00e9rd\u00e9se van a felhaszn\u00e1l\u00f3i adatok \u00e9s a szem\u00e9lyes adatok kezel\u00e9s\u00e9vel kapcsolatban, k\u00e9rj\u00fck, vegye fel vel\u00fcnk a kapcsolatot.<\/span><\/p>\n<p><span style=\"color: rgb(68, 68, 68);\"><\/p>\n<ul>\n<li><span style=\"color: rgb(68, 68, 68);\">A hirdet\u00e9sek megjelen\u00edt\u00e9s\u00e9hez haszn\u00e1lt Google AdSense szolg\u00e1ltat\u00e1s DoubleClick s\u00fctit haszn\u00e1l, hogy relev\u00e1nsabb hirdet\u00e9seket jelen\u00edtsen meg az interneten, \u00e9s korl\u00e1tozza, hogy egy adott hirdet\u00e9s h\u00e1nyszor jelenjen meg \u00d6nnek.<\/span><\/li>\n<li><span style=\"color: rgb(68, 68, 68);\">A Google AdSense-szel kapcsolatos tov\u00e1bbi inform\u00e1ci\u00f3k\u00e9rt k\u00e9rj\u00fck, tekintse meg a hivatalos Google AdSense adatv\u00e9delmi GYIK-et.<\/span><\/li>\n<li><span style=\"color: rgb(68, 68, 68);\">Hirdet\u00e9seket haszn\u00e1lunk a webhely \u00fczemeltet\u00e9si k\u00f6lts\u00e9geinek ellent\u00e9telez\u00e9s\u00e9re \u00e9s a j\u00f6v\u0151beli fejleszt\u00e9sek finansz\u00edroz\u00e1s\u00e1ra. A webhely \u00e1ltal haszn\u00e1lt viselked\u00e9salap\u00fa hirdet\u00e9si s\u00fctik c\u00e9lja, hogy a lehet\u0151 legrelev\u00e1nsabb hirdet\u00e9seket jelen\u00edts\u00e9k meg \u00d6nnek az\u00e1ltal, hogy n\u00e9vtelen\u00fcl k\u00f6vetik nyomon \u00e9rdekl\u0151d\u00e9si k\u00f6reit, \u00e9s hasonl\u00f3, az \u00d6n sz\u00e1m\u00e1ra \u00e9rdekes dolgokat jelen\u00edtenek meg.<\/span><\/li>\n<li><span style=\"color: rgb(68, 68, 68);\">Sz\u00e1mos partner hirdet a nev\u00fcnkben, \u00e9s a partneri k\u00f6vet\u0151 s\u00fctik egyszer\u0171en lehet\u0151v\u00e9 teszik sz\u00e1munkra, hogy l\u00e1ssuk, \u00fcgyfeleink valamelyik partneroldalunkon kereszt\u00fcl jutottak-e el az oldalra, \u00edgy megfelel\u0151en j\u00f3v\u00e1\u00edrhatjuk \u0151ket, \u00e9s adott esetben lehet\u0151v\u00e9 tegy\u00fck partnereink sz\u00e1m\u00e1ra, hogy prom\u00f3ci\u00f3kat k\u00edn\u00e1ljanak, amelyekkel v\u00e1s\u00e1rl\u00e1sra \u00f6szt\u00f6n\u00f6zhetik \u00d6nt.<\/span><\/li>\n<\/ul>\n<p><\/p>\n<p><\/span><\/p>\n<h3><span style=\"color: rgb(68, 68, 68);\">Felhaszn\u00e1l\u00f3i k\u00f6telezetts\u00e9gv\u00e1llal\u00e1s<\/span><\/h3>\n<p><span style=\"color: rgb(68, 68, 68);\">A felhaszn\u00e1l\u00f3 beleegyezik abba, hogy megfelel\u0151en haszn\u00e1lja a Lob Viral \u00e1ltal a weboldalon k\u00edn\u00e1lt tartalmakat \u00e9s inform\u00e1ci\u00f3kat, bele\u00e9rtve, de nem kiz\u00e1r\u00f3lagosan:<\/span><\/p>\n<ul>\n<li><span style=\"color: rgb(68, 68, 68);\">A) Ne vegyen r\u00e9szt olyan tev\u00e9kenys\u00e9gekben, amelyek illeg\u00e1lisak vagy ellent\u00e9tesek a j\u00f3hiszem\u0171s\u00e9ggel \u00e9s a k\u00f6zrenddel;<\/span><\/li>\n<li><span style=\"color: rgb(68, 68, 68);\">B) Nem terjeszthet rasszista, idegengy\u0171l\u00f6l\u0151 jelleg\u0171, szerencsej\u00e1t\u00e9kokkal vagy szerencsej\u00e1t\u00e9kokkal kapcsolatos, b\u00e1rmilyen t\u00edpus\u00fa illeg\u00e1lis pornogr\u00e1fi\u00e1t tartalmaz\u00f3, illetve terrorizmust n\u00e9pszer\u0171s\u00edt\u0151 vagy emberi jogokat s\u00e9rt\u0151 propagand\u00e1t vagy tartalmat;<\/span><\/li>\n<li><span style=\"color: rgb(68, 68, 68);\">C) Ne okozzon k\u00e1rt a Lob Viral, besz\u00e1ll\u00edt\u00f3i vagy harmadik felek fizikai (hardver) \u00e9s logikai (szoftver) rendszereiben sz\u00e1m\u00edt\u00f3g\u00e9pes v\u00edrusok vagy b\u00e1rmely m\u00e1s, a fent eml\u00edtett k\u00e1rok okoz\u00e1s\u00e1ra alkalmas hardver- vagy szoftverrendszer bejuttat\u00e1sa vagy terjeszt\u00e9se c\u00e9lj\u00e1b\u00f3l.<\/span><\/li>\n<\/ul>\n<h3><span style=\"color: rgb(68, 68, 68);\">Tov\u00e1bbi inform\u00e1ci\u00f3k<\/span><\/h3>\n<p><span style=\"color: rgb(68, 68, 68);\">Rem\u00e9lj\u00fck, hogy ez vil\u00e1gos, \u00e9s ahogy kor\u00e1bban eml\u00edtett\u00fck, ha b\u00e1rmiben bizonytalan, hogy sz\u00fcks\u00e9ge van-e r\u00e1juk vagy sem, \u00e1ltal\u00e1ban biztons\u00e1gosabb enged\u00e9lyezve hagyni a s\u00fctiket arra az esetre, ha a weboldalunkon haszn\u00e1lt funkci\u00f3k valamelyik\u00e9t haszn\u00e1lja.<\/span><\/p>\n<p>&lt;span style=&quot;color: rgb(68, 68, 68);&quot;\n<\/p>","protected":false},"excerpt":{"rendered":"<p>A sua privacidade \u00e9 importante para n\u00f3s. \u00c9 pol\u00edtica do Lob Viral respeitar a sua privacidade em rela\u00e7\u00e3o a qualquer informa\u00e7\u00e3o sua que possamos coletar no site Lob Viral, e outros sites que possu\u00edmos e operamos. Solicitamos informa\u00e7\u00f5es pessoais apenas quando realmente precisamos delas para lhe fornecer um servi\u00e7o. Fazemo-lo por meios justos e legais, [&hellip;]<\/p>","protected":false},"author":1,"featured_media":0,"parent":0,"menu_order":0,"comment_status":"closed","ping_status":"closed","template":"","meta":{"footnotes":""},"class_list":["post-114","page","type-page","status-publish"],"_links":{"self":[{"href":"https:\/\/lobviral.com\/hu\/wp-json\/wp\/v2\/pages\/114","targetHints":{"allow":["GET"]}}],"collection":[{"href":"https:\/\/lobviral.com\/hu\/wp-json\/wp\/v2\/pages"}],"about":[{"href":"https:\/\/lobviral.com\/hu\/wp-json\/wp\/v2\/types\/page"}],"author":[{"embeddable":true,"href":"https:\/\/lobviral.com\/hu\/wp-json\/wp\/v2\/users\/1"}],"replies":[{"embeddable":true,"href":"https:\/\/lobviral.com\/hu\/wp-json\/wp\/v2\/comments?post=114"}],"version-history":[{"count":5,"href":"https:\/\/lobviral.com\/hu\/wp-json\/wp\/v2\/pages\/114\/revisions"}],"predecessor-version":[{"id":129,"href":"https:\/\/lobviral.com\/hu\/wp-json\/wp\/v2\/pages\/114\/revisions\/129"}],"wp:attachment":[{"href":"https:\/\/lobviral.com\/hu\/wp-json\/wp\/v2\/media?parent=114"}],"curies":[{"name":"wp","href":"https:\/\/api.w.org\/{rel}","templated":true}]}}