{"id":119,"date":"2026-01-22T03:02:03","date_gmt":"2026-01-22T03:02:03","guid":{"rendered":"https:\/\/lobviral.com\/?page_id=119"},"modified":"2026-01-22T03:02:03","modified_gmt":"2026-01-22T03:02:03","slug":"felhasznalasi-feltetelek","status":"publish","type":"page","link":"https:\/\/lobviral.com\/hu\/felhasznalasi-feltetelek\/","title":{"rendered":"Felhaszn\u00e1l\u00e1si felt\u00e9telek"},"content":{"rendered":"<h2><span style=\"color: rgb(68, 68, 68);\">1. Felt\u00e9telek<\/span><\/h2>\n<p><span style=\"color: rgb(68, 68, 68);\">A weboldal el\u00e9r\u00e9sekor <a href=\"http:\/\/lobviral.com\/hu\/\">V\u00edrusos Lob<\/a>, A webhely haszn\u00e1lat\u00e1val \u00d6n elfogadja, hogy betartja ezeket a szolg\u00e1ltat\u00e1si felt\u00e9teleket, az \u00f6sszes vonatkoz\u00f3 t\u00f6rv\u00e9nyt \u00e9s szab\u00e1lyoz\u00e1st, \u00e9s elfogadja, hogy felel\u0151s az \u00f6sszes vonatkoz\u00f3 helyi t\u00f6rv\u00e9ny betart\u00e1s\u00e1\u00e9rt. Ha nem \u00e9rt egyet a felt\u00e9telek b\u00e1rmelyik\u00e9vel, tilos a webhely haszn\u00e1lata vagy el\u00e9r\u00e9se. A webhelyen tal\u00e1lhat\u00f3 anyagokat a vonatkoz\u00f3 szerz\u0151i jogi \u00e9s v\u00e9djegyt\u00f6rv\u00e9nyek v\u00e9dik.<\/span><\/p>\n<h2><span style=\"color: rgb(68, 68, 68);\">2. Licenchaszn\u00e1lat<\/span><\/h2>\n<p><span style=\"color: rgb(68, 68, 68);\">Enged\u00e9lyezett a Lob Viral weboldal\u00e1n tal\u00e1lhat\u00f3 anyagok (inform\u00e1ci\u00f3k vagy szoftverek) egyetlen p\u00e9ld\u00e1ny\u00e1nak ideiglenes let\u00f6lt\u00e9se, kiz\u00e1r\u00f3lag szem\u00e9lyes, nem kereskedelmi c\u00e9l\u00fa, \u00e1tmeneti megtekint\u00e9sre. Ez egy licenc megad\u00e1sa, nem pedig a tulajdonjog \u00e1truh\u00e1z\u00e1sa, \u00e9s ezen licenc alapj\u00e1n \u00d6n nem jogosult:&nbsp;<\/span><\/p>\n<ol>\n<li><span style=\"color: rgb(68, 68, 68);\">m\u00f3dos\u00edtani vagy m\u00e1solni az anyagokat;&nbsp;<\/span><\/li>\n<li><span style=\"color: rgb(68, 68, 68);\">Az anyagok b\u00e1rmilyen kereskedelmi c\u00e9l\u00fa felhaszn\u00e1l\u00e1sa vagy nyilv\u00e1nos (kereskedelmi vagy nem kereskedelmi) bemutat\u00e1sa;&nbsp;<\/span><\/li>\n<li><span style=\"color: rgb(68, 68, 68);\">A Lob Viral weboldal\u00e1n tal\u00e1lhat\u00f3 szoftverek visszaford\u00edt\u00e1s\u00e1ra vagy visszafejt\u00e9s\u00e9re tett k\u00eds\u00e9rlet;&nbsp;<\/span><\/li>\n<li><span style=\"color: rgb(68, 68, 68);\">t\u00e1vol\u00edtson el minden szerz\u0151i jogi vagy egy\u00e9b tulajdonjogi jel\u00f6l\u00e9st az anyagokb\u00f3l; vagy&nbsp;<\/span><\/li>\n<li><span style=\"color: rgb(68, 68, 68);\">\u00c1tadhatja az anyagokat egy m\u00e1sik szem\u00e9lynek, vagy \u2018t\u00fckr\u00f6zheti\u2019 azokat b\u00e1rmely m\u00e1s szerveren.<\/span><\/li>\n<\/ol>\n<p><span style=\"color: rgb(68, 68, 68);\">Ez a licenc automatikusan megsz\u0171nik, ha megs\u00e9rti ezen korl\u00e1toz\u00e1sok b\u00e1rmelyik\u00e9t, \u00e9s a Lob Viral b\u00e1rmikor felmondhatja. Az anyagok megtekint\u00e9s\u00e9nek befejez\u00e9sekor, vagy a licenc megsz\u0171n\u00e9sekor meg kell semmis\u00edtenie az \u00d6n birtok\u00e1ban l\u00e9v\u0151 \u00f6sszes let\u00f6lt\u00f6tt anyagot, f\u00fcggetlen\u00fcl att\u00f3l, hogy azok elektronikus vagy nyomtatott form\u00e1tumban vannak-e.<\/span><\/p>\n<h2><span style=\"color: rgb(68, 68, 68);\">3. Jogi nyilatkozat<\/span><\/h2>\n<ol>\n<li><span style=\"color: rgb(68, 68, 68);\">A Lob Viral weboldal\u00e1n tal\u00e1lhat\u00f3 anyagok \u2018ahogy vannak\u2019 alapon ker\u00fclnek biztos\u00edt\u00e1sra. A Lob Viral semmilyen kifejezett vagy hallgat\u00f3lagos garanci\u00e1t nem v\u00e1llal, \u00e9s ezennel elutas\u00edt \u00e9s tagad minden egy\u00e9b garanci\u00e1t, bele\u00e9rtve korl\u00e1toz\u00e1s n\u00e9lk\u00fcl a hallgat\u00f3lagos garanci\u00e1kat vagy az eladhat\u00f3s\u00e1gra, egy adott c\u00e9lra val\u00f3 alkalmass\u00e1gra, a szellemi tulajdonjogok megs\u00e9rt\u00e9s\u00e9nek hi\u00e1ny\u00e1ra vagy egy\u00e9b jogs\u00e9rt\u00e9sekre vonatkoz\u00f3 felt\u00e9teleket.<\/span><\/li>\n<li><span style=\"color: rgb(68, 68, 68);\">Tov\u00e1bb\u00e1 a Lob Viral nem garant\u00e1lja \u00e9s nem tesz semmilyen nyilatkozatot a weboldal\u00e1n tal\u00e1lhat\u00f3 anyagok pontoss\u00e1g\u00e1\u00e9rt, val\u00f3sz\u00edn\u0171s\u00edthet\u0151 eredm\u00e9nyei\u00e9rt vagy megb\u00edzhat\u00f3s\u00e1g\u00e1\u00e9rt, illetve az ilyen anyagokkal vagy a jelen webhelyhez kapcsol\u00f3d\u00f3 webhelyeken tal\u00e1lhat\u00f3 anyagok felhaszn\u00e1l\u00e1s\u00e1val kapcsolatban.<\/span><\/li>\n<\/ol>\n<h2><span style=\"color: rgb(68, 68, 68);\">4. Korl\u00e1toz\u00e1sok<\/span><\/h2>\n<p><span style=\"color: rgb(68, 68, 68);\">A Lob Viral vagy besz\u00e1ll\u00edt\u00f3i semmilyen esetben sem felel\u0151sek semmilyen k\u00e1r\u00e9rt (bele\u00e9rtve korl\u00e1toz\u00e1s n\u00e9lk\u00fcl az adatveszt\u00e9sb\u0151l vagy a nyeres\u00e9gkies\u00e9sb\u0151l, illetve az \u00fczleti tev\u00e9kenys\u00e9g megszakad\u00e1s\u00e1b\u00f3l ered\u0151 k\u00e1rokat), amely a Lob Viral weboldal\u00e1n tal\u00e1lhat\u00f3 anyagok haszn\u00e1lat\u00e1b\u00f3l vagy haszn\u00e1latuk lehetetlens\u00e9g\u00e9b\u0151l ered, m\u00e9g akkor sem, ha a Lob Viralt vagy a Lob Viral meghatalmazott k\u00e9pvisel\u0151j\u00e9t sz\u00f3ban vagy \u00edr\u00e1sban \u00e9rtes\u00edtett\u00e9k az ilyen k\u00e1rok lehet\u0151s\u00e9g\u00e9r\u0151l. Mivel egyes joghat\u00f3s\u00e1gok nem enged\u00e9lyezik a hallgat\u00f3lagos garanci\u00e1k korl\u00e1toz\u00e1s\u00e1t, illetve a k\u00f6vetkezm\u00e9nyes vagy v\u00e9letlenszer\u0171 k\u00e1rok\u00e9rt val\u00f3 felel\u0151ss\u00e9g korl\u00e1toz\u00e1s\u00e1t, ezek a korl\u00e1toz\u00e1sok esetleg nem vonatkoznak \u00d6nre.<\/span><\/p>\n<h2><span style=\"color: rgb(68, 68, 68);\">5. Anyagok pontoss\u00e1ga<\/span><\/h2>\n<p><span style=\"color: rgb(68, 68, 68);\">A Lob Viral weboldal\u00e1n megjelen\u00edtett anyagok tartalmazhatnak technikai, tipogr\u00e1fiai vagy f\u00e9nyk\u00e9p\u00e9szeti hib\u00e1kat. A Lob Viral nem garant\u00e1lja, hogy a weboldal\u00e1n tal\u00e1lhat\u00f3 anyagok pontosak, teljesek vagy aktu\u00e1lisak. A Lob Viral b\u00e1rmikor, el\u0151zetes \u00e9rtes\u00edt\u00e9s n\u00e9lk\u00fcl m\u00f3dos\u00edthatja a weboldal\u00e1n tal\u00e1lhat\u00f3 anyagokat. A Lob Viral azonban nem v\u00e1llal k\u00f6telezetts\u00e9get az anyagok friss\u00edt\u00e9s\u00e9re.<\/span><\/p>\n<h2><span style=\"color: rgb(68, 68, 68);\">6. Linkek<\/span><\/h2>\n<p><span style=\"color: rgb(68, 68, 68);\">A Lob Viral nem vizsg\u00e1lta fel\u00fcl az \u00f6sszes, a weboldal\u00e1hoz kapcsol\u00f3d\u00f3 webhelyet, \u00e9s nem v\u00e1llal felel\u0151ss\u00e9get a kapcsol\u00f3d\u00f3 webhelyek tartalm\u00e1\u00e9rt. B\u00e1rmely hivatkoz\u00e1s felt\u00fcntet\u00e9se nem jelenti a Lob Viral \u00e1ltali t\u00e1mogat\u00e1s\u00e1t az adott webhelyhez. A kapcsol\u00f3d\u00f3 webhelyek haszn\u00e1lata a felhaszn\u00e1l\u00f3 saj\u00e1t felel\u0151ss\u00e9g\u00e9re t\u00f6rt\u00e9nik.<\/span><\/p>\n<p><\/p>\n<h3><span style=\"color: rgb(68, 68, 68);\">M\u00f3dos\u00edt\u00e1sok<\/span><\/h3>\n<p><span style=\"color: rgb(68, 68, 68);\">A Lob Viral b\u00e1rmikor, el\u0151zetes \u00e9rtes\u00edt\u00e9s n\u00e9lk\u00fcl m\u00f3dos\u00edthatja a weboldal jelen felhaszn\u00e1l\u00e1si felt\u00e9teleit. A weboldal haszn\u00e1lat\u00e1val \u00d6n elfogadja a jelen felhaszn\u00e1l\u00e1si felt\u00e9telek aktu\u00e1lis verzi\u00f3j\u00e1t.<\/span><\/p>\n<h3><span style=\"color: rgb(68, 68, 68);\">Alkalmazand\u00f3 jog<\/span><\/h3>\n<p><span style=\"color: rgb(68, 68, 68);\">Ezeket a felt\u00e9teleket Lob Viral t\u00f6rv\u00e9nyei szab\u00e1lyozz\u00e1k \u00e9s \u00e9rtelmezik, \u00e9s \u00d6n visszavonhatatlanul al\u00e1veti mag\u00e1t az adott \u00e1llam vagy telep\u00fcl\u00e9s b\u00edr\u00f3s\u00e1gainak kiz\u00e1r\u00f3lagos joghat\u00f3s\u00e1g\u00e1nak.<\/span><\/p>","protected":false},"excerpt":{"rendered":"<p>1. Termos Ao acessar ao site Lob Viral, concorda em cumprir estes termos de servi\u00e7o, todas as leis e regulamentos aplic\u00e1veis \u200b\u200be concorda que \u00e9 respons\u00e1vel pelo cumprimento de todas as leis locais aplic\u00e1veis. Se voc\u00ea n\u00e3o concordar com algum desses termos, est\u00e1 proibido de usar ou acessar este site. Os materiais contidos neste site [&hellip;]<\/p>","protected":false},"author":1,"featured_media":0,"parent":0,"menu_order":0,"comment_status":"closed","ping_status":"closed","template":"","meta":{"footnotes":""},"class_list":["post-119","page","type-page","status-publish"],"_links":{"self":[{"href":"https:\/\/lobviral.com\/hu\/wp-json\/wp\/v2\/pages\/119","targetHints":{"allow":["GET"]}}],"collection":[{"href":"https:\/\/lobviral.com\/hu\/wp-json\/wp\/v2\/pages"}],"about":[{"href":"https:\/\/lobviral.com\/hu\/wp-json\/wp\/v2\/types\/page"}],"author":[{"embeddable":true,"href":"https:\/\/lobviral.com\/hu\/wp-json\/wp\/v2\/users\/1"}],"replies":[{"embeddable":true,"href":"https:\/\/lobviral.com\/hu\/wp-json\/wp\/v2\/comments?post=119"}],"version-history":[{"count":1,"href":"https:\/\/lobviral.com\/hu\/wp-json\/wp\/v2\/pages\/119\/revisions"}],"predecessor-version":[{"id":120,"href":"https:\/\/lobviral.com\/hu\/wp-json\/wp\/v2\/pages\/119\/revisions\/120"}],"wp:attachment":[{"href":"https:\/\/lobviral.com\/hu\/wp-json\/wp\/v2\/media?parent=119"}],"curies":[{"name":"wp","href":"https:\/\/api.w.org\/{rel}","templated":true}]}}