{"id":121,"date":"2026-01-22T03:04:46","date_gmt":"2026-01-22T03:04:46","guid":{"rendered":"https:\/\/lobviral.com\/?page_id=121"},"modified":"2026-01-22T03:04:46","modified_gmt":"2026-01-22T03:04:46","slug":"felelossegkizaras","status":"publish","type":"page","link":"https:\/\/lobviral.com\/hu\/felelossegkizaras\/","title":{"rendered":"Jogi nyilatkozat"},"content":{"rendered":"<p>A weboldalon el\u00e9rhet\u0151 inform\u00e1ci\u00f3k\u00a0<strong>V\u00edrusos Lob<\/strong>\u00a0van karaktere\u00a0<strong>Kiz\u00e1r\u00f3lag t\u00e1j\u00e9koztat\u00e1si c\u00e9lokat szolg\u00e1l.<\/strong>. C\u00e9lunk olyan tartalmak, elemz\u00e9sek \u00e9s aj\u00e1nl\u00e1sok bemutat\u00e1sa alkalmaz\u00e1sokhoz, szolg\u00e1ltat\u00e1sokhoz \u00e9s eszk\u00f6z\u00f6kh\u00f6z, amelyek seg\u00edthetik a felhaszn\u00e1l\u00f3kat a lehet\u0151s\u00e9gek, a termel\u00e9kenys\u00e9g \u00e9s a digit\u00e1lis megold\u00e1sok keres\u00e9s\u00e9ben.<\/p>\n\n\n\n<h3 class=\"wp-block-heading\">Nem v\u00e1llalunk garanci\u00e1t.<\/h3>\n\n\n\n<p>O\u00a0<strong><strong>V\u00edrusos Lob<\/strong><\/strong>\u00a0<strong>nem garant\u00e1lja<\/strong>\u00a0Eredm\u00e9nyek, p\u00e9nz\u00fcgyi haszon, felv\u00e9tel, j\u00f6vedelem vagy b\u00e1rmilyen konkr\u00e9t el\u0151ny a weboldalon eml\u00edtett inform\u00e1ci\u00f3k, alkalmaz\u00e1sok vagy szolg\u00e1ltat\u00e1sok haszn\u00e1lat\u00e1b\u00f3l. Az eredm\u00e9nyek egy\u00e9ni, region\u00e1lis \u00e9s k\u00f6r\u00fclm\u00e9nyes t\u00e9nyez\u0151kt\u0151l f\u00fcgg\u0151en v\u00e1ltozhatnak.<\/p>\n\n\n\n<h3 class=\"wp-block-heading\">Harmadik f\u00e9lt\u0151l sz\u00e1rmaz\u00f3 alkalmaz\u00e1sok \u00e9s szolg\u00e1ltat\u00e1sok<\/h3>\n\n\n\n<p>Az oldal tartalmazhat linkeket, aj\u00e1nl\u00e1sokat vagy eml\u00edt\u00e9seket a k\u00f6vetkez\u0151kr\u0151l:&nbsp;<strong>harmadik f\u00e9lt\u0151l sz\u00e1rmaz\u00f3 alkalmaz\u00e1sok, platformok \u00e9s szolg\u00e1ltat\u00e1sok<\/strong>. Nincs befoly\u00e1sunk ezen szolg\u00e1ltat\u00e1sok m\u0171k\u00f6d\u00e9s\u00e9re, szab\u00e1lyzataira, \u00e1raz\u00e1s\u00e1ra, el\u00e9rhet\u0151s\u00e9g\u00e9re vagy biztons\u00e1g\u00e1ra. B\u00e1rmilyen interakci\u00f3, regisztr\u00e1ci\u00f3 vagy haszn\u00e1lat saj\u00e1t felel\u0151ss\u00e9gre t\u00f6rt\u00e9nik.&nbsp;<strong>kiz\u00e1r\u00f3lag a felhaszn\u00e1l\u00f3 felel\u0151ss\u00e9ge<\/strong>.<\/p>\n\n\n\n<p>Mindig azt javasoljuk a felhaszn\u00e1l\u00f3nak, hogy:<\/p>\n\n\n\n<ul class=\"wp-block-list\">\n<li>Olvasd el az alkalmaz\u00e1sok felhaszn\u00e1l\u00e1si felt\u00e9teleit \u00e9s adatv\u00e9delmi ir\u00e1nyelveit;<\/li>\n\n\n\n<li>N\u00e9zd meg a v\u00e9lem\u00e9nyeket a hivatalos alkalmaz\u00e1sboltokban (Google Play, App Store);<\/li>\n\n\n\n<li>Haszn\u00e1lat el\u0151tt elemezze, hogy a szolg\u00e1ltat\u00e1s megfelel-e az ig\u00e9nyeinek.<\/li>\n<\/ul>\n\n\n\n<h3 class=\"wp-block-heading\">Jogi \u00e9s szakmai felel\u0151ss\u00e9g kiz\u00e1r\u00e1sa<\/h3>\n\n\n\n<p>A k\u00f6zz\u00e9tett tartalom\u00a0<strong><strong>V\u00edrusos Lob<\/strong><\/strong>\u00a0<strong>Ez nem helyettes\u00edti a szakmai tan\u00e1csad\u00e1st.<\/strong>, Legyen sz\u00f3 jogi, p\u00e9nz\u00fcgyi, sz\u00e1mviteli, munka\u00fcgyi vagy technikai k\u00e9rd\u00e9sekr\u0151l, fontos d\u00f6nt\u00e9sekhez mindig forduljon k\u00e9pzett szakemberhez.<\/p>\n\n\n\n<h3 class=\"wp-block-heading\">Rekl\u00e1m \u00e9s bev\u00e9telszerz\u00e9s<\/h3>\n\n\n\n<p>A weboldal\u00a0<strong>V\u00edrusos Lob<\/strong> P\u00e9nz\u00fcgyileg hasznos\u00edthat\u00f3 a k\u00f6vetkez\u0151k\u00f6n kereszt\u00fcl:<\/p>\n\n\n\n<ul class=\"wp-block-list\">\n<li>Hirdet\u00e9sek (p\u00e9ld\u00e1ul Google AdSense);<\/li>\n\n\n\n<li>Szponzor\u00e1lt linkek;<\/li>\n\n\n\n<li>Partners\u00e9gek vagy affiliate programok.<\/li>\n<\/ul>\n\n\n\n<p>Ez azt jelenti, hogy jutal\u00e9kot kaphatunk, amikor egy felhaszn\u00e1l\u00f3 r\u00e1kattint a hirdet\u00e9sekre vagy bizonyos linkeket haszn\u00e1l.,&nbsp;<strong>tov\u00e1bbi k\u00f6lts\u00e9gek n\u00e9lk\u00fcl a felhaszn\u00e1l\u00f3 sz\u00e1m\u00e1ra.<\/strong>. Ezek a partners\u00e9gek nem befoly\u00e1solj\u00e1k a sz\u00e1nd\u00e9kunkat, hogy vil\u00e1gos \u00e9s relev\u00e1ns tartalmat k\u00edn\u00e1ljunk.<\/p>\n\n\n\n<h3 class=\"wp-block-heading\">Inform\u00e1ci\u00f3friss\u00edt\u00e9s<\/h3>\n\n\n\n<p>A weboldalon tal\u00e1lhat\u00f3 inform\u00e1ci\u00f3k lehetnek&nbsp;<strong>b\u00e1rmikor m\u00f3dos\u00edthat\u00f3, friss\u00edthet\u0151 vagy elt\u00e1vol\u00edthat\u00f3<\/strong>, el\u0151zetes \u00e9rtes\u00edt\u00e9s n\u00e9lk\u00fcl. Nem garant\u00e1ljuk, hogy minden tartalom mindig teljesen naprak\u00e9sz, mivel az alkalmaz\u00e1sok \u00e9s szolg\u00e1ltat\u00e1sok szab\u00e1lyai gyakran v\u00e1ltozhatnak.<\/p>\n\n\n\n<h3 class=\"wp-block-heading\">Felel\u0151ss\u00e9g korl\u00e1toz\u00e1sa<\/h3>\n\n\n\n<p>O\u00a0<strong><strong>V\u00edrusos Lob<\/strong><\/strong>\u00a0nem felel\u0151s a k\u00f6vetkez\u0151k\u00e9rt:<\/p>\n\n\n\n<ul class=\"wp-block-list\">\n<li>P\u00e9nz\u00fcgyi vesztes\u00e9gek;<\/li>\n\n\n\n<li>Technikai probl\u00e9m\u00e1k;<\/li>\n\n\n\n<li>Harmadik f\u00e9lt\u0151l sz\u00e1rmaz\u00f3 alkalmaz\u00e1shib\u00e1k;<\/li>\n\n\n\n<li>A weboldalon tal\u00e1lhat\u00f3 inform\u00e1ci\u00f3k felhaszn\u00e1l\u00e1s\u00e1b\u00f3l ered\u0151 k\u00f6zvetlen vagy k\u00f6zvetett k\u00e1rok.<\/li>\n<\/ul>\n\n\n\n<p>A weboldal haszn\u00e1lata mag\u00e1ban foglalja&nbsp;<strong>A nyilatkozat teljes elfogad\u00e1sa<\/strong>.<\/p>\n\n\n\n<h3 class=\"wp-block-heading\">\u00c9rintkez\u00e9s<\/h3>\n\n\n\n<p>Ha b\u00e1rmilyen k\u00e9rd\u00e9se, javaslata van, vagy szeretne b\u00e1rmilyen tartalmat jelenteni, k\u00e9rj\u00fck, vegye fel vel\u00fcnk a kapcsolatot a weboldal kapcsolatfelv\u00e9teli oldal\u00e1n kereszt\u00fcl.<\/p>","protected":false},"excerpt":{"rendered":"<p>As informa\u00e7\u00f5es disponibilizadas no site\u00a0Lob Viral\u00a0t\u00eam car\u00e1ter\u00a0exclusivamente informativo. Nosso objetivo \u00e9 apresentar conte\u00fados, an\u00e1lises e indica\u00e7\u00f5es de aplicativos, servi\u00e7os e ferramentas que possam auxiliar usu\u00e1rios na busca por oportunidades, produtividade e solu\u00e7\u00f5es digitais. N\u00e3o oferecemos garantias O\u00a0Lob Viral\u00a0n\u00e3o garante\u00a0resultados, ganhos financeiros, contrata\u00e7\u00f5es, rendimentos ou qualquer tipo de benef\u00edcio espec\u00edfico a partir do uso das informa\u00e7\u00f5es, [&hellip;]<\/p>","protected":false},"author":1,"featured_media":0,"parent":0,"menu_order":0,"comment_status":"closed","ping_status":"closed","template":"","meta":{"footnotes":""},"class_list":["post-121","page","type-page","status-publish"],"_links":{"self":[{"href":"https:\/\/lobviral.com\/hu\/wp-json\/wp\/v2\/pages\/121","targetHints":{"allow":["GET"]}}],"collection":[{"href":"https:\/\/lobviral.com\/hu\/wp-json\/wp\/v2\/pages"}],"about":[{"href":"https:\/\/lobviral.com\/hu\/wp-json\/wp\/v2\/types\/page"}],"author":[{"embeddable":true,"href":"https:\/\/lobviral.com\/hu\/wp-json\/wp\/v2\/users\/1"}],"replies":[{"embeddable":true,"href":"https:\/\/lobviral.com\/hu\/wp-json\/wp\/v2\/comments?post=121"}],"version-history":[{"count":1,"href":"https:\/\/lobviral.com\/hu\/wp-json\/wp\/v2\/pages\/121\/revisions"}],"predecessor-version":[{"id":123,"href":"https:\/\/lobviral.com\/hu\/wp-json\/wp\/v2\/pages\/121\/revisions\/123"}],"wp:attachment":[{"href":"https:\/\/lobviral.com\/hu\/wp-json\/wp\/v2\/media?parent=121"}],"curies":[{"name":"wp","href":"https:\/\/api.w.org\/{rel}","templated":true}]}}