{"id":122,"date":"2026-01-22T03:05:58","date_gmt":"2026-01-22T03:05:58","guid":{"rendered":"https:\/\/lobviral.com\/?page_id=122"},"modified":"2026-01-22T03:05:59","modified_gmt":"2026-01-22T03:05:59","slug":"erintkezes","status":"publish","type":"page","link":"https:\/\/lobviral.com\/hu\/erintkezes\/","title":{"rendered":"\u00c9rintkez\u00e9s"},"content":{"rendered":"<p>\u00dcdv\u00f6z\u00f6lj\u00fck! Ez a hivatalos kapcsolatfelv\u00e9teli oldal a k\u00f6vetkez\u0151h\u00f6z:\u00a0<strong><strong>V\u00edrusos Lob<\/strong><\/strong>. Itt kapcsolatba l\u00e9phet vel\u00fcnk, ha k\u00e9rd\u00e9seket szeretne feltenni, javaslatokat k\u00fcldeni, panaszt tenni, vagy b\u00e1rmilyen m\u00e1s, a weboldalunkkal \u00e9s az \u00e1ltalunk k\u00f6zz\u00e9tett tartalommal kapcsolatos probl\u00e9m\u00e1t megoldani.<\/p>\n\n\n\n<p>C\u00e9lunk a lehet\u0151 legjobb felhaszn\u00e1l\u00f3i \u00e9lm\u00e9ny biztos\u00edt\u00e1sa, ez\u00e9rt nagyra \u00e9rt\u00e9kelj\u00fck a visszajelz\u00e9s\u00e9t. Ha b\u00e1rmilyen k\u00e9rd\u00e9se van az oldal m\u0171k\u00f6d\u00e9s\u00e9vel, az aj\u00e1nlott alkalmaz\u00e1sok haszn\u00e1lat\u00e1val vagy a tartalmainkkal kapcsolatban, k\u00e9rj\u00fck, \u00edrjon nek\u00fcnk.<\/p>\n\n\n\n<p>Mindig nyitottak vagyunk a fejleszt\u00e9si javaslatokra \u00e9s az \u00e9p\u00edt\u0151 jelleg\u0171 kritik\u00e1ra. V\u00e9lem\u00e9nyed elengedhetetlen ahhoz, hogy fejl\u0151dhess\u00fcnk, kijav\u00edthassuk a probl\u00e9m\u00e1kat, \u00e9s egyre hasznosabb \u00e9s megb\u00edzhat\u00f3bb inform\u00e1ci\u00f3kat ny\u00fajthassunk.<\/p>\n\n\n\n<p>Kapcsolatfelv\u00e9telhez egyszer\u0171en t\u00f6ltse ki az ezen az oldalon tal\u00e1lhat\u00f3 \u0171rlapot az adataival \u00e9s \u00fczenet\u00e9vel. Csapatunk mindent megtesz, hogy a lehet\u0151 leggyorsabban v\u00e1laszoljon.<\/p>\n\n\n\n<p>K\u00f6sz\u00f6n\u00f6m a l\u00e1togat\u00e1st\u00a0<strong><strong><strong>V\u00edrusos Lob<\/strong><\/strong><\/strong>\u00a0\u00c9s \u00f6r\u00f6mmel fogadjuk az \u00fczenetedet.<\/p>\n\n\n\n<p><strong>Kapcsolatfelv\u00e9teli e-mail c\u00edm:<\/strong><br>\ud83d\udce7 contact@lobviral.com.br<\/p>","protected":false},"excerpt":{"rendered":"<p>Bem-vindo! Esta \u00e9 a p\u00e1gina oficial de contato do\u00a0Lob Viral. Aqui voc\u00ea pode entrar em contato conosco para tirar d\u00favidas, enviar sugest\u00f5es, fazer reclama\u00e7\u00f5es ou tratar de qualquer outro assunto relacionado ao nosso site e aos conte\u00fados que publicamos. Nosso objetivo \u00e9 oferecer a melhor experi\u00eancia poss\u00edvel aos usu\u00e1rios, por isso valorizamos muito o seu [&hellip;]<\/p>","protected":false},"author":1,"featured_media":0,"parent":0,"menu_order":0,"comment_status":"closed","ping_status":"closed","template":"","meta":{"footnotes":""},"class_list":["post-122","page","type-page","status-publish"],"_links":{"self":[{"href":"https:\/\/lobviral.com\/hu\/wp-json\/wp\/v2\/pages\/122","targetHints":{"allow":["GET"]}}],"collection":[{"href":"https:\/\/lobviral.com\/hu\/wp-json\/wp\/v2\/pages"}],"about":[{"href":"https:\/\/lobviral.com\/hu\/wp-json\/wp\/v2\/types\/page"}],"author":[{"embeddable":true,"href":"https:\/\/lobviral.com\/hu\/wp-json\/wp\/v2\/users\/1"}],"replies":[{"embeddable":true,"href":"https:\/\/lobviral.com\/hu\/wp-json\/wp\/v2\/comments?post=122"}],"version-history":[{"count":1,"href":"https:\/\/lobviral.com\/hu\/wp-json\/wp\/v2\/pages\/122\/revisions"}],"predecessor-version":[{"id":124,"href":"https:\/\/lobviral.com\/hu\/wp-json\/wp\/v2\/pages\/122\/revisions\/124"}],"wp:attachment":[{"href":"https:\/\/lobviral.com\/hu\/wp-json\/wp\/v2\/media?parent=122"}],"curies":[{"name":"wp","href":"https:\/\/api.w.org\/{rel}","templated":true}]}}