{"id":119,"date":"2026-01-22T03:02:03","date_gmt":"2026-01-22T03:02:03","guid":{"rendered":"https:\/\/lobviral.com\/?page_id=119"},"modified":"2026-01-22T03:02:03","modified_gmt":"2026-01-22T03:02:03","slug":"ketentuan-penggunaan","status":"publish","type":"page","link":"https:\/\/lobviral.com\/id\/ketentuan-penggunaan\/","title":{"rendered":"Syarat Penggunaan"},"content":{"rendered":"<h2><span style=\"color: rgb(68, 68, 68);\">1. Istilah<\/span><\/h2>\n<p><span style=\"color: rgb(68, 68, 68);\">Saat mengakses situs web <a href=\"http:\/\/lobviral.com\/id\/\">Lob Virus<\/a>, Dengan menggunakan situs ini, Anda setuju untuk terikat oleh ketentuan layanan ini, semua hukum dan peraturan yang berlaku, dan setuju bahwa Anda bertanggung jawab untuk mematuhi semua hukum lokal yang berlaku. Jika Anda tidak menyetujui salah satu ketentuan ini, Anda dilarang menggunakan atau mengakses situs ini. Materi yang terdapat di situs web ini dilindungi oleh hukum hak cipta dan merek dagang yang berlaku.<\/span><\/p>\n<h2><span style=\"color: rgb(68, 68, 68);\">2. Penggunaan Lisensi<\/span><\/h2>\n<p><span style=\"color: rgb(68, 68, 68);\">Izin diberikan untuk sementara mengunduh satu salinan materi (informasi atau perangkat lunak) di situs web Lob Viral hanya untuk keperluan pribadi, non-komersial, dan penayangan sementara. Ini adalah pemberian lisensi, bukan pengalihan hak milik, dan berdasarkan lisensi ini Anda tidak boleh:&nbsp;<\/span><\/p>\n<ol>\n<li><span style=\"color: rgb(68, 68, 68);\">mengubah atau menyalin materi tersebut;&nbsp;<\/span><\/li>\n<li><span style=\"color: rgb(68, 68, 68);\">Dilarang menggunakan materi tersebut untuk tujuan komersial apa pun atau untuk tampilan publik (komersial atau non-komersial);&nbsp;<\/span><\/li>\n<li><span style=\"color: rgb(68, 68, 68);\">Berupaya mendekompilasi atau melakukan rekayasa balik perangkat lunak apa pun yang terdapat di situs web Lob Viral;&nbsp;<\/span><\/li>\n<li><span style=\"color: rgb(68, 68, 68);\">menghapus semua catatan hak cipta atau kepemilikan lainnya dari materi tersebut; atau&nbsp;<\/span><\/li>\n<li><span style=\"color: rgb(68, 68, 68);\">Transfer materi tersebut ke orang lain atau &#039;salin&#039; materi tersebut ke server lain.<\/span><\/li>\n<\/ol>\n<p><span style=\"color: rgb(68, 68, 68);\">Lisensi ini akan berakhir secara otomatis jika Anda melanggar salah satu batasan ini dan dapat diakhiri oleh Lob Viral kapan saja. Setelah mengakhiri penayangan materi ini atau setelah berakhirnya lisensi ini, Anda harus menghancurkan semua materi yang telah diunduh yang Anda miliki, baik dalam format elektronik maupun cetak.<\/span><\/p>\n<h2><span style=\"color: rgb(68, 68, 68);\">3. Penafian<\/span><\/h2>\n<ol>\n<li><span style=\"color: rgb(68, 68, 68);\">Materi di situs web Lob Viral disediakan &#039;sebagaimana adanya&#039;. Lob Viral tidak memberikan jaminan, baik tersurat maupun tersirat, dan dengan ini menolak dan membatalkan semua jaminan lainnya, termasuk, tanpa batasan, jaminan tersirat atau ketentuan tentang kelayakan jual, kesesuaian untuk tujuan tertentu, atau tidak adanya pelanggaran hak kekayaan intelektual atau pelanggaran hak lainnya.<\/span><\/li>\n<li><span style=\"color: rgb(68, 68, 68);\">Selanjutnya, Lob Viral tidak menjamin atau membuat pernyataan apa pun mengenai keakuratan, kemungkinan hasil, atau keandalan penggunaan materi di situs webnya atau yang berkaitan dengan materi tersebut atau di situs mana pun yang terhubung ke situs ini.<\/span><\/li>\n<\/ol>\n<h2><span style=\"color: rgb(68, 68, 68);\">4. Keterbatasan<\/span><\/h2>\n<p><span style=\"color: rgb(68, 68, 68);\">Dalam keadaan apa pun Lob Viral atau pemasoknya tidak bertanggung jawab atas kerugian apa pun (termasuk, tanpa batasan, kerugian atas kehilangan data atau keuntungan, atau karena gangguan bisnis) yang timbul dari penggunaan atau ketidakmampuan untuk menggunakan materi di Lob Viral, bahkan jika Lob Viral atau perwakilan resmi Lob Viral telah diberitahu secara lisan atau tertulis tentang kemungkinan kerugian tersebut. Karena beberapa yurisdiksi tidak mengizinkan pembatasan garansi tersirat, atau pembatasan tanggung jawab atas kerugian konsekuensial atau insidental, pembatasan ini mungkin tidak berlaku untuk Anda.<\/span><\/p>\n<h2><span style=\"color: rgb(68, 68, 68);\">5. Ketelitian material<\/span><\/h2>\n<p><span style=\"color: rgb(68, 68, 68);\">Materi yang ditampilkan di situs web Lob Viral mungkin mengandung kesalahan teknis, tipografi, atau fotografi. Lob Viral tidak menjamin bahwa materi apa pun di situs webnya akurat, lengkap, atau terkini. Lob Viral dapat melakukan perubahan pada materi yang terdapat di situs webnya kapan saja tanpa pemberitahuan. Namun, Lob Viral tidak berkomitmen untuk memperbarui materi tersebut.<\/span><\/p>\n<h2><span style=\"color: rgb(68, 68, 68);\">6. Tautan<\/span><\/h2>\n<p><span style=\"color: rgb(68, 68, 68);\">Lob Viral belum meninjau semua situs yang terhubung ke situs webnya dan tidak bertanggung jawab atas konten situs yang terhubung tersebut. Penyertaan tautan apa pun tidak menyiratkan dukungan dari Lob Viral terhadap situs tersebut. Penggunaan situs web yang terhubung sepenuhnya merupakan risiko pengguna sendiri.<\/span><\/p>\n<p><\/p>\n<h3><span style=\"color: rgb(68, 68, 68);\">Modifikasi<\/span><\/h3>\n<p><span style=\"color: rgb(68, 68, 68);\">Lob Viral dapat merevisi ketentuan layanan situs web ini kapan saja tanpa pemberitahuan. Dengan menggunakan situs web ini, Anda setuju untuk terikat oleh versi ketentuan layanan yang berlaku saat ini.<\/span><\/p>\n<h3><span style=\"color: rgb(68, 68, 68);\">Hukum yang berlaku<\/span><\/h3>\n<p><span style=\"color: rgb(68, 68, 68);\">Syarat dan ketentuan ini diatur oleh dan ditafsirkan sesuai dengan hukum Lob Viral, dan Anda secara mutlak tunduk pada yurisdiksi eksklusif pengadilan di negara bagian atau wilayah tersebut.<\/span><\/p>","protected":false},"excerpt":{"rendered":"<p>1. Termos Ao acessar ao site Lob Viral, concorda em cumprir estes termos de servi\u00e7o, todas as leis e regulamentos aplic\u00e1veis \u200b\u200be concorda que \u00e9 respons\u00e1vel pelo cumprimento de todas as leis locais aplic\u00e1veis. Se voc\u00ea n\u00e3o concordar com algum desses termos, est\u00e1 proibido de usar ou acessar este site. Os materiais contidos neste site [&hellip;]<\/p>","protected":false},"author":1,"featured_media":0,"parent":0,"menu_order":0,"comment_status":"closed","ping_status":"closed","template":"","meta":{"footnotes":""},"class_list":["post-119","page","type-page","status-publish"],"_links":{"self":[{"href":"https:\/\/lobviral.com\/id\/wp-json\/wp\/v2\/pages\/119","targetHints":{"allow":["GET"]}}],"collection":[{"href":"https:\/\/lobviral.com\/id\/wp-json\/wp\/v2\/pages"}],"about":[{"href":"https:\/\/lobviral.com\/id\/wp-json\/wp\/v2\/types\/page"}],"author":[{"embeddable":true,"href":"https:\/\/lobviral.com\/id\/wp-json\/wp\/v2\/users\/1"}],"replies":[{"embeddable":true,"href":"https:\/\/lobviral.com\/id\/wp-json\/wp\/v2\/comments?post=119"}],"version-history":[{"count":1,"href":"https:\/\/lobviral.com\/id\/wp-json\/wp\/v2\/pages\/119\/revisions"}],"predecessor-version":[{"id":120,"href":"https:\/\/lobviral.com\/id\/wp-json\/wp\/v2\/pages\/119\/revisions\/120"}],"wp:attachment":[{"href":"https:\/\/lobviral.com\/id\/wp-json\/wp\/v2\/media?parent=119"}],"curies":[{"name":"wp","href":"https:\/\/api.w.org\/{rel}","templated":true}]}}