{"id":114,"date":"2026-01-22T02:57:30","date_gmt":"2026-01-22T02:57:30","guid":{"rendered":"https:\/\/lobviral.com\/?page_id=114"},"modified":"2026-01-22T03:32:43","modified_gmt":"2026-01-22T03:32:43","slug":"politiche-sulla-privacy","status":"publish","type":"page","link":"https:\/\/lobviral.com\/it\/politiche-sulla-privacy\/","title":{"rendered":"Informativa sulla privacy"},"content":{"rendered":"<p>La tua privacy \u00e8 importante per noi. La politica di Lob Viral \u00e8 quella di rispettare la tua privacy in relazione a qualsiasi informazione che potremmo raccogliere da te sul sito web. <a href=\"http:\/\/lobviral.com\/it\/\">Lob virale<\/a>, e altri siti web di nostra propriet\u00e0 e da noi gestiti.<\/span><\/p>\n<p><span style=\"color: rgb(68, 68, 68);\">Richiediamo informazioni personali solo quando ne abbiamo realmente bisogno per fornirti un servizio. Lo facciamo in modo corretto e lecito, con la tua conoscenza e il tuo consenso. Ti informiamo inoltre sul motivo per cui raccogliamo tali informazioni e su come verranno utilizzate.<\/span><\/p>\n<p><span style=\"color: rgb(68, 68, 68);\">Conserviamo le informazioni raccolte solo per il tempo necessario a fornire il servizio richiesto. Quando conserviamo i dati, li proteggiamo con mezzi commercialmente accettabili per prevenirne la perdita e il furto, nonch\u00e9 l&#039;accesso, la divulgazione, la copia, l&#039;uso o la modifica non autorizzati.<\/span><\/p>\n<p><span style=\"color: rgb(68, 68, 68);\">Non condividiamo informazioni personali identificabili pubblicamente o con terze parti, salvo quando richiesto dalla legge.<\/span><\/p>\n<p><span style=\"color: rgb(68, 68, 68);\">Il nostro sito web potrebbe contenere link a siti esterni non gestiti da noi. Si prega di notare che non abbiamo alcun controllo sul contenuto e sulle pratiche di questi siti e non possiamo accettare alcuna responsabilit\u00e0 per le rispettive politiche.&nbsp;<\/span><a href=\"https:\/\/politicaprivacidade.com\/\" rel=\"noopener noreferrer\" target=\"_blank\" style=\"background-color: transparent; color: rgb(68, 68, 68);\">politiche sulla privacy<\/a><span style=\"color: rgb(68, 68, 68);\">.<\/span><\/p>\n<p><span style=\"color: rgb(68, 68, 68);\">Puoi rifiutare la nostra richiesta di informazioni personali, tenendo presente che potremmo non essere in grado di fornirti alcuni dei servizi che desideri.<\/span><\/p>\n<p><span style=\"color: rgb(68, 68, 68);\">L&#039;utilizzo continuato del nostro sito web sar\u00e0 considerato come accettazione delle nostre pratiche in materia di privacy e dati personali. Per qualsiasi domanda su come gestiamo i dati degli utenti e le informazioni personali, non esitate a contattarci.<\/span><\/p>\n<p><span style=\"color: rgb(68, 68, 68);\"><\/p>\n<ul>\n<li><span style=\"color: rgb(68, 68, 68);\">Il servizio Google AdSense che utilizziamo per pubblicare annunci pubblicitari utilizza un cookie DoubleClick per fornire annunci pi\u00f9 pertinenti sul Web e limitare il numero di volte in cui un determinato annuncio ti viene mostrato.<\/span><\/li>\n<li><span style=\"color: rgb(68, 68, 68);\">Per maggiori informazioni su Google AdSense, consulta le FAQ ufficiali sulla privacy di Google AdSense.<\/span><\/li>\n<li><span style=\"color: rgb(68, 68, 68);\">Utilizziamo la pubblicit\u00e0 per compensare i costi di gestione di questo sito e per finanziare lo sviluppo futuro. I cookie di pubblicit\u00e0 comportamentale utilizzati da questo sito sono progettati per garantire che ti vengano forniti gli annunci pi\u00f9 pertinenti, ove possibile, monitorando in forma anonima i tuoi interessi e presentando contenuti simili che potrebbero interessarti.<\/span><\/li>\n<li><span style=\"color: rgb(68, 68, 68);\">Diversi partner pubblicizzano per nostro conto e i cookie di tracciamento degli affiliati ci consentono semplicemente di verificare se i nostri clienti hanno avuto accesso al sito tramite uno dei nostri siti partner, in modo da poterli accreditare in modo appropriato e, ove applicabile, consentire ai nostri partner affiliati di offrire eventuali promozioni per incoraggiarti a effettuare un acquisto.<\/span><\/li>\n<\/ul>\n<p><\/p>\n<p><\/span><\/p>\n<h3><span style=\"color: rgb(68, 68, 68);\">Impegno dell&#039;utente<\/span><\/h3>\n<p><span style=\"color: rgb(68, 68, 68);\">L&#039;utente accetta di fare un uso appropriato dei contenuti e delle informazioni che Lob Viral offre sul sito web, inclusi, a titolo esemplificativo ma non esaustivo:<\/span><\/p>\n<ul>\n<li><span style=\"color: rgb(68, 68, 68);\">A) Non intraprendere attivit\u00e0 illegali o contrarie alla buona fede e all&#039;ordine pubblico;<\/span><\/li>\n<li><span style=\"color: rgb(68, 68, 68);\">B) Non diffondere propaganda o contenuti di natura razzista, xenofoba, relativi al gioco d&#039;azzardo o ai giochi d&#039;azzardo, a qualsiasi tipo di pornografia illegale, o che promuovano il terrorismo o violino i diritti umani;<\/span><\/li>\n<li><span style=\"color: rgb(68, 68, 68);\">C) Non causare danni ai sistemi fisici (hardware) e logici (software) di Lob Viral, dei suoi fornitori o di terze parti, al fine di introdurre o diffondere virus informatici o qualsiasi altro sistema hardware o software in grado di causare i suddetti danni.<\/span><\/li>\n<\/ul>\n<h3><span style=\"color: rgb(68, 68, 68);\">Ulteriori informazioni<\/span><\/h3>\n<p><span style=\"color: rgb(68, 68, 68);\">Ci auguriamo che tutto ci\u00f2 sia chiaro e, come gi\u00e0 detto, se c&#039;\u00e8 qualcosa di cui non sei sicuro se ti serva o meno, in genere \u00e8 pi\u00f9 sicuro lasciare i cookie abilitati nel caso in cui interagisci con una delle funzionalit\u00e0 che utilizzi sul nostro sito web.<\/span><\/p>\n<p>&lt;span style=&quot;color: rgb(68, 68, 68);&quot;\n<\/p>","protected":false},"excerpt":{"rendered":"<p>A sua privacidade \u00e9 importante para n\u00f3s. \u00c9 pol\u00edtica do Lob Viral respeitar a sua privacidade em rela\u00e7\u00e3o a qualquer informa\u00e7\u00e3o sua que possamos coletar no site Lob Viral, e outros sites que possu\u00edmos e operamos. Solicitamos informa\u00e7\u00f5es pessoais apenas quando realmente precisamos delas para lhe fornecer um servi\u00e7o. Fazemo-lo por meios justos e legais, [&hellip;]<\/p>","protected":false},"author":1,"featured_media":0,"parent":0,"menu_order":0,"comment_status":"closed","ping_status":"closed","template":"","meta":{"footnotes":""},"class_list":["post-114","page","type-page","status-publish"],"_links":{"self":[{"href":"https:\/\/lobviral.com\/it\/wp-json\/wp\/v2\/pages\/114","targetHints":{"allow":["GET"]}}],"collection":[{"href":"https:\/\/lobviral.com\/it\/wp-json\/wp\/v2\/pages"}],"about":[{"href":"https:\/\/lobviral.com\/it\/wp-json\/wp\/v2\/types\/page"}],"author":[{"embeddable":true,"href":"https:\/\/lobviral.com\/it\/wp-json\/wp\/v2\/users\/1"}],"replies":[{"embeddable":true,"href":"https:\/\/lobviral.com\/it\/wp-json\/wp\/v2\/comments?post=114"}],"version-history":[{"count":5,"href":"https:\/\/lobviral.com\/it\/wp-json\/wp\/v2\/pages\/114\/revisions"}],"predecessor-version":[{"id":129,"href":"https:\/\/lobviral.com\/it\/wp-json\/wp\/v2\/pages\/114\/revisions\/129"}],"wp:attachment":[{"href":"https:\/\/lobviral.com\/it\/wp-json\/wp\/v2\/media?parent=114"}],"curies":[{"name":"parola chiave","href":"https:\/\/api.w.org\/{rel}","templated":true}]}}