{"id":119,"date":"2026-01-22T03:02:03","date_gmt":"2026-01-22T03:02:03","guid":{"rendered":"https:\/\/lobviral.com\/?page_id=119"},"modified":"2026-01-22T03:02:03","modified_gmt":"2026-01-22T03:02:03","slug":"termini-di-utilizzo","status":"publish","type":"page","link":"https:\/\/lobviral.com\/it\/termini-di-utilizzo\/","title":{"rendered":"Termini di utilizzo"},"content":{"rendered":"<h2><span style=\"color: rgb(68, 68, 68);\">1. Termini<\/span><\/h2>\n<p><span style=\"color: rgb(68, 68, 68);\">Quando si accede al sito web <a href=\"http:\/\/lobviral.com\/it\/\">Lob virale<\/a>, Utilizzando questo sito, l&#039;utente accetta di essere vincolato dai presenti termini di servizio, da tutte le leggi e i regolamenti applicabili e di essere responsabile del rispetto di tutte le leggi locali applicabili. Se non si accetta uno qualsiasi di questi termini, \u00e8 vietato utilizzare o accedere a questo sito. I materiali contenuti in questo sito web sono protetti dalle leggi applicabili in materia di copyright e marchi commerciali.<\/span><\/p>\n<h2><span style=\"color: rgb(68, 68, 68);\">2. Utilizzo della licenza<\/span><\/h2>\n<p><span style=\"color: rgb(68, 68, 68);\">\u00c8 concesso il permesso di scaricare temporaneamente una copia dei materiali (informazioni o software) presenti sul sito web di Lob Viral esclusivamente per la visualizzazione personale, non commerciale e transitoria. Questa costituisce la concessione di una licenza, non un trasferimento di propriet\u00e0, e in base a questa licenza non \u00e8 consentito:&nbsp;<\/span><\/p>\n<ol>\n<li><span style=\"color: rgb(68, 68, 68);\">modificare o copiare i materiali;&nbsp;<\/span><\/li>\n<li><span style=\"color: rgb(68, 68, 68);\">Utilizzare i materiali per qualsiasi scopo commerciale o per l&#039;esposizione al pubblico (commerciale o non commerciale);&nbsp;<\/span><\/li>\n<li><span style=\"color: rgb(68, 68, 68);\">Tentare di decompilare o sottoporre a reverse engineering qualsiasi software contenuto nel sito web Lob Viral;&nbsp;<\/span><\/li>\n<li><span style=\"color: rgb(68, 68, 68);\">rimuovere qualsiasi copyright o altre annotazioni proprietarie dai materiali; o&nbsp;<\/span><\/li>\n<li><span style=\"color: rgb(68, 68, 68);\">Trasferisci i materiali a un&#039;altra persona o &quot;specchia&quot; i materiali su un altro server.<\/span><\/li>\n<\/ol>\n<p><span style=\"color: rgb(68, 68, 68);\">La presente licenza cesser\u00e0 automaticamente in caso di violazione di una qualsiasi di queste restrizioni e potr\u00e0 essere revocata da Lob Viral in qualsiasi momento. Al termine della visualizzazione di questi materiali o alla risoluzione della presente licenza, l&#039;utente \u00e8 tenuto a distruggere tutto il materiale scaricato in suo possesso, sia in formato elettronico che cartaceo.<\/span><\/p>\n<h2><span style=\"color: rgb(68, 68, 68);\">3. Dichiarazione di esclusione di responsabilit\u00e0<\/span><\/h2>\n<ol>\n<li><span style=\"color: rgb(68, 68, 68);\">I materiali presenti sul sito web di Lob Viral sono forniti &quot;cos\u00ec come sono&quot;. Lob Viral non fornisce alcuna garanzia, espressa o implicita, e con la presente declina e nega tutte le altre garanzie, incluse, a titolo esemplificativo ma non esaustivo, garanzie o condizioni implicite di commerciabilit\u00e0, idoneit\u00e0 per uno scopo particolare o non violazione della propriet\u00e0 intellettuale o altra violazione di diritti.<\/span><\/li>\n<li><span style=\"color: rgb(68, 68, 68);\">Inoltre, Lob Viral non garantisce n\u00e9 rilascia alcuna dichiarazione in merito all&#039;accuratezza, ai probabili risultati o all&#039;affidabilit\u00e0 dell&#039;uso dei materiali presenti sul suo sito web o altrimenti correlati a tali materiali o su qualsiasi sito collegato a questo sito.<\/span><\/li>\n<\/ol>\n<h2><span style=\"color: rgb(68, 68, 68);\">4. Limitazioni<\/span><\/h2>\n<p><span style=\"color: rgb(68, 68, 68);\">In nessun caso Lob Viral o i suoi fornitori saranno ritenuti responsabili per eventuali danni (inclusi, a titolo esemplificativo ma non esaustivo, danni per perdita di dati o profitti, o dovuti a interruzione dell&#039;attivit\u00e0) derivanti dall&#039;utilizzo o dall&#039;impossibilit\u00e0 di utilizzare i materiali presenti su Lob Viral, anche qualora Lob Viral o un suo rappresentante autorizzato sia stato informato oralmente o per iscritto della possibilit\u00e0 di tali danni. Poich\u00e9 alcune giurisdizioni non consentono limitazioni alle garanzie implicite o limitazioni di responsabilit\u00e0 per danni consequenziali o incidentali, tali limitazioni potrebbero non essere applicabili.<\/span><\/p>\n<h2><span style=\"color: rgb(68, 68, 68);\">5. Precisione dei materiali<\/span><\/h2>\n<p><span style=\"color: rgb(68, 68, 68);\">I materiali pubblicati sul sito web di Lob Viral potrebbero contenere errori tecnici, tipografici o fotografici. Lob Viral non garantisce che i materiali presenti sul suo sito web siano accurati, completi o aggiornati. Lob Viral pu\u00f2 apportare modifiche ai materiali presenti sul suo sito web in qualsiasi momento e senza preavviso. Tuttavia, Lob Viral non si impegna ad aggiornare i materiali.<\/span><\/p>\n<h2><span style=\"color: rgb(68, 68, 68);\">6. Collegamenti<\/span><\/h2>\n<p><span style=\"color: rgb(68, 68, 68);\">Lob Viral non ha esaminato tutti i siti collegati al proprio sito web e non \u00e8 responsabile del contenuto di alcun sito collegato. L&#039;inclusione di qualsiasi collegamento non implica l&#039;approvazione del sito da parte di Lob Viral. L&#039;utilizzo di qualsiasi sito web collegato \u00e8 a rischio e pericolo dell&#039;utente.<\/span><\/p>\n<p><\/p>\n<h3><span style=\"color: rgb(68, 68, 68);\">Modifiche<\/span><\/h3>\n<p><span style=\"color: rgb(68, 68, 68);\">Lob Viral si riserva il diritto di modificare i presenti termini di servizio in qualsiasi momento e senza preavviso. Utilizzando questo sito web, l&#039;utente accetta di essere vincolato dalla versione corrente dei presenti termini di servizio.<\/span><\/p>\n<h3><span style=\"color: rgb(68, 68, 68);\">Legge applicabile<\/span><\/h3>\n<p><span style=\"color: rgb(68, 68, 68);\">I presenti termini e condizioni sono regolati e interpretati in conformit\u00e0 con le leggi di Lob Viral e l&#039;utente si sottopone irrevocabilmente alla giurisdizione esclusiva dei tribunali di tale stato o localit\u00e0.<\/span><\/p>","protected":false},"excerpt":{"rendered":"<p>1. Termos Ao acessar ao site Lob Viral, concorda em cumprir estes termos de servi\u00e7o, todas as leis e regulamentos aplic\u00e1veis \u200b\u200be concorda que \u00e9 respons\u00e1vel pelo cumprimento de todas as leis locais aplic\u00e1veis. Se voc\u00ea n\u00e3o concordar com algum desses termos, est\u00e1 proibido de usar ou acessar este site. Os materiais contidos neste site [&hellip;]<\/p>","protected":false},"author":1,"featured_media":0,"parent":0,"menu_order":0,"comment_status":"closed","ping_status":"closed","template":"","meta":{"footnotes":""},"class_list":["post-119","page","type-page","status-publish"],"_links":{"self":[{"href":"https:\/\/lobviral.com\/it\/wp-json\/wp\/v2\/pages\/119","targetHints":{"allow":["GET"]}}],"collection":[{"href":"https:\/\/lobviral.com\/it\/wp-json\/wp\/v2\/pages"}],"about":[{"href":"https:\/\/lobviral.com\/it\/wp-json\/wp\/v2\/types\/page"}],"author":[{"embeddable":true,"href":"https:\/\/lobviral.com\/it\/wp-json\/wp\/v2\/users\/1"}],"replies":[{"embeddable":true,"href":"https:\/\/lobviral.com\/it\/wp-json\/wp\/v2\/comments?post=119"}],"version-history":[{"count":1,"href":"https:\/\/lobviral.com\/it\/wp-json\/wp\/v2\/pages\/119\/revisions"}],"predecessor-version":[{"id":120,"href":"https:\/\/lobviral.com\/it\/wp-json\/wp\/v2\/pages\/119\/revisions\/120"}],"wp:attachment":[{"href":"https:\/\/lobviral.com\/it\/wp-json\/wp\/v2\/media?parent=119"}],"curies":[{"name":"parola chiave","href":"https:\/\/api.w.org\/{rel}","templated":true}]}}