{"id":121,"date":"2026-01-22T03:04:46","date_gmt":"2026-01-22T03:04:46","guid":{"rendered":"https:\/\/lobviral.com\/?page_id=121"},"modified":"2026-01-22T03:04:46","modified_gmt":"2026-01-22T03:04:46","slug":"disclaimer","status":"publish","type":"page","link":"https:\/\/lobviral.com\/it\/disclaimer\/","title":{"rendered":"Disclaimer"},"content":{"rendered":"<p>Le informazioni disponibili sul sito web\u00a0<strong>Lob virale<\/strong>\u00a0avere carattere\u00a0<strong>Solo a scopo informativo.<\/strong>. Il nostro obiettivo \u00e8 presentare contenuti, analisi e raccomandazioni per applicazioni, servizi e strumenti che possano aiutare gli utenti nella ricerca di opportunit\u00e0, produttivit\u00e0 e soluzioni digitali.<\/p>\n\n\n\n<h3 class=\"wp-block-heading\">Non offriamo alcuna garanzia.<\/h3>\n\n\n\n<p>O\u00a0<strong><strong>Lob virale<\/strong><\/strong>\u00a0<strong>non garantisce<\/strong>\u00a0Risultati, guadagni finanziari, assunzioni, redditi o qualsiasi tipo specifico di beneficio derivante dall&#039;utilizzo delle informazioni, delle applicazioni o dei servizi menzionati sul sito web. I risultati possono variare a seconda di fattori individuali, regionali e circostanziali.<\/p>\n\n\n\n<h3 class=\"wp-block-heading\">Applicazioni e servizi di terze parti<\/h3>\n\n\n\n<p>Il sito pu\u00f2 contenere link, raccomandazioni o menzioni di&nbsp;<strong>applicazioni, piattaforme e servizi di terze parti<\/strong>. Non abbiamo alcun controllo sul funzionamento, le politiche, i prezzi, la disponibilit\u00e0 o la sicurezza di questi servizi. Qualsiasi interazione, registrazione o utilizzo \u00e8 a vostro rischio e pericolo.&nbsp;<strong>esclusiva responsabilit\u00e0 dell&#039;utente<\/strong>.<\/p>\n\n\n\n<p>Raccomandiamo sempre all&#039;utente:<\/p>\n\n\n\n<ul class=\"wp-block-list\">\n<li>Leggi i termini di utilizzo e le informative sulla privacy delle app;<\/li>\n\n\n\n<li>Controlla le recensioni sugli app store ufficiali (Google Play, App Store);<\/li>\n\n\n\n<li>Prima di utilizzare il servizio, verifica se soddisfa le tue esigenze.<\/li>\n<\/ul>\n\n\n\n<h3 class=\"wp-block-heading\">Esclusione di responsabilit\u00e0 legale e professionale<\/h3>\n\n\n\n<p>Il contenuto pubblicato su\u00a0<strong><strong>Lob virale<\/strong><\/strong>\u00a0<strong>Ci\u00f2 non sostituisce la consulenza professionale.<\/strong>, Che si tratti di questioni legali, finanziarie, contabili, lavorative o tecniche, per le decisioni importanti rivolgetevi sempre a un professionista qualificato.<\/p>\n\n\n\n<h3 class=\"wp-block-heading\">Pubblicit\u00e0 e monetizzazione<\/h3>\n\n\n\n<p>Il sito web\u00a0<strong>Lob virale<\/strong> Pu\u00f2 essere monetizzato tramite:<\/p>\n\n\n\n<ul class=\"wp-block-list\">\n<li>Pubblicit\u00e0 (come Google AdSense);<\/li>\n\n\n\n<li>Link sponsorizzati;<\/li>\n\n\n\n<li>Partnership o programmi di affiliazione.<\/li>\n<\/ul>\n\n\n\n<p>Ci\u00f2 significa che possiamo ricevere commissioni quando un utente clicca sugli annunci o utilizza determinati link.,&nbsp;<strong>senza costi aggiuntivi per l&#039;utente.<\/strong>. Queste partnership non influenzano la nostra intenzione di offrire contenuti chiari e pertinenti.<\/p>\n\n\n\n<h3 class=\"wp-block-heading\">Aggiornamento delle informazioni<\/h3>\n\n\n\n<p>Le informazioni sul sito web possono essere&nbsp;<strong>modificato, aggiornato o rimosso in qualsiasi momento<\/strong>, senza preavviso. Non garantiamo che tutti i contenuti siano sempre completamente aggiornati, poich\u00e9 le regole delle app e dei servizi potrebbero cambiare frequentemente.<\/p>\n\n\n\n<h3 class=\"wp-block-heading\">Limitazione di responsabilit\u00e0<\/h3>\n\n\n\n<p>O\u00a0<strong><strong>Lob virale<\/strong><\/strong>\u00a0non \u00e8 responsabile per:<\/p>\n\n\n\n<ul class=\"wp-block-list\">\n<li>Perdite finanziarie;<\/li>\n\n\n\n<li>Problemi tecnici;<\/li>\n\n\n\n<li>Errori delle applicazioni di terze parti;<\/li>\n\n\n\n<li>Danni diretti o indiretti derivanti dall&#039;utilizzo delle informazioni presenti sul sito web.<\/li>\n<\/ul>\n\n\n\n<p>L&#039;utilizzo del sito implica&nbsp;<strong>Accettazione completa della presente esclusione di responsabilit\u00e0<\/strong>.<\/p>\n\n\n\n<h3 class=\"wp-block-heading\">Contatto<\/h3>\n\n\n\n<p>Se avete domande, suggerimenti o desiderate segnalare qualche contenuto, contattateci tramite la pagina dei contatti del sito web.<\/p>","protected":false},"excerpt":{"rendered":"<p>As informa\u00e7\u00f5es disponibilizadas no site\u00a0Lob Viral\u00a0t\u00eam car\u00e1ter\u00a0exclusivamente informativo. Nosso objetivo \u00e9 apresentar conte\u00fados, an\u00e1lises e indica\u00e7\u00f5es de aplicativos, servi\u00e7os e ferramentas que possam auxiliar usu\u00e1rios na busca por oportunidades, produtividade e solu\u00e7\u00f5es digitais. N\u00e3o oferecemos garantias O\u00a0Lob Viral\u00a0n\u00e3o garante\u00a0resultados, ganhos financeiros, contrata\u00e7\u00f5es, rendimentos ou qualquer tipo de benef\u00edcio espec\u00edfico a partir do uso das informa\u00e7\u00f5es, [&hellip;]<\/p>","protected":false},"author":1,"featured_media":0,"parent":0,"menu_order":0,"comment_status":"closed","ping_status":"closed","template":"","meta":{"footnotes":""},"class_list":["post-121","page","type-page","status-publish"],"_links":{"self":[{"href":"https:\/\/lobviral.com\/it\/wp-json\/wp\/v2\/pages\/121","targetHints":{"allow":["GET"]}}],"collection":[{"href":"https:\/\/lobviral.com\/it\/wp-json\/wp\/v2\/pages"}],"about":[{"href":"https:\/\/lobviral.com\/it\/wp-json\/wp\/v2\/types\/page"}],"author":[{"embeddable":true,"href":"https:\/\/lobviral.com\/it\/wp-json\/wp\/v2\/users\/1"}],"replies":[{"embeddable":true,"href":"https:\/\/lobviral.com\/it\/wp-json\/wp\/v2\/comments?post=121"}],"version-history":[{"count":1,"href":"https:\/\/lobviral.com\/it\/wp-json\/wp\/v2\/pages\/121\/revisions"}],"predecessor-version":[{"id":123,"href":"https:\/\/lobviral.com\/it\/wp-json\/wp\/v2\/pages\/121\/revisions\/123"}],"wp:attachment":[{"href":"https:\/\/lobviral.com\/it\/wp-json\/wp\/v2\/media?parent=121"}],"curies":[{"name":"parola chiave","href":"https:\/\/api.w.org\/{rel}","templated":true}]}}