{"id":122,"date":"2026-01-22T03:05:58","date_gmt":"2026-01-22T03:05:58","guid":{"rendered":"https:\/\/lobviral.com\/?page_id=122"},"modified":"2026-01-22T03:05:59","modified_gmt":"2026-01-22T03:05:59","slug":"contatto","status":"publish","type":"page","link":"https:\/\/lobviral.com\/it\/contatto\/","title":{"rendered":"Contatto"},"content":{"rendered":"<p>Benvenuti! Questa \u00e8 la pagina di contatto ufficiale per\u00a0<strong><strong>Lob virale<\/strong><\/strong>. Qui puoi contattarci per porre domande, inviare suggerimenti, presentare reclami o affrontare qualsiasi altro problema relativo al nostro sito web e ai contenuti che pubblichiamo.<\/p>\n\n\n\n<p>Il nostro obiettivo \u00e8 offrire la migliore esperienza utente possibile, quindi apprezziamo molto il tuo feedback. Se hai domande sul funzionamento del sito, su come utilizzare le applicazioni consigliate o sui nostri contenuti, non esitare a scriverci.<\/p>\n\n\n\n<p>Siamo sempre aperti a suggerimenti di miglioramento e critiche costruttive. La vostra opinione \u00e8 essenziale per evolverci, correggere eventuali problemi e fornire informazioni sempre pi\u00f9 utili e affidabili.<\/p>\n\n\n\n<p>Per contattarci, compila il modulo disponibile in questa pagina con i tuoi dati e il tuo messaggio. Il nostro team far\u00e0 del suo meglio per risponderti il prima possibile.<\/p>\n\n\n\n<p>Grazie per la visita\u00a0<strong><strong><strong>Lob virale<\/strong><\/strong><\/strong>\u00a0E saremo felici di ricevere il tuo messaggio.<\/p>\n\n\n\n<p><strong>Email di contatto:<\/strong><br>\ud83d\udce7 contact@lobviral.com.br<\/p>","protected":false},"excerpt":{"rendered":"<p>Bem-vindo! Esta \u00e9 a p\u00e1gina oficial de contato do\u00a0Lob Viral. Aqui voc\u00ea pode entrar em contato conosco para tirar d\u00favidas, enviar sugest\u00f5es, fazer reclama\u00e7\u00f5es ou tratar de qualquer outro assunto relacionado ao nosso site e aos conte\u00fados que publicamos. Nosso objetivo \u00e9 oferecer a melhor experi\u00eancia poss\u00edvel aos usu\u00e1rios, por isso valorizamos muito o seu [&hellip;]<\/p>","protected":false},"author":1,"featured_media":0,"parent":0,"menu_order":0,"comment_status":"closed","ping_status":"closed","template":"","meta":{"footnotes":""},"class_list":["post-122","page","type-page","status-publish"],"_links":{"self":[{"href":"https:\/\/lobviral.com\/it\/wp-json\/wp\/v2\/pages\/122","targetHints":{"allow":["GET"]}}],"collection":[{"href":"https:\/\/lobviral.com\/it\/wp-json\/wp\/v2\/pages"}],"about":[{"href":"https:\/\/lobviral.com\/it\/wp-json\/wp\/v2\/types\/page"}],"author":[{"embeddable":true,"href":"https:\/\/lobviral.com\/it\/wp-json\/wp\/v2\/users\/1"}],"replies":[{"embeddable":true,"href":"https:\/\/lobviral.com\/it\/wp-json\/wp\/v2\/comments?post=122"}],"version-history":[{"count":1,"href":"https:\/\/lobviral.com\/it\/wp-json\/wp\/v2\/pages\/122\/revisions"}],"predecessor-version":[{"id":124,"href":"https:\/\/lobviral.com\/it\/wp-json\/wp\/v2\/pages\/122\/revisions\/124"}],"wp:attachment":[{"href":"https:\/\/lobviral.com\/it\/wp-json\/wp\/v2\/media?parent=122"}],"curies":[{"name":"parola chiave","href":"https:\/\/api.w.org\/{rel}","templated":true}]}}