{"id":122,"date":"2026-01-22T03:05:58","date_gmt":"2026-01-22T03:05:58","guid":{"rendered":"https:\/\/lobviral.com\/?page_id=122"},"modified":"2026-01-22T03:05:59","modified_gmt":"2026-01-22T03:05:59","slug":"%e6%8e%a5%e8%a7%a6","status":"publish","type":"page","link":"https:\/\/lobviral.com\/ja\/%e6%8e%a5%e8%a7%a6\/","title":{"rendered":"\u63a5\u89e6"},"content":{"rendered":"<p>\u3088\u3046\u3053\u305d\uff01\u3053\u3061\u3089\u306f\u00a0<strong><strong>\u30d0\u30a4\u30e9\u30eb\u30ed\u30d6<\/strong><\/strong>. \u3053\u3061\u3089\u304b\u3089\u304a\u554f\u3044\u5408\u308f\u305b\u3044\u305f\u3060\u304d\u3001\u3054\u8cea\u554f\u3001\u3054\u63d0\u6848\u3001\u82e6\u60c5\u3001\u307e\u305f\u306f\u5f53\u793e\u306e Web \u30b5\u30a4\u30c8\u3084\u5f53\u793e\u304c\u516c\u958b\u3059\u308b\u30b3\u30f3\u30c6\u30f3\u30c4\u306b\u95a2\u9023\u3059\u308b\u305d\u306e\u4ed6\u306e\u554f\u984c\u306b\u5bfe\u51e6\u3059\u308b\u3053\u3068\u304c\u3067\u304d\u307e\u3059\u3002.<\/p>\n\n\n\n<p>\u6700\u9ad8\u306e\u30e6\u30fc\u30b6\u30fc\u30a8\u30af\u30b9\u30da\u30ea\u30a8\u30f3\u30b9\u3092\u63d0\u4f9b\u3059\u308b\u3053\u3068\u3092\u76ee\u6307\u3057\u3066\u304a\u308a\u307e\u3059\u306e\u3067\u3001\u7686\u69d8\u304b\u3089\u306e\u30d5\u30a3\u30fc\u30c9\u30d0\u30c3\u30af\u3092\u5927\u5909\u5927\u5207\u306b\u3057\u3066\u304a\u308a\u307e\u3059\u3002\u30b5\u30a4\u30c8\u306e\u64cd\u4f5c\u65b9\u6cd5\u3001\u63a8\u5968\u30a2\u30d7\u30ea\u30b1\u30fc\u30b7\u30e7\u30f3\u306e\u4f7f\u3044\u65b9\u3001\u30b3\u30f3\u30c6\u30f3\u30c4\u306b\u3064\u3044\u3066\u3054\u8cea\u554f\u304c\u3054\u3056\u3044\u307e\u3057\u305f\u3089\u3001\u304a\u6c17\u8efd\u306b\u304a\u554f\u3044\u5408\u308f\u305b\u304f\u3060\u3055\u3044\u3002.<\/p>\n\n\n\n<p>\u6539\u5584\u306e\u305f\u3081\u306e\u3054\u63d0\u6848\u3084\u5efa\u8a2d\u7684\u306a\u3054\u6279\u5224\u3082\u5e38\u306b\u6b53\u8fce\u3044\u305f\u3057\u307e\u3059\u3002\u7686\u69d8\u306e\u3054\u610f\u898b\u306f\u3001\u79c1\u305f\u3061\u304c\u9032\u5316\u3057\u3001\u554f\u984c\u3092\u89e3\u6c7a\u3057\u3001\u3088\u308a\u6709\u7528\u3067\u4fe1\u983c\u6027\u306e\u9ad8\u3044\u60c5\u5831\u3092\u63d0\u4f9b\u3059\u308b\u305f\u3081\u306b\u4e0d\u53ef\u6b20\u3067\u3059\u3002.<\/p>\n\n\n\n<p>\u304a\u554f\u3044\u5408\u308f\u305b\u3044\u305f\u3060\u304f\u306b\u306f\u3001\u3053\u306e\u30da\u30fc\u30b8\u306e\u30d5\u30a9\u30fc\u30e0\u306b\u304a\u5ba2\u69d8\u306e\u60c5\u5831\u3068\u30e1\u30c3\u30bb\u30fc\u30b8\u3092\u3054\u8a18\u5165\u304f\u3060\u3055\u3044\u3002\u5f0a\u793e\u30c1\u30fc\u30e0\u304c\u3067\u304d\u308b\u9650\u308a\u8fc5\u901f\u306b\u5bfe\u5fdc\u3044\u305f\u3057\u307e\u3059\u3002.<\/p>\n\n\n\n<p>\u3054\u6765\u5834\u3042\u308a\u304c\u3068\u3046\u3054\u3056\u3044\u307e\u3057\u305f\u00a0<strong><strong><strong>\u30d0\u30a4\u30e9\u30eb\u30ed\u30d6<\/strong><\/strong><\/strong>\u00a0\u7686\u69d8\u304b\u3089\u306e\u30e1\u30c3\u30bb\u30fc\u30b8\u3092\u304a\u5f85\u3061\u3057\u3066\u304a\u308a\u307e\u3059\u3002.<\/p>\n\n\n\n<p><strong>\u9023\u7d61\u5148\u30e1\u30fc\u30eb\u30a2\u30c9\u30ec\u30b9:<\/strong><br>\ud83d\udce7 contact@lobviral.com.br<\/p>","protected":false},"excerpt":{"rendered":"<p>Bem-vindo! Esta \u00e9 a p\u00e1gina oficial de contato do\u00a0Lob Viral. Aqui voc\u00ea pode entrar em contato conosco para tirar d\u00favidas, enviar sugest\u00f5es, fazer reclama\u00e7\u00f5es ou tratar de qualquer outro assunto relacionado ao nosso site e aos conte\u00fados que publicamos. Nosso objetivo \u00e9 oferecer a melhor experi\u00eancia poss\u00edvel aos usu\u00e1rios, por isso valorizamos muito o seu feedback. Caso tenha alguma d\u00favida sobre o funcionamento do site, uso dos aplicativos indicados ou sobre nossos conte\u00fados, fique \u00e0 vontade para nos escrever. Tamb\u00e9m estamos sempre abertos a sugest\u00f5es de melhorias e cr\u00edticas construtivas. A sua opini\u00e3o \u00e9 essencial para que possamos evoluir, corrigir eventuais problemas e entregar informa\u00e7\u00f5es cada vez mais \u00fateis e [&hellip;]<\/p>","protected":false},"author":1,"featured_media":0,"parent":0,"menu_order":0,"comment_status":"closed","ping_status":"closed","template":"","meta":{"footnotes":""},"class_list":["post-122","page","type-page","status-publish"],"_links":{"self":[{"href":"https:\/\/lobviral.com\/ja\/wp-json\/wp\/v2\/pages\/122","targetHints":{"allow":["GET"]}}],"collection":[{"href":"https:\/\/lobviral.com\/ja\/wp-json\/wp\/v2\/pages"}],"about":[{"href":"https:\/\/lobviral.com\/ja\/wp-json\/wp\/v2\/types\/page"}],"author":[{"embeddable":true,"href":"https:\/\/lobviral.com\/ja\/wp-json\/wp\/v2\/users\/1"}],"replies":[{"embeddable":true,"href":"https:\/\/lobviral.com\/ja\/wp-json\/wp\/v2\/comments?post=122"}],"version-history":[{"count":1,"href":"https:\/\/lobviral.com\/ja\/wp-json\/wp\/v2\/pages\/122\/revisions"}],"predecessor-version":[{"id":124,"href":"https:\/\/lobviral.com\/ja\/wp-json\/wp\/v2\/pages\/122\/revisions\/124"}],"wp:attachment":[{"href":"https:\/\/lobviral.com\/ja\/wp-json\/wp\/v2\/media?parent=122"}],"curies":[{"name":"wp","href":"https:\/\/api.w.org\/{rel}","templated":true}]}}