{"id":114,"date":"2026-01-22T02:57:30","date_gmt":"2026-01-22T02:57:30","guid":{"rendered":"https:\/\/lobviral.com\/?page_id=114"},"modified":"2026-01-22T03:32:43","modified_gmt":"2026-01-22T03:32:43","slug":"%ea%b0%9c%ec%9d%b8%ec%a0%95%eb%b3%b4-%eb%b3%b4%ed%98%b8%ec%a0%95%ec%b1%85","status":"publish","type":"page","link":"https:\/\/lobviral.com\/ko\/%ea%b0%9c%ec%9d%b8%ec%a0%95%eb%b3%b4-%eb%b3%b4%ed%98%b8%ec%a0%95%ec%b1%85\/","title":{"rendered":"\uac1c\uc778\uc815\ubcf4 \ubcf4\ud638\uc815\ucc45"},"content":{"rendered":"<p>\uc800\ud76c\ub294 \uace0\uac1d\ub2d8\uc758 \uac1c\uc778\uc815\ubcf4 \ubcf4\ud638\ub97c \uc911\uc694\ud558\uac8c \uc0dd\uac01\ud569\ub2c8\ub2e4. Lob Viral\uc740 \uc6f9\uc0ac\uc774\ud2b8\uc5d0\uc11c \uc218\uc9d1\ud558\ub294 \ubaa8\ub4e0 \uc815\ubcf4\uc5d0 \ub300\ud574 \uace0\uac1d\ub2d8\uc758 \uac1c\uc778\uc815\ubcf4\ub97c \uc874\uc911\ud558\ub294 \uac83\uc744 \uc6d0\uce59\uc73c\ub85c \ud569\ub2c8\ub2e4. <a href=\"http:\/\/lobviral.com\/ko\/\">\ubc14\uc774\ub7ec\uc2a4\uc131 \uc5fd<\/a>, \uadf8\ub9ac\uace0 \uc800\ud76c\uac00 \uc18c\uc720\ud558\uace0 \uc6b4\uc601\ud558\ub294 \ub2e4\ub978 \uc6f9\uc0ac\uc774\ud2b8\ub4e4\ub3c4 \uc788\uc2b5\ub2c8\ub2e4.<\/span><\/p>\n<p><span style=\"color: rgb(68, 68, 68);\">\uc800\ud76c\ub294 \uc11c\ube44\uc2a4 \uc81c\uacf5\uc5d0 \uc815\ub9d0 \ud544\uc694\ud55c \uacbd\uc6b0\uc5d0\ub9cc \uac1c\uc778 \uc815\ubcf4\ub97c \uc694\uccad\ud569\ub2c8\ub2e4. \uc774\ub7ec\ud55c \uc815\ubcf4 \uc218\uc9d1\uc740 \uadc0\ud558\uc758 \ub3d9\uc758\ub97c \uc5bb\uc5b4 \uacf5\uc815\ud558\uace0 \ud569\ubc95\uc801\uc778 \ubc29\uc2dd\uc73c\ub85c \uc774\ub8e8\uc5b4\uc9c0\uba70, \uc218\uc9d1 \uc774\uc720\uc640 \uc0ac\uc6a9 \ubaa9\uc801\uc5d0 \ub300\ud574 \uc54c\ub824\ub4dc\ub9bd\ub2c8\ub2e4.<\/span><\/p>\n<p><span style=\"color: rgb(68, 68, 68);\">\uc218\uc9d1\ub41c \uc815\ubcf4\ub294 \uc694\uccad\ud558\uc2e0 \uc11c\ube44\uc2a4\ub97c \uc81c\uacf5\ud558\ub294 \ub370 \ud544\uc694\ud55c \uae30\uac04 \ub3d9\uc548\ub9cc \ubcf4\uad00\ud569\ub2c8\ub2e4. \ub370\uc774\ud130 \uc800\uc7a5 \uc2dc, \uc190\uc2e4 \ubc0f \ub3c4\ub09c\uc740 \ubb3c\ub860 \ubb34\ub2e8 \uc811\uadfc, \uacf5\uac1c, \ubcf5\uc0ac, \uc0ac\uc6a9 \ub610\ub294 \uc218\uc815\uc744 \ubc29\uc9c0\ud558\uae30 \uc704\ud574 \uc0c1\uc5c5\uc801\uc73c\ub85c \ud5c8\uc6a9 \uac00\ub2a5\ud55c \uc218\uc900\uc758 \ubcf4\uc548 \uc870\uce58\ub97c \ucde8\ud569\ub2c8\ub2e4.<\/span><\/p>\n<p><span style=\"color: rgb(68, 68, 68);\">\ubc95\ub960\uc5d0 \uc758\ud574 \uc694\uad6c\ub418\ub294 \uacbd\uc6b0\ub97c \uc81c\uc678\ud558\uace0\ub294 \uac1c\uc778 \uc2dd\ubcc4 \uc815\ubcf4\ub97c \uacf5\uac1c\uc801\uc73c\ub85c \ub610\ub294 \uc81c3\uc790\uc640 \uacf5\uc720\ud558\uc9c0 \uc54a\uc2b5\ub2c8\ub2e4.<\/span><\/p>\n<p><span style=\"color: rgb(68, 68, 68);\">\uc800\ud76c \uc6f9\uc0ac\uc774\ud2b8\uc5d0\ub294 \uc800\ud76c\uac00 \uc6b4\uc601\ud558\uc9c0 \uc54a\ub294 \uc678\ubd80 \uc0ac\uc774\ud2b8\ub85c \uc5f0\uacb0\ub418\ub294 \ub9c1\ud06c\uac00 \ud3ec\ud568\ub420 \uc218 \uc788\uc2b5\ub2c8\ub2e4. \uc774\ub7ec\ud55c \uc0ac\uc774\ud2b8\uc758 \ucf58\ud150\uce20 \ubc0f \uc6b4\uc601 \ubc29\uc2dd\uc5d0 \ub300\ud574\uc11c\ub294 \uc800\ud76c\uac00 \ud1b5\uc81c\ud560 \uc218 \uc5c6\uc73c\uba70, \ud574\ub2f9 \uc0ac\uc774\ud2b8\uc758 \uc815\ucc45\uc5d0 \ub300\ud55c \ucc45\uc784\ub3c4 \uc9c0\uc9c0 \uc54a\uc2b5\ub2c8\ub2e4.&nbsp;<\/span><a href=\"https:\/\/politicaprivacidade.com\/\" rel=\"noopener noreferrer\" target=\"_blank\" style=\"background-color: transparent; color: rgb(68, 68, 68);\">\uac1c\uc778\uc815\ubcf4 \ubcf4\ud638\uc815\ucc45<\/a><span style=\"color: rgb(68, 68, 68);\">.<\/span><\/p>\n<p><span style=\"color: rgb(68, 68, 68);\">\uadc0\ud558\ub294 \uac1c\uc778\uc815\ubcf4 \uc81c\uacf5 \uc694\uccad\uc744 \uac70\ubd80\ud560 \uc218 \uc788\uc9c0\ub9cc, \uc774 \uacbd\uc6b0 \uc6d0\ud558\ub294 \uc77c\ubd80 \uc11c\ube44\uc2a4\ub97c \uc81c\uacf5\ud574 \ub4dc\ub9b4 \uc218 \uc5c6\uc744 \uc218\ub3c4 \uc788\uc74c\uc744 \uc591\ud574\ud574 \uc8fc\uc2dc\uae30 \ubc14\ub78d\ub2c8\ub2e4.<\/span><\/p>\n<p><span style=\"color: rgb(68, 68, 68);\">\uc800\ud76c \uc6f9\uc0ac\uc774\ud2b8\ub97c \uacc4\uc18d \uc774\uc6a9\ud558\uc2dc\uba74 \uac1c\uc778\uc815\ubcf4 \ubcf4\ud638 \uc815\ucc45 \ubc0f \uac1c\uc778\uc815\ubcf4 \ucc98\ub9ac\ubc29\uce68\uc5d0 \ub3d9\uc758\ud558\ub294 \uac83\uc73c\ub85c \uac04\uc8fc\ub429\ub2c8\ub2e4. \uc0ac\uc6a9\uc790 \ub370\uc774\ud130 \ubc0f \uac1c\uc778\uc815\ubcf4 \ucc98\ub9ac \ubc29\uc2dd\uc5d0 \ub300\ud55c \ubb38\uc758\uc0ac\ud56d\uc740 \uc5b8\uc81c\ub4e0\uc9c0 \uc5f0\ub77d \uc8fc\uc2dc\uae30 \ubc14\ub78d\ub2c8\ub2e4.<\/span><\/p>\n<p><span style=\"color: rgb(68, 68, 68);\"><\/p>\n<ul>\n<li><span style=\"color: rgb(68, 68, 68);\">\uc800\ud76c\uac00 \uad11\uace0\ub97c \uac8c\uc7ac\ud558\uae30 \uc704\ud574 \uc0ac\uc6a9\ud558\ub294 Google AdSense \uc11c\ube44\uc2a4\ub294 DoubleClick \ucfe0\ud0a4\ub97c \uc0ac\uc6a9\ud558\uc5ec \uc6f9 \uc804\uccb4\uc5d0\uc11c \ub354\uc6b1 \uad00\ub828\uc131 \ub192\uc740 \uad11\uace0\ub97c \uc81c\uacf5\ud558\uace0 \ud2b9\uc815 \uad11\uace0\uac00 \uc0ac\uc6a9\uc790\uc5d0\uac8c \ud45c\uc2dc\ub418\ub294 \ud69f\uc218\ub97c \uc81c\ud55c\ud569\ub2c8\ub2e4.<\/span><\/li>\n<li><span style=\"color: rgb(68, 68, 68);\">Google AdSense\uc5d0 \ub300\ud55c \uc790\uc138\ud55c \ub0b4\uc6a9\uc740 Google AdSense \uacf5\uc2dd \uac1c\uc778\uc815\ubcf4 \ubcf4\ud638 FAQ\ub97c \ucc38\uc870\ud558\uc138\uc694.<\/span><\/li>\n<li><span style=\"color: rgb(68, 68, 68);\">\uc800\ud76c\ub294 \uc774 \uc0ac\uc774\ud2b8 \uc6b4\uc601 \ube44\uc6a9\uc744 \ucda9\ub2f9\ud558\uace0 \ud5a5\ud6c4 \uac1c\ubc1c \uc790\uae08\uc744 \ub9c8\ub828\ud558\uae30 \uc704\ud574 \uad11\uace0\ub97c \ud65c\uc6a9\ud569\ub2c8\ub2e4. \uc774 \uc0ac\uc774\ud2b8\uc5d0\uc11c \uc0ac\uc6a9\ud558\ub294 \ud589\ub3d9 \uae30\ubc18 \uad11\uace0 \ucfe0\ud0a4\ub294 \uc0ac\uc6a9\uc790\uc758 \uad00\uc2ec\uc0ac\ub97c \uc775\uba85\uc73c\ub85c \ucd94\uc801\ud558\uace0 \uc0ac\uc6a9\uc790\uac00 \uad00\uc2ec\uc744 \uac00\uc9c8 \ub9cc\ud55c \uc720\uc0ac\ud55c \ucf58\ud150\uce20\ub97c \uc81c\uacf5\ud568\uc73c\ub85c\uc368 \uac00\ub2a5\ud55c \ud55c \uac00\uc7a5 \uad00\ub828\uc131 \ub192\uc740 \uad11\uace0\ub97c \uc81c\uacf5\ud558\ub3c4\ub85d \uc124\uacc4\ub418\uc5c8\uc2b5\ub2c8\ub2e4.<\/span><\/li>\n<li><span style=\"color: rgb(68, 68, 68);\">\uc5ec\ub7ec \ud30c\ud2b8\ub108\uc0ac\uac00 \ub2f9\uc0ac\ub97c \ub300\uc2e0\ud558\uc5ec \uad11\uace0\ub97c \uc9c4\ud589\ud558\uace0 \uc788\uc73c\uba70, \uc81c\ud734 \ucd94\uc801 \ucfe0\ud0a4\ub97c \ud1b5\ud574 \uace0\uac1d\uc774 \ud30c\ud2b8\ub108 \uc0ac\uc774\ud2b8\ub97c \ud1b5\ud574 \ub2f9\uc0ac \uc0ac\uc774\ud2b8\uc5d0 \uc811\uc18d\ud588\ub294\uc9c0 \uc5ec\ubd80\ub97c \ud655\uc778\ud560 \uc218 \uc788\uc2b5\ub2c8\ub2e4. \uc774\ub97c \ud1b5\ud574 \ud30c\ud2b8\ub108\uc0ac\uc5d0 \uc801\uc808\ud55c \ubcf4\uc0c1\uc744 \uc81c\uacf5\ud558\uace0, \uac00\ub2a5\ud55c \uacbd\uc6b0 \uc81c\ud734 \ud30c\ud2b8\ub108\uc0ac\uac00 \uace0\uac1d\uc758 \uad6c\ub9e4\ub97c \uc720\ub3c4\ud558\uae30 \uc704\ud55c \ud504\ub85c\ubaa8\uc158\uc744 \uc81c\uacf5\ud560 \uc218 \uc788\ub3c4\ub85d \uc9c0\uc6d0\ud569\ub2c8\ub2e4.<\/span><\/li>\n<\/ul>\n<p><\/p>\n<p><\/span><\/p>\n<h3><span style=\"color: rgb(68, 68, 68);\">\uc0ac\uc6a9\uc790 \ucc38\uc5ec<\/span><\/h3>\n<p><span style=\"color: rgb(68, 68, 68);\">\uc0ac\uc6a9\uc790\ub294 Lob Viral\uc774 \uc6f9\uc0ac\uc774\ud2b8\uc5d0\uc11c \uc81c\uacf5\ud558\ub294 \ucf58\ud150\uce20 \ubc0f \uc815\ubcf4\ub97c \uc801\uc808\ud558\uac8c \uc0ac\uc6a9\ud558\uae30\ub85c \ub3d9\uc758\ud569\ub2c8\ub2e4. \uc5ec\uae30\uc5d0\ub294 \ub2e4\uc74c \uc0ac\ud56d\uc774 \ud3ec\ud568\ub418\uc9c0\ub9cc \uc774\uc5d0 \uad6d\ud55c\ub418\uc9c0\ub294 \uc54a\uc2b5\ub2c8\ub2e4.<\/span><\/p>\n<ul>\n<li><span style=\"color: rgb(68, 68, 68);\">A) \ubd88\ubc95\uc801\uc774\uac70\ub098 \uc2e0\uc758\uc131\uc2e4 \ubc0f \uacf5\uacf5\uc9c8\uc11c\uc5d0 \ubc18\ud558\ub294 \ud65c\ub3d9\uc5d0 \ucc38\uc5ec\ud558\uc9c0 \uc54a\uc744 \uac83;<\/span><\/li>\n<li><span style=\"color: rgb(68, 68, 68);\">B) \uc778\uc885\ucc28\ubcc4\uc801, \uc678\uad6d\uc778 \ud610\uc624\uc801 \uc131\uaca9\uc758 \uc120\uc804\ubb3c\uc774\ub098 \ucf58\ud150\uce20, \ub3c4\ubc15\uc774\ub098 \uc0ac\ud589\uc131 \uac8c\uc784\uacfc \uad00\ub828\ub41c \ub0b4\uc6a9, \ubd88\ubc95 \uc74c\ub780\ubb3c, \ud14c\ub7ec\ub97c \uc870\uc7a5\ud558\uac70\ub098 \uc778\uad8c\uc744 \uce68\ud574\ud558\ub294 \ub0b4\uc6a9\uc744 \uc720\ud3ec\ud558\uc9c0 \uc54a\ub294\ub2e4.;<\/span><\/li>\n<li><span style=\"color: rgb(68, 68, 68);\">C) Lob Viral, \uadf8 \uacf5\uae09\uc5c5\uccb4 \ub610\ub294 \uc81c3\uc790\uc758 \ubb3c\ub9ac\uc801(\ud558\ub4dc\uc6e8\uc5b4) \ubc0f \ub17c\ub9ac\uc801(\uc18c\ud504\ud2b8\uc6e8\uc5b4) \uc2dc\uc2a4\ud15c\uc5d0 \uc190\uc0c1\uc744 \uc785\ud788\uac70\ub098, \ucef4\ud4e8\ud130 \ubc14\uc774\ub7ec\uc2a4 \ub610\ub294 \uc0c1\uae30 \uc190\uc0c1\uc744 \uc57c\uae30\ud560 \uc218 \uc788\ub294 \uae30\ud0c0 \ud558\ub4dc\uc6e8\uc5b4 \ub610\ub294 \uc18c\ud504\ud2b8\uc6e8\uc5b4 \uc2dc\uc2a4\ud15c\uc744 \uc720\uc785 \ub610\ub294 \uc720\ud3ec\ud558\uc9c0 \uc54a\uc544\uc57c \ud569\ub2c8\ub2e4.<\/span><\/li>\n<\/ul>\n<h3><span style=\"color: rgb(68, 68, 68);\">\ub354 \uc790\uc138\ud55c \uc815\ubcf4<\/span><\/h3>\n<p><span style=\"color: rgb(68, 68, 68);\">\uc774 \ub0b4\uc6a9\uc774 \uba85\ud655\ud558\uac8c \uc804\ub2ec\ub418\uc5c8\uae30\ub97c \ubc14\ub77c\uba70, \uc55e\uc11c \uc5b8\uae09\ud588\ub4ef\uc774 \ud544\uc694\ud55c\uc9c0 \uc5ec\ubd80\uac00 \ubd88\ud655\uc2e4\ud55c \uacbd\uc6b0\uc5d0\ub294 \uc6f9\uc0ac\uc774\ud2b8\uc5d0\uc11c \uc0ac\uc6a9\ud558\ub294 \uae30\ub2a5 \uc911 \ud558\ub098\uc640 \uc0c1\ud638 \uc791\uc6a9\ud560 \uac00\ub2a5\uc131\uc744 \uace0\ub824\ud558\uc5ec \ucfe0\ud0a4\ub97c \ud65c\uc131\ud654 \uc0c1\ud0dc\ub85c \uc720\uc9c0\ud558\ub294 \uac83\uc774 \uc77c\ubc18\uc801\uc73c\ub85c \ub354 \uc548\uc804\ud569\ub2c8\ub2e4.<\/span><\/p>\n<p>&lt;span style=&quot;color: rgb(68, 68, 68);&quot;\n<\/p>","protected":false},"excerpt":{"rendered":"<p>A sua privacidade \u00e9 importante para n\u00f3s. \u00c9 pol\u00edtica do Lob Viral respeitar a sua privacidade em rela\u00e7\u00e3o a qualquer informa\u00e7\u00e3o sua que possamos coletar no site Lob Viral, e outros sites que possu\u00edmos e operamos. Solicitamos informa\u00e7\u00f5es pessoais apenas quando realmente precisamos delas para lhe fornecer um servi\u00e7o. Fazemo-lo por meios justos e legais, [&hellip;]<\/p>","protected":false},"author":1,"featured_media":0,"parent":0,"menu_order":0,"comment_status":"closed","ping_status":"closed","template":"","meta":{"footnotes":""},"class_list":["post-114","page","type-page","status-publish"],"_links":{"self":[{"href":"https:\/\/lobviral.com\/ko\/wp-json\/wp\/v2\/pages\/114","targetHints":{"allow":["GET"]}}],"collection":[{"href":"https:\/\/lobviral.com\/ko\/wp-json\/wp\/v2\/pages"}],"about":[{"href":"https:\/\/lobviral.com\/ko\/wp-json\/wp\/v2\/types\/page"}],"author":[{"embeddable":true,"href":"https:\/\/lobviral.com\/ko\/wp-json\/wp\/v2\/users\/1"}],"replies":[{"embeddable":true,"href":"https:\/\/lobviral.com\/ko\/wp-json\/wp\/v2\/comments?post=114"}],"version-history":[{"count":5,"href":"https:\/\/lobviral.com\/ko\/wp-json\/wp\/v2\/pages\/114\/revisions"}],"predecessor-version":[{"id":129,"href":"https:\/\/lobviral.com\/ko\/wp-json\/wp\/v2\/pages\/114\/revisions\/129"}],"wp:attachment":[{"href":"https:\/\/lobviral.com\/ko\/wp-json\/wp\/v2\/media?parent=114"}],"curies":[{"name":"wp","href":"https:\/\/api.w.org\/{rel}","templated":true}]}}