{"id":121,"date":"2026-01-22T03:04:46","date_gmt":"2026-01-22T03:04:46","guid":{"rendered":"https:\/\/lobviral.com\/?page_id=121"},"modified":"2026-01-22T03:04:46","modified_gmt":"2026-01-22T03:04:46","slug":"%eb%b6%80%ec%9d%b8-%ec%84%b1%eb%aa%85","status":"publish","type":"page","link":"https:\/\/lobviral.com\/ko\/%eb%b6%80%ec%9d%b8-%ec%84%b1%eb%aa%85\/","title":{"rendered":"\ubd80\uc778 \uc131\uba85"},"content":{"rendered":"<p>\uc6f9\uc0ac\uc774\ud2b8\uc5d0\uc11c \uc774\uc6a9 \uac00\ub2a5\ud55c \uc815\ubcf4\u00a0<strong>\ubc14\uc774\ub7ec\uc2a4\uc131 \uc5fd<\/strong>\u00a0\uc131\uaca9\uc744 \uac00\uc9c0\ub2e4\u00a0<strong>\uc815\ubcf4 \uc81c\uacf5 \ubaa9\uc801\uc73c\ub85c\ub9cc \uc0ac\uc6a9\ub429\ub2c8\ub2e4.<\/strong>. \uc800\ud76c\uc758 \ubaa9\ud45c\ub294 \uc0ac\uc6a9\uc790\ub4e4\uc774 \uae30\ud68c\ub97c \ucc3e\uace0, \uc0dd\uc0b0\uc131\uc744 \ub192\uc774\uba70, \ub514\uc9c0\ud138 \uc194\ub8e8\uc158\uc744 \ubaa8\uc0c9\ud558\ub294 \ub370 \ub3c4\uc6c0\uc774 \ub420 \uc218 \uc788\ub294 \uc560\ud50c\ub9ac\ucf00\uc774\uc158, \uc11c\ube44\uc2a4 \ubc0f \ub3c4\uad6c\uc5d0 \ub300\ud55c \ucf58\ud150\uce20, \ubd84\uc11d \ubc0f \uad8c\uc7a5 \uc0ac\ud56d\uc744 \uc81c\uacf5\ud558\ub294 \uac83\uc785\ub2c8\ub2e4.<\/p>\n\n\n\n<h3 class=\"wp-block-heading\">\uc800\ud76c\ub294 \uc5b4\ub5a0\ud55c \ubcf4\uc7a5\ub3c4 \uc81c\uacf5\ud558\uc9c0 \uc54a\uc2b5\ub2c8\ub2e4.<\/h3>\n\n\n\n<p>O\u00a0<strong><strong>\ubc14\uc774\ub7ec\uc2a4\uc131 \uc5fd<\/strong><\/strong>\u00a0<strong>\ubcf4\uc7a5\ud558\uc9c0 \uc54a\uc2b5\ub2c8\ub2e4<\/strong>\u00a0\ubcf8 \uc6f9\uc0ac\uc774\ud2b8\uc5d0 \uc5b8\uae09\ub41c \uc815\ubcf4, \uc560\ud50c\ub9ac\ucf00\uc774\uc158 \ub610\ub294 \uc11c\ube44\uc2a4\ub97c \uc774\uc6a9\ud568\uc73c\ub85c\uc368 \uc5bb\uc744 \uc218 \uc788\ub294 \uacb0\uacfc, \uc7ac\uc815\uc801 \uc774\uc775, \uace0\uc6a9, \uc18c\ub4dd \ub610\ub294 \uae30\ud0c0 \ud2b9\uc815 \uc720\ud615\uc758 \ud61c\ud0dd\uc5d0 \ub300\ud574\uc11c\ub294 \uc5b4\ub5a0\ud55c \ubcf4\uc99d\ub3c4 \ud558\uc9c0 \uc54a\uc2b5\ub2c8\ub2e4. \uacb0\uacfc\ub294 \uac1c\uc778, \uc9c0\uc5ed \ubc0f \uc0c1\ud669\uc801 \uc694\uc778\uc5d0 \ub530\ub77c \ub2ec\ub77c\uc9c8 \uc218 \uc788\uc2b5\ub2c8\ub2e4.<\/p>\n\n\n\n<h3 class=\"wp-block-heading\">\ud0c0\uc0ac \uc560\ud50c\ub9ac\ucf00\uc774\uc158 \ubc0f \uc11c\ube44\uc2a4<\/h3>\n\n\n\n<p>\uc774 \uc0ac\uc774\ud2b8\uc5d0\ub294 \ub9c1\ud06c, \ucd94\ucc9c \ub610\ub294 \uc5b8\uae09\uc774 \ud3ec\ud568\ub420 \uc218 \uc788\uc2b5\ub2c8\ub2e4.&nbsp;<strong>\ud0c0\uc0ac \uc560\ud50c\ub9ac\ucf00\uc774\uc158, \ud50c\ub7ab\ud3fc \ubc0f \uc11c\ube44\uc2a4<\/strong>. \uc800\ud76c\ub294 \uc774\ub7ec\ud55c \uc11c\ube44\uc2a4\uc758 \uc6b4\uc601, \uc815\ucc45, \uac00\uaca9, \uc774\uc6a9 \uac00\ub2a5\uc131 \ub610\ub294 \ubcf4\uc548\uc5d0 \ub300\ud574 \uc5b4\ub5a0\ud55c \ud1b5\uc81c\uad8c\ub3c4 \uac16\uace0 \uc788\uc9c0 \uc54a\uc2b5\ub2c8\ub2e4. \ubaa8\ub4e0 \uc0c1\ud638 \uc791\uc6a9, \ub4f1\ub85d \ub610\ub294 \uc0ac\uc6a9\uc740 \uc804\uc801\uc73c\ub85c \uadc0\ud558\uc758 \ucc45\uc784\uc785\ub2c8\ub2e4.&nbsp;<strong>\uc0ac\uc6a9\uc790\uc758 \uc804\uc801\uc778 \ucc45\uc784<\/strong>.<\/p>\n\n\n\n<p>\uc800\ud76c\ub294 \uc0ac\uc6a9\uc790\uc5d0\uac8c \ud56d\uc0c1 \ub2e4\uc74c\uacfc \uac19\uc774 \uad8c\uc7a5\ud569\ub2c8\ub2e4.<\/p>\n\n\n\n<ul class=\"wp-block-list\">\n<li>\uc571\uc758 \uc774\uc6a9\uc57d\uad00\uacfc \uac1c\uc778\uc815\ubcf4\ubcf4\ud638\uc815\ucc45\uc744 \uc77d\uc5b4\ubcf4\uc138\uc694.;<\/li>\n\n\n\n<li>\uacf5\uc2dd \uc571 \uc2a4\ud1a0\uc5b4(\uad6c\uae00 \ud50c\ub808\uc774, \uc571 \uc2a4\ud1a0\uc5b4)\uc5d0\uc11c \ub9ac\ubdf0\ub97c \ud655\uc778\ud558\uc138\uc694.;<\/li>\n\n\n\n<li>\uc11c\ube44\uc2a4\ub97c \uc0ac\uc6a9\ud558\uae30 \uc804\uc5d0 \ud574\ub2f9 \uc11c\ube44\uc2a4\uac00 \uc790\uc2e0\uc758 \uc694\uad6c \uc0ac\ud56d\uc744 \ucda9\uc871\ud558\ub294\uc9c0 \ubd84\uc11d\ud558\uc2ed\uc2dc\uc624.<\/li>\n<\/ul>\n\n\n\n<h3 class=\"wp-block-heading\">\ubc95\uc801 \ubc0f \uc804\ubb38\uc801 \ucc45\uc784 \uba74\ucc45 \uc870\ud56d<\/h3>\n\n\n\n<p>\uac8c\uc2dc\ub41c \ucf58\ud150\uce20\u00a0<strong><strong>\ubc14\uc774\ub7ec\uc2a4\uc131 \uc5fd<\/strong><\/strong>\u00a0<strong>\uc774\ub294 \uc804\ubb38\uac00\uc758 \uc870\uc5b8\uc744 \ub300\uccb4\ud558\ub294 \uac83\uc774 \uc544\ub2d9\ub2c8\ub2e4.<\/strong>, \ubc95\ub960, \uc7ac\uc815, \ud68c\uacc4, \ub178\ub3d9 \ub610\ub294 \uae30\uc220\uc801\uc778 \ubb38\uc81c \ub4f1 \uc5b4\ub5a4 \uc911\uc694\ud55c \uacb0\uc815\uc744 \ub0b4\ub9ac\ub4e0 \ud56d\uc0c1 \uc790\uaca9\uc744 \uac16\ucd98 \uc804\ubb38\uac00\uc758 \ub3c4\uc6c0\uc744 \ubc1b\uc73c\uc2ed\uc2dc\uc624.<\/p>\n\n\n\n<h3 class=\"wp-block-heading\">\uad11\uace0 \ubc0f \uc218\uc775 \ucc3d\ucd9c<\/h3>\n\n\n\n<p>\uc6f9\uc0ac\uc774\ud2b8\u00a0<strong>\ubc14\uc774\ub7ec\uc2a4\uc131 \uc5fd<\/strong> \ub2e4\uc74c\uacfc \uac19\uc740 \ubc29\ubc95\uc73c\ub85c \uc218\uc775\uc744 \ucc3d\ucd9c\ud560 \uc218 \uc788\uc2b5\ub2c8\ub2e4.<\/p>\n\n\n\n<ul class=\"wp-block-list\">\n<li>\uad11\uace0(\uc608: \uad6c\uae00 \uc560\ub4dc\uc13c\uc2a4);<\/li>\n\n\n\n<li>\uc2a4\ud3f0\uc11c \ub9c1\ud06c;<\/li>\n\n\n\n<li>\ud30c\ud2b8\ub108\uc2ed \ub610\ub294 \uc81c\ud734 \ud504\ub85c\uadf8\ub7a8.<\/li>\n<\/ul>\n\n\n\n<p>\uc774\ub294 \uc0ac\uc6a9\uc790\uac00 \uad11\uace0\ub97c \ud074\ub9ad\ud558\uac70\ub098 \ud2b9\uc815 \ub9c1\ud06c\ub97c \uc0ac\uc6a9\ud560 \ub54c \uc218\uc218\ub8cc\ub97c \ubc1b\uc744 \uc218 \uc788\ub2e4\ub294 \uc758\ubbf8\uc785\ub2c8\ub2e4.,&nbsp;<strong>\uc0ac\uc6a9\uc790\uc5d0\uac8c \ucd94\uac00 \ube44\uc6a9\uc774 \ubc1c\uc0dd\ud558\uc9c0 \uc54a\uc2b5\ub2c8\ub2e4.<\/strong>. \uc774\ub7ec\ud55c \uc81c\ud734 \uad00\uacc4\ub294 \uba85\ud655\ud558\uace0 \uad00\ub828\uc131 \uc788\ub294 \ucf58\ud150\uce20\ub97c \uc81c\uacf5\ud558\ub824\ub294 \uc6b0\ub9ac\uc758 \uc758\ub3c4\uc5d0 \uc601\ud5a5\uc744 \ubbf8\uce58\uc9c0 \uc54a\uc2b5\ub2c8\ub2e4.<\/p>\n\n\n\n<h3 class=\"wp-block-heading\">\uc815\ubcf4 \uc5c5\ub370\uc774\ud2b8<\/h3>\n\n\n\n<p>\uc6f9\uc0ac\uc774\ud2b8\uc5d0 \uc788\ub294 \uc815\ubcf4\ub294 \ub2e4\uc74c\uacfc \uac19\uc2b5\ub2c8\ub2e4.&nbsp;<strong>\uc5b8\uc81c\ub4e0\uc9c0 \ubcc0\uacbd, \uc5c5\ub370\uc774\ud2b8 \ub610\ub294 \uc0ad\uc81c\ub420 \uc218 \uc788\uc2b5\ub2c8\ub2e4.<\/strong>, \uc0ac\uc804 \uace0\uc9c0 \uc5c6\uc774 \ubcc0\uacbd\ub420 \uc218 \uc788\uc2b5\ub2c8\ub2e4. \uc571\uacfc \uc11c\ube44\uc2a4\uc758 \uc815\ucc45\uc774 \uc790\uc8fc \ubcc0\uacbd\ub420 \uc218 \uc788\uc73c\ubbc0\ub85c \ubaa8\ub4e0 \ucf58\ud150\uce20\uac00 \ud56d\uc0c1 \ucd5c\uc2e0 \uc0c1\ud0dc\uc784\uc744 \ubcf4\uc7a5\ud560 \uc218\ub294 \uc5c6\uc2b5\ub2c8\ub2e4.<\/p>\n\n\n\n<h3 class=\"wp-block-heading\">\ucc45\uc784 \uc81c\ud55c<\/h3>\n\n\n\n<p>O\u00a0<strong><strong>\ubc14\uc774\ub7ec\uc2a4\uc131 \uc5fd<\/strong><\/strong>\u00a0\ub2e4\uc74c \uc0ac\ud56d\uc5d0 \ub300\ud574\uc11c\ub294 \ucc45\uc784\uc9c0\uc9c0 \uc54a\uc2b5\ub2c8\ub2e4:<\/p>\n\n\n\n<ul class=\"wp-block-list\">\n<li>\uc7ac\uc815\uc801 \uc190\uc2e4;<\/li>\n\n\n\n<li>\uae30\uc220\uc801\uc778 \ubb38\uc81c;<\/li>\n\n\n\n<li>\ud0c0\uc0ac \uc560\ud50c\ub9ac\ucf00\uc774\uc158 \uc624\ub958;<\/li>\n\n\n\n<li>\uc6f9\uc0ac\uc774\ud2b8 \uc815\ubcf4 \uc774\uc6a9\uc73c\ub85c \uc778\ud574 \ubc1c\uc0dd\ud558\ub294 \uc9c1\uac04\uc811\uc801\uc778 \uc190\ud574.<\/li>\n<\/ul>\n\n\n\n<p>\uc0ac\uc774\ud2b8 \uc774\uc6a9\uc740 \ub2e4\uc74c\uc744 \uc758\ubbf8\ud569\ub2c8\ub2e4.&nbsp;<strong>\ubcf8 \uba74\ucc45 \uc870\ud56d\uc744 \uc804\uc801\uc73c\ub85c \uc218\ub77d\ud569\ub2c8\ub2e4.<\/strong>.<\/p>\n\n\n\n<h3 class=\"wp-block-heading\">\uc5f0\ub77d\ud558\ub2e4<\/h3>\n\n\n\n<p>\uc9c8\ubb38\uc774\ub098 \uc81c\uc548 \uc0ac\ud56d\uc774 \uc788\uac70\ub098 \ucf58\ud150\uce20\ub97c \uc2e0\uace0\ud558\uace0 \uc2f6\uc73c\uc2dc\uba74 \uc6f9\uc0ac\uc774\ud2b8\uc758 \uc5f0\ub77d\ucc98 \ud398\uc774\uc9c0\ub97c \ud1b5\ud574 \ubb38\uc758\ud574 \uc8fc\uc138\uc694.<\/p>","protected":false},"excerpt":{"rendered":"<p>As informa\u00e7\u00f5es disponibilizadas no site\u00a0Lob Viral\u00a0t\u00eam car\u00e1ter\u00a0exclusivamente informativo. Nosso objetivo \u00e9 apresentar conte\u00fados, an\u00e1lises e indica\u00e7\u00f5es de aplicativos, servi\u00e7os e ferramentas que possam auxiliar usu\u00e1rios na busca por oportunidades, produtividade e solu\u00e7\u00f5es digitais. N\u00e3o oferecemos garantias O\u00a0Lob Viral\u00a0n\u00e3o garante\u00a0resultados, ganhos financeiros, contrata\u00e7\u00f5es, rendimentos ou qualquer tipo de benef\u00edcio espec\u00edfico a partir do uso das informa\u00e7\u00f5es, [&hellip;]<\/p>","protected":false},"author":1,"featured_media":0,"parent":0,"menu_order":0,"comment_status":"closed","ping_status":"closed","template":"","meta":{"footnotes":""},"class_list":["post-121","page","type-page","status-publish"],"_links":{"self":[{"href":"https:\/\/lobviral.com\/ko\/wp-json\/wp\/v2\/pages\/121","targetHints":{"allow":["GET"]}}],"collection":[{"href":"https:\/\/lobviral.com\/ko\/wp-json\/wp\/v2\/pages"}],"about":[{"href":"https:\/\/lobviral.com\/ko\/wp-json\/wp\/v2\/types\/page"}],"author":[{"embeddable":true,"href":"https:\/\/lobviral.com\/ko\/wp-json\/wp\/v2\/users\/1"}],"replies":[{"embeddable":true,"href":"https:\/\/lobviral.com\/ko\/wp-json\/wp\/v2\/comments?post=121"}],"version-history":[{"count":1,"href":"https:\/\/lobviral.com\/ko\/wp-json\/wp\/v2\/pages\/121\/revisions"}],"predecessor-version":[{"id":123,"href":"https:\/\/lobviral.com\/ko\/wp-json\/wp\/v2\/pages\/121\/revisions\/123"}],"wp:attachment":[{"href":"https:\/\/lobviral.com\/ko\/wp-json\/wp\/v2\/media?parent=121"}],"curies":[{"name":"wp","href":"https:\/\/api.w.org\/{rel}","templated":true}]}}