{"id":122,"date":"2026-01-22T03:05:58","date_gmt":"2026-01-22T03:05:58","guid":{"rendered":"https:\/\/lobviral.com\/?page_id=122"},"modified":"2026-01-22T03:05:59","modified_gmt":"2026-01-22T03:05:59","slug":"%ec%97%b0%eb%9d%bd%ed%95%98%eb%8b%a4","status":"publish","type":"page","link":"https:\/\/lobviral.com\/ko\/%ec%97%b0%eb%9d%bd%ed%95%98%eb%8b%a4\/","title":{"rendered":"\uc5f0\ub77d\ud558\ub2e4"},"content":{"rendered":"<p>\ud658\uc601\ud569\ub2c8\ub2e4! \uc774\uacf3\uc740 \uacf5\uc2dd \ubb38\uc758 \ud398\uc774\uc9c0\uc785\ub2c8\ub2e4.\u00a0<strong><strong>\ubc14\uc774\ub7ec\uc2a4\uc131 \uc5fd<\/strong><\/strong>. \uc5ec\uae30\uc5d0\uc11c \uc800\ud76c\uc5d0\uac8c \uc5f0\ub77d\ud558\uc5ec \uc6f9\uc0ac\uc774\ud2b8 \ubc0f \uac8c\uc2dc \ucf58\ud150\uce20\uc640 \uad00\ub828\ub41c \uc9c8\ubb38, \uc81c\uc548, \ubd88\ub9cc \uc0ac\ud56d \ub610\ub294 \uae30\ud0c0 \ubb38\uc81c\ub97c \uc81c\uae30\ud558\uc2e4 \uc218 \uc788\uc2b5\ub2c8\ub2e4.<\/p>\n\n\n\n<p>\uc800\ud76c\ub294 \ucd5c\uace0\uc758 \uc0ac\uc6a9\uc790 \uacbd\ud5d8\uc744 \uc81c\uacf5\ud558\ub294 \uac83\uc744 \ubaa9\ud45c\ub85c \ud558\uace0 \uc788\uc73c\ubbc0\ub85c \uc5ec\ub7ec\ubd84\uc758 \uc758\uacac\uc744 \ub9e4\uc6b0 \uc18c\uc911\ud558\uac8c \uc0dd\uac01\ud569\ub2c8\ub2e4. \uc0ac\uc774\ud2b8 \uc774\uc6a9 \ubc29\ubc95, \ucd94\ucc9c \uc560\ud50c\ub9ac\ucf00\uc774\uc158 \uc0ac\uc6a9\ubc95 \ub610\ub294 \ucf58\ud150\uce20\uc5d0 \ub300\ud574 \uad81\uae08\ud55c \uc810\uc774 \uc788\uc73c\uba74 \uc5b8\uc81c\ub4e0\uc9c0 \ubb38\uc758\ud574 \uc8fc\uc138\uc694.<\/p>\n\n\n\n<p>\uc800\ud76c\ub294 \uac1c\uc120\uc744 \uc704\ud55c \uc81c\uc548\uacfc \uac74\uc124\uc801\uc778 \ube44\ud310\uc5d0 \ud56d\uc0c1 \uc5f4\ub824 \uc788\uc2b5\ub2c8\ub2e4. \uc5ec\ub7ec\ubd84\uc758 \uc758\uacac\uc740 \uc800\ud76c\uac00 \ubc1c\uc804\ud558\uace0, \ubb38\uc81c\uc810\uc744 \uc218\uc815\ud558\uba70, \ub354\uc6b1 \uc720\uc6a9\ud558\uace0 \uc2e0\ub8b0\ud560 \uc218 \uc788\ub294 \uc815\ubcf4\ub97c \uc81c\uacf5\ud558\ub294 \ub370 \ud544\uc218\uc801\uc785\ub2c8\ub2e4.<\/p>\n\n\n\n<p>\ubb38\uc758 \uc0ac\ud56d\uc774 \uc788\uc73c\uc2dc\uba74 \uc774 \ud398\uc774\uc9c0\uc5d0 \uc788\ub294 \uc591\uc2dd\uc5d0 \uc5f0\ub77d\ucc98 \uc815\ubcf4\uc640 \uba54\uc2dc\uc9c0\ub97c \uc785\ub825\ud574 \uc8fc\uc138\uc694. \uc800\ud76c \ud300\uc5d0\uc11c \ucd5c\ub300\ud55c \ube60\ub974\uac8c \ub2f5\ubcc0\ub4dc\ub9ac\uaca0\uc2b5\ub2c8\ub2e4.<\/p>\n\n\n\n<p>\ubc29\ubb38\ud574 \uc8fc\uc154\uc11c \uac10\uc0ac\ud569\ub2c8\ub2e4\u00a0<strong><strong><strong>\ubc14\uc774\ub7ec\uc2a4\uc131 \uc5fd<\/strong><\/strong><\/strong>\u00a0\uc800\ud76c\ub294 \uc5ec\ub7ec\ubd84\uc758 \uba54\uc2dc\uc9c0\ub97c \uae30\uaebc\uc774 \ubc1b\uaca0\uc2b5\ub2c8\ub2e4.<\/p>\n\n\n\n<p><strong>\uc5f0\ub77d\ucc98 \uc774\uba54\uc77c:<\/strong><br>\ud83d\udce7 contact@lobviral.com.br<\/p>","protected":false},"excerpt":{"rendered":"<p>Bem-vindo! Esta \u00e9 a p\u00e1gina oficial de contato do\u00a0Lob Viral. Aqui voc\u00ea pode entrar em contato conosco para tirar d\u00favidas, enviar sugest\u00f5es, fazer reclama\u00e7\u00f5es ou tratar de qualquer outro assunto relacionado ao nosso site e aos conte\u00fados que publicamos. Nosso objetivo \u00e9 oferecer a melhor experi\u00eancia poss\u00edvel aos usu\u00e1rios, por isso valorizamos muito o seu [&hellip;]<\/p>","protected":false},"author":1,"featured_media":0,"parent":0,"menu_order":0,"comment_status":"closed","ping_status":"closed","template":"","meta":{"footnotes":""},"class_list":["post-122","page","type-page","status-publish"],"_links":{"self":[{"href":"https:\/\/lobviral.com\/ko\/wp-json\/wp\/v2\/pages\/122","targetHints":{"allow":["GET"]}}],"collection":[{"href":"https:\/\/lobviral.com\/ko\/wp-json\/wp\/v2\/pages"}],"about":[{"href":"https:\/\/lobviral.com\/ko\/wp-json\/wp\/v2\/types\/page"}],"author":[{"embeddable":true,"href":"https:\/\/lobviral.com\/ko\/wp-json\/wp\/v2\/users\/1"}],"replies":[{"embeddable":true,"href":"https:\/\/lobviral.com\/ko\/wp-json\/wp\/v2\/comments?post=122"}],"version-history":[{"count":1,"href":"https:\/\/lobviral.com\/ko\/wp-json\/wp\/v2\/pages\/122\/revisions"}],"predecessor-version":[{"id":124,"href":"https:\/\/lobviral.com\/ko\/wp-json\/wp\/v2\/pages\/122\/revisions\/124"}],"wp:attachment":[{"href":"https:\/\/lobviral.com\/ko\/wp-json\/wp\/v2\/media?parent=122"}],"curies":[{"name":"wp","href":"https:\/\/api.w.org\/{rel}","templated":true}]}}