{"id":114,"date":"2026-01-22T02:57:30","date_gmt":"2026-01-22T02:57:30","guid":{"rendered":"https:\/\/lobviral.com\/?page_id=114"},"modified":"2026-01-22T03:32:43","modified_gmt":"2026-01-22T03:32:43","slug":"privatumo-politika","status":"publish","type":"page","link":"https:\/\/lobviral.com\/lt\/privatumo-politika\/","title":{"rendered":"Privatumo politika"},"content":{"rendered":"<p>J\u016bs\u0173 privatumas mums yra svarbus. \u201eLob Viral\u201c politika yra gerbti j\u016bs\u0173 privatum\u0105, susijus\u012f su bet kokia informacija, kuri\u0105 galime apie jus rinkti svetain\u0117je. <a href=\"http:\/\/lobviral.com\/lt\/\">Virusin\u0117 lob\u0117<\/a>, ir kitos m\u016bs\u0173 valdomos ir m\u016bs\u0173 valdomos svetain\u0117s.<\/span><\/p>\n<p><span style=\"color: rgb(68, 68, 68);\">Asmenin\u0117s informacijos pra\u0161ome tik tada, kai jos tikrai reikia norint suteikti jums paslaug\u0105. Tai darome s\u0105\u017einingai ir teis\u0117tai, jums \u017einant ir sutikus. Taip pat informuojame jus, kod\u0117l j\u0105 renkame ir kaip ji bus naudojama.<\/span><\/p>\n<p><span style=\"color: rgb(68, 68, 68);\">Surinkt\u0105 informacij\u0105 saugome tik tiek laiko, kiek reikia pra\u0161omai paslaugai teikti. Saugodami duomenis, juos apsaugome komerci\u0161kai priimtinomis priemon\u0117mis, kad i\u0161vengtume praradimo ir vagyst\u0117s, taip pat neteis\u0117tos prieigos, atskleidimo, kopijavimo, naudojimo ar pakeitimo.<\/span><\/p>\n<p><span style=\"color: rgb(68, 68, 68);\">Mes vie\u0161ai ar su tre\u010diosiomis \u0161alimis nesidalijame asmenine informacija, i\u0161skyrus atvejus, kai to reikalauja \u012fstatymai.<\/span><\/p>\n<p><span style=\"color: rgb(68, 68, 68);\">M\u016bs\u0173 svetain\u0117je gali b\u016bti nuorod\u0173 \u012f i\u0161orines svetaines, kuri\u0173 mes nevaldome. Atkreipkite d\u0117mes\u012f, kad mes nekontroliuojame \u0161i\u0173 svetaini\u0173 turinio ir praktikos ir negalime prisiimti atsakomyb\u0117s u\u017e j\u0173 atitinkam\u0105 politik\u0105.&nbsp;<\/span><a href=\"https:\/\/politicaprivacidade.com\/\" rel=\"noopener noreferrer\" target=\"_blank\" style=\"background-color: transparent; color: rgb(68, 68, 68);\">privatumo politika<\/a><span style=\"color: rgb(68, 68, 68);\">.<\/span><\/p>\n<p><span style=\"color: rgb(68, 68, 68);\">J\u016bs galite atsisakyti m\u016bs\u0173 pra\u0161ymo pateikti asmenin\u0119 informacij\u0105, suprasdami, kad mes negal\u0117sime suteikti kai kuri\u0173 J\u016bs\u0173 pageidaujam\u0173 paslaug\u0173.<\/span><\/p>\n<p><span style=\"color: rgb(68, 68, 68);\">Tolesnis m\u016bs\u0173 svetain\u0117s naudojimas bus laikomas m\u016bs\u0173 privatumo ir asmenin\u0117s informacijos praktikos sutikimu. Jei turite klausim\u0173 apie tai, kaip tvarkome naudotoj\u0173 duomenis ir asmenin\u0119 informacij\u0105, susisiekite su mumis.<\/span><\/p>\n<p><span style=\"color: rgb(68, 68, 68);\"><\/p>\n<ul>\n<li><span style=\"color: rgb(68, 68, 68);\">\u201eGoogle AdSense\u201c paslauga, kuri\u0105 naudojame reklamai teikti, naudoja \u201eDoubleClick\u201c slapuk\u0105, kad internete pateikt\u0173 aktualesnius skelbimus ir apribot\u0173 tam tikro skelbimo rodymo jums skai\u010di\u0173.<\/span><\/li>\n<li><span style=\"color: rgb(68, 68, 68);\">Daugiau informacijos apie \u201eGoogle AdSense\u201c rasite oficialiuose \u201eGoogle AdSense\u201c privatumo DUK.<\/span><\/li>\n<li><span style=\"color: rgb(68, 68, 68);\">Mes naudojame reklam\u0105, kad padengtume \u0161ios svetain\u0117s veikimo i\u0161laidas ir finansuotume b\u016bsim\u0105 pl\u0117tr\u0105. \u0160ioje svetain\u0117je naudojami elgsenos reklamos slapukai yra skirti u\u017etikrinti, kad jums b\u016bt\u0173 rodomi aktualiausi skelbimai, kai tik \u012fmanoma, anonimi\u0161kai stebint j\u016bs\u0173 interesus ir pateikiant pana\u0161ius dalykus, kurie gali jus dominti.<\/span><\/li>\n<li><span style=\"color: rgb(68, 68, 68);\">Keletas partneri\u0173 reklamuojasi m\u016bs\u0173 vardu, o filial\u0173 steb\u0117jimo slapukai tiesiog leid\u017eia mums matyti, ar m\u016bs\u0173 klientai pateko \u012f svetain\u0119 per vien\u0105 i\u0161 m\u016bs\u0173 partneri\u0173 svetaini\u0173, kad gal\u0117tume tinkamai juos \u012fvertinti ir, jei taikoma, leisti savo filialams si\u016blyti bet kokias akcijas, kurios gali paskatinti jus pirkti.<\/span><\/li>\n<\/ul>\n<p><\/p>\n<p><\/span><\/p>\n<h3><span style=\"color: rgb(68, 68, 68);\">Vartotojo \u012fsipareigojimas<\/span><\/h3>\n<p><span style=\"color: rgb(68, 68, 68);\">Vartotojas sutinka tinkamai naudoti \u201eLob Viral\u201c svetain\u0117je si\u016blom\u0105 turin\u012f ir informacij\u0105, \u012fskaitant, bet neapsiribojant:<\/span><\/p>\n<ul>\n<li><span style=\"color: rgb(68, 68, 68);\">A) Neu\u017esiimti neteis\u0117ta arba s\u0105\u017einingumo bei vie\u0161osios tvarkos principams prie\u0161taraujan\u010dia veikla;<\/span><\/li>\n<li><span style=\"color: rgb(68, 68, 68);\">B) Neplatinti rasistinio, ksenofobinio pob\u016bd\u017eio propagandos ar turinio, susijusio su azartiniais lo\u0161imais ar azartiniais lo\u0161imais, bet kokios r\u016b\u0161ies nelegalios pornografijos arba propaguojan\u010dio terorizm\u0105 ar pa\u017eeid\u017eian\u010dio \u017emogaus teises;<\/span><\/li>\n<li><span style=\"color: rgb(68, 68, 68);\">C) Nepa\u017eeisti \u201eLob Viral\u201c, jos tiek\u0117j\u0173 ar tre\u010di\u0173j\u0173 \u0161ali\u0173 fizini\u0173 (aparatin\u0117s) ir logini\u0173 (programin\u0117s \u012frangos) sistem\u0173, siekiant \u012fdiegti ar platinti kompiuterinius virusus ar bet kokias kitas aparatin\u0117s ar programin\u0117s \u012frangos sistemas, galin\u010dias sukelti min\u0117t\u0105 \u017eal\u0105.<\/span><\/li>\n<\/ul>\n<h3><span style=\"color: rgb(68, 68, 68);\">Daugiau informacijos<\/span><\/h3>\n<p><span style=\"color: rgb(68, 68, 68);\">Tikim\u0117s, kad tai ai\u0161ku, ir, kaip min\u0117ta anks\u010diau, jei abejojate, ar jums j\u0173 reikia, paprastai saugiau palikti slapukus \u012fjungtus, jei s\u0105veikaujate su viena i\u0161 m\u016bs\u0173 svetain\u0117s funkcij\u0173.<\/span><\/p>\n<p>&lt;span style=&quot;color: rgb(68, 68, 68);&quot;\n<\/p>","protected":false},"excerpt":{"rendered":"<p>A sua privacidade \u00e9 importante para n\u00f3s. \u00c9 pol\u00edtica do Lob Viral respeitar a sua privacidade em rela\u00e7\u00e3o a qualquer informa\u00e7\u00e3o sua que possamos coletar no site Lob Viral, e outros sites que possu\u00edmos e operamos. Solicitamos informa\u00e7\u00f5es pessoais apenas quando realmente precisamos delas para lhe fornecer um servi\u00e7o. Fazemo-lo por meios justos e legais, [&hellip;]<\/p>","protected":false},"author":1,"featured_media":0,"parent":0,"menu_order":0,"comment_status":"closed","ping_status":"closed","template":"","meta":{"footnotes":""},"class_list":["post-114","page","type-page","status-publish"],"_links":{"self":[{"href":"https:\/\/lobviral.com\/lt\/wp-json\/wp\/v2\/pages\/114","targetHints":{"allow":["GET"]}}],"collection":[{"href":"https:\/\/lobviral.com\/lt\/wp-json\/wp\/v2\/pages"}],"about":[{"href":"https:\/\/lobviral.com\/lt\/wp-json\/wp\/v2\/types\/page"}],"author":[{"embeddable":true,"href":"https:\/\/lobviral.com\/lt\/wp-json\/wp\/v2\/users\/1"}],"replies":[{"embeddable":true,"href":"https:\/\/lobviral.com\/lt\/wp-json\/wp\/v2\/comments?post=114"}],"version-history":[{"count":5,"href":"https:\/\/lobviral.com\/lt\/wp-json\/wp\/v2\/pages\/114\/revisions"}],"predecessor-version":[{"id":129,"href":"https:\/\/lobviral.com\/lt\/wp-json\/wp\/v2\/pages\/114\/revisions\/129"}],"wp:attachment":[{"href":"https:\/\/lobviral.com\/lt\/wp-json\/wp\/v2\/media?parent=114"}],"curies":[{"name":"wp","href":"https:\/\/api.w.org\/{rel}","templated":true}]}}