{"id":119,"date":"2026-01-22T03:02:03","date_gmt":"2026-01-22T03:02:03","guid":{"rendered":"https:\/\/lobviral.com\/?page_id=119"},"modified":"2026-01-22T03:02:03","modified_gmt":"2026-01-22T03:02:03","slug":"naudojimo-salygos","status":"publish","type":"page","link":"https:\/\/lobviral.com\/lt\/naudojimo-salygos\/","title":{"rendered":"Naudojimo s\u0105lygos"},"content":{"rendered":"<h2><span style=\"color: rgb(68, 68, 68);\">1. S\u0105lygos<\/span><\/h2>\n<p><span style=\"color: rgb(68, 68, 68);\">Kai lankot\u0117s svetain\u0117je <a href=\"http:\/\/lobviral.com\/lt\/\">Virusin\u0117 lob\u0117<\/a>, Naudodamiesi \u0161ia svetaine, j\u016bs sutinkate laikytis \u0161i\u0173 paslaug\u0173 teikimo s\u0105lyg\u0173, vis\u0173 taikom\u0173 \u012fstatym\u0173 ir kit\u0173 teis\u0117s akt\u0173 ir sutinkate, kad esate atsakingi u\u017e vis\u0173 taikom\u0173 vietos \u012fstatym\u0173 laikym\u0105si. Jei nesutinkate su kuriomis nors i\u0161 \u0161i\u0173 s\u0105lyg\u0173, jums draud\u017eiama naudotis \u0161ia svetaine ar prie jos prisijungti. \u0160ioje svetain\u0117je esan\u010di\u0105 med\u017eiag\u0105 saugo galiojantys autori\u0173 teisi\u0173 ir preki\u0173 \u017eenkl\u0173 \u012fstatymai.<\/span><\/p>\n<h2><span style=\"color: rgb(68, 68, 68);\">2. Licencijos naudojimas<\/span><\/h2>\n<p><span style=\"color: rgb(68, 68, 68);\">Suteikiamas leidimas laikinai atsisi\u0173sti vien\u0105 \u201eLob Viral\u201c svetain\u0117je esan\u010dios med\u017eiagos (informacijos ar programin\u0117s \u012frangos) kopij\u0105 tik asmeniniam, nekomerciniam, trumpalaikiam per\u017ei\u016br\u0117jimui. Tai yra licencijos suteikimas, o ne nuosavyb\u0117s teis\u0117s perdavimas, ir pagal \u0161i\u0105 licencij\u0105 j\u016bs negalite:&nbsp;<\/span><\/p>\n<ol>\n<li><span style=\"color: rgb(68, 68, 68);\">modifikuoti arba kopijuoti med\u017eiag\u0105;&nbsp;<\/span><\/li>\n<li><span style=\"color: rgb(68, 68, 68);\">Naudoti med\u017eiag\u0105 bet kokiems komerciniams tikslams arba vie\u0161am demonstravimui (komerciniam ar nekomerciniam);&nbsp;<\/span><\/li>\n<li><span style=\"color: rgb(68, 68, 68);\">Bandymas dekompiliuoti arba atlikti atvirk\u0161tin\u0119 bet kokios \u201eLob Viral\u201c svetain\u0117je esan\u010dios programin\u0117s \u012frangos in\u017einerij\u0105;&nbsp;<\/span><\/li>\n<li><span style=\"color: rgb(68, 68, 68);\">pa\u0161alinti i\u0161 med\u017eiagos bet kokias autori\u0173 teisi\u0173 ar kitas nuosavyb\u0117s teises; arba&nbsp;<\/span><\/li>\n<li><span style=\"color: rgb(68, 68, 68);\">Perduokite med\u017eiag\u0105 kitam asmeniui arba \u2018atkurkite\u2019 j\u0105 bet kuriame kitame serveryje.<\/span><\/li>\n<\/ol>\n<p><span style=\"color: rgb(68, 68, 68);\">\u0160i licencija bus automati\u0161kai nutraukta, jei pa\u017eeisite bet kur\u012f i\u0161 \u0161i\u0173 apribojim\u0173, ir \u201eLob Viral\u201c gali j\u0105 bet kada nutraukti. Nustojus per\u017ei\u016br\u0117ti \u0161i\u0105 med\u017eiag\u0105 arba nutraukus \u0161i\u0105 licencij\u0105, privalote sunaikinti vis\u0105 turim\u0105 atsisi\u0173st\u0105 med\u017eiag\u0105, tiek elektronine, tiek spausdintine forma.<\/span><\/p>\n<h2><span style=\"color: rgb(68, 68, 68);\">3. Atsakomyb\u0117s apribojimas<\/span><\/h2>\n<ol>\n<li><span style=\"color: rgb(68, 68, 68);\">\u2018Lob Viral\u2019 svetain\u0117je esanti med\u017eiaga pateikiama \u201etokia, kokia yra\u201c. \u201eLob Viral\u201c nesuteikia joki\u0173 ai\u0161ki\u0173 ar numanom\u0173 garantij\u0173 ir atsisako bei paneigia visas kitas garantijas, \u012fskaitant, bet neapsiribojant, numanomas garantijas ar s\u0105lygas d\u0117l perkamumo, tinkamumo konkre\u010diam tikslui ar intelektin\u0117s nuosavyb\u0117s ar kit\u0173 teisi\u0173 nepa\u017eeidimo.<\/span><\/li>\n<li><span style=\"color: rgb(68, 68, 68);\">Be to, \u201eLob Viral\u201c negarantuoja ir neteikia joki\u0173 parei\u0161kim\u0173 d\u0117l savo svetain\u0117je esan\u010dios ar kitaip su tokia med\u017eiaga ar bet kuriose su \u0161ia svetaine susietose svetain\u0117se esan\u010dios med\u017eiagos tikslumo, tik\u0117tin\u0173 rezultat\u0173 ar patikimumo.<\/span><\/li>\n<\/ol>\n<h2><span style=\"color: rgb(68, 68, 68);\">4. Apribojimai<\/span><\/h2>\n<p><span style=\"color: rgb(68, 68, 68);\">Jokiu atveju \u201eLob Viral\u201c ar jos tiek\u0117jai nebus atsakingi u\u017e joki\u0105 \u017eal\u0105 (\u012fskaitant, bet neapsiribojant, \u017eal\u0105 d\u0117l duomen\u0173 ar pelno praradimo arba d\u0117l verslo sutrikdymo), atsiradusi\u0105 d\u0117l \u201eLob Viral\u201c med\u017eiagos naudojimo ar negal\u0117jimo jos naudoti, net jei \u201eLob Viral\u201c ar \u012fgaliotas \u201eLob Viral\u201c atstovas buvo \u017eod\u017eiu ar ra\u0161tu informuotas apie tokios \u017ealos galimyb\u0119. Kadangi kai kuriose jurisdikcijose neleid\u017eiama riboti numanom\u0173 garantij\u0173 ar atsakomyb\u0117s u\u017e pasekmin\u0119 ar atsitiktin\u0119 \u017eal\u0105, \u0161ie apribojimai jums gali b\u016bti netaikomi.<\/span><\/p>\n<h2><span style=\"color: rgb(68, 68, 68);\">5. Med\u017eiag\u0173 tikslumas<\/span><\/h2>\n<p><span style=\"color: rgb(68, 68, 68);\">\u201eLob Viral\u201c svetain\u0117je pateikiamoje med\u017eiagoje gali b\u016bti technini\u0173, spausdinimo ar fotografijos klaid\u0173. \u201eLob Viral\u201c negarantuoja, kad bet kokia jos svetain\u0117je pateikta med\u017eiaga yra tiksli, i\u0161sami ar aktuali. \u201eLob Viral\u201c gali bet kada be \u012fsp\u0117jimo keisti savo svetain\u0117je esan\u010di\u0105 med\u017eiag\u0105. Ta\u010diau \u201eLob Viral\u201c ne\u012fsipareigoja atnaujinti med\u017eiagos.<\/span><\/p>\n<h2><span style=\"color: rgb(68, 68, 68);\">6. Nuorodos<\/span><\/h2>\n<p><span style=\"color: rgb(68, 68, 68);\">\u201eLob Viral\u201c neper\u017ei\u016br\u0117jo vis\u0173 svetaini\u0173, susiet\u0173 su jos svetaine, ir neatsako u\u017e jokios susietos svetain\u0117s turin\u012f. Bet kokios nuorodos \u012ftraukimas nerei\u0161kia, kad \u201eLob Viral\u201c pritaria svetainei. Bet kuria susieta svetaine naudojasi savo rizika.<\/span><\/p>\n<p><\/p>\n<h3><span style=\"color: rgb(68, 68, 68);\">Modifikacijos<\/span><\/h3>\n<p><span style=\"color: rgb(68, 68, 68);\">\u201eLob Viral\u201c gali bet kada be \u012fsp\u0117jimo per\u017ei\u016br\u0117ti \u0161ias svetain\u0117s paslaug\u0173 teikimo s\u0105lygas. Naudodamiesi \u0161ia svetaine, j\u016bs sutinkate laikytis dabartin\u0117s \u0161i\u0173 paslaug\u0173 teikimo s\u0105lyg\u0173 versijos.<\/span><\/p>\n<h3><span style=\"color: rgb(68, 68, 68);\">Taikytina teis\u0117<\/span><\/h3>\n<p><span style=\"color: rgb(68, 68, 68);\">\u0160ioms s\u0105lygoms taikoma ir jos ai\u0161kinamos pagal Lob Viral \u012fstatymus, ir j\u016bs neat\u0161aukiamai sutinkate su i\u0161imtine tos valstijos ar vietov\u0117s teism\u0173 jurisdikcija.<\/span><\/p>","protected":false},"excerpt":{"rendered":"<p>1. Termos Ao acessar ao site Lob Viral, concorda em cumprir estes termos de servi\u00e7o, todas as leis e regulamentos aplic\u00e1veis \u200b\u200be concorda que \u00e9 respons\u00e1vel pelo cumprimento de todas as leis locais aplic\u00e1veis. Se voc\u00ea n\u00e3o concordar com algum desses termos, est\u00e1 proibido de usar ou acessar este site. Os materiais contidos neste site [&hellip;]<\/p>","protected":false},"author":1,"featured_media":0,"parent":0,"menu_order":0,"comment_status":"closed","ping_status":"closed","template":"","meta":{"footnotes":""},"class_list":["post-119","page","type-page","status-publish"],"_links":{"self":[{"href":"https:\/\/lobviral.com\/lt\/wp-json\/wp\/v2\/pages\/119","targetHints":{"allow":["GET"]}}],"collection":[{"href":"https:\/\/lobviral.com\/lt\/wp-json\/wp\/v2\/pages"}],"about":[{"href":"https:\/\/lobviral.com\/lt\/wp-json\/wp\/v2\/types\/page"}],"author":[{"embeddable":true,"href":"https:\/\/lobviral.com\/lt\/wp-json\/wp\/v2\/users\/1"}],"replies":[{"embeddable":true,"href":"https:\/\/lobviral.com\/lt\/wp-json\/wp\/v2\/comments?post=119"}],"version-history":[{"count":1,"href":"https:\/\/lobviral.com\/lt\/wp-json\/wp\/v2\/pages\/119\/revisions"}],"predecessor-version":[{"id":120,"href":"https:\/\/lobviral.com\/lt\/wp-json\/wp\/v2\/pages\/119\/revisions\/120"}],"wp:attachment":[{"href":"https:\/\/lobviral.com\/lt\/wp-json\/wp\/v2\/media?parent=119"}],"curies":[{"name":"wp","href":"https:\/\/api.w.org\/{rel}","templated":true}]}}