{"id":114,"date":"2026-01-22T02:57:30","date_gmt":"2026-01-22T02:57:30","guid":{"rendered":"https:\/\/lobviral.com\/?page_id=114"},"modified":"2026-01-22T03:32:43","modified_gmt":"2026-01-22T03:32:43","slug":"dasar-privasi","status":"publish","type":"page","link":"https:\/\/lobviral.com\/ms\/dasar-privasi\/","title":{"rendered":"Dasar privasi"},"content":{"rendered":"<p>Privasi anda adalah penting bagi kami. Adalah menjadi dasar Lob Viral untuk menghormati privasi anda mengenai sebarang maklumat yang mungkin kami kumpulkan daripada anda di laman web. <a href=\"http:\/\/lobviral.com\/ms\/\">Lob Viral<\/a>, dan laman web lain yang kami miliki dan kendalikan.<\/span><\/p>\n<p><span style=\"color: rgb(68, 68, 68);\">Kami hanya meminta maklumat peribadi apabila kami benar-benar memerlukannya untuk menyediakan perkhidmatan kepada anda. Kami melakukannya secara adil dan sah, dengan pengetahuan dan persetujuan anda. Kami juga memaklumkan kepada anda mengapa kami mengumpulnya dan bagaimana ia akan digunakan.<\/span><\/p>\n<p><span style=\"color: rgb(68, 68, 68);\">Kami hanya menyimpan maklumat yang dikumpul selama yang diperlukan untuk menyediakan perkhidmatan yang diminta. Apabila kami menyimpan data, kami melindunginya dalam cara yang boleh diterima secara komersial untuk mencegah kehilangan dan kecurian, serta akses, pendedahan, penyalinan, penggunaan atau pengubahsuaian yang tidak dibenarkan.<\/span><\/p>\n<p><span style=\"color: rgb(68, 68, 68);\">Kami tidak berkongsi maklumat peribadi yang boleh dikenal pasti secara terbuka atau dengan pihak ketiga, kecuali apabila dikehendaki oleh undang-undang.<\/span><\/p>\n<p><span style=\"color: rgb(68, 68, 68);\">Laman web kami mungkin mengandungi pautan ke laman luaran yang tidak dikendalikan oleh kami. Sila ambil perhatian bahawa kami tidak mempunyai kawalan ke atas kandungan dan amalan laman web ini dan tidak boleh bertanggungjawab terhadap dasar masing-masing.&nbsp;<\/span><a href=\"https:\/\/politicaprivacidade.com\/\" rel=\"noopener noreferrer\" target=\"_blank\" style=\"background-color: transparent; color: rgb(68, 68, 68);\">dasar privasi<\/a><span style=\"color: rgb(68, 68, 68);\">.<\/span><\/p>\n<p><span style=\"color: rgb(68, 68, 68);\">Anda bebas untuk menolak permintaan kami untuk maklumat peribadi, dengan memahami bahawa kami mungkin tidak dapat menyediakan beberapa perkhidmatan yang anda inginkan.<\/span><\/p>\n<p><span style=\"color: rgb(68, 68, 68);\">Penggunaan laman web kami yang berterusan akan dianggap sebagai penerimaan amalan kami mengenai privasi dan maklumat peribadi. Jika anda mempunyai sebarang soalan tentang cara kami mengendalikan data pengguna dan maklumat peribadi, sila hubungi kami.<\/span><\/p>\n<p><span style=\"color: rgb(68, 68, 68);\"><\/p>\n<ul>\n<li><span style=\"color: rgb(68, 68, 68);\">Perkhidmatan Google AdSense yang kami gunakan untuk menyiarkan pengiklanan menggunakan kuki DoubleClick untuk menyampaikan iklan yang lebih relevan di seluruh web dan mengehadkan bilangan kali iklan tertentu dipaparkan kepada anda.<\/span><\/li>\n<li><span style=\"color: rgb(68, 68, 68);\">Untuk maklumat lanjut tentang Google AdSense, sila rujuk Soalan Lazim privasi Google AdSense yang rasmi.<\/span><\/li>\n<li><span style=\"color: rgb(68, 68, 68);\">Kami menggunakan pengiklanan untuk mengimbangi kos pengendalian laman web ini dan menyediakan dana untuk pembangunan masa hadapan. Kuki pengiklanan tingkah laku yang digunakan oleh laman web ini direka bentuk untuk memastikan anda diberikan iklan yang paling relevan apabila mungkin dengan menjejaki minat anda secara anonim dan membentangkan perkara serupa yang mungkin menarik minat anda.<\/span><\/li>\n<li><span style=\"color: rgb(68, 68, 68);\">Beberapa rakan kongsi mengiklan bagi pihak kami, dan kuki penjejakan afiliasi hanya membolehkan kami melihat sama ada pelanggan kami mengakses laman web ini melalui salah satu laman web rakan kongsi kami, jadi kami boleh mengkreditkan mereka dengan sewajarnya dan, jika berkenaan, membenarkan rakan kongsi afiliasi kami menawarkan sebarang promosi yang mereka sediakan untuk menggalakkan anda membuat pembelian.<\/span><\/li>\n<\/ul>\n<p><\/p>\n<p><\/span><\/p>\n<h3><span style=\"color: rgb(68, 68, 68);\">Komitmen Pengguna<\/span><\/h3>\n<p><span style=\"color: rgb(68, 68, 68);\">Pengguna bersetuju untuk menggunakan kandungan dan maklumat yang ditawarkan oleh Lob Viral di laman web dengan sewajarnya, termasuk tetapi tidak terhad kepada:<\/span><\/p>\n<ul>\n<li><span style=\"color: rgb(68, 68, 68);\">A) Tidak terlibat dalam aktiviti yang menyalahi undang-undang atau bertentangan dengan niat baik dan ketenteraman awam;<\/span><\/li>\n<li><span style=\"color: rgb(68, 68, 68);\">B) Tidak menyebarkan propaganda atau kandungan yang bersifat perkauman, xenofobia, berkaitan dengan perjudian atau permainan nasib, sebarang jenis pornografi haram, atau yang menggalakkan keganasan atau melanggar hak asasi manusia;<\/span><\/li>\n<li><span style=\"color: rgb(68, 68, 68);\">C) Tidak menyebabkan kerosakan pada sistem fizikal (perkakasan) dan logik (perisian) Lob Viral, pembekal atau pihak ketiganya, untuk memperkenalkan atau menyebarkan virus komputer atau mana-mana sistem perkakasan atau perisian lain yang mampu menyebabkan kerosakan yang dinyatakan di atas.<\/span><\/li>\n<\/ul>\n<h3><span style=\"color: rgb(68, 68, 68);\">Maklumat lanjut<\/span><\/h3>\n<p><span style=\"color: rgb(68, 68, 68);\">Kami berharap perkara ini jelas dan, seperti yang dinyatakan sebelum ini, jika terdapat apa-apa yang anda tidak pasti sama ada anda perlu atau tidak, secara amnya adalah lebih selamat untuk membiarkan kuki diaktifkan sekiranya anda berinteraksi dengan salah satu ciri yang anda gunakan di laman web kami.<\/span><\/p>\n<p>&lt;span style=&quot;color: rgb(68, 68, 68);&quot;\n<\/p>","protected":false},"excerpt":{"rendered":"<p>A sua privacidade \u00e9 importante para n\u00f3s. \u00c9 pol\u00edtica do Lob Viral respeitar a sua privacidade em rela\u00e7\u00e3o a qualquer informa\u00e7\u00e3o sua que possamos coletar no site Lob Viral, e outros sites que possu\u00edmos e operamos. Solicitamos informa\u00e7\u00f5es pessoais apenas quando realmente precisamos delas para lhe fornecer um servi\u00e7o. Fazemo-lo por meios justos e legais, [&hellip;]<\/p>","protected":false},"author":1,"featured_media":0,"parent":0,"menu_order":0,"comment_status":"closed","ping_status":"closed","template":"","meta":{"footnotes":""},"class_list":["post-114","page","type-page","status-publish"],"_links":{"self":[{"href":"https:\/\/lobviral.com\/ms\/wp-json\/wp\/v2\/pages\/114","targetHints":{"allow":["GET"]}}],"collection":[{"href":"https:\/\/lobviral.com\/ms\/wp-json\/wp\/v2\/pages"}],"about":[{"href":"https:\/\/lobviral.com\/ms\/wp-json\/wp\/v2\/types\/page"}],"author":[{"embeddable":true,"href":"https:\/\/lobviral.com\/ms\/wp-json\/wp\/v2\/users\/1"}],"replies":[{"embeddable":true,"href":"https:\/\/lobviral.com\/ms\/wp-json\/wp\/v2\/comments?post=114"}],"version-history":[{"count":5,"href":"https:\/\/lobviral.com\/ms\/wp-json\/wp\/v2\/pages\/114\/revisions"}],"predecessor-version":[{"id":129,"href":"https:\/\/lobviral.com\/ms\/wp-json\/wp\/v2\/pages\/114\/revisions\/129"}],"wp:attachment":[{"href":"https:\/\/lobviral.com\/ms\/wp-json\/wp\/v2\/media?parent=114"}],"curies":[{"name":"wp","href":"https:\/\/api.w.org\/{rel}","templated":true}]}}