{"id":114,"date":"2026-01-22T02:57:30","date_gmt":"2026-01-22T02:57:30","guid":{"rendered":"https:\/\/lobviral.com\/?page_id=114"},"modified":"2026-01-22T03:32:43","modified_gmt":"2026-01-22T03:32:43","slug":"polityki-prywatnosci","status":"publish","type":"page","link":"https:\/\/lobviral.com\/pl\/polityki-prywatnosci\/","title":{"rendered":"Polityki prywatno\u015bci"},"content":{"rendered":"<p>Twoja prywatno\u015b\u0107 jest dla nas wa\u017cna. Polityk\u0105 Lob Viral jest poszanowanie Twojej prywatno\u015bci w zakresie wszelkich informacji, kt\u00f3re mo\u017cemy od Ciebie gromadzi\u0107 na stronie internetowej. <a href=\"http:\/\/lobviral.com\/pl\/\">Wirusowy Lob<\/a>, oraz inne witryny internetowe, kt\u00f3rych jeste\u015bmy w\u0142a\u015bcicielami i kt\u00f3re obs\u0142ugujemy.<\/span><\/p>\n<p><span style=\"color: rgb(68, 68, 68);\">\u017b\u0105damy podania danych osobowych tylko wtedy, gdy jest to rzeczywi\u015bcie niezb\u0119dne do \u015bwiadczenia Ci us\u0142ugi. Robimy to uczciwie i zgodnie z prawem, za Twoj\u0105 wiedz\u0105 i zgod\u0105. Informujemy Ci\u0119 r\u00f3wnie\u017c, dlaczego je gromadzimy i jak b\u0119d\u0105 wykorzystywane.<\/span><\/p>\n<p><span style=\"color: rgb(68, 68, 68);\">Zebrane informacje przechowujemy tylko tak d\u0142ugo, jak jest to konieczne do \u015bwiadczenia \u017c\u0105danej us\u0142ugi. Przechowuj\u0105c dane, chronimy je w spos\u00f3b komercyjnie akceptowalny, aby zapobiec ich utracie i kradzie\u017cy, a tak\u017ce nieautoryzowanemu dost\u0119powi, ujawnieniu, kopiowaniu, wykorzystaniu lub modyfikacji.<\/span><\/p>\n<p><span style=\"color: rgb(68, 68, 68);\">Nie udost\u0119pniamy danych osobowych publicznie ani osobom trzecim, chyba \u017ce wymaga tego prawo.<\/span><\/p>\n<p><span style=\"color: rgb(68, 68, 68);\">Nasza strona internetowa mo\u017ce zawiera\u0107 linki do stron zewn\u0119trznych, kt\u00f3re nie s\u0105 przez nas obs\u0142ugiwane. Prosimy pami\u0119ta\u0107, \u017ce nie mamy kontroli nad tre\u015bci\u0105 ani praktykami stosowanymi na tych stronach i nie ponosimy odpowiedzialno\u015bci za ich polityk\u0119.&nbsp;<\/span><a href=\"https:\/\/politicaprivacidade.com\/\" rel=\"noopener noreferrer\" target=\"_blank\" style=\"background-color: transparent; color: rgb(68, 68, 68);\">polityki prywatno\u015bci<\/a><span style=\"color: rgb(68, 68, 68);\">.<\/span><\/p>\n<p><span style=\"color: rgb(68, 68, 68);\">Masz prawo odm\u00f3wi\u0107 podania danych osobowych, rozumiej\u0105c, \u017ce mo\u017cemy nie by\u0107 w stanie dostarczy\u0107 Ci niekt\u00f3rych us\u0142ug, kt\u00f3rych potrzebujesz.<\/span><\/p>\n<p><span style=\"color: rgb(68, 68, 68);\">Dalsze korzystanie z naszej strony internetowej b\u0119dzie r\u00f3wnoznaczne z akceptacj\u0105 naszych zasad dotycz\u0105cych prywatno\u015bci i danych osobowych. W przypadku pyta\u0144 dotycz\u0105cych sposobu przetwarzania danych u\u017cytkownik\u00f3w i danych osobowych prosimy o kontakt.<\/span><\/p>\n<p><span style=\"color: rgb(68, 68, 68);\"><\/p>\n<ul>\n<li><span style=\"color: rgb(68, 68, 68);\">Us\u0142uga Google AdSense, z kt\u00f3rej korzystamy do wy\u015bwietlania reklam, korzysta z pliku cookie DoubleClick w celu wy\u015bwietlania trafniejszych reklam w sieci i ograniczania liczby wy\u015bwietle\u0144 danej reklamy.<\/span><\/li>\n<li><span style=\"color: rgb(68, 68, 68);\">Aby uzyska\u0107 wi\u0119cej informacji na temat us\u0142ugi Google AdSense, zapoznaj si\u0119 z oficjalnymi najcz\u0119\u015bciej zadawanymi pytaniami dotycz\u0105cymi ochrony prywatno\u015bci us\u0142ugi Google AdSense.<\/span><\/li>\n<li><span style=\"color: rgb(68, 68, 68);\">Wykorzystujemy reklamy, aby pokry\u0107 koszty prowadzenia tej witryny i zapewni\u0107 finansowanie przysz\u0142ego rozwoju. Pliki cookie reklam behawioralnych u\u017cywane przez t\u0119 witryn\u0119 maj\u0105 na celu zapewnienie Ci najbardziej trafnych reklam, kiedy tylko jest to mo\u017cliwe, poprzez anonimowe \u015bledzenie Twoich zainteresowa\u0144 i prezentowanie podobnych tre\u015bci, kt\u00f3re mog\u0105 Ci\u0119 zainteresowa\u0107.<\/span><\/li>\n<li><span style=\"color: rgb(68, 68, 68);\">Kilku partner\u00f3w reklamuje si\u0119 w naszym imieniu, a pliki cookie \u015bledz\u0105ce dzia\u0142ania partner\u00f3w pozwalaj\u0105 nam po prostu sprawdzi\u0107, czy nasi klienci uzyskali dost\u0119p do witryny za po\u015brednictwem jednej z naszych witryn partnerskich, dzi\u0119ki czemu mo\u017cemy odpowiednio je doceni\u0107, a w stosownych przypadkach umo\u017cliwi\u0107 naszym partnerom partnerskim oferowanie promocji, kt\u00f3re mog\u0105 zach\u0119ci\u0107 Ci\u0119 do dokonania zakupu.<\/span><\/li>\n<\/ul>\n<p><\/p>\n<p><\/span><\/p>\n<h3><span style=\"color: rgb(68, 68, 68);\">Zaanga\u017cowanie u\u017cytkownika<\/span><\/h3>\n<p><span style=\"color: rgb(68, 68, 68);\">U\u017cytkownik wyra\u017ca zgod\u0119 na w\u0142a\u015bciwe wykorzystanie tre\u015bci i informacji udost\u0119pnianych przez Lob Viral na stronie internetowej, w tym mi\u0119dzy innymi:<\/span><\/p>\n<ul>\n<li><span style=\"color: rgb(68, 68, 68);\">A) nie podejmowa\u0107 dzia\u0142a\u0144 niezgodnych z prawem lub z zasadami dobrej wiary i porz\u0105dkiem publicznym;<\/span><\/li>\n<li><span style=\"color: rgb(68, 68, 68);\">B) Nie rozpowszechnia\u0107 propagandy ani tre\u015bci o charakterze rasistowskim, ksenofobicznym, zwi\u0105zanych z hazardem lub grami losowymi, \u017cadnego rodzaju nielegalnej pornografii ani tre\u015bci promuj\u0105cych terroryzm lub naruszaj\u0105cych prawa cz\u0142owieka;<\/span><\/li>\n<li><span style=\"color: rgb(68, 68, 68);\">C) Nie powodowa\u0107 uszkodze\u0144 system\u00f3w fizycznych (sprz\u0119towych) i logicznych (programowych) Lob Viral, jego dostawc\u00f3w lub os\u00f3b trzecich w celu wprowadzania lub rozpowszechniania wirus\u00f3w komputerowych lub innych system\u00f3w sprz\u0119towych lub programowych mog\u0105cych spowodowa\u0107 ww. uszkodzenia.<\/span><\/li>\n<\/ul>\n<h3><span style=\"color: rgb(68, 68, 68);\">Wi\u0119cej informacji<\/span><\/h3>\n<p><span style=\"color: rgb(68, 68, 68);\">Mamy nadziej\u0119, \u017ce jest to jasne i, jak ju\u017c wcze\u015bniej wspomniano, je\u015bli masz w\u0105tpliwo\u015bci, czy czego\u015b potrzebujesz, na og\u00f3\u0142 bezpieczniej jest pozostawi\u0107 obs\u0142ug\u0119 plik\u00f3w cookie w\u0142\u0105czon\u0105 na wypadek interakcji z jedn\u0105 z funkcji naszej witryny.<\/span><\/p>\n<p>&lt;span style=&quot;color: rgb(68, 68, 68);&quot;\n<\/p>","protected":false},"excerpt":{"rendered":"<p>A sua privacidade \u00e9 importante para n\u00f3s. \u00c9 pol\u00edtica do Lob Viral respeitar a sua privacidade em rela\u00e7\u00e3o a qualquer informa\u00e7\u00e3o sua que possamos coletar no site Lob Viral, e outros sites que possu\u00edmos e operamos. Solicitamos informa\u00e7\u00f5es pessoais apenas quando realmente precisamos delas para lhe fornecer um servi\u00e7o. Fazemo-lo por meios justos e legais, [&hellip;]<\/p>","protected":false},"author":1,"featured_media":0,"parent":0,"menu_order":0,"comment_status":"closed","ping_status":"closed","template":"","meta":{"footnotes":""},"class_list":["post-114","page","type-page","status-publish"],"_links":{"self":[{"href":"https:\/\/lobviral.com\/pl\/wp-json\/wp\/v2\/pages\/114","targetHints":{"allow":["GET"]}}],"collection":[{"href":"https:\/\/lobviral.com\/pl\/wp-json\/wp\/v2\/pages"}],"about":[{"href":"https:\/\/lobviral.com\/pl\/wp-json\/wp\/v2\/types\/page"}],"author":[{"embeddable":true,"href":"https:\/\/lobviral.com\/pl\/wp-json\/wp\/v2\/users\/1"}],"replies":[{"embeddable":true,"href":"https:\/\/lobviral.com\/pl\/wp-json\/wp\/v2\/comments?post=114"}],"version-history":[{"count":5,"href":"https:\/\/lobviral.com\/pl\/wp-json\/wp\/v2\/pages\/114\/revisions"}],"predecessor-version":[{"id":129,"href":"https:\/\/lobviral.com\/pl\/wp-json\/wp\/v2\/pages\/114\/revisions\/129"}],"wp:attachment":[{"href":"https:\/\/lobviral.com\/pl\/wp-json\/wp\/v2\/media?parent=114"}],"curies":[{"name":"wp","href":"https:\/\/api.w.org\/{rel}","templated":true}]}}