{"id":122,"date":"2026-01-22T03:05:58","date_gmt":"2026-01-22T03:05:58","guid":{"rendered":"https:\/\/lobviral.com\/?page_id=122"},"modified":"2026-01-22T03:05:59","modified_gmt":"2026-01-22T03:05:59","slug":"kontakt","status":"publish","type":"page","link":"https:\/\/lobviral.com\/pl\/kontakt\/","title":{"rendered":"Kontakt"},"content":{"rendered":"<p>Witamy! To oficjalna strona kontaktowa\u00a0<strong><strong>Wirusowy Lob<\/strong><\/strong>. Tutaj mo\u017cesz si\u0119 z nami skontaktowa\u0107, aby zada\u0107 pytania, przes\u0142a\u0107 sugestie, z\u0142o\u017cy\u0107 skarg\u0119 lub zg\u0142osi\u0107 jak\u0105kolwiek inn\u0105 spraw\u0119 zwi\u0105zan\u0105 z nasz\u0105 witryn\u0105 internetow\u0105 i publikowanymi przez nas tre\u015bciami.<\/p>\n\n\n\n<p>Naszym celem jest zapewnienie u\u017cytkownikom jak najlepszych wra\u017ce\u0144, dlatego bardzo cenimy sobie Pa\u0144stwa opinie. Je\u015bli maj\u0105 Pa\u0144stwo pytania dotycz\u0105ce dzia\u0142ania strony, korzystania z polecanych aplikacji lub naszych tre\u015bci, prosimy o kontakt mailowy.<\/p>\n\n\n\n<p>Jeste\u015bmy zawsze otwarci na sugestie ulepsze\u0144 i konstruktywn\u0105 krytyk\u0119. Twoja opinia jest dla nas niezb\u0119dna, aby si\u0119 rozwija\u0107, rozwi\u0105zywa\u0107 problemy i dostarcza\u0107 coraz bardziej przydatne i rzetelne informacje.<\/p>\n\n\n\n<p>Aby si\u0119 z nami skontaktowa\u0107, wystarczy wype\u0142ni\u0107 formularz dost\u0119pny na tej stronie, podaj\u0105c swoje dane i wiadomo\u015b\u0107. Nasz zesp\u00f3\u0142 do\u0142o\u017cy wszelkich stara\u0144, aby odpowiedzie\u0107 tak szybko, jak to mo\u017cliwe.<\/p>\n\n\n\n<p>Dzi\u0119kujemy za odwiedziny\u00a0<strong><strong><strong>Wirusowy Lob<\/strong><\/strong><\/strong>\u00a0Z przyjemno\u015bci\u0105 otrzymamy Twoj\u0105 wiadomo\u015b\u0107.<\/p>\n\n\n\n<p><strong>Adres e-mail kontaktowy:<\/strong><br>\ud83d\udce7 contact@lobviral.com.br<\/p>","protected":false},"excerpt":{"rendered":"<p>Bem-vindo! Esta \u00e9 a p\u00e1gina oficial de contato do\u00a0Lob Viral. Aqui voc\u00ea pode entrar em contato conosco para tirar d\u00favidas, enviar sugest\u00f5es, fazer reclama\u00e7\u00f5es ou tratar de qualquer outro assunto relacionado ao nosso site e aos conte\u00fados que publicamos. Nosso objetivo \u00e9 oferecer a melhor experi\u00eancia poss\u00edvel aos usu\u00e1rios, por isso valorizamos muito o seu [&hellip;]<\/p>","protected":false},"author":1,"featured_media":0,"parent":0,"menu_order":0,"comment_status":"closed","ping_status":"closed","template":"","meta":{"footnotes":""},"class_list":["post-122","page","type-page","status-publish"],"_links":{"self":[{"href":"https:\/\/lobviral.com\/pl\/wp-json\/wp\/v2\/pages\/122","targetHints":{"allow":["GET"]}}],"collection":[{"href":"https:\/\/lobviral.com\/pl\/wp-json\/wp\/v2\/pages"}],"about":[{"href":"https:\/\/lobviral.com\/pl\/wp-json\/wp\/v2\/types\/page"}],"author":[{"embeddable":true,"href":"https:\/\/lobviral.com\/pl\/wp-json\/wp\/v2\/users\/1"}],"replies":[{"embeddable":true,"href":"https:\/\/lobviral.com\/pl\/wp-json\/wp\/v2\/comments?post=122"}],"version-history":[{"count":1,"href":"https:\/\/lobviral.com\/pl\/wp-json\/wp\/v2\/pages\/122\/revisions"}],"predecessor-version":[{"id":124,"href":"https:\/\/lobviral.com\/pl\/wp-json\/wp\/v2\/pages\/122\/revisions\/124"}],"wp:attachment":[{"href":"https:\/\/lobviral.com\/pl\/wp-json\/wp\/v2\/media?parent=122"}],"curies":[{"name":"wp","href":"https:\/\/api.w.org\/{rel}","templated":true}]}}