{"id":119,"date":"2026-01-22T03:02:03","date_gmt":"2026-01-22T03:02:03","guid":{"rendered":"https:\/\/lobviral.com\/?page_id=119"},"modified":"2026-01-22T03:02:03","modified_gmt":"2026-01-22T03:02:03","slug":"termeni-de-utilizare","status":"publish","type":"page","link":"https:\/\/lobviral.com\/ro\/termeni-de-utilizare\/","title":{"rendered":"Termeni de utilizare"},"content":{"rendered":"<h2><span style=\"color: rgb(68, 68, 68);\">1. Termeni<\/span><\/h2>\n<p><span style=\"color: rgb(68, 68, 68);\">La accesarea site-ului web <a href=\"http:\/\/lobviral.com\/ro\/\">Lob viral<\/a>, Prin utilizarea acestui site, sunte\u021bi de acord s\u0103 respecta\u021bi ace\u0219ti termeni \u0219i condi\u021bii de utilizare, toate legile \u0219i reglement\u0103rile aplicabile \u0219i sunte\u021bi de acord c\u0103 sunte\u021bi responsabil pentru respectarea tuturor legilor locale aplicabile. Dac\u0103 nu sunte\u021bi de acord cu oricare dintre ace\u0219ti termeni, vi se interzice utilizarea sau accesarea acestui site. Materialele con\u021binute pe acest site web sunt protejate de legile aplicabile privind drepturile de autor \u0219i m\u0103rcile comerciale.<\/span><\/p>\n<h2><span style=\"color: rgb(68, 68, 68);\">2. Utilizarea licen\u021bei<\/span><\/h2>\n<p><span style=\"color: rgb(68, 68, 68);\">Se acord\u0103 permisiunea de a desc\u0103rca temporar o copie a materialelor (informa\u021bii sau software) de pe site-ul Lob Viral, doar pentru vizualizare personal\u0103, necomercial\u0103 \u0219i tranzitorie. Aceasta reprezint\u0103 acordarea unei licen\u021be, nu un transfer de titlu, iar \u00een baza acestei licen\u021be nu ave\u021bi dreptul s\u0103:&nbsp;<\/span><\/p>\n<ol>\n<li><span style=\"color: rgb(68, 68, 68);\">a modifica sau copia materialele;&nbsp;<\/span><\/li>\n<li><span style=\"color: rgb(68, 68, 68);\">A utiliza materialele \u00een orice scop comercial sau pentru afi\u0219are public\u0103 (comercial\u0103 sau necomercial\u0103);&nbsp;<\/span><\/li>\n<li><span style=\"color: rgb(68, 68, 68);\">\u00cencercarea de a decompila sau de a decodifica orice software con\u021binut pe site-ul web Lob Viral;&nbsp;<\/span><\/li>\n<li><span style=\"color: rgb(68, 68, 68);\">a elimina orice men\u021biuni privind drepturile de autor sau alte men\u021biuni privind proprietatea din materiale; sau&nbsp;<\/span><\/li>\n<li><span style=\"color: rgb(68, 68, 68);\">Transfera\u021bi materialele c\u0103tre o alt\u0103 persoan\u0103 sau \u2018oglindi\u021bi\u2019 materialele pe orice alt server.<\/span><\/li>\n<\/ol>\n<p><span style=\"color: rgb(68, 68, 68);\">Aceast\u0103 licen\u021b\u0103 va \u00eenceta automat dac\u0103 \u00eenc\u0103lca\u021bi oricare dintre aceste restric\u021bii \u0219i poate fi reziliat\u0103 de Lob Viral \u00een orice moment. La \u00eencetarea vizualiz\u0103rii acestor materiale sau la \u00eencetarea acestei licen\u021be, trebuie s\u0103 distruge\u021bi toate materialele desc\u0103rcate pe care le de\u021bine\u021bi, fie \u00een format electronic, fie tip\u0103rit.<\/span><\/p>\n<h2><span style=\"color: rgb(68, 68, 68);\">3. Declinarea responsabilit\u0103\u021bii<\/span><\/h2>\n<ol>\n<li><span style=\"color: rgb(68, 68, 68);\">Materialele de pe site-ul Lob Viral sunt furnizate \u2018ca atare\u2019. Lob Viral nu ofer\u0103 nicio garan\u021bie, expres\u0103 sau implicit\u0103, \u0219i prin prezenta declin\u0103 \u0219i neag\u0103 toate celelalte garan\u021bii, inclusiv, f\u0103r\u0103 limitare, garan\u021biile implicite sau condi\u021biile de vandabilitate, adecvare pentru un anumit scop sau ne\u00eenc\u0103lcare a propriet\u0103\u021bii intelectuale sau alte \u00eenc\u0103lc\u0103ri ale drepturilor.<\/span><\/li>\n<li><span style=\"color: rgb(68, 68, 68);\">\u00cen plus, Lob Viral nu garanteaz\u0103 \u0219i nu face nicio declara\u021bie cu privire la exactitatea, rezultatele probabile sau fiabilitatea utiliz\u0103rii materialelor de pe site-ul s\u0103u web sau \u00een leg\u0103tur\u0103 cu astfel de materiale sau de pe orice site-uri legate de acest site.<\/span><\/li>\n<\/ol>\n<h2><span style=\"color: rgb(68, 68, 68);\">4. Limit\u0103ri<\/span><\/h2>\n<p><span style=\"color: rgb(68, 68, 68);\">\u00cen nicio circumstan\u021b\u0103, Lob Viral sau furnizorii s\u0103i nu vor fi r\u0103spunz\u0103tori pentru daune (inclusiv, f\u0103r\u0103 limitare, daune pentru pierderea de date sau profit sau din cauza \u00eentreruperii activit\u0103\u021bii) care decurg din utilizarea sau incapacitatea de a utiliza materialele de pe Lob Viral, chiar dac\u0103 Lob Viral sau un reprezentant autorizat al Lob Viral a fost notificat verbal sau \u00een scris cu privire la posibilitatea unor astfel de daune. Deoarece unele jurisdic\u021bii nu permit limit\u0103ri ale garan\u021biilor implicite sau limit\u0103ri ale r\u0103spunderii pentru daune indirecte sau incidentale, este posibil ca aceste limit\u0103ri s\u0103 nu vi se aplice.<\/span><\/p>\n<h2><span style=\"color: rgb(68, 68, 68);\">5. Precizia materialelor<\/span><\/h2>\n<p><span style=\"color: rgb(68, 68, 68);\">Materialele afi\u0219ate pe site-ul web Lob Viral pot include erori tehnice, tipografice sau fotografice. Lob Viral nu garanteaz\u0103 c\u0103 vreun material de pe site-ul s\u0103u web este corect, complet sau actual. Lob Viral poate modifica materialele con\u021binute pe site-ul s\u0103u web \u00een orice moment, f\u0103r\u0103 notificare prealabil\u0103. Cu toate acestea, Lob Viral nu se angajeaz\u0103 s\u0103 actualizeze materialele.<\/span><\/p>\n<h2><span style=\"color: rgb(68, 68, 68);\">6. Linkuri<\/span><\/h2>\n<p><span style=\"color: rgb(68, 68, 68);\">Lob Viral nu a verificat toate site-urile la care se face trimitere c\u0103tre site-ul s\u0103u web \u0219i nu este responsabil pentru con\u021binutul niciunui site. Includerea oric\u0103rui link nu implic\u0103 aprobarea site-ului de c\u0103tre Lob Viral. Utilizarea oric\u0103rui site web la care se face trimitere se face pe riscul propriu al utilizatorului.<\/span><\/p>\n<p><\/p>\n<h3><span style=\"color: rgb(68, 68, 68);\">Modific\u0103ri<\/span><\/h3>\n<p><span style=\"color: rgb(68, 68, 68);\">Lob Viral \u00ee\u0219i rezerv\u0103 dreptul de a revizui ace\u0219ti termeni \u0219i condi\u021bii de utilizare ai site-ului web \u00een orice moment, f\u0103r\u0103 notificare prealabil\u0103. Prin utilizarea acestui site web, sunte\u021bi de acord s\u0103 respecta\u021bi versiunea actual\u0103 a acestor termeni \u0219i condi\u021bii de utilizare.<\/span><\/p>\n<h3><span style=\"color: rgb(68, 68, 68);\">Legea aplicabil\u0103<\/span><\/h3>\n<p><span style=\"color: rgb(68, 68, 68);\">Ace\u0219ti termeni \u0219i condi\u021bii sunt guverna\u021bi \u0219i interpreta\u021bi \u00een conformitate cu legile Lob Viral, iar dumneavoastr\u0103 v\u0103 supune\u021bi \u00een mod irevocabil jurisdic\u021biei exclusive a instan\u021belor din statul sau localitatea respectiv\u0103.<\/span><\/p>","protected":false},"excerpt":{"rendered":"<p>1. Termos Ao acessar ao site Lob Viral, concorda em cumprir estes termos de servi\u00e7o, todas as leis e regulamentos aplic\u00e1veis \u200b\u200be concorda que \u00e9 respons\u00e1vel pelo cumprimento de todas as leis locais aplic\u00e1veis. Se voc\u00ea n\u00e3o concordar com algum desses termos, est\u00e1 proibido de usar ou acessar este site. Os materiais contidos neste site [&hellip;]<\/p>","protected":false},"author":1,"featured_media":0,"parent":0,"menu_order":0,"comment_status":"closed","ping_status":"closed","template":"","meta":{"footnotes":""},"class_list":["post-119","page","type-page","status-publish"],"_links":{"self":[{"href":"https:\/\/lobviral.com\/ro\/wp-json\/wp\/v2\/pages\/119","targetHints":{"allow":["GET"]}}],"collection":[{"href":"https:\/\/lobviral.com\/ro\/wp-json\/wp\/v2\/pages"}],"about":[{"href":"https:\/\/lobviral.com\/ro\/wp-json\/wp\/v2\/types\/page"}],"author":[{"embeddable":true,"href":"https:\/\/lobviral.com\/ro\/wp-json\/wp\/v2\/users\/1"}],"replies":[{"embeddable":true,"href":"https:\/\/lobviral.com\/ro\/wp-json\/wp\/v2\/comments?post=119"}],"version-history":[{"count":1,"href":"https:\/\/lobviral.com\/ro\/wp-json\/wp\/v2\/pages\/119\/revisions"}],"predecessor-version":[{"id":120,"href":"https:\/\/lobviral.com\/ro\/wp-json\/wp\/v2\/pages\/119\/revisions\/120"}],"wp:attachment":[{"href":"https:\/\/lobviral.com\/ro\/wp-json\/wp\/v2\/media?parent=119"}],"curies":[{"name":"wp","href":"https:\/\/api.w.org\/{rel}","templated":true}]}}