{"id":114,"date":"2026-01-22T02:57:30","date_gmt":"2026-01-22T02:57:30","guid":{"rendered":"https:\/\/lobviral.com\/?page_id=114"},"modified":"2026-01-22T03:32:43","modified_gmt":"2026-01-22T03:32:43","slug":"zasady-ochrany-osobnych-udajov","status":"publish","type":"page","link":"https:\/\/lobviral.com\/sk\/zasady-ochrany-osobnych-udajov\/","title":{"rendered":"Z\u00e1sady ochrany osobn\u00fdch \u00fadajov"},"content":{"rendered":"<p>Va\u0161e s\u00fakromie je pre n\u00e1s d\u00f4le\u017eit\u00e9. Z\u00e1sadou spolo\u010dnosti Lob Viral je re\u0161pektova\u0165 va\u0161e s\u00fakromie, pokia\u013e ide o ak\u00e9ko\u013evek inform\u00e1cie, ktor\u00e9 od v\u00e1s m\u00f4\u017eeme zhroma\u017e\u010fova\u0165 na webovej str\u00e1nke. <a href=\"http:\/\/lobviral.com\/sk\/\">V\u00edrusov\u00fd lob<\/a>, a \u010fal\u0161ie webov\u00e9 str\u00e1nky, ktor\u00e9 vlastn\u00edme a prev\u00e1dzkujeme.<\/span><\/p>\n<p><span style=\"color: rgb(68, 68, 68);\">Osobn\u00e9 \u00fadaje po\u017eadujeme iba vtedy, ke\u010f ich skuto\u010dne potrebujeme na poskytnutie slu\u017eby. Rob\u00edme tak spravodlivo a z\u00e1konne, s va\u0161\u00edm vedom\u00edm a s\u00fahlasom. Taktie\u017e v\u00e1s informujeme, pre\u010do ich zhroma\u017e\u010fujeme a ako bud\u00fa pou\u017eit\u00e9.<\/span><\/p>\n<p><span style=\"color: rgb(68, 68, 68);\">Zhroma\u017eden\u00e9 inform\u00e1cie uchov\u00e1vame iba tak dlho, ako je potrebn\u00e9 na poskytnutie po\u017eadovanej slu\u017eby. Pri uchov\u00e1van\u00ed \u00fadajov ich chr\u00e1nime komer\u010dne prijate\u013en\u00fdmi prostriedkami, aby sme predi\u0161li strate a kr\u00e1de\u017ei, ako aj neopr\u00e1vnen\u00e9mu pr\u00edstupu, zverejneniu, kop\u00edrovaniu, pou\u017eitiu alebo \u00faprave.<\/span><\/p>\n<p><span style=\"color: rgb(68, 68, 68);\">Osobn\u00e9 \u00fadaje nezdie\u013eame verejne ani s tret\u00edmi stranami, s v\u00fdnimkou pr\u00edpadov, ke\u010f to vy\u017eaduje z\u00e1kon.<\/span><\/p>\n<p><span style=\"color: rgb(68, 68, 68);\">Na\u0161a webov\u00e1 str\u00e1nka m\u00f4\u017ee obsahova\u0165 odkazy na extern\u00e9 str\u00e1nky, ktor\u00e9 neprev\u00e1dzkujeme. Upozor\u0148ujeme, \u017ee nem\u00e1me \u017eiadnu kontrolu nad obsahom a postupmi t\u00fdchto str\u00e1nok a nem\u00f4\u017eeme prevzia\u0165 zodpovednos\u0165 za ich pr\u00edslu\u0161n\u00e9 z\u00e1sady.&nbsp;<\/span><a href=\"https:\/\/politicaprivacidade.com\/\" rel=\"noopener noreferrer\" target=\"_blank\" style=\"background-color: transparent; color: rgb(68, 68, 68);\">z\u00e1sady ochrany osobn\u00fdch \u00fadajov<\/a><span style=\"color: rgb(68, 68, 68);\">.<\/span><\/p>\n<p><span style=\"color: rgb(68, 68, 68);\">Na\u0161u \u017eiados\u0165 o osobn\u00e9 \u00fadaje m\u00f4\u017eete odmietnu\u0165 s vedom\u00edm, \u017ee v\u00e1m mo\u017eno nebudeme m\u00f4c\u0165 poskytn\u00fa\u0165 niektor\u00e9 zo slu\u017eieb, ktor\u00e9 si \u017eel\u00e1te.<\/span><\/p>\n<p><span style=\"color: rgb(68, 68, 68);\">Pokra\u010dovanie v pou\u017e\u00edvan\u00ed na\u0161ej webovej str\u00e1nky bude pova\u017eovan\u00e9 za s\u00fahlas s na\u0161imi postupmi t\u00fdkaj\u00facimi sa ochrany osobn\u00fdch \u00fadajov a osobn\u00fdch \u00fadajov. Ak m\u00e1te ak\u00e9ko\u013evek ot\u00e1zky t\u00fdkaj\u00face sa toho, ako naklad\u00e1me s \u00fadajmi pou\u017e\u00edvate\u013eov a osobn\u00fdmi \u00fadajmi, kontaktujte n\u00e1s.<\/span><\/p>\n<p><span style=\"color: rgb(68, 68, 68);\"><\/p>\n<ul>\n<li><span style=\"color: rgb(68, 68, 68);\">Slu\u017eba Google AdSense, ktor\u00fa pou\u017e\u00edvame na zobrazovanie rekl\u00e1m, pou\u017e\u00edva s\u00fabor cookie DoubleClick na zobrazovanie relevantnej\u0161\u00edch rekl\u00e1m na webe a obmedzenie po\u010dtu zobrazen\u00ed danej reklamy.<\/span><\/li>\n<li><span style=\"color: rgb(68, 68, 68);\">Viac inform\u00e1ci\u00ed o slu\u017ebe Google AdSense n\u00e1jdete v ofici\u00e1lnych \u010casto kladen\u00fdch ot\u00e1zkach o ochrane osobn\u00fdch \u00fadajov slu\u017eby Google AdSense.<\/span><\/li>\n<li><span style=\"color: rgb(68, 68, 68);\">Reklamu pou\u017e\u00edvame na pokrytie n\u00e1kladov na prev\u00e1dzku tejto str\u00e1nky a na zabezpe\u010denie financovania bud\u00faceho rozvoja. S\u00fabory cookie behavior\u00e1lnej reklamy pou\u017e\u00edvan\u00e9 touto str\u00e1nkou s\u00fa navrhnut\u00e9 tak, aby v\u00e1m zabezpe\u010dili \u010do najrelevantnej\u0161ie reklamy, kedyko\u013evek je to mo\u017en\u00e9, anonymn\u00fdm sledovan\u00edm va\u0161ich z\u00e1ujmov a zobrazovan\u00edm podobn\u00fdch vec\u00ed, ktor\u00e9 by v\u00e1s mohli zauj\u00edma\u0165.<\/span><\/li>\n<li><span style=\"color: rgb(68, 68, 68);\">Nieko\u013eko partnerov inzeruje v na\u0161om mene a s\u00fabory cookie na sledovanie partnersk\u00fdch programov n\u00e1m jednoducho umo\u017e\u0148uj\u00fa zisti\u0165, \u010di na\u0161i z\u00e1kazn\u00edci nav\u0161t\u00edvili str\u00e1nku prostredn\u00edctvom jednej z na\u0161ich partnersk\u00fdch str\u00e1nok, aby sme im mohli primerane prip\u00edsa\u0165 kredit a v pr\u00edpade potreby umo\u017eni\u0165 na\u0161im partnersk\u00fdm programom pon\u00faka\u0165 ak\u00e9ko\u013evek propaga\u010dn\u00e9 akcie, ktor\u00e9 m\u00f4\u017eu poskytn\u00fa\u0165, aby v\u00e1s povzbudili k n\u00e1kupu.<\/span><\/li>\n<\/ul>\n<p><\/p>\n<p><\/span><\/p>\n<h3><span style=\"color: rgb(68, 68, 68);\">Z\u00e1v\u00e4zok pou\u017e\u00edvate\u013ea<\/span><\/h3>\n<p><span style=\"color: rgb(68, 68, 68);\">Pou\u017e\u00edvate\u013e s\u00fahlas\u00ed s vhodn\u00fdm pou\u017e\u00edvan\u00edm obsahu a inform\u00e1ci\u00ed, ktor\u00e9 Lob Viral pon\u00faka na webovej str\u00e1nke, vr\u00e1tane, ale nie v\u00fdlu\u010dne:<\/span><\/p>\n<ul>\n<li><span style=\"color: rgb(68, 68, 68);\">A) Nezap\u00e1ja\u0165 sa do \u010dinnost\u00ed, ktor\u00e9 s\u00fa nez\u00e1konn\u00e9 alebo s\u00fa v rozpore s dobrou vierou a verejn\u00fdm poriadkom;<\/span><\/li>\n<li><span style=\"color: rgb(68, 68, 68);\">B) Ne\u0161\u00edri\u0165 propagandu ani obsah rasistickej, xenof\u00f3bnej povahy, s\u00favisiaci s hazardn\u00fdmi hrami alebo hrami na n\u00e1hodu, ak\u00fdko\u013evek druh neleg\u00e1lnej pornografie alebo tak\u00fd, ktor\u00fd podporuje terorizmus alebo poru\u0161uje \u013eudsk\u00e9 pr\u00e1va;<\/span><\/li>\n<li><span style=\"color: rgb(68, 68, 68);\">C) Nepo\u0161kodzova\u0165 fyzick\u00e9 (hardv\u00e9rov\u00e9) a logick\u00e9 (softv\u00e9rov\u00e9) syst\u00e9my spolo\u010dnosti Lob Viral, jej dod\u00e1vate\u013eov alebo tret\u00edch str\u00e1n za \u00fa\u010delom zav\u00e1dzania alebo \u0161\u00edrenia po\u010d\u00edta\u010dov\u00fdch v\u00edrusov alebo ak\u00fdchko\u013evek in\u00fdch hardv\u00e9rov\u00fdch alebo softv\u00e9rov\u00fdch syst\u00e9mov, ktor\u00e9 s\u00fa schopn\u00e9 sp\u00f4sobi\u0165 vy\u0161\u0161ie uveden\u00e9 \u0161kody.<\/span><\/li>\n<\/ul>\n<h3><span style=\"color: rgb(68, 68, 68);\">Viac inform\u00e1ci\u00ed<\/span><\/h3>\n<p><span style=\"color: rgb(68, 68, 68);\">D\u00fafame, \u017ee je to jasn\u00e9, a ako u\u017e bolo spomenut\u00e9, ak si nie ste ist\u00ed, \u010di s\u00fabory cookie potrebujete alebo nie, je vo v\u0161eobecnosti bezpe\u010dnej\u0161ie ponecha\u0165 ich povolen\u00e9 v pr\u00edpade, \u017ee interagujete s niektorou z funkci\u00ed, ktor\u00e9 pou\u017e\u00edvate na na\u0161ej webovej str\u00e1nke.<\/span><\/p>\n<p>&lt;span style=&quot;color: rgb(68, 68, 68);&quot;\n<\/p>","protected":false},"excerpt":{"rendered":"<p>A sua privacidade \u00e9 importante para n\u00f3s. \u00c9 pol\u00edtica do Lob Viral respeitar a sua privacidade em rela\u00e7\u00e3o a qualquer informa\u00e7\u00e3o sua que possamos coletar no site Lob Viral, e outros sites que possu\u00edmos e operamos. Solicitamos informa\u00e7\u00f5es pessoais apenas quando realmente precisamos delas para lhe fornecer um servi\u00e7o. Fazemo-lo por meios justos e legais, [&hellip;]<\/p>","protected":false},"author":1,"featured_media":0,"parent":0,"menu_order":0,"comment_status":"closed","ping_status":"closed","template":"","meta":{"footnotes":""},"class_list":["post-114","page","type-page","status-publish"],"_links":{"self":[{"href":"https:\/\/lobviral.com\/sk\/wp-json\/wp\/v2\/pages\/114","targetHints":{"allow":["GET"]}}],"collection":[{"href":"https:\/\/lobviral.com\/sk\/wp-json\/wp\/v2\/pages"}],"about":[{"href":"https:\/\/lobviral.com\/sk\/wp-json\/wp\/v2\/types\/page"}],"author":[{"embeddable":true,"href":"https:\/\/lobviral.com\/sk\/wp-json\/wp\/v2\/users\/1"}],"replies":[{"embeddable":true,"href":"https:\/\/lobviral.com\/sk\/wp-json\/wp\/v2\/comments?post=114"}],"version-history":[{"count":5,"href":"https:\/\/lobviral.com\/sk\/wp-json\/wp\/v2\/pages\/114\/revisions"}],"predecessor-version":[{"id":129,"href":"https:\/\/lobviral.com\/sk\/wp-json\/wp\/v2\/pages\/114\/revisions\/129"}],"wp:attachment":[{"href":"https:\/\/lobviral.com\/sk\/wp-json\/wp\/v2\/media?parent=114"}],"curies":[{"name":"pracovn\u00fd list","href":"https:\/\/api.w.org\/{rel}","templated":true}]}}