{"id":121,"date":"2026-01-22T03:04:46","date_gmt":"2026-01-22T03:04:46","guid":{"rendered":"https:\/\/lobviral.com\/?page_id=121"},"modified":"2026-01-22T03:04:46","modified_gmt":"2026-01-22T03:04:46","slug":"vyhlasenie-o-vyluceni-zodpovednosti","status":"publish","type":"page","link":"https:\/\/lobviral.com\/sk\/vyhlasenie-o-vyluceni-zodpovednosti\/","title":{"rendered":"Vyhl\u00e1senie o odmietnut\u00ed zodpovednosti"},"content":{"rendered":"<p>Inform\u00e1cie dostupn\u00e9 na webovej str\u00e1nke\u00a0<strong>V\u00edrusov\u00fd lob<\/strong>\u00a0ma\u0165 charakter\u00a0<strong>Len na informa\u010dn\u00e9 \u00fa\u010dely.<\/strong>. Na\u0161\u00edm cie\u013eom je prezentova\u0165 obsah, anal\u00fdzy a odpor\u00fa\u010dania pre aplik\u00e1cie, slu\u017eby a n\u00e1stroje, ktor\u00e9 m\u00f4\u017eu pou\u017e\u00edvate\u013eom pom\u00f4c\u0165 pri h\u013eadan\u00ed pr\u00edle\u017eitost\u00ed, produktivity a digit\u00e1lnych rie\u0161en\u00ed.<\/p>\n\n\n\n<h3 class=\"wp-block-heading\">Neposkytujeme \u017eiadne z\u00e1ruky.<\/h3>\n\n\n\n<p>O\u00a0<strong><strong>V\u00edrusov\u00fd lob<\/strong><\/strong>\u00a0<strong>nezaru\u010duje<\/strong>\u00a0V\u00fdsledky, finan\u010dn\u00e9 zisky, zamestnanie, pr\u00edjem alebo ak\u00fdko\u013evek konkr\u00e9tny typ \u00fa\u017eitku z pou\u017e\u00edvania inform\u00e1ci\u00ed, aplik\u00e1ci\u00ed alebo slu\u017eieb uveden\u00fdch na webovej str\u00e1nke. V\u00fdsledky sa m\u00f4\u017eu l\u00ed\u0161i\u0165 v z\u00e1vislosti od individu\u00e1lnych, region\u00e1lnych a okolnostn\u00fdch faktorov.<\/p>\n\n\n\n<h3 class=\"wp-block-heading\">Aplik\u00e1cie a slu\u017eby tret\u00edch str\u00e1n<\/h3>\n\n\n\n<p>Str\u00e1nka m\u00f4\u017ee obsahova\u0165 odkazy, odpor\u00fa\u010dania alebo zmienky o&nbsp;<strong>aplik\u00e1cie, platformy a slu\u017eby tret\u00edch str\u00e1n<\/strong>. Nem\u00e1me \u017eiadnu kontrolu nad prev\u00e1dzkou, pravidlami, cenami, dostupnos\u0165ou ani bezpe\u010dnos\u0165ou t\u00fdchto slu\u017eieb. Ak\u00e1ko\u013evek interakcia, registr\u00e1cia alebo pou\u017e\u00edvanie je na va\u0161e vlastn\u00e9 riziko.&nbsp;<strong>v\u00fdhradn\u00e1 zodpovednos\u0165 pou\u017e\u00edvate\u013ea<\/strong>.<\/p>\n\n\n\n<p>V\u017edy odpor\u00fa\u010dame, aby pou\u017e\u00edvate\u013e:<\/p>\n\n\n\n<ul class=\"wp-block-list\">\n<li>Pre\u010d\u00edtajte si podmienky pou\u017e\u00edvania a z\u00e1sady ochrany osobn\u00fdch \u00fadajov aplik\u00e1ci\u00ed;<\/li>\n\n\n\n<li>Pozrite si recenzie v ofici\u00e1lnych obchodoch s aplik\u00e1ciami (Google Play, App Store);<\/li>\n\n\n\n<li>Pred pou\u017eit\u00edm slu\u017eby si pre\u0161tudujte, \u010di sp\u013a\u0148a va\u0161e potreby.<\/li>\n<\/ul>\n\n\n\n<h3 class=\"wp-block-heading\">Vyl\u00fa\u010denie pr\u00e1vnej a profesion\u00e1lnej zodpovednosti<\/h3>\n\n\n\n<p>Obsah publikovan\u00fd na\u00a0<strong><strong>V\u00edrusov\u00fd lob<\/strong><\/strong>\u00a0<strong>Toto nenahr\u00e1dza odborn\u00e9 poradenstvo.<\/strong>, \u010ci u\u017e ide o pr\u00e1vne, finan\u010dn\u00e9, \u00fa\u010dtovn\u00e9, pracovn\u00e9 alebo technick\u00e9 z\u00e1le\u017eitosti, pri d\u00f4le\u017eit\u00fdch rozhodnutiach v\u017edy vyh\u013eadajte kvalifikovan\u00e9ho odborn\u00edka.<\/p>\n\n\n\n<h3 class=\"wp-block-heading\">Reklama a monetiz\u00e1cia<\/h3>\n\n\n\n<p>Webov\u00e1 str\u00e1nka\u00a0<strong>V\u00edrusov\u00fd lob<\/strong> D\u00e1 sa spe\u0148a\u017ei\u0165 prostredn\u00edctvom:<\/p>\n\n\n\n<ul class=\"wp-block-list\">\n<li>Reklamy (ako napr\u00edklad Google AdSense);<\/li>\n\n\n\n<li>Sponzorovan\u00e9 odkazy;<\/li>\n\n\n\n<li>Partnerstv\u00e1 alebo affiliate programy.<\/li>\n<\/ul>\n\n\n\n<p>To znamen\u00e1, \u017ee m\u00f4\u017eeme dost\u00e1va\u0165 prov\u00edzie, ke\u010f pou\u017e\u00edvate\u013e klikne na reklamy alebo pou\u017eije ur\u010dit\u00e9 odkazy.,&nbsp;<strong>bez ak\u00fdchko\u013evek dodato\u010dn\u00fdch n\u00e1kladov pre pou\u017e\u00edvate\u013ea.<\/strong>. Tieto partnerstv\u00e1 neovplyv\u0148uj\u00fa n\u00e1\u0161 z\u00e1mer pon\u00faka\u0165 jasn\u00fd a relevantn\u00fd obsah.<\/p>\n\n\n\n<h3 class=\"wp-block-heading\">Aktualiz\u00e1cia inform\u00e1ci\u00ed<\/h3>\n\n\n\n<p>Inform\u00e1cie na webovej str\u00e1nke m\u00f4\u017eu by\u0165&nbsp;<strong>kedyko\u013evek zmenen\u00e9, aktualizovan\u00e9 alebo odstr\u00e1nen\u00e9<\/strong>, bez predch\u00e1dzaj\u00faceho upozornenia. Nezaru\u010dujeme, \u017ee v\u0161etok obsah je v\u017edy \u00faplne aktu\u00e1lny, preto\u017ee aplik\u00e1cie a slu\u017eby m\u00f4\u017eu \u010dasto meni\u0165 svoje pravidl\u00e1.<\/p>\n\n\n\n<h3 class=\"wp-block-heading\">Obmedzenie zodpovednosti<\/h3>\n\n\n\n<p>O\u00a0<strong><strong>V\u00edrusov\u00fd lob<\/strong><\/strong>\u00a0nie je zodpovedn\u00fd za:<\/p>\n\n\n\n<ul class=\"wp-block-list\">\n<li>Finan\u010dn\u00e9 straty;<\/li>\n\n\n\n<li>Technick\u00e9 probl\u00e9my;<\/li>\n\n\n\n<li>Zlyhania aplik\u00e1ci\u00ed tret\u00edch str\u00e1n;<\/li>\n\n\n\n<li>Priame alebo nepriame \u0161kody vypl\u00fdvaj\u00face z pou\u017eitia inform\u00e1ci\u00ed z webovej str\u00e1nky.<\/li>\n<\/ul>\n\n\n\n<p>Pou\u017e\u00edvanie str\u00e1nky znamen\u00e1&nbsp;<strong>\u00dapln\u00fd s\u00fahlas s t\u00fdmto vyhl\u00e1sen\u00edm o vyl\u00fa\u010den\u00ed zodpovednosti<\/strong>.<\/p>\n\n\n\n<h3 class=\"wp-block-heading\">Kontakt<\/h3>\n\n\n\n<p>Ak m\u00e1te ak\u00e9ko\u013evek ot\u00e1zky, n\u00e1vrhy alebo by ste chceli nahl\u00e1si\u0165 ak\u00fdko\u013evek obsah, kontaktujte n\u00e1s prostredn\u00edctvom kontaktnej str\u00e1nky webovej str\u00e1nky.<\/p>","protected":false},"excerpt":{"rendered":"<p>As informa\u00e7\u00f5es disponibilizadas no site\u00a0Lob Viral\u00a0t\u00eam car\u00e1ter\u00a0exclusivamente informativo. Nosso objetivo \u00e9 apresentar conte\u00fados, an\u00e1lises e indica\u00e7\u00f5es de aplicativos, servi\u00e7os e ferramentas que possam auxiliar usu\u00e1rios na busca por oportunidades, produtividade e solu\u00e7\u00f5es digitais. N\u00e3o oferecemos garantias O\u00a0Lob Viral\u00a0n\u00e3o garante\u00a0resultados, ganhos financeiros, contrata\u00e7\u00f5es, rendimentos ou qualquer tipo de benef\u00edcio espec\u00edfico a partir do uso das informa\u00e7\u00f5es, [&hellip;]<\/p>","protected":false},"author":1,"featured_media":0,"parent":0,"menu_order":0,"comment_status":"closed","ping_status":"closed","template":"","meta":{"footnotes":""},"class_list":["post-121","page","type-page","status-publish"],"_links":{"self":[{"href":"https:\/\/lobviral.com\/sk\/wp-json\/wp\/v2\/pages\/121","targetHints":{"allow":["GET"]}}],"collection":[{"href":"https:\/\/lobviral.com\/sk\/wp-json\/wp\/v2\/pages"}],"about":[{"href":"https:\/\/lobviral.com\/sk\/wp-json\/wp\/v2\/types\/page"}],"author":[{"embeddable":true,"href":"https:\/\/lobviral.com\/sk\/wp-json\/wp\/v2\/users\/1"}],"replies":[{"embeddable":true,"href":"https:\/\/lobviral.com\/sk\/wp-json\/wp\/v2\/comments?post=121"}],"version-history":[{"count":1,"href":"https:\/\/lobviral.com\/sk\/wp-json\/wp\/v2\/pages\/121\/revisions"}],"predecessor-version":[{"id":123,"href":"https:\/\/lobviral.com\/sk\/wp-json\/wp\/v2\/pages\/121\/revisions\/123"}],"wp:attachment":[{"href":"https:\/\/lobviral.com\/sk\/wp-json\/wp\/v2\/media?parent=121"}],"curies":[{"name":"pracovn\u00fd list","href":"https:\/\/api.w.org\/{rel}","templated":true}]}}