{"id":119,"date":"2026-01-22T03:02:03","date_gmt":"2026-01-22T03:02:03","guid":{"rendered":"https:\/\/lobviral.com\/?page_id=119"},"modified":"2026-01-22T03:02:03","modified_gmt":"2026-01-22T03:02:03","slug":"pogoji-uporabe","status":"publish","type":"page","link":"https:\/\/lobviral.com\/sl\/pogoji-uporabe\/","title":{"rendered":"Pogoji uporabe"},"content":{"rendered":"<h2><span style=\"color: rgb(68, 68, 68);\">1. Pogoji<\/span><\/h2>\n<p><span style=\"color: rgb(68, 68, 68);\">Pri dostopu do spletnega mesta <a href=\"http:\/\/lobviral.com\/sl\/\">Virusni lob<\/a>, Z uporabo te spletne strani se strinjate, da vas zavezujejo ti pogoji storitve, vsi veljavni zakoni in predpisi ter da ste odgovorni za skladnost z vsemi veljavnimi lokalnimi zakoni. \u010ce se s katerim koli od teh pogojev ne strinjate, vam je uporaba ali dostop do te spletne strani prepovedana. Gradiva na tej spletni strani so za\u0161\u010ditena z veljavnimi zakoni o avtorskih pravicah in blagovnih znamkah.<\/span><\/p>\n<h2><span style=\"color: rgb(68, 68, 68);\">2. Uporaba licence<\/span><\/h2>\n<p><span style=\"color: rgb(68, 68, 68);\">Dovoljeno je za\u010dasno prenesti eno kopijo gradiva (informacij ali programske opreme) s spletnega mesta Lob Viral samo za osebni, nekomercialni in prehodni ogled. To je podelitev licence, ne prenos lastni\u0161tva, in v skladu s to licenco ne smete:&nbsp;<\/span><\/p>\n<ol>\n<li><span style=\"color: rgb(68, 68, 68);\">spreminjati ali kopirati gradiva;&nbsp;<\/span><\/li>\n<li><span style=\"color: rgb(68, 68, 68);\">Uporabljati gradiva za kakr\u0161en koli komercialni namen ali za javno prikazovanje (komercialno ali nekomercialno);&nbsp;<\/span><\/li>\n<li><span style=\"color: rgb(68, 68, 68);\">Poskus dekompilacije ali obratnega in\u017eeniringa katere koli programske opreme, ki jo vsebuje spletno mesto Lob Viral;&nbsp;<\/span><\/li>\n<li><span style=\"color: rgb(68, 68, 68);\">odstraniti vse avtorske pravice ali druge lastni\u0161ke oznake iz gradiv; ali&nbsp;<\/span><\/li>\n<li><span style=\"color: rgb(68, 68, 68);\">Prenesite gradiva na drugo osebo ali jih \u2018zrcalite\u2019 na katerem koli drugem stre\u017eniku.<\/span><\/li>\n<\/ol>\n<p><span style=\"color: rgb(68, 68, 68);\">Ta licenca bo samodejno prenehala veljati, \u010de kr\u0161ite katero koli od teh omejitev, in jo lahko Lob Viral kadar koli prekine. Po prenehanju ogleda teh gradiv ali po prenehanju te licence morate uni\u010diti vsa prenesena gradiva, ki jih imate v lasti, bodisi v elektronski bodisi v tiskani obliki.<\/span><\/p>\n<h2><span style=\"color: rgb(68, 68, 68);\">3. Izjava o omejitvi odgovornosti<\/span><\/h2>\n<ol>\n<li><span style=\"color: rgb(68, 68, 68);\">Gradiva na spletnem mestu Lob Viral so na voljo \u2018tak\u0161na, kot so\u2019. Lob Viral ne daje nobenih jamstev, izrecnih ali implicitnih, in s tem zavra\u010da in zanika vsa druga jamstva, vklju\u010dno z, vendar ne omejeno na, implicitna jamstva ali pogoje prodajnosti, primernosti za dolo\u010den namen ali nekr\u0161itve intelektualne lastnine ali druge kr\u0161itve pravic.<\/span><\/li>\n<li><span style=\"color: rgb(68, 68, 68);\">Poleg tega Lob Viral ne jam\u010di ali daje nobenih zagotovil glede to\u010dnosti, verjetnih rezultatov ali zanesljivosti uporabe gradiv na svojem spletnem mestu ali kako druga\u010de v zvezi s takimi gradivi ali na katerih koli spletnih mestih, povezanih s tem spletnim mestom.<\/span><\/li>\n<\/ol>\n<h2><span style=\"color: rgb(68, 68, 68);\">4. Omejitve<\/span><\/h2>\n<p><span style=\"color: rgb(68, 68, 68);\">Lob Viral ali njegovi dobavitelji v nobenem primeru ne odgovarjajo za kakr\u0161no koli \u0161kodo (vklju\u010dno z, vendar ne omejeno na, \u0161kodo zaradi izgube podatkov ali dobi\u010dka ali zaradi prekinitve poslovanja), ki bi nastala zaradi uporabe ali nezmo\u017enosti uporabe gradiv na Lob Viral, tudi \u010de je bil Lob Viral ali poobla\u0161\u010deni zastopnik Lob Viral ustno ali pisno obve\u0161\u010den o mo\u017enosti tak\u0161ne \u0161kode. Ker nekatere jurisdikcije ne dovoljujejo omejitev implicitnih jamstev ali omejitev odgovornosti za posledi\u010dno ali naklju\u010dno \u0161kodo, te omejitve morda ne veljajo za vas.<\/span><\/p>\n<h2><span style=\"color: rgb(68, 68, 68);\">5. Natan\u010dnost materialov<\/span><\/h2>\n<p><span style=\"color: rgb(68, 68, 68);\">Gradiva, prikazana na spletni strani Lob Viral, lahko vsebujejo tehni\u010dne, tipografske ali fotografske napake. Lob Viral ne jam\u010di, da je katero koli gradivo na svoji spletni strani to\u010dno, popolno ali a\u017eurno. Lob Viral lahko kadar koli brez predhodnega obvestila spremeni gradiva na svoji spletni strani. Vendar se Lob Viral ne zavezuje k posodabljanju gradiv.<\/span><\/p>\n<h2><span style=\"color: rgb(68, 68, 68);\">6. Povezave<\/span><\/h2>\n<p><span style=\"color: rgb(68, 68, 68);\">Lob Viral ni pregledal vseh spletnih mest, povezanih z njegovim spletnim mestom, in ni odgovoren za vsebino nobenega povezanega spletnega mesta. Vklju\u010ditev katere koli povezave ne pomeni, da Lob Viral odobrava to spletno mesto. Uporaba katerega koli povezanega spletnega mesta je na lastno odgovornost uporabnika.<\/span><\/p>\n<p><\/p>\n<h3><span style=\"color: rgb(68, 68, 68);\">Spremembe<\/span><\/h3>\n<p><span style=\"color: rgb(68, 68, 68);\">Lob Viral lahko kadar koli brez predhodnega obvestila spremeni te pogoje uporabe spletnega mesta. Z uporabo tega spletnega mesta se strinjate, da vas zavezuje trenutna razli\u010dica teh pogojev uporabe.<\/span><\/p>\n<h3><span style=\"color: rgb(68, 68, 68);\">Veljavno pravo<\/span><\/h3>\n<p><span style=\"color: rgb(68, 68, 68);\">Te pogoje in dolo\u010dila ureja in razlaga zakonodaja Lob Viral, vi pa se nepreklicno podrejate izklju\u010dni pristojnosti sodi\u0161\u010d v tej dr\u017eavi ali kraju.<\/span><\/p>","protected":false},"excerpt":{"rendered":"<p>1. Termos Ao acessar ao site Lob Viral, concorda em cumprir estes termos de servi\u00e7o, todas as leis e regulamentos aplic\u00e1veis \u200b\u200be concorda que \u00e9 respons\u00e1vel pelo cumprimento de todas as leis locais aplic\u00e1veis. Se voc\u00ea n\u00e3o concordar com algum desses termos, est\u00e1 proibido de usar ou acessar este site. Os materiais contidos neste site [&hellip;]<\/p>","protected":false},"author":1,"featured_media":0,"parent":0,"menu_order":0,"comment_status":"closed","ping_status":"closed","template":"","meta":{"footnotes":""},"class_list":["post-119","page","type-page","status-publish"],"_links":{"self":[{"href":"https:\/\/lobviral.com\/sl\/wp-json\/wp\/v2\/pages\/119","targetHints":{"allow":["GET"]}}],"collection":[{"href":"https:\/\/lobviral.com\/sl\/wp-json\/wp\/v2\/pages"}],"about":[{"href":"https:\/\/lobviral.com\/sl\/wp-json\/wp\/v2\/types\/page"}],"author":[{"embeddable":true,"href":"https:\/\/lobviral.com\/sl\/wp-json\/wp\/v2\/users\/1"}],"replies":[{"embeddable":true,"href":"https:\/\/lobviral.com\/sl\/wp-json\/wp\/v2\/comments?post=119"}],"version-history":[{"count":1,"href":"https:\/\/lobviral.com\/sl\/wp-json\/wp\/v2\/pages\/119\/revisions"}],"predecessor-version":[{"id":120,"href":"https:\/\/lobviral.com\/sl\/wp-json\/wp\/v2\/pages\/119\/revisions\/120"}],"wp:attachment":[{"href":"https:\/\/lobviral.com\/sl\/wp-json\/wp\/v2\/media?parent=119"}],"curies":[{"name":"delovni list","href":"https:\/\/api.w.org\/{rel}","templated":true}]}}