{"id":121,"date":"2026-01-22T03:04:46","date_gmt":"2026-01-22T03:04:46","guid":{"rendered":"https:\/\/lobviral.com\/?page_id=121"},"modified":"2026-01-22T03:04:46","modified_gmt":"2026-01-22T03:04:46","slug":"izjava-o-omejitvi-odgovornosti","status":"publish","type":"page","link":"https:\/\/lobviral.com\/sl\/izjava-o-omejitvi-odgovornosti\/","title":{"rendered":"Izjava o omejitvi odgovornosti"},"content":{"rendered":"<p>Informacije, ki so na voljo na spletni strani\u00a0<strong>Virusni lob<\/strong>\u00a0imeti zna\u010daj\u00a0<strong>Samo v informativne namene.<\/strong>. Na\u0161 cilj je predstaviti vsebine, analize in priporo\u010dila za aplikacije, storitve in orodja, ki lahko uporabnikom pomagajo pri iskanju prilo\u017enosti, produktivnosti in digitalnih re\u0161itev.<\/p>\n\n\n\n<h3 class=\"wp-block-heading\">Ne ponujamo nobenih jamstev.<\/h3>\n\n\n\n<p>O\u00a0<strong><strong>Virusni lob<\/strong><\/strong>\u00a0<strong>ne zagotavlja<\/strong>\u00a0Rezultati, finan\u010dni dobi\u010dki, zaposlovanje, dohodek ali kakr\u0161na koli posebna vrsta koristi od uporabe informacij, aplikacij ali storitev, omenjenih na spletnem mestu. Rezultati se lahko razlikujejo glede na individualne, regionalne in okoli\u0161\u010dine.<\/p>\n\n\n\n<h3 class=\"wp-block-heading\">Aplikacije in storitve tretjih oseb<\/h3>\n\n\n\n<p>Spletno mesto lahko vsebuje povezave, priporo\u010dila ali omembe&nbsp;<strong>aplikacije, platforme in storitve tretjih oseb<\/strong>. Nimamo nadzora nad delovanjem, pravilniki, cenami, razpolo\u017eljivostjo ali varnostjo teh storitev. Vsaka interakcija, registracija ali uporaba je na lastno odgovornost.&nbsp;<strong>izklju\u010dna odgovornost uporabnika<\/strong>.<\/p>\n\n\n\n<p>Uporabniku vedno priporo\u010damo:<\/p>\n\n\n\n<ul class=\"wp-block-list\">\n<li>Preberite pogoje uporabe in pravilnike o zasebnosti aplikacij;<\/li>\n\n\n\n<li>Preverite ocene v uradnih trgovinah z aplikacijami (Google Play, App Store);<\/li>\n\n\n\n<li>Preden storitev uporabite, jo analizirajte, ali ustreza va\u0161im potrebam.<\/li>\n<\/ul>\n\n\n\n<h3 class=\"wp-block-heading\">Izklju\u010ditev pravne in poklicne odgovornosti<\/h3>\n\n\n\n<p>Vsebina, objavljena na\u00a0<strong><strong>Virusni lob<\/strong><\/strong>\u00a0<strong>To ne nadomesti strokovnega nasveta.<\/strong>, Ne glede na to, ali gre za pravne, finan\u010dne, ra\u010dunovodske, delovne ali tehni\u010dne zadeve, za pomembne odlo\u010ditve vedno poi\u0161\u010dite usposobljenega strokovnjaka.<\/p>\n\n\n\n<h3 class=\"wp-block-heading\">Ogla\u0161evanje in monetizacija<\/h3>\n\n\n\n<p>Spletna stran\u00a0<strong>Virusni lob<\/strong> Monetizirati ga je mogo\u010de z:<\/p>\n\n\n\n<ul class=\"wp-block-list\">\n<li>Oglasi (kot je Google AdSense);<\/li>\n\n\n\n<li>Sponzorirane povezave;<\/li>\n\n\n\n<li>Partnerstva ali partnerski programi.<\/li>\n<\/ul>\n\n\n\n<p>To pomeni, da lahko prejmemo provizije, ko uporabnik klikne na oglase ali uporabi dolo\u010dene povezave.,&nbsp;<strong>brez dodatnih stro\u0161kov za uporabnika.<\/strong>. Ta partnerstva ne vplivajo na na\u0161 namen, da ponudimo jasne in ustrezne vsebine.<\/p>\n\n\n\n<h3 class=\"wp-block-heading\">Posodobitev informacij<\/h3>\n\n\n\n<p>Informacije na spletni strani so lahko&nbsp;<strong>kadar koli spremenjeno, posodobljeno ali odstranjeno<\/strong>, brez predhodnega obvestila. Ne zagotavljamo, da je vsa vsebina vedno popolnoma posodobljena, saj lahko aplikacije in storitve pogosto spreminjajo svoja pravila.<\/p>\n\n\n\n<h3 class=\"wp-block-heading\">Omejitev odgovornosti<\/h3>\n\n\n\n<p>O\u00a0<strong><strong>Virusni lob<\/strong><\/strong>\u00a0ni odgovoren za:<\/p>\n\n\n\n<ul class=\"wp-block-list\">\n<li>Finan\u010dne izgube;<\/li>\n\n\n\n<li>Tehni\u010dne te\u017eave;<\/li>\n\n\n\n<li>Napake aplikacij tretjih oseb;<\/li>\n\n\n\n<li>Neposredna ali posredna \u0161koda, ki nastane zaradi uporabe informacij s spletnega mesta.<\/li>\n<\/ul>\n\n\n\n<p>Uporaba spletnega mesta pomeni&nbsp;<strong>Popolno sprejemanje te izjave o omejitvi odgovornosti<\/strong>.<\/p>\n\n\n\n<h3 class=\"wp-block-heading\">Kontakt<\/h3>\n\n\n\n<p>\u010ce imate kakr\u0161na koli vpra\u0161anja, predloge ali \u017eelite prijaviti kakr\u0161no koli vsebino, nas kontaktirajte prek kontaktne strani spletnega mesta.<\/p>","protected":false},"excerpt":{"rendered":"<p>As informa\u00e7\u00f5es disponibilizadas no site\u00a0Lob Viral\u00a0t\u00eam car\u00e1ter\u00a0exclusivamente informativo. Nosso objetivo \u00e9 apresentar conte\u00fados, an\u00e1lises e indica\u00e7\u00f5es de aplicativos, servi\u00e7os e ferramentas que possam auxiliar usu\u00e1rios na busca por oportunidades, produtividade e solu\u00e7\u00f5es digitais. N\u00e3o oferecemos garantias O\u00a0Lob Viral\u00a0n\u00e3o garante\u00a0resultados, ganhos financeiros, contrata\u00e7\u00f5es, rendimentos ou qualquer tipo de benef\u00edcio espec\u00edfico a partir do uso das informa\u00e7\u00f5es, [&hellip;]<\/p>","protected":false},"author":1,"featured_media":0,"parent":0,"menu_order":0,"comment_status":"closed","ping_status":"closed","template":"","meta":{"footnotes":""},"class_list":["post-121","page","type-page","status-publish"],"_links":{"self":[{"href":"https:\/\/lobviral.com\/sl\/wp-json\/wp\/v2\/pages\/121","targetHints":{"allow":["GET"]}}],"collection":[{"href":"https:\/\/lobviral.com\/sl\/wp-json\/wp\/v2\/pages"}],"about":[{"href":"https:\/\/lobviral.com\/sl\/wp-json\/wp\/v2\/types\/page"}],"author":[{"embeddable":true,"href":"https:\/\/lobviral.com\/sl\/wp-json\/wp\/v2\/users\/1"}],"replies":[{"embeddable":true,"href":"https:\/\/lobviral.com\/sl\/wp-json\/wp\/v2\/comments?post=121"}],"version-history":[{"count":1,"href":"https:\/\/lobviral.com\/sl\/wp-json\/wp\/v2\/pages\/121\/revisions"}],"predecessor-version":[{"id":123,"href":"https:\/\/lobviral.com\/sl\/wp-json\/wp\/v2\/pages\/121\/revisions\/123"}],"wp:attachment":[{"href":"https:\/\/lobviral.com\/sl\/wp-json\/wp\/v2\/media?parent=121"}],"curies":[{"name":"delovni list","href":"https:\/\/api.w.org\/{rel}","templated":true}]}}