{"id":122,"date":"2026-01-22T03:05:58","date_gmt":"2026-01-22T03:05:58","guid":{"rendered":"https:\/\/lobviral.com\/?page_id=122"},"modified":"2026-01-22T03:05:59","modified_gmt":"2026-01-22T03:05:59","slug":"stik","status":"publish","type":"page","link":"https:\/\/lobviral.com\/sl\/stik\/","title":{"rendered":"Kontakt"},"content":{"rendered":"<p>Dobrodo\u0161li! To je uradna kontaktna stran za\u00a0<strong><strong>Virusni lob<\/strong><\/strong>. Tukaj nas lahko kontaktirate, \u010de \u017eelite postaviti vpra\u0161anja, poslati predloge, vlo\u017eiti prito\u017ebe ali obravnavati katero koli drugo te\u017eavo v zvezi z na\u0161im spletnim mestom in vsebino, ki jo objavljamo.<\/p>\n\n\n\n<p>Na\u0161 cilj je ponuditi najbolj\u0161o mo\u017eno uporabni\u0161ko izku\u0161njo, zato zelo cenimo va\u0161e povratne informacije. \u010ce imate kakr\u0161na koli vpra\u0161anja o delovanju spletnega mesta, uporabi priporo\u010denih aplikacij ali o na\u0161i vsebini, nam pi\u0161ite.<\/p>\n\n\n\n<p>Vedno smo odprti tudi za predloge za izbolj\u0161ave in konstruktivno kritiko. Va\u0161e mnenje je bistvenega pomena za na\u0161 razvoj, odpravljanje morebitnih te\u017eav in zagotavljanje vedno bolj uporabnih in zanesljivih informacij.<\/p>\n\n\n\n<p>\u010ce \u017eelite stopiti v stik z nami, preprosto izpolnite obrazec na tej strani s svojimi podatki in sporo\u010dilom. Na\u0161a ekipa se bo potrudila, da vam odgovori v najkraj\u0161em mo\u017enem \u010dasu.<\/p>\n\n\n\n<p>Hvala za obisk\u00a0<strong><strong><strong>Virusni lob<\/strong><\/strong><\/strong>\u00a0In z veseljem bomo prejeli va\u0161e sporo\u010dilo.<\/p>\n\n\n\n<p><strong>Kontaktni e-po\u0161tni naslov:<\/strong><br>\ud83d\udce7 contact@lobviral.com.br<\/p>","protected":false},"excerpt":{"rendered":"<p>Bem-vindo! Esta \u00e9 a p\u00e1gina oficial de contato do\u00a0Lob Viral. Aqui voc\u00ea pode entrar em contato conosco para tirar d\u00favidas, enviar sugest\u00f5es, fazer reclama\u00e7\u00f5es ou tratar de qualquer outro assunto relacionado ao nosso site e aos conte\u00fados que publicamos. Nosso objetivo \u00e9 oferecer a melhor experi\u00eancia poss\u00edvel aos usu\u00e1rios, por isso valorizamos muito o seu [&hellip;]<\/p>","protected":false},"author":1,"featured_media":0,"parent":0,"menu_order":0,"comment_status":"closed","ping_status":"closed","template":"","meta":{"footnotes":""},"class_list":["post-122","page","type-page","status-publish"],"_links":{"self":[{"href":"https:\/\/lobviral.com\/sl\/wp-json\/wp\/v2\/pages\/122","targetHints":{"allow":["GET"]}}],"collection":[{"href":"https:\/\/lobviral.com\/sl\/wp-json\/wp\/v2\/pages"}],"about":[{"href":"https:\/\/lobviral.com\/sl\/wp-json\/wp\/v2\/types\/page"}],"author":[{"embeddable":true,"href":"https:\/\/lobviral.com\/sl\/wp-json\/wp\/v2\/users\/1"}],"replies":[{"embeddable":true,"href":"https:\/\/lobviral.com\/sl\/wp-json\/wp\/v2\/comments?post=122"}],"version-history":[{"count":1,"href":"https:\/\/lobviral.com\/sl\/wp-json\/wp\/v2\/pages\/122\/revisions"}],"predecessor-version":[{"id":124,"href":"https:\/\/lobviral.com\/sl\/wp-json\/wp\/v2\/pages\/122\/revisions\/124"}],"wp:attachment":[{"href":"https:\/\/lobviral.com\/sl\/wp-json\/wp\/v2\/media?parent=122"}],"curies":[{"name":"delovni list","href":"https:\/\/api.w.org\/{rel}","templated":true}]}}