{"id":114,"date":"2026-01-22T02:57:30","date_gmt":"2026-01-22T02:57:30","guid":{"rendered":"https:\/\/lobviral.com\/?page_id=114"},"modified":"2026-01-22T03:32:43","modified_gmt":"2026-01-22T03:32:43","slug":"sekretesspolicyer","status":"publish","type":"page","link":"https:\/\/lobviral.com\/sv\/sekretesspolicyer\/","title":{"rendered":"Integritetspolicyer"},"content":{"rendered":"<p>Din integritet \u00e4r viktig f\u00f6r oss. Lob Virals policy \u00e4r att respektera din integritet g\u00e4llande all information vi kan komma att samla in fr\u00e5n dig p\u00e5 webbplatsen. <a href=\"http:\/\/lobviral.com\/sv\/\">Viral Lob<\/a>, och andra webbplatser som vi \u00e4ger och driver.<\/span><\/p>\n<p><span style=\"color: rgb(68, 68, 68);\">Vi beg\u00e4r endast personuppgifter n\u00e4r vi verkligen beh\u00f6ver dem f\u00f6r att tillhandah\u00e5lla en tj\u00e4nst till dig. Vi g\u00f6r det p\u00e5 ett r\u00e4ttvist och lagligt s\u00e4tt, med din vetskap och ditt samtycke. Vi informerar dig ocks\u00e5 om varf\u00f6r vi samlar in dem och hur de kommer att anv\u00e4ndas.<\/span><\/p>\n<p><span style=\"color: rgb(68, 68, 68);\">Vi beh\u00e5ller endast insamlad information s\u00e5 l\u00e4nge som det \u00e4r n\u00f6dv\u00e4ndigt f\u00f6r att tillhandah\u00e5lla den beg\u00e4rda tj\u00e4nsten. N\u00e4r vi lagrar data skyddar vi den med kommersiellt acceptabla medel f\u00f6r att f\u00f6rhindra f\u00f6rlust och st\u00f6ld, samt obeh\u00f6rig \u00e5tkomst, avsl\u00f6jande, kopiering, anv\u00e4ndning eller modifiering.<\/span><\/p>\n<p><span style=\"color: rgb(68, 68, 68);\">Vi delar inte personligt identifierbar information offentligt eller med tredje part, f\u00f6rutom n\u00e4r det kr\u00e4vs enligt lag.<\/span><\/p>\n<p><span style=\"color: rgb(68, 68, 68);\">V\u00e5r webbplats kan inneh\u00e5lla l\u00e4nkar till externa webbplatser som inte drivs av oss. Observera att vi inte har n\u00e5gon kontroll \u00f6ver inneh\u00e5llet och praxisen p\u00e5 dessa webbplatser och kan inte ta ansvar f\u00f6r deras respektive policyer.&nbsp;<\/span><a href=\"https:\/\/politicaprivacidade.com\/\" rel=\"noopener noreferrer\" target=\"_blank\" style=\"background-color: transparent; color: rgb(68, 68, 68);\">sekretesspolicyer<\/a><span style=\"color: rgb(68, 68, 68);\">.<\/span><\/p>\n<p><span style=\"color: rgb(68, 68, 68);\">Du kan avb\u00f6ja v\u00e5r beg\u00e4ran om personuppgifter, med f\u00f6rst\u00e5else f\u00f6r att vi kanske inte kan tillhandah\u00e5lla vissa av de tj\u00e4nster du \u00f6nskar.<\/span><\/p>\n<p><span style=\"color: rgb(68, 68, 68);\">Fortsatt anv\u00e4ndning av v\u00e5r webbplats kommer att betraktas som godk\u00e4nnande av v\u00e5ra rutiner g\u00e4llande integritet och personuppgifter. Om du har n\u00e5gra fr\u00e5gor om hur vi hanterar anv\u00e4ndardata och personuppgifter, v\u00e4nligen kontakta oss.<\/span><\/p>\n<p><span style=\"color: rgb(68, 68, 68);\"><\/p>\n<ul>\n<li><span style=\"color: rgb(68, 68, 68);\">Google AdSense-tj\u00e4nsten som vi anv\u00e4nder f\u00f6r att visa annonser anv\u00e4nder en DoubleClick-cookie f\u00f6r att leverera mer relevanta annonser p\u00e5 webben och begr\u00e4nsa antalet g\u00e5nger en given annons visas f\u00f6r dig.<\/span><\/li>\n<li><span style=\"color: rgb(68, 68, 68);\">F\u00f6r mer information om Google AdSense, v\u00e4nligen se de officiella vanliga fr\u00e5gorna om sekretess f\u00f6r Google AdSense.<\/span><\/li>\n<li><span style=\"color: rgb(68, 68, 68);\">Vi anv\u00e4nder reklam f\u00f6r att t\u00e4cka kostnaderna f\u00f6r att driva webbplatsen och f\u00f6r att finansiera framtida utveckling. De beteendem\u00e4ssiga annonseringscookies som anv\u00e4nds av webbplatsen \u00e4r utformade f\u00f6r att s\u00e4kerst\u00e4lla att du f\u00e5r de mest relevanta annonserna n\u00e4r det \u00e4r m\u00f6jligt genom att anonymt sp\u00e5ra dina intressen och presentera liknande saker som kan vara av intresse f\u00f6r dig.<\/span><\/li>\n<li><span style=\"color: rgb(68, 68, 68);\">Flera partners annonserar f\u00f6r v\u00e5r r\u00e4kning, och affiliate-sp\u00e5rningscookies l\u00e5ter oss helt enkelt se om v\u00e5ra kunder bes\u00f6kte webbplatsen via en av v\u00e5ra partnerwebbplatser, s\u00e5 att vi kan kreditera dem p\u00e5 l\u00e4mpligt s\u00e4tt och, i f\u00f6rekommande fall, l\u00e5ta v\u00e5ra affiliate-partners erbjuda eventuella kampanjer som de kan tillhandah\u00e5lla f\u00f6r att uppmuntra dig att g\u00f6ra ett k\u00f6p.<\/span><\/li>\n<\/ul>\n<p><\/p>\n<p><\/span><\/p>\n<h3><span style=\"color: rgb(68, 68, 68);\">Anv\u00e4ndarengagemang<\/span><\/h3>\n<p><span style=\"color: rgb(68, 68, 68);\">Anv\u00e4ndaren samtycker till att p\u00e5 l\u00e4mpligt s\u00e4tt anv\u00e4nda inneh\u00e5llet och informationen som Lob Viral erbjuder p\u00e5 webbplatsen, inklusive men inte begr\u00e4nsat till:<\/span><\/p>\n<ul>\n<li><span style=\"color: rgb(68, 68, 68);\">A) Att inte delta i verksamhet som \u00e4r olaglig eller strider mot god tro och allm\u00e4n ordning;<\/span><\/li>\n<li><span style=\"color: rgb(68, 68, 68);\">B) Att inte sprida propaganda eller inneh\u00e5ll av rasistisk, fr\u00e4mlingsfientlig karakt\u00e4r, relaterat till hasardspel eller hasardspel, n\u00e5gon form av olaglig pornografi, eller som fr\u00e4mjar terrorism eller kr\u00e4nker m\u00e4nskliga r\u00e4ttigheter;<\/span><\/li>\n<li><span style=\"color: rgb(68, 68, 68);\">C) Att inte orsaka skada p\u00e5 Lob Virals, dess leverant\u00f6rers eller tredje parts fysiska (h\u00e5rdvara) och logiska (programvara) system, i syfte att introducera eller sprida datavirus eller andra h\u00e5rdvaru- eller programvarusystem som kan orsaka ovann\u00e4mnda skador.<\/span><\/li>\n<\/ul>\n<h3><span style=\"color: rgb(68, 68, 68);\">Mer information<\/span><\/h3>\n<p><span style=\"color: rgb(68, 68, 68);\">Vi hoppas att detta \u00e4r tydligt och, som tidigare n\u00e4mnts, om det \u00e4r n\u00e5got du \u00e4r os\u00e4ker p\u00e5 om du beh\u00f6ver det eller inte, \u00e4r det generellt s\u00e4krare att l\u00e5ta cookies vara aktiverade om du interagerar med n\u00e5gon av funktionerna du anv\u00e4nder p\u00e5 v\u00e5r webbplats.<\/span><\/p>\n<p>&lt;span style=&quot;color: rgb(68, 68, 68);&quot;\n<\/p>","protected":false},"excerpt":{"rendered":"<p>A sua privacidade \u00e9 importante para n\u00f3s. \u00c9 pol\u00edtica do Lob Viral respeitar a sua privacidade em rela\u00e7\u00e3o a qualquer informa\u00e7\u00e3o sua que possamos coletar no site Lob Viral, e outros sites que possu\u00edmos e operamos. Solicitamos informa\u00e7\u00f5es pessoais apenas quando realmente precisamos delas para lhe fornecer um servi\u00e7o. Fazemo-lo por meios justos e legais, [&hellip;]<\/p>","protected":false},"author":1,"featured_media":0,"parent":0,"menu_order":0,"comment_status":"closed","ping_status":"closed","template":"","meta":{"footnotes":""},"class_list":["post-114","page","type-page","status-publish"],"_links":{"self":[{"href":"https:\/\/lobviral.com\/sv\/wp-json\/wp\/v2\/pages\/114","targetHints":{"allow":["GET"]}}],"collection":[{"href":"https:\/\/lobviral.com\/sv\/wp-json\/wp\/v2\/pages"}],"about":[{"href":"https:\/\/lobviral.com\/sv\/wp-json\/wp\/v2\/types\/page"}],"author":[{"embeddable":true,"href":"https:\/\/lobviral.com\/sv\/wp-json\/wp\/v2\/users\/1"}],"replies":[{"embeddable":true,"href":"https:\/\/lobviral.com\/sv\/wp-json\/wp\/v2\/comments?post=114"}],"version-history":[{"count":5,"href":"https:\/\/lobviral.com\/sv\/wp-json\/wp\/v2\/pages\/114\/revisions"}],"predecessor-version":[{"id":129,"href":"https:\/\/lobviral.com\/sv\/wp-json\/wp\/v2\/pages\/114\/revisions\/129"}],"wp:attachment":[{"href":"https:\/\/lobviral.com\/sv\/wp-json\/wp\/v2\/media?parent=114"}],"curies":[{"name":"wp","href":"https:\/\/api.w.org\/{rel}","templated":true}]}}