{"id":119,"date":"2026-01-22T03:02:03","date_gmt":"2026-01-22T03:02:03","guid":{"rendered":"https:\/\/lobviral.com\/?page_id=119"},"modified":"2026-01-22T03:02:03","modified_gmt":"2026-01-22T03:02:03","slug":"anvandarvillkor","status":"publish","type":"page","link":"https:\/\/lobviral.com\/sv\/anvandarvillkor\/","title":{"rendered":"Anv\u00e4ndarvillkor"},"content":{"rendered":"<h2><span style=\"color: rgb(68, 68, 68);\">1. Villkor<\/span><\/h2>\n<p><span style=\"color: rgb(68, 68, 68);\">N\u00e4r du bes\u00f6ker webbplatsen <a href=\"http:\/\/lobviral.com\/sv\/\">Viral Lob<\/a>, Genom att anv\u00e4nda denna webbplats godk\u00e4nner du att vara bunden av dessa anv\u00e4ndarvillkor, alla till\u00e4mpliga lagar och f\u00f6rordningar, och samtycker till att du \u00e4r ansvarig f\u00f6r att f\u00f6lja alla till\u00e4mpliga lokala lagar. Om du inte godk\u00e4nner n\u00e5got av dessa villkor \u00e4r du f\u00f6rbjuden att anv\u00e4nda eller bes\u00f6ka denna webbplats. Materialet p\u00e5 denna webbplats \u00e4r skyddat av till\u00e4mpliga upphovsr\u00e4tts- och varum\u00e4rkeslagar.<\/span><\/p>\n<h2><span style=\"color: rgb(68, 68, 68);\">2. Licensanv\u00e4ndning<\/span><\/h2>\n<p><span style=\"color: rgb(68, 68, 68);\">Tillst\u00e5nd beviljas att tillf\u00e4lligt ladda ner en kopia av materialet (information eller programvara) p\u00e5 Lob Virals webbplats f\u00f6r personlig, icke-kommersiell och tillf\u00e4llig visning. Detta \u00e4r ett beviljande av en licens, inte en \u00f6verf\u00f6ring av \u00e4gander\u00e4tt, och under denna licens f\u00e5r du inte:&nbsp;<\/span><\/p>\n<ol>\n<li><span style=\"color: rgb(68, 68, 68);\">modifiera eller kopiera materialet;&nbsp;<\/span><\/li>\n<li><span style=\"color: rgb(68, 68, 68);\">Anv\u00e4nda materialet f\u00f6r kommersiella \u00e4ndam\u00e5l eller f\u00f6r offentlig visning (kommersiell eller icke-kommersiell);&nbsp;<\/span><\/li>\n<li><span style=\"color: rgb(68, 68, 68);\">F\u00f6rs\u00f6k att dekompilera eller bak\u00e5tkompilera programvara som finns p\u00e5 Lob Virals webbplats;&nbsp;<\/span><\/li>\n<li><span style=\"color: rgb(68, 68, 68);\">ta bort alla upphovsr\u00e4ttsliga eller andra \u00e4gander\u00e4ttsliga anteckningar fr\u00e5n materialet; eller&nbsp;<\/span><\/li>\n<li><span style=\"color: rgb(68, 68, 68);\">\u00d6verf\u00f6r materialet till en annan person eller &quot;spegla&quot; materialet p\u00e5 n\u00e5gon annan server.<\/span><\/li>\n<\/ol>\n<p><span style=\"color: rgb(68, 68, 68);\">Denna licens upph\u00f6r automatiskt om du bryter mot n\u00e5gon av dessa begr\u00e4nsningar och kan s\u00e4gas upp av Lob Viral n\u00e4r som helst. N\u00e4r du avslutar din visning av dessa material eller n\u00e4r denna licens upph\u00f6r m\u00e5ste du f\u00f6rst\u00f6ra allt nedladdat material i din besittning, oavsett om det \u00e4r i elektroniskt eller tryckt format.<\/span><\/p>\n<h2><span style=\"color: rgb(68, 68, 68);\">3. Friskrivningsklausul<\/span><\/h2>\n<ol>\n<li><span style=\"color: rgb(68, 68, 68);\">Materialet p\u00e5 Lob Virals webbplats tillhandah\u00e5lls &quot;i befintligt skick&quot;. Lob Viral l\u00e4mnar inga garantier, vare sig uttryckliga eller underf\u00f6rst\u00e5dda, och fr\u00e5ns\u00e4ger sig h\u00e4rmed alla andra garantier, inklusive, utan begr\u00e4nsning, underf\u00f6rst\u00e5dda garantier eller villkor f\u00f6r s\u00e4ljbarhet, l\u00e4mplighet f\u00f6r ett visst \u00e4ndam\u00e5l eller icke-intr\u00e5ng i immateriella r\u00e4ttigheter eller andra intr\u00e5ng i r\u00e4ttigheter.<\/span><\/li>\n<li><span style=\"color: rgb(68, 68, 68);\">Vidare garanterar eller g\u00f6r Lob Viral inga utf\u00e4stelser ang\u00e5ende riktigheten, sannolika resultat eller tillf\u00f6rlitligheten av anv\u00e4ndningen av materialet p\u00e5 sin webbplats eller p\u00e5 annat s\u00e4tt relaterat till s\u00e5dant material eller p\u00e5 n\u00e5gra webbplatser som \u00e4r l\u00e4nkade till denna webbplats.<\/span><\/li>\n<\/ol>\n<h2><span style=\"color: rgb(68, 68, 68);\">4. Begr\u00e4nsningar<\/span><\/h2>\n<p><span style=\"color: rgb(68, 68, 68);\">Under inga omst\u00e4ndigheter ska Lob Viral eller dess leverant\u00f6rer vara ansvariga f\u00f6r n\u00e5gra skador (inklusive, utan begr\u00e4nsning, skador f\u00f6r f\u00f6rlust av data eller vinst, eller p\u00e5 grund av avbrott i verksamheten) som uppst\u00e5r p\u00e5 grund av anv\u00e4ndning eller of\u00f6rm\u00e5ga att anv\u00e4nda materialet p\u00e5 Lob Viral, \u00e4ven om Lob Viral eller en auktoriserad representant f\u00f6r Lob Viral har underr\u00e4ttats muntligt eller skriftligt om m\u00f6jligheten till s\u00e5dana skador. Eftersom vissa jurisdiktioner inte till\u00e5ter begr\u00e4nsningar av underf\u00f6rst\u00e5dda garantier eller begr\u00e4nsningar av ansvar f\u00f6r f\u00f6ljdskador eller of\u00f6rutsedda skador, kanske dessa begr\u00e4nsningar inte g\u00e4ller dig.<\/span><\/p>\n<h2><span style=\"color: rgb(68, 68, 68);\">5. Materialens precision<\/span><\/h2>\n<p><span style=\"color: rgb(68, 68, 68);\">Materialet som visas p\u00e5 Lob Virals webbplats kan inneh\u00e5lla tekniska, typografiska eller fotografiska fel. Lob Viral garanterar inte att n\u00e5got material p\u00e5 webbplatsen \u00e4r korrekt, fullst\u00e4ndigt eller aktuellt. Lob Viral kan n\u00e4r som helst utan f\u00f6reg\u00e5ende meddelande g\u00f6ra \u00e4ndringar i materialet p\u00e5 webbplatsen. Lob Viral f\u00f6rbinder sig dock inte att uppdatera materialet.<\/span><\/p>\n<h2><span style=\"color: rgb(68, 68, 68);\">6. L\u00e4nkar<\/span><\/h2>\n<p><span style=\"color: rgb(68, 68, 68);\">Lob Viral har inte granskat alla webbplatser som l\u00e4nkas till sin webbplats och ansvarar inte f\u00f6r inneh\u00e5llet p\u00e5 n\u00e5gon l\u00e4nkad webbplats. Inkluderingen av en l\u00e4nk inneb\u00e4r inte att Lob Viral godk\u00e4nner webbplatsen. Anv\u00e4ndning av n\u00e5gon l\u00e4nkad webbplats sker p\u00e5 anv\u00e4ndarens egen risk.<\/span><\/p>\n<p><\/p>\n<h3><span style=\"color: rgb(68, 68, 68);\">Modifieringar<\/span><\/h3>\n<p><span style=\"color: rgb(68, 68, 68);\">Lob Viral kan komma att \u00e4ndra dessa anv\u00e4ndarvillkor n\u00e4r som helst utan f\u00f6reg\u00e5ende meddelande. Genom att anv\u00e4nda denna webbplats godk\u00e4nner du att vara bunden av den aktuella versionen av dessa anv\u00e4ndarvillkor.<\/span><\/p>\n<h3><span style=\"color: rgb(68, 68, 68);\">Till\u00e4mplig lag<\/span><\/h3>\n<p><span style=\"color: rgb(68, 68, 68);\">Dessa villkor regleras av och tolkas i enlighet med Lob Virals lagar, och du underkastar dig o\u00e5terkalleligen domstolarnas exklusiva jurisdiktion i den staten eller orten.<\/span><\/p>","protected":false},"excerpt":{"rendered":"<p>1. Termos Ao acessar ao site Lob Viral, concorda em cumprir estes termos de servi\u00e7o, todas as leis e regulamentos aplic\u00e1veis \u200b\u200be concorda que \u00e9 respons\u00e1vel pelo cumprimento de todas as leis locais aplic\u00e1veis. Se voc\u00ea n\u00e3o concordar com algum desses termos, est\u00e1 proibido de usar ou acessar este site. Os materiais contidos neste site [&hellip;]<\/p>","protected":false},"author":1,"featured_media":0,"parent":0,"menu_order":0,"comment_status":"closed","ping_status":"closed","template":"","meta":{"footnotes":""},"class_list":["post-119","page","type-page","status-publish"],"_links":{"self":[{"href":"https:\/\/lobviral.com\/sv\/wp-json\/wp\/v2\/pages\/119","targetHints":{"allow":["GET"]}}],"collection":[{"href":"https:\/\/lobviral.com\/sv\/wp-json\/wp\/v2\/pages"}],"about":[{"href":"https:\/\/lobviral.com\/sv\/wp-json\/wp\/v2\/types\/page"}],"author":[{"embeddable":true,"href":"https:\/\/lobviral.com\/sv\/wp-json\/wp\/v2\/users\/1"}],"replies":[{"embeddable":true,"href":"https:\/\/lobviral.com\/sv\/wp-json\/wp\/v2\/comments?post=119"}],"version-history":[{"count":1,"href":"https:\/\/lobviral.com\/sv\/wp-json\/wp\/v2\/pages\/119\/revisions"}],"predecessor-version":[{"id":120,"href":"https:\/\/lobviral.com\/sv\/wp-json\/wp\/v2\/pages\/119\/revisions\/120"}],"wp:attachment":[{"href":"https:\/\/lobviral.com\/sv\/wp-json\/wp\/v2\/media?parent=119"}],"curies":[{"name":"wp","href":"https:\/\/api.w.org\/{rel}","templated":true}]}}