{"id":121,"date":"2026-01-22T03:04:46","date_gmt":"2026-01-22T03:04:46","guid":{"rendered":"https:\/\/lobviral.com\/?page_id=121"},"modified":"2026-01-22T03:04:46","modified_gmt":"2026-01-22T03:04:46","slug":"%e0%b8%82%e0%b9%89%e0%b8%ad%e0%b8%aa%e0%b8%87%e0%b8%a7%e0%b8%99%e0%b8%aa%e0%b8%b4%e0%b8%97%e0%b8%98%e0%b8%b4%e0%b9%8c","status":"publish","type":"page","link":"https:\/\/lobviral.com\/th\/%e0%b8%82%e0%b9%89%e0%b8%ad%e0%b8%aa%e0%b8%87%e0%b8%a7%e0%b8%99%e0%b8%aa%e0%b8%b4%e0%b8%97%e0%b8%98%e0%b8%b4%e0%b9%8c\/","title":{"rendered":"\u0e02\u0e49\u0e2d\u0e2a\u0e07\u0e27\u0e19\u0e2a\u0e34\u0e17\u0e18\u0e34\u0e4c"},"content":{"rendered":"<p>\u0e02\u0e49\u0e2d\u0e21\u0e39\u0e25\u0e17\u0e35\u0e48\u0e21\u0e35\u0e2d\u0e22\u0e39\u0e48\u0e1a\u0e19\u0e40\u0e27\u0e47\u0e1a\u0e44\u0e0b\u0e15\u0e4c\u00a0<strong>\u0e44\u0e27\u0e23\u0e31\u0e2a\u0e25\u0e47\u0e2d\u0e1a<\/strong>\u00a0\u0e21\u0e35\u0e25\u0e31\u0e01\u0e29\u0e13\u0e30\u0e19\u0e34\u0e2a\u0e31\u0e22\u00a0<strong>\u0e40\u0e1e\u0e37\u0e48\u0e2d\u0e40\u0e1b\u0e47\u0e19\u0e02\u0e49\u0e2d\u0e21\u0e39\u0e25\u0e40\u0e17\u0e48\u0e32\u0e19\u0e31\u0e49\u0e19<\/strong>. \u0e40\u0e1b\u0e49\u0e32\u0e2b\u0e21\u0e32\u0e22\u0e02\u0e2d\u0e07\u0e40\u0e23\u0e32\u0e04\u0e37\u0e2d\u0e01\u0e32\u0e23\u0e19\u0e33\u0e40\u0e2a\u0e19\u0e2d\u0e40\u0e19\u0e37\u0e49\u0e2d\u0e2b\u0e32 \u0e01\u0e32\u0e23\u0e27\u0e34\u0e40\u0e04\u0e23\u0e32\u0e30\u0e2b\u0e4c \u0e41\u0e25\u0e30\u0e04\u0e33\u0e41\u0e19\u0e30\u0e19\u0e33\u0e40\u0e01\u0e35\u0e48\u0e22\u0e27\u0e01\u0e31\u0e1a\u0e41\u0e2d\u0e1b\u0e1e\u0e25\u0e34\u0e40\u0e04\u0e0a\u0e31\u0e19 \u0e1a\u0e23\u0e34\u0e01\u0e32\u0e23 \u0e41\u0e25\u0e30\u0e40\u0e04\u0e23\u0e37\u0e48\u0e2d\u0e07\u0e21\u0e37\u0e2d\u0e15\u0e48\u0e32\u0e07\u0e46 \u0e17\u0e35\u0e48\u0e2a\u0e32\u0e21\u0e32\u0e23\u0e16\u0e0a\u0e48\u0e27\u0e22\u0e1c\u0e39\u0e49\u0e43\u0e0a\u0e49\u0e43\u0e19\u0e01\u0e32\u0e23\u0e04\u0e49\u0e19\u0e2b\u0e32\u0e42\u0e2d\u0e01\u0e32\u0e2a \u0e1b\u0e23\u0e30\u0e2a\u0e34\u0e17\u0e18\u0e34\u0e20\u0e32\u0e1e\u0e01\u0e32\u0e23\u0e17\u0e33\u0e07\u0e32\u0e19 \u0e41\u0e25\u0e30\u0e42\u0e0b\u0e25\u0e39\u0e0a\u0e31\u0e19\u0e14\u0e34\u0e08\u0e34\u0e17\u0e31\u0e25.<\/p>\n\n\n\n<h3 class=\"wp-block-heading\">\u0e40\u0e23\u0e32\u0e44\u0e21\u0e48\u0e23\u0e31\u0e1a\u0e1b\u0e23\u0e30\u0e01\u0e31\u0e19\u0e43\u0e14\u0e46 \u0e17\u0e31\u0e49\u0e07\u0e2a\u0e34\u0e49\u0e19<\/h3>\n\n\n\n<p>O\u00a0<strong><strong>\u0e44\u0e27\u0e23\u0e31\u0e2a\u0e25\u0e47\u0e2d\u0e1a<\/strong><\/strong>\u00a0<strong>\u0e44\u0e21\u0e48\u0e23\u0e31\u0e1a\u0e1b\u0e23\u0e30\u0e01\u0e31\u0e19<\/strong>\u00a0\u0e1c\u0e25\u0e25\u0e31\u0e1e\u0e18\u0e4c \u0e1c\u0e25\u0e01\u0e33\u0e44\u0e23\u0e17\u0e32\u0e07\u0e01\u0e32\u0e23\u0e40\u0e07\u0e34\u0e19 \u0e01\u0e32\u0e23\u0e08\u0e49\u0e32\u0e07\u0e07\u0e32\u0e19 \u0e23\u0e32\u0e22\u0e44\u0e14\u0e49 \u0e2b\u0e23\u0e37\u0e2d\u0e1c\u0e25\u0e1b\u0e23\u0e30\u0e42\u0e22\u0e0a\u0e19\u0e4c\u0e40\u0e09\u0e1e\u0e32\u0e30\u0e1b\u0e23\u0e30\u0e40\u0e20\u0e17\u0e43\u0e14 \u0e46 \u0e17\u0e35\u0e48\u0e44\u0e14\u0e49\u0e08\u0e32\u0e01\u0e01\u0e32\u0e23\u0e43\u0e0a\u0e49\u0e02\u0e49\u0e2d\u0e21\u0e39\u0e25 \u0e41\u0e2d\u0e1b\u0e1e\u0e25\u0e34\u0e40\u0e04\u0e0a\u0e31\u0e19 \u0e2b\u0e23\u0e37\u0e2d\u0e1a\u0e23\u0e34\u0e01\u0e32\u0e23\u0e17\u0e35\u0e48\u0e01\u0e25\u0e48\u0e32\u0e27\u0e16\u0e36\u0e07\u0e43\u0e19\u0e40\u0e27\u0e47\u0e1a\u0e44\u0e0b\u0e15\u0e4c \u0e1c\u0e25\u0e25\u0e31\u0e1e\u0e18\u0e4c\u0e2d\u0e32\u0e08\u0e41\u0e15\u0e01\u0e15\u0e48\u0e32\u0e07\u0e01\u0e31\u0e19\u0e44\u0e1b\u0e02\u0e36\u0e49\u0e19\u0e2d\u0e22\u0e39\u0e48\u0e01\u0e31\u0e1a\u0e1b\u0e31\u0e08\u0e08\u0e31\u0e22\u0e2a\u0e48\u0e27\u0e19\u0e1a\u0e38\u0e04\u0e04\u0e25 \u0e20\u0e39\u0e21\u0e34\u0e20\u0e32\u0e04 \u0e41\u0e25\u0e30\u0e2a\u0e16\u0e32\u0e19\u0e01\u0e32\u0e23\u0e13\u0e4c.<\/p>\n\n\n\n<h3 class=\"wp-block-heading\">\u0e41\u0e2d\u0e1b\u0e1e\u0e25\u0e34\u0e40\u0e04\u0e0a\u0e31\u0e19\u0e41\u0e25\u0e30\u0e1a\u0e23\u0e34\u0e01\u0e32\u0e23\u0e08\u0e32\u0e01\u0e1a\u0e38\u0e04\u0e04\u0e25\u0e17\u0e35\u0e48\u0e2a\u0e32\u0e21<\/h3>\n\n\n\n<p>\u0e40\u0e27\u0e47\u0e1a\u0e44\u0e0b\u0e15\u0e4c\u0e19\u0e35\u0e49\u0e2d\u0e32\u0e08\u0e21\u0e35\u0e25\u0e34\u0e07\u0e01\u0e4c \u0e04\u0e33\u0e41\u0e19\u0e30\u0e19\u0e33 \u0e2b\u0e23\u0e37\u0e2d\u0e01\u0e32\u0e23\u0e01\u0e25\u0e48\u0e32\u0e27\u0e16\u0e36\u0e07&nbsp;<strong>\u0e41\u0e2d\u0e1b\u0e1e\u0e25\u0e34\u0e40\u0e04\u0e0a\u0e31\u0e19 \u0e41\u0e1e\u0e25\u0e15\u0e1f\u0e2d\u0e23\u0e4c\u0e21 \u0e41\u0e25\u0e30\u0e1a\u0e23\u0e34\u0e01\u0e32\u0e23\u0e08\u0e32\u0e01\u0e1a\u0e38\u0e04\u0e04\u0e25\u0e17\u0e35\u0e48\u0e2a\u0e32\u0e21<\/strong>. \u0e40\u0e23\u0e32\u0e44\u0e21\u0e48\u0e2a\u0e32\u0e21\u0e32\u0e23\u0e16\u0e04\u0e27\u0e1a\u0e04\u0e38\u0e21\u0e01\u0e32\u0e23\u0e14\u0e33\u0e40\u0e19\u0e34\u0e19\u0e07\u0e32\u0e19 \u0e19\u0e42\u0e22\u0e1a\u0e32\u0e22 \u0e23\u0e32\u0e04\u0e32 \u0e04\u0e27\u0e32\u0e21\u0e1e\u0e23\u0e49\u0e2d\u0e21\u0e43\u0e0a\u0e49\u0e07\u0e32\u0e19 \u0e2b\u0e23\u0e37\u0e2d\u0e04\u0e27\u0e32\u0e21\u0e1b\u0e25\u0e2d\u0e14\u0e20\u0e31\u0e22\u0e02\u0e2d\u0e07\u0e1a\u0e23\u0e34\u0e01\u0e32\u0e23\u0e40\u0e2b\u0e25\u0e48\u0e32\u0e19\u0e35\u0e49\u0e44\u0e14\u0e49 \u0e01\u0e32\u0e23\u0e15\u0e34\u0e14\u0e15\u0e48\u0e2d \u0e01\u0e32\u0e23\u0e25\u0e07\u0e17\u0e30\u0e40\u0e1a\u0e35\u0e22\u0e19 \u0e2b\u0e23\u0e37\u0e2d\u0e01\u0e32\u0e23\u0e43\u0e0a\u0e49\u0e07\u0e32\u0e19\u0e43\u0e14\u0e46 \u0e16\u0e37\u0e2d\u0e40\u0e1b\u0e47\u0e19\u0e04\u0e27\u0e32\u0e21\u0e40\u0e2a\u0e35\u0e48\u0e22\u0e07\u0e02\u0e2d\u0e07\u0e04\u0e38\u0e13\u0e40\u0e2d\u0e07&nbsp;<strong>\u0e04\u0e27\u0e32\u0e21\u0e23\u0e31\u0e1a\u0e1c\u0e34\u0e14\u0e0a\u0e2d\u0e1a\u0e17\u0e31\u0e49\u0e07\u0e2b\u0e21\u0e14\u0e40\u0e1b\u0e47\u0e19\u0e02\u0e2d\u0e07\u0e1c\u0e39\u0e49\u0e43\u0e0a\u0e49<\/strong>.<\/p>\n\n\n\n<p>\u0e40\u0e23\u0e32\u0e21\u0e31\u0e01\u0e41\u0e19\u0e30\u0e19\u0e33\u0e43\u0e2b\u0e49\u0e1c\u0e39\u0e49\u0e43\u0e0a\u0e49\u0e1b\u0e0f\u0e34\u0e1a\u0e31\u0e15\u0e34\u0e14\u0e31\u0e07\u0e19\u0e35\u0e49:<\/p>\n\n\n\n<ul class=\"wp-block-list\">\n<li>\u0e42\u0e1b\u0e23\u0e14\u0e2d\u0e48\u0e32\u0e19\u0e02\u0e49\u0e2d\u0e01\u0e33\u0e2b\u0e19\u0e14\u0e01\u0e32\u0e23\u0e43\u0e0a\u0e49\u0e07\u0e32\u0e19\u0e41\u0e25\u0e30\u0e19\u0e42\u0e22\u0e1a\u0e32\u0e22\u0e04\u0e27\u0e32\u0e21\u0e40\u0e1b\u0e47\u0e19\u0e2a\u0e48\u0e27\u0e19\u0e15\u0e31\u0e27\u0e02\u0e2d\u0e07\u0e41\u0e2d\u0e1b\u0e1e\u0e25\u0e34\u0e40\u0e04\u0e0a\u0e31\u0e19;<\/li>\n\n\n\n<li>\u0e15\u0e23\u0e27\u0e08\u0e2a\u0e2d\u0e1a\u0e23\u0e35\u0e27\u0e34\u0e27\u0e43\u0e19\u0e41\u0e2d\u0e1b\u0e2a\u0e42\u0e15\u0e23\u0e4c\u0e2d\u0e22\u0e48\u0e32\u0e07\u0e40\u0e1b\u0e47\u0e19\u0e17\u0e32\u0e07\u0e01\u0e32\u0e23 (Google Play, App Store);<\/li>\n\n\n\n<li>\u0e27\u0e34\u0e40\u0e04\u0e23\u0e32\u0e30\u0e2b\u0e4c\u0e14\u0e39\u0e27\u0e48\u0e32\u0e1a\u0e23\u0e34\u0e01\u0e32\u0e23\u0e19\u0e31\u0e49\u0e19\u0e15\u0e23\u0e07\u0e01\u0e31\u0e1a\u0e04\u0e27\u0e32\u0e21\u0e15\u0e49\u0e2d\u0e07\u0e01\u0e32\u0e23\u0e02\u0e2d\u0e07\u0e04\u0e38\u0e13\u0e2b\u0e23\u0e37\u0e2d\u0e44\u0e21\u0e48\u0e01\u0e48\u0e2d\u0e19\u0e17\u0e35\u0e48\u0e08\u0e30\u0e43\u0e0a\u0e49\u0e07\u0e32\u0e19.<\/li>\n<\/ul>\n\n\n\n<h3 class=\"wp-block-heading\">\u0e02\u0e49\u0e2d\u0e08\u0e33\u0e01\u0e31\u0e14\u0e04\u0e27\u0e32\u0e21\u0e23\u0e31\u0e1a\u0e1c\u0e34\u0e14\u0e0a\u0e2d\u0e1a\u0e17\u0e32\u0e07\u0e01\u0e0e\u0e2b\u0e21\u0e32\u0e22\u0e41\u0e25\u0e30\u0e27\u0e34\u0e0a\u0e32\u0e0a\u0e35\u0e1e<\/h3>\n\n\n\n<p>\u0e40\u0e19\u0e37\u0e49\u0e2d\u0e2b\u0e32\u0e17\u0e35\u0e48\u0e40\u0e1c\u0e22\u0e41\u0e1e\u0e23\u0e48\u0e1a\u0e19\u00a0<strong><strong>\u0e44\u0e27\u0e23\u0e31\u0e2a\u0e25\u0e47\u0e2d\u0e1a<\/strong><\/strong>\u00a0<strong>\u0e02\u0e49\u0e2d\u0e21\u0e39\u0e25\u0e19\u0e35\u0e49\u0e44\u0e21\u0e48\u0e2a\u0e32\u0e21\u0e32\u0e23\u0e16\u0e43\u0e0a\u0e49\u0e41\u0e17\u0e19\u0e04\u0e33\u0e41\u0e19\u0e30\u0e19\u0e33\u0e08\u0e32\u0e01\u0e1c\u0e39\u0e49\u0e40\u0e0a\u0e35\u0e48\u0e22\u0e27\u0e0a\u0e32\u0e0d\u0e44\u0e14\u0e49<\/strong>, \u0e44\u0e21\u0e48\u0e27\u0e48\u0e32\u0e08\u0e30\u0e40\u0e1b\u0e47\u0e19\u0e40\u0e23\u0e37\u0e48\u0e2d\u0e07\u0e01\u0e0e\u0e2b\u0e21\u0e32\u0e22 \u0e01\u0e32\u0e23\u0e40\u0e07\u0e34\u0e19 \u0e1a\u0e31\u0e0d\u0e0a\u0e35 \u0e41\u0e23\u0e07\u0e07\u0e32\u0e19 \u0e2b\u0e23\u0e37\u0e2d\u0e40\u0e23\u0e37\u0e48\u0e2d\u0e07\u0e17\u0e32\u0e07\u0e40\u0e17\u0e04\u0e19\u0e34\u0e04 \u0e04\u0e27\u0e23\u0e1b\u0e23\u0e36\u0e01\u0e29\u0e32\u0e1c\u0e39\u0e49\u0e40\u0e0a\u0e35\u0e48\u0e22\u0e27\u0e0a\u0e32\u0e0d\u0e17\u0e35\u0e48\u0e21\u0e35\u0e04\u0e38\u0e13\u0e2a\u0e21\u0e1a\u0e31\u0e15\u0e34\u0e40\u0e2b\u0e21\u0e32\u0e30\u0e2a\u0e21\u0e40\u0e2a\u0e21\u0e2d\u0e40\u0e21\u0e37\u0e48\u0e2d\u0e15\u0e49\u0e2d\u0e07\u0e15\u0e31\u0e14\u0e2a\u0e34\u0e19\u0e43\u0e08\u0e43\u0e19\u0e40\u0e23\u0e37\u0e48\u0e2d\u0e07\u0e2a\u0e33\u0e04\u0e31\u0e0d.<\/p>\n\n\n\n<h3 class=\"wp-block-heading\">\u0e01\u0e32\u0e23\u0e42\u0e06\u0e29\u0e13\u0e32\u0e41\u0e25\u0e30\u0e01\u0e32\u0e23\u0e2a\u0e23\u0e49\u0e32\u0e07\u0e23\u0e32\u0e22\u0e44\u0e14\u0e49<\/h3>\n\n\n\n<p>\u0e40\u0e27\u0e47\u0e1a\u0e44\u0e0b\u0e15\u0e4c\u00a0<strong>\u0e44\u0e27\u0e23\u0e31\u0e2a\u0e25\u0e47\u0e2d\u0e1a<\/strong> \u0e2a\u0e32\u0e21\u0e32\u0e23\u0e16\u0e2a\u0e23\u0e49\u0e32\u0e07\u0e23\u0e32\u0e22\u0e44\u0e14\u0e49\u0e1c\u0e48\u0e32\u0e19\u0e0a\u0e48\u0e2d\u0e07\u0e17\u0e32\u0e07\u0e15\u0e48\u0e32\u0e07\u0e46 \u0e14\u0e31\u0e07\u0e19\u0e35\u0e49:<\/p>\n\n\n\n<ul class=\"wp-block-list\">\n<li>\u0e42\u0e06\u0e29\u0e13\u0e32 (\u0e40\u0e0a\u0e48\u0e19 Google AdSense);<\/li>\n\n\n\n<li>\u0e25\u0e34\u0e07\u0e01\u0e4c\u0e1c\u0e39\u0e49\u0e2a\u0e19\u0e31\u0e1a\u0e2a\u0e19\u0e38\u0e19;<\/li>\n\n\n\n<li>\u0e04\u0e27\u0e32\u0e21\u0e23\u0e48\u0e27\u0e21\u0e21\u0e37\u0e2d\u0e2b\u0e23\u0e37\u0e2d\u0e42\u0e1b\u0e23\u0e41\u0e01\u0e23\u0e21\u0e1e\u0e31\u0e19\u0e18\u0e21\u0e34\u0e15\u0e23.<\/li>\n<\/ul>\n\n\n\n<p>\u0e2b\u0e21\u0e32\u0e22\u0e04\u0e27\u0e32\u0e21\u0e27\u0e48\u0e32\u0e40\u0e23\u0e32\u0e08\u0e30\u0e44\u0e14\u0e49\u0e23\u0e31\u0e1a\u0e04\u0e48\u0e32\u0e04\u0e2d\u0e21\u0e21\u0e34\u0e0a\u0e0a\u0e31\u0e48\u0e19\u0e40\u0e21\u0e37\u0e48\u0e2d\u0e1c\u0e39\u0e49\u0e43\u0e0a\u0e49\u0e04\u0e25\u0e34\u0e01\u0e42\u0e06\u0e29\u0e13\u0e32\u0e2b\u0e23\u0e37\u0e2d\u0e43\u0e0a\u0e49\u0e25\u0e34\u0e07\u0e01\u0e4c\u0e1a\u0e32\u0e07\u0e2d\u0e22\u0e48\u0e32\u0e07,&nbsp;<strong>\u0e42\u0e14\u0e22\u0e44\u0e21\u0e48\u0e21\u0e35\u0e04\u0e48\u0e32\u0e43\u0e0a\u0e49\u0e08\u0e48\u0e32\u0e22\u0e40\u0e1e\u0e34\u0e48\u0e21\u0e40\u0e15\u0e34\u0e21\u0e2a\u0e33\u0e2b\u0e23\u0e31\u0e1a\u0e1c\u0e39\u0e49\u0e43\u0e0a\u0e49<\/strong>. \u0e04\u0e27\u0e32\u0e21\u0e23\u0e48\u0e27\u0e21\u0e21\u0e37\u0e2d\u0e40\u0e2b\u0e25\u0e48\u0e32\u0e19\u0e35\u0e49\u0e44\u0e21\u0e48\u0e44\u0e14\u0e49\u0e2a\u0e48\u0e07\u0e1c\u0e25\u0e01\u0e23\u0e30\u0e17\u0e1a\u0e15\u0e48\u0e2d\u0e40\u0e08\u0e15\u0e19\u0e32\u0e23\u0e21\u0e13\u0e4c\u0e02\u0e2d\u0e07\u0e40\u0e23\u0e32\u0e43\u0e19\u0e01\u0e32\u0e23\u0e19\u0e33\u0e40\u0e2a\u0e19\u0e2d\u0e40\u0e19\u0e37\u0e49\u0e2d\u0e2b\u0e32\u0e17\u0e35\u0e48\u0e0a\u0e31\u0e14\u0e40\u0e08\u0e19\u0e41\u0e25\u0e30\u0e15\u0e23\u0e07\u0e1b\u0e23\u0e30\u0e40\u0e14\u0e47\u0e19.<\/p>\n\n\n\n<h3 class=\"wp-block-heading\">\u0e01\u0e32\u0e23\u0e2d\u0e31\u0e1b\u0e40\u0e14\u0e15\u0e02\u0e49\u0e2d\u0e21\u0e39\u0e25<\/h3>\n\n\n\n<p>\u0e02\u0e49\u0e2d\u0e21\u0e39\u0e25\u0e1a\u0e19\u0e40\u0e27\u0e47\u0e1a\u0e44\u0e0b\u0e15\u0e4c\u0e2a\u0e32\u0e21\u0e32\u0e23\u0e16\u0e40\u0e1b\u0e47\u0e19\u0e44\u0e14\u0e49\u0e14\u0e31\u0e07\u0e19\u0e35\u0e49&nbsp;<strong>\u0e21\u0e35\u0e01\u0e32\u0e23\u0e40\u0e1b\u0e25\u0e35\u0e48\u0e22\u0e19\u0e41\u0e1b\u0e25\u0e07 \u0e1b\u0e23\u0e31\u0e1a\u0e1b\u0e23\u0e38\u0e07 \u0e2b\u0e23\u0e37\u0e2d\u0e25\u0e1a\u0e2d\u0e2d\u0e01\u0e44\u0e14\u0e49\u0e15\u0e25\u0e2d\u0e14\u0e40\u0e27\u0e25\u0e32<\/strong>, \u0e42\u0e14\u0e22\u0e44\u0e21\u0e48\u0e41\u0e08\u0e49\u0e07\u0e43\u0e2b\u0e49\u0e17\u0e23\u0e32\u0e1a\u0e25\u0e48\u0e27\u0e07\u0e2b\u0e19\u0e49\u0e32 \u0e40\u0e23\u0e32\u0e44\u0e21\u0e48\u0e23\u0e31\u0e1a\u0e1b\u0e23\u0e30\u0e01\u0e31\u0e19\u0e27\u0e48\u0e32\u0e40\u0e19\u0e37\u0e49\u0e2d\u0e2b\u0e32\u0e17\u0e31\u0e49\u0e07\u0e2b\u0e21\u0e14\u0e08\u0e30\u0e17\u0e31\u0e19\u0e2a\u0e21\u0e31\u0e22\u0e2d\u0e22\u0e39\u0e48\u0e40\u0e2a\u0e21\u0e2d \u0e40\u0e19\u0e37\u0e48\u0e2d\u0e07\u0e08\u0e32\u0e01\u0e41\u0e2d\u0e1b\u0e41\u0e25\u0e30\u0e1a\u0e23\u0e34\u0e01\u0e32\u0e23\u0e15\u0e48\u0e32\u0e07\u0e46 \u0e2d\u0e32\u0e08\u0e40\u0e1b\u0e25\u0e35\u0e48\u0e22\u0e19\u0e41\u0e1b\u0e25\u0e07\u0e01\u0e0e\u0e40\u0e01\u0e13\u0e11\u0e4c\u0e44\u0e14\u0e49\u0e1a\u0e48\u0e2d\u0e22\u0e04\u0e23\u0e31\u0e49\u0e07.<\/p>\n\n\n\n<h3 class=\"wp-block-heading\">\u0e02\u0e49\u0e2d\u0e08\u0e33\u0e01\u0e31\u0e14\u0e04\u0e27\u0e32\u0e21\u0e23\u0e31\u0e1a\u0e1c\u0e34\u0e14<\/h3>\n\n\n\n<p>O\u00a0<strong><strong>\u0e44\u0e27\u0e23\u0e31\u0e2a\u0e25\u0e47\u0e2d\u0e1a<\/strong><\/strong>\u00a0\u0e44\u0e21\u0e48\u0e23\u0e31\u0e1a\u0e1c\u0e34\u0e14\u0e0a\u0e2d\u0e1a\u0e15\u0e48\u0e2d:<\/p>\n\n\n\n<ul class=\"wp-block-list\">\n<li>\u0e04\u0e27\u0e32\u0e21\u0e2a\u0e39\u0e0d\u0e40\u0e2a\u0e35\u0e22\u0e17\u0e32\u0e07\u0e01\u0e32\u0e23\u0e40\u0e07\u0e34\u0e19;<\/li>\n\n\n\n<li>\u0e1b\u0e31\u0e0d\u0e2b\u0e32\u0e17\u0e32\u0e07\u0e40\u0e17\u0e04\u0e19\u0e34\u0e04;<\/li>\n\n\n\n<li>\u0e04\u0e27\u0e32\u0e21\u0e25\u0e49\u0e21\u0e40\u0e2b\u0e25\u0e27\u0e02\u0e2d\u0e07\u0e41\u0e2d\u0e1b\u0e1e\u0e25\u0e34\u0e40\u0e04\u0e0a\u0e31\u0e19\u0e08\u0e32\u0e01\u0e1a\u0e38\u0e04\u0e04\u0e25\u0e17\u0e35\u0e48\u0e2a\u0e32\u0e21;<\/li>\n\n\n\n<li>\u0e04\u0e27\u0e32\u0e21\u0e40\u0e2a\u0e35\u0e22\u0e2b\u0e32\u0e22\u0e42\u0e14\u0e22\u0e15\u0e23\u0e07\u0e2b\u0e23\u0e37\u0e2d\u0e42\u0e14\u0e22\u0e2d\u0e49\u0e2d\u0e21\u0e17\u0e35\u0e48\u0e40\u0e01\u0e34\u0e14\u0e08\u0e32\u0e01\u0e01\u0e32\u0e23\u0e43\u0e0a\u0e49\u0e02\u0e49\u0e2d\u0e21\u0e39\u0e25\u0e08\u0e32\u0e01\u0e40\u0e27\u0e47\u0e1a\u0e44\u0e0b\u0e15\u0e4c.<\/li>\n<\/ul>\n\n\n\n<p>\u0e01\u0e32\u0e23\u0e43\u0e0a\u0e49\u0e07\u0e32\u0e19\u0e40\u0e27\u0e47\u0e1a\u0e44\u0e0b\u0e15\u0e4c\u0e19\u0e35\u0e49\u0e2b\u0e21\u0e32\u0e22\u0e04\u0e27\u0e32\u0e21\u0e27\u0e48\u0e32...&nbsp;<strong>\u0e22\u0e2d\u0e21\u0e23\u0e31\u0e1a\u0e02\u0e49\u0e2d\u0e08\u0e33\u0e01\u0e31\u0e14\u0e04\u0e27\u0e32\u0e21\u0e23\u0e31\u0e1a\u0e1c\u0e34\u0e14\u0e0a\u0e2d\u0e1a\u0e19\u0e35\u0e49\u0e42\u0e14\u0e22\u0e2a\u0e21\u0e1a\u0e39\u0e23\u0e13\u0e4c<\/strong>.<\/p>\n\n\n\n<h3 class=\"wp-block-heading\">\u0e15\u0e34\u0e14\u0e15\u0e48\u0e2d<\/h3>\n\n\n\n<p>\u0e2b\u0e32\u0e01\u0e04\u0e38\u0e13\u0e21\u0e35\u0e04\u0e33\u0e16\u0e32\u0e21 \u0e02\u0e49\u0e2d\u0e40\u0e2a\u0e19\u0e2d\u0e41\u0e19\u0e30 \u0e2b\u0e23\u0e37\u0e2d\u0e15\u0e49\u0e2d\u0e07\u0e01\u0e32\u0e23\u0e23\u0e32\u0e22\u0e07\u0e32\u0e19\u0e40\u0e19\u0e37\u0e49\u0e2d\u0e2b\u0e32\u0e43\u0e14\u0e46 \u0e42\u0e1b\u0e23\u0e14\u0e15\u0e34\u0e14\u0e15\u0e48\u0e2d\u0e40\u0e23\u0e32\u0e1c\u0e48\u0e32\u0e19\u0e17\u0e32\u0e07\u0e2b\u0e19\u0e49\u0e32\u0e15\u0e34\u0e14\u0e15\u0e48\u0e2d\u0e1a\u0e19\u0e40\u0e27\u0e47\u0e1a\u0e44\u0e0b\u0e15\u0e4c.<\/p>","protected":false},"excerpt":{"rendered":"<p>As informa\u00e7\u00f5es disponibilizadas no site\u00a0Lob Viral\u00a0t\u00eam car\u00e1ter\u00a0exclusivamente informativo. Nosso objetivo \u00e9 apresentar conte\u00fados, an\u00e1lises e indica\u00e7\u00f5es de aplicativos, servi\u00e7os e ferramentas que possam auxiliar usu\u00e1rios na busca por oportunidades, produtividade e solu\u00e7\u00f5es digitais. N\u00e3o oferecemos garantias O\u00a0Lob Viral\u00a0n\u00e3o garante\u00a0resultados, ganhos financeiros, contrata\u00e7\u00f5es, rendimentos ou qualquer tipo de benef\u00edcio espec\u00edfico a partir do uso das informa\u00e7\u00f5es, [&hellip;]<\/p>","protected":false},"author":1,"featured_media":0,"parent":0,"menu_order":0,"comment_status":"closed","ping_status":"closed","template":"","meta":{"footnotes":""},"class_list":["post-121","page","type-page","status-publish"],"_links":{"self":[{"href":"https:\/\/lobviral.com\/th\/wp-json\/wp\/v2\/pages\/121","targetHints":{"allow":["GET"]}}],"collection":[{"href":"https:\/\/lobviral.com\/th\/wp-json\/wp\/v2\/pages"}],"about":[{"href":"https:\/\/lobviral.com\/th\/wp-json\/wp\/v2\/types\/page"}],"author":[{"embeddable":true,"href":"https:\/\/lobviral.com\/th\/wp-json\/wp\/v2\/users\/1"}],"replies":[{"embeddable":true,"href":"https:\/\/lobviral.com\/th\/wp-json\/wp\/v2\/comments?post=121"}],"version-history":[{"count":1,"href":"https:\/\/lobviral.com\/th\/wp-json\/wp\/v2\/pages\/121\/revisions"}],"predecessor-version":[{"id":123,"href":"https:\/\/lobviral.com\/th\/wp-json\/wp\/v2\/pages\/121\/revisions\/123"}],"wp:attachment":[{"href":"https:\/\/lobviral.com\/th\/wp-json\/wp\/v2\/media?parent=121"}],"curies":[{"name":"\u0e14\u0e31\u0e1a\u0e40\u0e1a\u0e34\u0e25\u0e22\u0e39\u0e1e\u0e35","href":"https:\/\/api.w.org\/{rel}","templated":true}]}}