{"id":122,"date":"2026-01-22T03:05:58","date_gmt":"2026-01-22T03:05:58","guid":{"rendered":"https:\/\/lobviral.com\/?page_id=122"},"modified":"2026-01-22T03:05:59","modified_gmt":"2026-01-22T03:05:59","slug":"%e0%b8%95%e0%b8%b4%e0%b8%94%e0%b8%95%e0%b9%88%e0%b8%ad","status":"publish","type":"page","link":"https:\/\/lobviral.com\/th\/%e0%b8%95%e0%b8%b4%e0%b8%94%e0%b8%95%e0%b9%88%e0%b8%ad\/","title":{"rendered":"\u0e15\u0e34\u0e14\u0e15\u0e48\u0e2d"},"content":{"rendered":"<p>\u0e22\u0e34\u0e19\u0e14\u0e35\u0e15\u0e49\u0e2d\u0e19\u0e23\u0e31\u0e1a! \u0e19\u0e35\u0e48\u0e04\u0e37\u0e2d\u0e2b\u0e19\u0e49\u0e32\u0e15\u0e34\u0e14\u0e15\u0e48\u0e2d\u0e2d\u0e22\u0e48\u0e32\u0e07\u0e40\u0e1b\u0e47\u0e19\u0e17\u0e32\u0e07\u0e01\u0e32\u0e23\u0e02\u0e2d\u0e07\u00a0<strong><strong>\u0e44\u0e27\u0e23\u0e31\u0e2a\u0e25\u0e47\u0e2d\u0e1a<\/strong><\/strong>. \u0e04\u0e38\u0e13\u0e2a\u0e32\u0e21\u0e32\u0e23\u0e16\u0e15\u0e34\u0e14\u0e15\u0e48\u0e2d\u0e40\u0e23\u0e32\u0e44\u0e14\u0e49\u0e17\u0e35\u0e48\u0e19\u0e35\u0e48\u0e40\u0e1e\u0e37\u0e48\u0e2d\u0e2a\u0e2d\u0e1a\u0e16\u0e32\u0e21\u0e02\u0e49\u0e2d\u0e2a\u0e07\u0e2a\u0e31\u0e22 \u0e2a\u0e48\u0e07\u0e02\u0e49\u0e2d\u0e40\u0e2a\u0e19\u0e2d\u0e41\u0e19\u0e30 \u0e23\u0e49\u0e2d\u0e07\u0e40\u0e23\u0e35\u0e22\u0e19 \u0e2b\u0e23\u0e37\u0e2d\u0e41\u0e08\u0e49\u0e07\u0e1b\u0e31\u0e0d\u0e2b\u0e32\u0e2d\u0e37\u0e48\u0e19\u0e43\u0e14\u0e17\u0e35\u0e48\u0e40\u0e01\u0e35\u0e48\u0e22\u0e27\u0e02\u0e49\u0e2d\u0e07\u0e01\u0e31\u0e1a\u0e40\u0e27\u0e47\u0e1a\u0e44\u0e0b\u0e15\u0e4c\u0e41\u0e25\u0e30\u0e40\u0e19\u0e37\u0e49\u0e2d\u0e2b\u0e32\u0e17\u0e35\u0e48\u0e40\u0e23\u0e32\u0e40\u0e1c\u0e22\u0e41\u0e1e\u0e23\u0e48.<\/p>\n\n\n\n<p>\u0e40\u0e1b\u0e49\u0e32\u0e2b\u0e21\u0e32\u0e22\u0e02\u0e2d\u0e07\u0e40\u0e23\u0e32\u0e04\u0e37\u0e2d\u0e01\u0e32\u0e23\u0e21\u0e2d\u0e1a\u0e1b\u0e23\u0e30\u0e2a\u0e1a\u0e01\u0e32\u0e23\u0e13\u0e4c\u0e01\u0e32\u0e23\u0e43\u0e0a\u0e49\u0e07\u0e32\u0e19\u0e17\u0e35\u0e48\u0e14\u0e35\u0e17\u0e35\u0e48\u0e2a\u0e38\u0e14 \u0e14\u0e31\u0e07\u0e19\u0e31\u0e49\u0e19\u0e40\u0e23\u0e32\u0e08\u0e36\u0e07\u0e43\u0e2b\u0e49\u0e04\u0e27\u0e32\u0e21\u0e2a\u0e33\u0e04\u0e31\u0e0d\u0e01\u0e31\u0e1a\u0e02\u0e49\u0e2d\u0e40\u0e2a\u0e19\u0e2d\u0e41\u0e19\u0e30\u0e02\u0e2d\u0e07\u0e04\u0e38\u0e13\u0e40\u0e1b\u0e47\u0e19\u0e2d\u0e22\u0e48\u0e32\u0e07\u0e22\u0e34\u0e48\u0e07 \u0e2b\u0e32\u0e01\u0e04\u0e38\u0e13\u0e21\u0e35\u0e04\u0e33\u0e16\u0e32\u0e21\u0e43\u0e14\u0e46 \u0e40\u0e01\u0e35\u0e48\u0e22\u0e27\u0e01\u0e31\u0e1a\u0e27\u0e34\u0e18\u0e35\u0e01\u0e32\u0e23\u0e17\u0e33\u0e07\u0e32\u0e19\u0e02\u0e2d\u0e07\u0e40\u0e27\u0e47\u0e1a\u0e44\u0e0b\u0e15\u0e4c \u0e27\u0e34\u0e18\u0e35\u0e01\u0e32\u0e23\u0e43\u0e0a\u0e49\u0e07\u0e32\u0e19\u0e41\u0e2d\u0e1b\u0e1e\u0e25\u0e34\u0e40\u0e04\u0e0a\u0e31\u0e19\u0e17\u0e35\u0e48\u0e41\u0e19\u0e30\u0e19\u0e33 \u0e2b\u0e23\u0e37\u0e2d\u0e40\u0e01\u0e35\u0e48\u0e22\u0e27\u0e01\u0e31\u0e1a\u0e40\u0e19\u0e37\u0e49\u0e2d\u0e2b\u0e32\u0e02\u0e2d\u0e07\u0e40\u0e23\u0e32 \u0e42\u0e1b\u0e23\u0e14\u0e2d\u0e22\u0e48\u0e32\u0e25\u0e31\u0e07\u0e40\u0e25\u0e17\u0e35\u0e48\u0e08\u0e30\u0e40\u0e02\u0e35\u0e22\u0e19\u0e16\u0e36\u0e07\u0e40\u0e23\u0e32.<\/p>\n\n\n\n<p>\u0e40\u0e23\u0e32\u0e22\u0e34\u0e19\u0e14\u0e35\u0e23\u0e31\u0e1a\u0e1f\u0e31\u0e07\u0e02\u0e49\u0e2d\u0e40\u0e2a\u0e19\u0e2d\u0e41\u0e19\u0e30\u0e40\u0e1e\u0e37\u0e48\u0e2d\u0e01\u0e32\u0e23\u0e1b\u0e23\u0e31\u0e1a\u0e1b\u0e23\u0e38\u0e07\u0e41\u0e25\u0e30\u0e04\u0e33\u0e15\u0e34\u0e0a\u0e21\u0e40\u0e0a\u0e34\u0e07\u0e2a\u0e23\u0e49\u0e32\u0e07\u0e2a\u0e23\u0e23\u0e04\u0e4c\u0e40\u0e2a\u0e21\u0e2d \u0e04\u0e27\u0e32\u0e21\u0e04\u0e34\u0e14\u0e40\u0e2b\u0e47\u0e19\u0e02\u0e2d\u0e07\u0e04\u0e38\u0e13\u0e21\u0e35\u0e04\u0e27\u0e32\u0e21\u0e2a\u0e33\u0e04\u0e31\u0e0d\u0e2d\u0e22\u0e48\u0e32\u0e07\u0e22\u0e34\u0e48\u0e07\u0e15\u0e48\u0e2d\u0e01\u0e32\u0e23\u0e1e\u0e31\u0e12\u0e19\u0e32 \u0e41\u0e01\u0e49\u0e44\u0e02\u0e1b\u0e31\u0e0d\u0e2b\u0e32 \u0e41\u0e25\u0e30\u0e19\u0e33\u0e40\u0e2a\u0e19\u0e2d\u0e02\u0e49\u0e2d\u0e21\u0e39\u0e25\u0e17\u0e35\u0e48\u0e40\u0e1b\u0e47\u0e19\u0e1b\u0e23\u0e30\u0e42\u0e22\u0e0a\u0e19\u0e4c\u0e41\u0e25\u0e30\u0e19\u0e48\u0e32\u0e40\u0e0a\u0e37\u0e48\u0e2d\u0e16\u0e37\u0e2d\u0e21\u0e32\u0e01\u0e22\u0e34\u0e48\u0e07\u0e02\u0e36\u0e49\u0e19\u0e02\u0e2d\u0e07\u0e40\u0e23\u0e32.<\/p>\n\n\n\n<p>\u0e2b\u0e32\u0e01\u0e15\u0e49\u0e2d\u0e07\u0e01\u0e32\u0e23\u0e15\u0e34\u0e14\u0e15\u0e48\u0e2d\u0e40\u0e23\u0e32 \u0e40\u0e1e\u0e35\u0e22\u0e07\u0e01\u0e23\u0e2d\u0e01\u0e41\u0e1a\u0e1a\u0e1f\u0e2d\u0e23\u0e4c\u0e21\u0e43\u0e19\u0e2b\u0e19\u0e49\u0e32\u0e19\u0e35\u0e49\u0e1e\u0e23\u0e49\u0e2d\u0e21\u0e23\u0e32\u0e22\u0e25\u0e30\u0e40\u0e2d\u0e35\u0e22\u0e14\u0e41\u0e25\u0e30\u0e02\u0e49\u0e2d\u0e04\u0e27\u0e32\u0e21\u0e02\u0e2d\u0e07\u0e04\u0e38\u0e13 \u0e17\u0e35\u0e21\u0e07\u0e32\u0e19\u0e02\u0e2d\u0e07\u0e40\u0e23\u0e32\u0e08\u0e30\u0e1e\u0e22\u0e32\u0e22\u0e32\u0e21\u0e15\u0e2d\u0e1a\u0e01\u0e25\u0e31\u0e1a\u0e42\u0e14\u0e22\u0e40\u0e23\u0e47\u0e27\u0e17\u0e35\u0e48\u0e2a\u0e38\u0e14.<\/p>\n\n\n\n<p>\u0e02\u0e2d\u0e1a\u0e04\u0e38\u0e13\u0e2a\u0e33\u0e2b\u0e23\u0e31\u0e1a\u0e01\u0e32\u0e23\u0e40\u0e22\u0e35\u0e48\u0e22\u0e21\u0e0a\u0e21\u00a0<strong><strong><strong>\u0e44\u0e27\u0e23\u0e31\u0e2a\u0e25\u0e47\u0e2d\u0e1a<\/strong><\/strong><\/strong>\u00a0\u0e41\u0e25\u0e30\u0e40\u0e23\u0e32\u0e22\u0e34\u0e19\u0e14\u0e35\u0e17\u0e35\u0e48\u0e08\u0e30\u0e23\u0e31\u0e1a\u0e02\u0e49\u0e2d\u0e04\u0e27\u0e32\u0e21\u0e02\u0e2d\u0e07\u0e04\u0e38\u0e13.<\/p>\n\n\n\n<p><strong>\u0e2d\u0e35\u0e40\u0e21\u0e25\u0e2a\u0e33\u0e2b\u0e23\u0e31\u0e1a\u0e15\u0e34\u0e14\u0e15\u0e48\u0e2d:<\/strong><br>\ud83d\udce7 contact@lobviral.com.br<\/p>","protected":false},"excerpt":{"rendered":"<p>Bem-vindo! Esta \u00e9 a p\u00e1gina oficial de contato do\u00a0Lob Viral. Aqui voc\u00ea pode entrar em contato conosco para tirar d\u00favidas, enviar sugest\u00f5es, fazer reclama\u00e7\u00f5es ou tratar de qualquer outro assunto relacionado ao nosso site e aos conte\u00fados que publicamos. Nosso objetivo \u00e9 oferecer a melhor experi\u00eancia poss\u00edvel aos usu\u00e1rios, por isso valorizamos muito o seu [&hellip;]<\/p>","protected":false},"author":1,"featured_media":0,"parent":0,"menu_order":0,"comment_status":"closed","ping_status":"closed","template":"","meta":{"footnotes":""},"class_list":["post-122","page","type-page","status-publish"],"_links":{"self":[{"href":"https:\/\/lobviral.com\/th\/wp-json\/wp\/v2\/pages\/122","targetHints":{"allow":["GET"]}}],"collection":[{"href":"https:\/\/lobviral.com\/th\/wp-json\/wp\/v2\/pages"}],"about":[{"href":"https:\/\/lobviral.com\/th\/wp-json\/wp\/v2\/types\/page"}],"author":[{"embeddable":true,"href":"https:\/\/lobviral.com\/th\/wp-json\/wp\/v2\/users\/1"}],"replies":[{"embeddable":true,"href":"https:\/\/lobviral.com\/th\/wp-json\/wp\/v2\/comments?post=122"}],"version-history":[{"count":1,"href":"https:\/\/lobviral.com\/th\/wp-json\/wp\/v2\/pages\/122\/revisions"}],"predecessor-version":[{"id":124,"href":"https:\/\/lobviral.com\/th\/wp-json\/wp\/v2\/pages\/122\/revisions\/124"}],"wp:attachment":[{"href":"https:\/\/lobviral.com\/th\/wp-json\/wp\/v2\/media?parent=122"}],"curies":[{"name":"\u0e14\u0e31\u0e1a\u0e40\u0e1a\u0e34\u0e25\u0e22\u0e39\u0e1e\u0e35","href":"https:\/\/api.w.org\/{rel}","templated":true}]}}